{"id":2318,"date":"2025-01-31T07:53:33","date_gmt":"2025-01-31T07:53:33","guid":{"rendered":"https:\/\/www.stxfinance.com\/customer-care\/"},"modified":"2025-06-12T13:40:48","modified_gmt":"2025-06-12T13:40:48","slug":"customer-care","status":"publish","type":"page","link":"https:\/\/www.stxfinance.com\/es\/customer-care\/","title":{"rendered":"Atenci\u00f3n al cliente"},"content":{"rendered":"","protected":false},"excerpt":{"rendered":"","protected":false},"author":2,"featured_media":0,"parent":0,"menu_order":0,"comment_status":"closed","ping_status":"closed","template":"page-templates\/template-customer-care.php","meta":{"_acf_changed":false,"footnotes":""},"class_list":["post-2318","page","type-page","status-publish","hentry"],"acf":{"page_banner_section":{"page_banner_title":"Servicios","page_banner_image":1615},"customer_care_setting":{"":null,"service_sections":{"heading":"Presentaci\u00f3n del servicio STX","sub_heading":"Tanto si gestionas un veh\u00edculo personal como una flota entera, STX Service est\u00e1 dise\u00f1ado para ayudarte a que todo funcione sin problemas. Ya sea a trav\u00e9s de nuestro propio taller o de un t\u00e9cnico externo de la marca, STX Service lo organiza todo de la A a la Z, garantizando una asistencia sin fisuras en cada paso del camino. Ten en cuenta que nuestros servicios de taller est\u00e1n disponibles exclusivamente para productos Stephex.  ","service_image":1903,"services":[{"service_name":"Mantenimiento rutinario","icon_image":1907},{"service_name":"Reparaci\u00f3n de da\u00f1os","icon_image":1911},{"service_name":"Inspecciones t\u00e9cnicas","icon_image":1915},{"service_name":"Carrocer\u00eda y Pintura","icon_image":1919},{"service_name":"Servicios de neum\u00e1ticos","icon_image":1923}],"cta_button":{"title":"Contacta con nosotros","url":"https:\/\/www.stxfinance.com\/es\/contact-us\/","target":""}},"information_sections":{"info_heading":"Informaci\u00f3n y asesoramiento","information_row":[{"in_heading":"Finanzas y administraci\u00f3n","in_sub_heading":"Nos encargamos de todo, desde los tr\u00e1mites de financiaci\u00f3n hasta el impuesto de circulaci\u00f3n y el seguro, para que no tengas que preocuparte de los detalles administrativos.","information_image":1927,"page_link":{"title":"Financiaci\u00f3n y gesti\u00f3n administrativa","url":"https:\/\/www.stxfinance.com\/es\/financing-and-administrative-management\/","target":""}},{"in_heading":"Seguros y accidentes","in_sub_heading":"Se incluye una amplia cobertura de seguro en el paquete de seguros para protegerte de la responsabilidad civil, los da\u00f1os y los incidentes inesperados, garantizando que siempre est\u00e9s cubierto.","information_image":1931,"page_link":{"title":"Seguros y gesti\u00f3n de accidentes","url":"https:\/\/www.stxfinance.com\/es\/insurance-and-accident-management\/","target":""}},{"in_heading":"Gesti\u00f3n del mantenimiento","in_sub_heading":"Nuestro equipo de servicio se asegura de que tus veh\u00edculos alquilados est\u00e9n siempre en las mejores condiciones con nuestro completo servicio de asistencia.  ","information_image":1935,"page_link":{"title":"Mantenimiento y gesti\u00f3n","url":"https:\/\/www.stxfinance.com\/es\/maintenance-and-management\/","target":""}}]},"stx_app_sections":{"app_heading":"App - en cualquier lugar, en cualquier momento","app_description":"STX Finance hace que gestionar tu contrato de alquiler sea m\u00e1s f\u00e1cil que nunca con nuestra avanzada plataforma online. Tanto si necesitas programar el mantenimiento, ajustar tu contrato o acceder a documentos importantes, todo est\u00e1 al alcance de tu mano. ","app_image":5311,"app_features":[{"title":"Solicitar un servicio o reparaci\u00f3n","image":1970,"page_url":{"title":"P\u00e1gina de inicio de la aplicaci\u00f3n","url":"https:\/\/www.stxfinance.com\/es\/app-landing-page\/","target":""}},{"title":"Accede a tus facturas","image":1943,"page_url":{"title":"P\u00e1gina de inicio de la aplicaci\u00f3n","url":"https:\/\/www.stxfinance.com\/es\/app-landing-page\/","target":""}},{"title":"Gestiona tu contrato de leasing","image":1951,"page_url":{"title":"P\u00e1gina de inicio de la aplicaci\u00f3n","url":"https:\/\/www.stxfinance.com\/es\/app-landing-page\/","target":""}},{"title":"Secci\u00f3n de declaraci\u00f3n de da\u00f1os","image":1959,"page_url":{"title":"P\u00e1gina de inicio de la aplicaci\u00f3n","url":"https:\/\/www.stxfinance.com\/es\/app-landing-page\/","target":""}}]},"web_app_sections":{"web_heading":"Con\u00e9ctate y permanece conectado","web_description":"Hemos dise\u00f1ado el cuadro de mandos de STX Finance para proporcionarte acceso en tiempo real a todos tus datos de leasing, garantizando que te mantengas informado y en control. Controla tus pagos, revisa los pr\u00f3ximos hitos del leasing y accede al servicio de atenci\u00f3n al cliente, todo desde una sencilla plataforma. ","dashboard_image":5281,"dashboard_step":[{"highlight_text":"Cuadro de mandos detallado","normal_text":"Controla todas tus actividades en una sola interfaz."},{"highlight_text":"Controla tus pagos","normal_text":"Mantente al corriente de tus pagos.  "},{"highlight_text":"Atenci\u00f3n al cliente","normal_text":"Accede al historial de asistencia y comunicaci\u00f3n."}]}},"faqs_sections":{"heading":"","description":"","faq_list":null,"cta_link":null}},"yoast_head":"<!-- This site is optimized with the Yoast SEO plugin v27.5 - https:\/\/yoast.com\/product\/yoast-seo-wordpress\/ -->\n<title>Atenci\u00f3n al cliente | STX Finance<\/title>\n<meta name=\"description\" content=\"Soporte personalizado y eficiente para ayudarte en cada paso del proceso de financiaci\u00f3n.\" \/>\n<meta name=\"robots\" content=\"index, follow, max-snippet:-1, max-image-preview:large, max-video-preview:-1\" \/>\n<link rel=\"canonical\" href=\"https:\/\/www.stxfinance.com\/es\/customer-care\/\" \/>\n<meta property=\"og:locale\" content=\"es_ES\" \/>\n<meta property=\"og:type\" content=\"article\" \/>\n<meta property=\"og:title\" content=\"Atenci\u00f3n al cliente | STX Finance\" \/>\n<meta property=\"og:description\" content=\"Soporte personalizado y eficiente para ayudarte en cada paso del proceso de financiaci\u00f3n.\" \/>\n<meta property=\"og:url\" content=\"https:\/\/www.stxfinance.com\/es\/customer-care\/\" \/>\n<meta property=\"og:site_name\" content=\"STX Finance\" \/>\n<meta property=\"article:modified_time\" content=\"2025-06-12T13:40:48+00:00\" \/>\n<meta name=\"twitter:card\" content=\"summary_large_image\" \/>\n<meta name=\"twitter:label1\" content=\"Tiempo de lectura\" \/>\n\t<meta name=\"twitter:data1\" content=\"5 minutos\" \/>\n<script type=\"application\/ld+json\" class=\"yoast-schema-graph\">{\"@context\":\"https:\\\/\\\/schema.org\",\"@graph\":[{\"@type\":\"WebPage\",\"@id\":\"https:\\\/\\\/www.stxfinance.com\\\/es\\\/customer-care\\\/\",\"url\":\"https:\\\/\\\/www.stxfinance.com\\\/es\\\/customer-care\\\/\",\"name\":\"Atenci\u00f3n al cliente | STX Finance\",\"isPartOf\":{\"@id\":\"https:\\\/\\\/www.stxfinance.com\\\/es\\\/#website\"},\"datePublished\":\"2025-01-31T07:53:33+00:00\",\"dateModified\":\"2025-06-12T13:40:48+00:00\",\"description\":\"Soporte personalizado y eficiente para ayudarte en cada paso del proceso de financiaci\u00f3n.\",\"breadcrumb\":{\"@id\":\"https:\\\/\\\/www.stxfinance.com\\\/es\\\/customer-care\\\/#breadcrumb\"},\"inLanguage\":\"es\",\"potentialAction\":[{\"@type\":\"ReadAction\",\"target\":[\"https:\\\/\\\/www.stxfinance.com\\\/es\\\/customer-care\\\/\"]}]},{\"@type\":\"BreadcrumbList\",\"@id\":\"https:\\\/\\\/www.stxfinance.com\\\/es\\\/customer-care\\\/#breadcrumb\",\"itemListElement\":[{\"@type\":\"ListItem\",\"position\":1,\"name\":\"Home\",\"item\":\"https:\\\/\\\/www.stxfinance.com\\\/es\\\/\"},{\"@type\":\"ListItem\",\"position\":2,\"name\":\"Atenci\u00f3n al cliente\"}]},{\"@type\":\"WebSite\",\"@id\":\"https:\\\/\\\/www.stxfinance.com\\\/es\\\/#website\",\"url\":\"https:\\\/\\\/www.stxfinance.com\\\/es\\\/\",\"name\":\"STX Finance\",\"description\":\"\",\"publisher\":{\"@id\":\"https:\\\/\\\/www.stxfinance.com\\\/es\\\/#organization\"},\"potentialAction\":[{\"@type\":\"SearchAction\",\"target\":{\"@type\":\"EntryPoint\",\"urlTemplate\":\"https:\\\/\\\/www.stxfinance.com\\\/es\\\/?s={search_term_string}\"},\"query-input\":{\"@type\":\"PropertyValueSpecification\",\"valueRequired\":true,\"valueName\":\"search_term_string\"}}],\"inLanguage\":\"es\"},{\"@type\":\"Organization\",\"@id\":\"https:\\\/\\\/www.stxfinance.com\\\/es\\\/#organization\",\"name\":\"STX Finanzas\",\"url\":\"https:\\\/\\\/www.stxfinance.com\\\/es\\\/\",\"logo\":{\"@type\":\"ImageObject\",\"inLanguage\":\"es\",\"@id\":\"https:\\\/\\\/www.stxfinance.com\\\/es\\\/#\\\/schema\\\/logo\\\/image\\\/\",\"url\":\"https:\\\/\\\/www.stxfinance.com\\\/wp-content\\\/uploads\\\/2025\\\/02\\\/logo.svg\",\"contentUrl\":\"https:\\\/\\\/www.stxfinance.com\\\/wp-content\\\/uploads\\\/2025\\\/02\\\/logo.svg\",\"caption\":\"STX Finanzas\"},\"image\":{\"@id\":\"https:\\\/\\\/www.stxfinance.com\\\/es\\\/#\\\/schema\\\/logo\\\/image\\\/\"}}]}<\/script>\n<!-- \/ Yoast SEO plugin. -->","yoast_head_json":{"title":"Atenci\u00f3n al cliente | STX Finance","description":"Soporte personalizado y eficiente para ayudarte en cada paso del proceso de financiaci\u00f3n.","robots":{"index":"index","follow":"follow","max-snippet":"max-snippet:-1","max-image-preview":"max-image-preview:large","max-video-preview":"max-video-preview:-1"},"canonical":"https:\/\/www.stxfinance.com\/es\/customer-care\/","og_locale":"es_ES","og_type":"article","og_title":"Atenci\u00f3n al cliente | STX Finance","og_description":"Soporte personalizado y eficiente para ayudarte en cada paso del proceso de financiaci\u00f3n.","og_url":"https:\/\/www.stxfinance.com\/es\/customer-care\/","og_site_name":"STX Finance","article_modified_time":"2025-06-12T13:40:48+00:00","twitter_card":"summary_large_image","twitter_misc":{"Tiempo de lectura":"5 minutos"},"schema":{"@context":"https:\/\/schema.org","@graph":[{"@type":"WebPage","@id":"https:\/\/www.stxfinance.com\/es\/customer-care\/","url":"https:\/\/www.stxfinance.com\/es\/customer-care\/","name":"Atenci\u00f3n al cliente | STX Finance","isPartOf":{"@id":"https:\/\/www.stxfinance.com\/es\/#website"},"datePublished":"2025-01-31T07:53:33+00:00","dateModified":"2025-06-12T13:40:48+00:00","description":"Soporte personalizado y eficiente para ayudarte en cada paso del proceso de financiaci\u00f3n.","breadcrumb":{"@id":"https:\/\/www.stxfinance.com\/es\/customer-care\/#breadcrumb"},"inLanguage":"es","potentialAction":[{"@type":"ReadAction","target":["https:\/\/www.stxfinance.com\/es\/customer-care\/"]}]},{"@type":"BreadcrumbList","@id":"https:\/\/www.stxfinance.com\/es\/customer-care\/#breadcrumb","itemListElement":[{"@type":"ListItem","position":1,"name":"Home","item":"https:\/\/www.stxfinance.com\/es\/"},{"@type":"ListItem","position":2,"name":"Atenci\u00f3n al cliente"}]},{"@type":"WebSite","@id":"https:\/\/www.stxfinance.com\/es\/#website","url":"https:\/\/www.stxfinance.com\/es\/","name":"STX Finance","description":"","publisher":{"@id":"https:\/\/www.stxfinance.com\/es\/#organization"},"potentialAction":[{"@type":"SearchAction","target":{"@type":"EntryPoint","urlTemplate":"https:\/\/www.stxfinance.com\/es\/?s={search_term_string}"},"query-input":{"@type":"PropertyValueSpecification","valueRequired":true,"valueName":"search_term_string"}}],"inLanguage":"es"},{"@type":"Organization","@id":"https:\/\/www.stxfinance.com\/es\/#organization","name":"STX Finanzas","url":"https:\/\/www.stxfinance.com\/es\/","logo":{"@type":"ImageObject","inLanguage":"es","@id":"https:\/\/www.stxfinance.com\/es\/#\/schema\/logo\/image\/","url":"https:\/\/www.stxfinance.com\/wp-content\/uploads\/2025\/02\/logo.svg","contentUrl":"https:\/\/www.stxfinance.com\/wp-content\/uploads\/2025\/02\/logo.svg","caption":"STX Finanzas"},"image":{"@id":"https:\/\/www.stxfinance.com\/es\/#\/schema\/logo\/image\/"}}]}},"_links":{"self":[{"href":"https:\/\/www.stxfinance.com\/es\/wp-json\/wp\/v2\/pages\/2318","targetHints":{"allow":["GET"]}}],"collection":[{"href":"https:\/\/www.stxfinance.com\/es\/wp-json\/wp\/v2\/pages"}],"about":[{"href":"https:\/\/www.stxfinance.com\/es\/wp-json\/wp\/v2\/types\/page"}],"author":[{"embeddable":true,"href":"https:\/\/www.stxfinance.com\/es\/wp-json\/wp\/v2\/users\/2"}],"replies":[{"embeddable":true,"href":"https:\/\/www.stxfinance.com\/es\/wp-json\/wp\/v2\/comments?post=2318"}],"version-history":[{"count":5,"href":"https:\/\/www.stxfinance.com\/es\/wp-json\/wp\/v2\/pages\/2318\/revisions"}],"predecessor-version":[{"id":23001,"href":"https:\/\/www.stxfinance.com\/es\/wp-json\/wp\/v2\/pages\/2318\/revisions\/23001"}],"wp:attachment":[{"href":"https:\/\/www.stxfinance.com\/es\/wp-json\/wp\/v2\/media?parent=2318"}],"curies":[{"name":"wp","href":"https:\/\/api.w.org\/{rel}","templated":true}]}}