{"id":2441,"date":"2025-01-29T09:20:49","date_gmt":"2025-01-29T09:20:49","guid":{"rendered":"https:\/\/www.stxfinance.com\/about-us\/"},"modified":"2025-06-12T13:21:45","modified_gmt":"2025-06-12T13:21:45","slug":"about-us","status":"publish","type":"page","link":"https:\/\/www.stxfinance.com\/es\/about-us\/","title":{"rendered":"Sobre nosotras"},"content":{"rendered":"","protected":false},"excerpt":{"rendered":"","protected":false},"author":2,"featured_media":0,"parent":0,"menu_order":0,"comment_status":"closed","ping_status":"closed","template":"page-templates\/template-about.php","meta":{"_acf_changed":false,"footnotes":""},"class_list":["post-2441","page","type-page","status-publish","hentry"],"acf":{"about_page_setting":{"":null,"banner_slider_sections":{"banner_slider":[{"banner_image":1847,"heading":"Experimente la diferencia Stephex","banner_info":[{"number":"35+","text":"A\u00f1os de experiencia"},{"number":"3,500+  ","text":"Flota de veh\u00edculos  "},{"number":"500+","text":"Empleados"}]}]},"about_stx_sections":{"about_heading":"Acerca de STX Finance","about_description":"Stephex Group se ha establecido como un nombre l\u00edder en el mundo ecuestre, impulsado por una profunda pasi\u00f3n por la artesan\u00eda y un compromiso inquebrantable con la excelencia.\r\n\r\nSTX Finance ha crecido significativamente desde su creaci\u00f3n y ahora atiende a <strong>una amplia cartera de clientes internacionales.<\/strong> Esta s\u00f3lida presencia global se ve reforzada por nuestra red de vanguardia y nuestra aplicaci\u00f3n m\u00f3vil, que nos permite mantener una estrecha comunicaci\u00f3n <strong>con nuestros clientes en todo el mundo.<\/strong>\r\n\r\nCon varias sucursales estrat\u00e9gicamente ubicadas en toda Europa, incluyendo Italia, Francia y Espa\u00f1a, <strong>STX Finance contin\u00faa expandiendo sus operaciones a nivel mundial.<\/strong> Esto refleja nuestro compromiso con el crecimiento global y la innovaci\u00f3n en el sector financiero.\r\n\r\nNuestra experiencia no se limita a la financiaci\u00f3n ecuestre. STX Finance tambi\u00e9n ofrece soluciones de leasing para veh\u00edculos de lujo, yates y autocaravanas, lo que garantiza la atenci\u00f3n a una amplia gama de clientes. Con el respaldo de un equipo altamente cualificado, STX Finance se dedica a ofrecer opciones de financiaci\u00f3n personalizadas que satisfagan las necesidades cambiantes de nuestros clientes en todo el mundo.","image":1851},"leadership_sections":{"leadership_heading":"Liderazgo con legado","leadership_sub_heading":"Bajo el liderazgo de Stephan Conter, CEO de Stephex Group, <strong>STX Finance se lanz\u00f3 en 2011<\/strong> como la rama de leasing del grupo, dedicada a ofrecer soluciones financieras a medida. Stephan Conter fund\u00f3 STX Finance y, como visionario, ahora pasa a un segundo plano, confiando el liderazgo a <strong>Zo\u00e9 Conter<\/strong>, que est\u00e1 preparada para dirigir la empresa como Directora General, aportando nuevas perspectivas para <strong>continuar su legado de excelencia.<\/strong> ","image_1":1855,"image_2":1859},"leasing_sections":{"leasing_row":[{"leasing_title":"Liderando con innovaci\u00f3n y excelencia","leasing_description":"\"Transformamos su forma de alquilar, combinando innovaci\u00f3n y simplicidad para crear experiencias extraordinarias y personalizadas que lo impulsen hacia adelante.\"","leasing_image":1863},{"leasing_title":"Impulsando el futuro del leasing de lujo","leasing_description":"\u201cRedefinir el arrendamiento de veh\u00edculos con confianza, eficiencia y experiencia, creando un valor duradero para nuestros clientes y el sector. En STX Finance, imaginamos un futuro en el que el leasing sea tan fluido como fiable, potenciando cada viaje con tranquilidad y soluciones con visi\u00f3n de futuro.\u201d  ","leasing_image":1867}]},"video_sections":{"video_mp4":1899,"poster_image":1875,"video_text":"\u201cConduce con estilo, arrienda con confianza\u201d","author":"~ Zo\u00e9 Conter"},"review_sections":{"review_heading":"De nuestros clientes","reviews":[{"review_image":1994,"review_text":"Tengo plena confianza en STX Finance. Su amplia experiencia y conocimiento del sector contribuyen significativamente a nuestras decisiones financieras. ","review_by":"Jessica - Gerente del equipo de carreras"},{"review_image":1998,"review_text":"Asociarse con STX Finance ha sido una ventaja estrat\u00e9gica. Sus r\u00e1pidas aprobaciones y su dedicado apoyo mejoran significativamente nuestros servicios de transporte. ","review_by":"Tom - Transportista de caballos"},{"review_image":1990,"review_text":"El panel de control y la aplicaci\u00f3n en l\u00ednea hacen que administrar todo sea muy f\u00e1cil.","review_by":"Rachel - Amazona"},{"review_image":1986,"review_text":"STX Finance nos salv\u00f3 la vida cuando se nos averi\u00f3 el cami\u00f3n. Sus servicios de reemplazo nos ayudaron a recuperarnos r\u00e1pidamente. ","review_by":"David \u2013 Mozo Internacional"},{"review_image":2002,"review_text":"La aplicaci\u00f3n proporciona excelentes capacidades de visibilidad y gesti\u00f3n para nuestra autocaravana y nuestro veh\u00edculo privado.","review_by":"Brian \u2013 Amante de las autocaravanas"}]},"contact_sections":{"heading":"Estamos aqu\u00ed para apoyarte","sub_heding":"Usted elige el destino y nosotros le ayudamos en todo momento. Nuestro equipo especializado est\u00e1 aqu\u00ed para garantizar que su experiencia sea perfecta.   ","cta_button":{"title":"Contacta con nosotras","url":"https:\/\/www.stxfinance.com\/es\/contact-us\/","target":""}}},"faqs_sections":{"heading":"","description":"","faq_list":null,"cta_link":null}},"yoast_head":"<!-- This site is optimized with the Yoast SEO plugin v27.5 - https:\/\/yoast.com\/product\/yoast-seo-wordpress\/ -->\n<title>Sobre nosotras | STX Finance<\/title>\n<meta name=\"description\" content=\"Conoce nuestro equipo y nuestra historia dedicada al financiamiento de veh\u00edculos de lujo.\" \/>\n<meta name=\"robots\" content=\"index, follow, max-snippet:-1, max-image-preview:large, max-video-preview:-1\" \/>\n<link rel=\"canonical\" href=\"https:\/\/www.stxfinance.com\/es\/about-us\/\" \/>\n<meta property=\"og:locale\" content=\"es_ES\" \/>\n<meta property=\"og:type\" content=\"article\" \/>\n<meta property=\"og:title\" content=\"Sobre nosotras | STX Finance\" \/>\n<meta property=\"og:description\" content=\"Conoce nuestro equipo y nuestra historia dedicada al financiamiento de veh\u00edculos de lujo.\" \/>\n<meta property=\"og:url\" content=\"https:\/\/www.stxfinance.com\/es\/about-us\/\" \/>\n<meta property=\"og:site_name\" content=\"STX Finance\" \/>\n<meta property=\"article:modified_time\" content=\"2025-06-12T13:21:45+00:00\" \/>\n<meta name=\"twitter:card\" content=\"summary_large_image\" \/>\n<meta name=\"twitter:label1\" content=\"Tiempo de lectura\" \/>\n\t<meta name=\"twitter:data1\" content=\"5 minutos\" \/>\n<script type=\"application\/ld+json\" class=\"yoast-schema-graph\">{\"@context\":\"https:\\\/\\\/schema.org\",\"@graph\":[{\"@type\":\"WebPage\",\"@id\":\"https:\\\/\\\/www.stxfinance.com\\\/es\\\/about-us\\\/\",\"url\":\"https:\\\/\\\/www.stxfinance.com\\\/es\\\/about-us\\\/\",\"name\":\"Sobre nosotras | STX Finance\",\"isPartOf\":{\"@id\":\"https:\\\/\\\/www.stxfinance.com\\\/es\\\/#website\"},\"datePublished\":\"2025-01-29T09:20:49+00:00\",\"dateModified\":\"2025-06-12T13:21:45+00:00\",\"description\":\"Conoce nuestro equipo y nuestra historia dedicada al financiamiento de veh\u00edculos de lujo.\",\"breadcrumb\":{\"@id\":\"https:\\\/\\\/www.stxfinance.com\\\/es\\\/about-us\\\/#breadcrumb\"},\"inLanguage\":\"es\",\"potentialAction\":[{\"@type\":\"ReadAction\",\"target\":[\"https:\\\/\\\/www.stxfinance.com\\\/es\\\/about-us\\\/\"]}]},{\"@type\":\"BreadcrumbList\",\"@id\":\"https:\\\/\\\/www.stxfinance.com\\\/es\\\/about-us\\\/#breadcrumb\",\"itemListElement\":[{\"@type\":\"ListItem\",\"position\":1,\"name\":\"Home\",\"item\":\"https:\\\/\\\/www.stxfinance.com\\\/es\\\/\"},{\"@type\":\"ListItem\",\"position\":2,\"name\":\"Sobre nosotras\"}]},{\"@type\":\"WebSite\",\"@id\":\"https:\\\/\\\/www.stxfinance.com\\\/es\\\/#website\",\"url\":\"https:\\\/\\\/www.stxfinance.com\\\/es\\\/\",\"name\":\"STX Finance\",\"description\":\"\",\"publisher\":{\"@id\":\"https:\\\/\\\/www.stxfinance.com\\\/es\\\/#organization\"},\"potentialAction\":[{\"@type\":\"SearchAction\",\"target\":{\"@type\":\"EntryPoint\",\"urlTemplate\":\"https:\\\/\\\/www.stxfinance.com\\\/es\\\/?s={search_term_string}\"},\"query-input\":{\"@type\":\"PropertyValueSpecification\",\"valueRequired\":true,\"valueName\":\"search_term_string\"}}],\"inLanguage\":\"es\"},{\"@type\":\"Organization\",\"@id\":\"https:\\\/\\\/www.stxfinance.com\\\/es\\\/#organization\",\"name\":\"STX Finanzas\",\"url\":\"https:\\\/\\\/www.stxfinance.com\\\/es\\\/\",\"logo\":{\"@type\":\"ImageObject\",\"inLanguage\":\"es\",\"@id\":\"https:\\\/\\\/www.stxfinance.com\\\/es\\\/#\\\/schema\\\/logo\\\/image\\\/\",\"url\":\"https:\\\/\\\/www.stxfinance.com\\\/wp-content\\\/uploads\\\/2025\\\/02\\\/logo.svg\",\"contentUrl\":\"https:\\\/\\\/www.stxfinance.com\\\/wp-content\\\/uploads\\\/2025\\\/02\\\/logo.svg\",\"caption\":\"STX Finanzas\"},\"image\":{\"@id\":\"https:\\\/\\\/www.stxfinance.com\\\/es\\\/#\\\/schema\\\/logo\\\/image\\\/\"}}]}<\/script>\n<!-- \/ Yoast SEO plugin. -->","yoast_head_json":{"title":"Sobre nosotras | STX Finance","description":"Conoce nuestro equipo y nuestra historia dedicada al financiamiento de veh\u00edculos de lujo.","robots":{"index":"index","follow":"follow","max-snippet":"max-snippet:-1","max-image-preview":"max-image-preview:large","max-video-preview":"max-video-preview:-1"},"canonical":"https:\/\/www.stxfinance.com\/es\/about-us\/","og_locale":"es_ES","og_type":"article","og_title":"Sobre nosotras | STX Finance","og_description":"Conoce nuestro equipo y nuestra historia dedicada al financiamiento de veh\u00edculos de lujo.","og_url":"https:\/\/www.stxfinance.com\/es\/about-us\/","og_site_name":"STX Finance","article_modified_time":"2025-06-12T13:21:45+00:00","twitter_card":"summary_large_image","twitter_misc":{"Tiempo de lectura":"5 minutos"},"schema":{"@context":"https:\/\/schema.org","@graph":[{"@type":"WebPage","@id":"https:\/\/www.stxfinance.com\/es\/about-us\/","url":"https:\/\/www.stxfinance.com\/es\/about-us\/","name":"Sobre nosotras | STX Finance","isPartOf":{"@id":"https:\/\/www.stxfinance.com\/es\/#website"},"datePublished":"2025-01-29T09:20:49+00:00","dateModified":"2025-06-12T13:21:45+00:00","description":"Conoce nuestro equipo y nuestra historia dedicada al financiamiento de veh\u00edculos de lujo.","breadcrumb":{"@id":"https:\/\/www.stxfinance.com\/es\/about-us\/#breadcrumb"},"inLanguage":"es","potentialAction":[{"@type":"ReadAction","target":["https:\/\/www.stxfinance.com\/es\/about-us\/"]}]},{"@type":"BreadcrumbList","@id":"https:\/\/www.stxfinance.com\/es\/about-us\/#breadcrumb","itemListElement":[{"@type":"ListItem","position":1,"name":"Home","item":"https:\/\/www.stxfinance.com\/es\/"},{"@type":"ListItem","position":2,"name":"Sobre nosotras"}]},{"@type":"WebSite","@id":"https:\/\/www.stxfinance.com\/es\/#website","url":"https:\/\/www.stxfinance.com\/es\/","name":"STX Finance","description":"","publisher":{"@id":"https:\/\/www.stxfinance.com\/es\/#organization"},"potentialAction":[{"@type":"SearchAction","target":{"@type":"EntryPoint","urlTemplate":"https:\/\/www.stxfinance.com\/es\/?s={search_term_string}"},"query-input":{"@type":"PropertyValueSpecification","valueRequired":true,"valueName":"search_term_string"}}],"inLanguage":"es"},{"@type":"Organization","@id":"https:\/\/www.stxfinance.com\/es\/#organization","name":"STX Finanzas","url":"https:\/\/www.stxfinance.com\/es\/","logo":{"@type":"ImageObject","inLanguage":"es","@id":"https:\/\/www.stxfinance.com\/es\/#\/schema\/logo\/image\/","url":"https:\/\/www.stxfinance.com\/wp-content\/uploads\/2025\/02\/logo.svg","contentUrl":"https:\/\/www.stxfinance.com\/wp-content\/uploads\/2025\/02\/logo.svg","caption":"STX Finanzas"},"image":{"@id":"https:\/\/www.stxfinance.com\/es\/#\/schema\/logo\/image\/"}}]}},"_links":{"self":[{"href":"https:\/\/www.stxfinance.com\/es\/wp-json\/wp\/v2\/pages\/2441","targetHints":{"allow":["GET"]}}],"collection":[{"href":"https:\/\/www.stxfinance.com\/es\/wp-json\/wp\/v2\/pages"}],"about":[{"href":"https:\/\/www.stxfinance.com\/es\/wp-json\/wp\/v2\/types\/page"}],"author":[{"embeddable":true,"href":"https:\/\/www.stxfinance.com\/es\/wp-json\/wp\/v2\/users\/2"}],"replies":[{"embeddable":true,"href":"https:\/\/www.stxfinance.com\/es\/wp-json\/wp\/v2\/comments?post=2441"}],"version-history":[{"count":9,"href":"https:\/\/www.stxfinance.com\/es\/wp-json\/wp\/v2\/pages\/2441\/revisions"}],"predecessor-version":[{"id":22984,"href":"https:\/\/www.stxfinance.com\/es\/wp-json\/wp\/v2\/pages\/2441\/revisions\/22984"}],"wp:attachment":[{"href":"https:\/\/www.stxfinance.com\/es\/wp-json\/wp\/v2\/media?parent=2441"}],"curies":[{"name":"wp","href":"https:\/\/api.w.org\/{rel}","templated":true}]}}