{"id":2448,"date":"2025-01-27T11:06:03","date_gmt":"2025-01-27T11:06:03","guid":{"rendered":"https:\/\/www.stxfinance.com\/branch-detail-horsetrucks\/"},"modified":"2026-02-17T10:56:46","modified_gmt":"2026-02-17T10:56:46","slug":"branch-detail-horsetrucks","status":"publish","type":"page","link":"https:\/\/www.stxfinance.com\/es\/branch-detail-horsetrucks\/","title":{"rendered":"Detalle de la sucursal Camiones para caballos"},"content":{"rendered":"","protected":false},"excerpt":{"rendered":"","protected":false},"author":2,"featured_media":0,"parent":0,"menu_order":0,"comment_status":"closed","ping_status":"closed","template":"page-templates\/template-branch-detail.php","meta":{"_acf_changed":false,"footnotes":""},"class_list":["post-2448","page","type-page","status-publish","hentry"],"acf":{"branch_page_settings":{"":null,"banner_sections":{"banner_heading":"Explora nuestros camiones para caballos","banner_description":"Stephex Horse Trucks es l\u00edder en la industria, reconocido por la fabricaci\u00f3n de veh\u00edculos ecuestres de alta gama en toda Europa y el extranjero. Con m\u00e1s de 35 a\u00f1os de experiencia, la empresa se ha consolidado como una potencia internacional en el sector del transporte de caballos. Su gama incluye tres marcas distintas: STX, AKX y Ketterer, cada una con caracter\u00edsticas \u00fanicas dise\u00f1adas para satisfacer las necesidades tanto de jinetes profesionales como de aficionados.  \r\n\r\nStephex Horse Trucks es l\u00edder en la industria, reconocido por la fabricaci\u00f3n de veh\u00edculos ecuestres de alta gama en toda Europa y el extranjero. Con m\u00e1s de 35 a\u00f1os de experiencia, la empresa se ha consolidado como una potencia internacional en el sector del transporte de caballos. Su gama incluye tres marcas distintas: STX, AKX y Ketterer, cada una con caracter\u00edsticas \u00fanicas dise\u00f1adas para satisfacer las necesidades tanto de jinetes profesionales como de aficionados.  ","banner_image":2098},"talk_us_sections":{"tu_heading":"Habla con nosotras ahora","contact_form":"[contact-form-7 id=\"1a0384c\" title=\"Hable con nosotros formulario\"]","bg_image":2102},"about_leasing_sections":{"leasing_heading":"La excelencia artesanal se une a un servicio al cliente inigualable.","leasing_description":"La producci\u00f3n se lleva a cabo en Hungr\u00eda, con un equipo de m\u00e1s de 500 profesionales dedicados. Cada veh\u00edculo se fabrica artesanalmente, lo que garantiza que cada cami\u00f3n para caballos Stephex cumpla con los m\u00e1s altos est\u00e1ndares de calidad y funcionalidad. Un riguroso control de calidad garantiza la durabilidad, estabilidad y seguridad de sus camiones, caracter\u00edsticas esenciales para el transporte seguro de caballos.  \r\n\r\nLa producci\u00f3n se lleva a cabo en Hungr\u00eda, con un equipo de m\u00e1s de 500 profesionales dedicados. Cada veh\u00edculo se fabrica artesanalmente, lo que garantiza que cada cami\u00f3n para caballos Stephex cumpla con los m\u00e1s altos est\u00e1ndares de calidad y funcionalidad. Un riguroso control de calidad garantiza la durabilidad, estabilidad y seguridad de sus camiones, caracter\u00edsticas esenciales para el transporte seguro de caballos.  \r\n","page_link":{"title":"Contacta con nosotras","url":"https:\/\/www.stxfinance.com\/es\/contact-us\/","target":""}},"accordion_sections":{"accordion_row":[{"heading":"Acerca del pago inicial","accordion_content":"El pago inicial para el arrendamiento con STX Finance ofrece flexibilidad y asequibilidad, lo que lo convierte en una opci\u00f3n atractiva en comparaci\u00f3n con la compra. El pago inicial comienza con un m\u00ednimo del 30% de la inversi\u00f3n total, pero puede ser mayor seg\u00fan sus preferencias o necesidades espec\u00edficas. ","has_model":false,"mode_id":null},{"heading":"Valor residual","accordion_content":"El valor residual de un contrato de leasing con STX Finance es un porcentaje fijo del 16 % de la inversi\u00f3n total. Este valor se utiliza para calcular las condiciones del leasing y no refleja el valor de mercado del veh\u00edculo al final del periodo de leasing. Nuestro proceso transparente garantiza claridad y confianza durante todo el proceso de leasing.  ","has_model":false,"mode_id":null},{"heading":"Simulaciones r\u00e1pidas de leasing","accordion_content":"Obtenga informaci\u00f3n personalizada sobre costes y condiciones que se ajustan a sus objetivos, ayud\u00e1ndole a explorar soluciones de leasing flexibles con claridad y confianza.","has_model":false,"mode_id":null},{"heading":"Documentos necesarios","accordion_content":"Para simplificar el proceso de arrendamiento, Stephex ofrece una gu\u00eda clara sobre los documentos necesarios. Nuestro equipo se asegura de que todo est\u00e9 en orden para una experiencia fluida desde el principio. ","has_model":true,"mode_id":{"title":"ver documentos","url":"http:\/\/doc-required-modal","target":""}}],"bg_image":2106},"available_vehicle_sections":{"vehicle_heading":"Explora nuestros modelos","vehicle_description":"Explora nuestra selecci\u00f3n de las mejores marcas, que ofrecen lo \u00faltimo en seguridad y comodidad para el transporte de tus caballos. Elige entre varios modelos que se ajusten a tus necesidades, ya sea un cami\u00f3n compacto para 3 o 4 caballos o un lujoso veh\u00edculo m\u00e1s grande para 5 o 6 caballos. Personaliza un veh\u00edculo nuevo o elige entre la amplia gama de productos disponibles de Stephex.  ","cta_button_1":{"title":"disponibilidad de stock","url":"#","target":""},"cta_button_2":{"title":"Ponte en contacto con nosotros","url":"https:\/\/www.stxfinance.com\/contact-us\/","target":""}},"office_map_sections":{"map_heading":"Encuentre nuestras oficinas","map_description":"Localice la oficina de STX Finance m\u00e1s cercana para explorar nuestras opciones y servicios de leasing en persona. Nuestra presencia global garantiza que siempre tendr\u00e1 soporte disponible. "},"testimonial_sections":{"testi_heading":"De nuestras clientas"},"customer_say_sections":{"client_heading":"Habla con nosotras hoy","cta_button":{"title":"Contacta con nosotras","url":"https:\/\/www.stxfinance.com\/es\/contact-us\/","target":""}},"document_required_sections":{"modal_heading":"Documentos necesarios para el arrendamiento","sub_heading":"Por lo general, necesitar\u00e1s:","bg_image":2110,"required_list":[{"doc_name":"Formulario de an\u00e1lisis de cr\u00e9dito"},{"doc_name":"Formulario de identificaci\u00f3n"},{"doc_name":"Formulario de declaraci\u00f3n de UBO"},{"doc_name":"Para leasing privado, se solicitar\u00e1 documentaci\u00f3n adicional"}]}},"model_type":"horsetrucks","faqs_sections":{"heading":"","description":"","faq_list":null,"cta_link":null}},"yoast_head":"<!-- This site is optimized with the Yoast SEO plugin v27.5 - https:\/\/yoast.com\/product\/yoast-seo-wordpress\/ -->\n<title>Detalle de la sucursal Camiones para caballos | STX Finance<\/title>\n<meta name=\"description\" content=\"Explora nuestra sucursal de camiones para caballos con financiamiento a tu medida.\" \/>\n<meta name=\"robots\" content=\"index, follow, max-snippet:-1, max-image-preview:large, max-video-preview:-1\" \/>\n<link rel=\"canonical\" href=\"https:\/\/www.stxfinance.com\/es\/branch-detail-horsetrucks\/\" \/>\n<meta property=\"og:locale\" content=\"es_ES\" \/>\n<meta property=\"og:type\" content=\"article\" \/>\n<meta property=\"og:title\" content=\"Detalle de la sucursal Camiones para caballos | STX Finance\" \/>\n<meta property=\"og:description\" content=\"Explora nuestra sucursal de camiones para caballos con financiamiento a tu medida.\" \/>\n<meta property=\"og:url\" content=\"https:\/\/www.stxfinance.com\/es\/branch-detail-horsetrucks\/\" \/>\n<meta property=\"og:site_name\" content=\"STX Finance\" \/>\n<meta property=\"article:modified_time\" content=\"2026-02-17T10:56:46+00:00\" \/>\n<meta name=\"twitter:card\" content=\"summary_large_image\" \/>\n<meta name=\"twitter:label1\" content=\"Tiempo de lectura\" \/>\n\t<meta name=\"twitter:data1\" content=\"4 minutos\" \/>\n<script type=\"application\/ld+json\" class=\"yoast-schema-graph\">{\"@context\":\"https:\\\/\\\/schema.org\",\"@graph\":[{\"@type\":\"WebPage\",\"@id\":\"https:\\\/\\\/www.stxfinance.com\\\/es\\\/branch-detail-horsetrucks\\\/\",\"url\":\"https:\\\/\\\/www.stxfinance.com\\\/es\\\/branch-detail-horsetrucks\\\/\",\"name\":\"Detalle de la sucursal Camiones para caballos | STX Finance\",\"isPartOf\":{\"@id\":\"https:\\\/\\\/www.stxfinance.com\\\/es\\\/#website\"},\"datePublished\":\"2025-01-27T11:06:03+00:00\",\"dateModified\":\"2026-02-17T10:56:46+00:00\",\"description\":\"Explora nuestra sucursal de camiones para caballos con financiamiento a tu medida.\",\"breadcrumb\":{\"@id\":\"https:\\\/\\\/www.stxfinance.com\\\/es\\\/branch-detail-horsetrucks\\\/#breadcrumb\"},\"inLanguage\":\"es\",\"potentialAction\":[{\"@type\":\"ReadAction\",\"target\":[\"https:\\\/\\\/www.stxfinance.com\\\/es\\\/branch-detail-horsetrucks\\\/\"]}]},{\"@type\":\"BreadcrumbList\",\"@id\":\"https:\\\/\\\/www.stxfinance.com\\\/es\\\/branch-detail-horsetrucks\\\/#breadcrumb\",\"itemListElement\":[{\"@type\":\"ListItem\",\"position\":1,\"name\":\"Home\",\"item\":\"https:\\\/\\\/www.stxfinance.com\\\/es\\\/\"},{\"@type\":\"ListItem\",\"position\":2,\"name\":\"Detalle de la sucursal Camiones para caballos\"}]},{\"@type\":\"WebSite\",\"@id\":\"https:\\\/\\\/www.stxfinance.com\\\/es\\\/#website\",\"url\":\"https:\\\/\\\/www.stxfinance.com\\\/es\\\/\",\"name\":\"STX Finance\",\"description\":\"\",\"publisher\":{\"@id\":\"https:\\\/\\\/www.stxfinance.com\\\/es\\\/#organization\"},\"potentialAction\":[{\"@type\":\"SearchAction\",\"target\":{\"@type\":\"EntryPoint\",\"urlTemplate\":\"https:\\\/\\\/www.stxfinance.com\\\/es\\\/?s={search_term_string}\"},\"query-input\":{\"@type\":\"PropertyValueSpecification\",\"valueRequired\":true,\"valueName\":\"search_term_string\"}}],\"inLanguage\":\"es\"},{\"@type\":\"Organization\",\"@id\":\"https:\\\/\\\/www.stxfinance.com\\\/es\\\/#organization\",\"name\":\"STX Finanzas\",\"url\":\"https:\\\/\\\/www.stxfinance.com\\\/es\\\/\",\"logo\":{\"@type\":\"ImageObject\",\"inLanguage\":\"es\",\"@id\":\"https:\\\/\\\/www.stxfinance.com\\\/es\\\/#\\\/schema\\\/logo\\\/image\\\/\",\"url\":\"https:\\\/\\\/www.stxfinance.com\\\/wp-content\\\/uploads\\\/2025\\\/02\\\/logo.svg\",\"contentUrl\":\"https:\\\/\\\/www.stxfinance.com\\\/wp-content\\\/uploads\\\/2025\\\/02\\\/logo.svg\",\"caption\":\"STX Finanzas\"},\"image\":{\"@id\":\"https:\\\/\\\/www.stxfinance.com\\\/es\\\/#\\\/schema\\\/logo\\\/image\\\/\"}}]}<\/script>\n<!-- \/ Yoast SEO plugin. -->","yoast_head_json":{"title":"Detalle de la sucursal Camiones para caballos | STX Finance","description":"Explora nuestra sucursal de camiones para caballos con financiamiento a tu medida.","robots":{"index":"index","follow":"follow","max-snippet":"max-snippet:-1","max-image-preview":"max-image-preview:large","max-video-preview":"max-video-preview:-1"},"canonical":"https:\/\/www.stxfinance.com\/es\/branch-detail-horsetrucks\/","og_locale":"es_ES","og_type":"article","og_title":"Detalle de la sucursal Camiones para caballos | STX Finance","og_description":"Explora nuestra sucursal de camiones para caballos con financiamiento a tu medida.","og_url":"https:\/\/www.stxfinance.com\/es\/branch-detail-horsetrucks\/","og_site_name":"STX Finance","article_modified_time":"2026-02-17T10:56:46+00:00","twitter_card":"summary_large_image","twitter_misc":{"Tiempo de lectura":"4 minutos"},"schema":{"@context":"https:\/\/schema.org","@graph":[{"@type":"WebPage","@id":"https:\/\/www.stxfinance.com\/es\/branch-detail-horsetrucks\/","url":"https:\/\/www.stxfinance.com\/es\/branch-detail-horsetrucks\/","name":"Detalle de la sucursal Camiones para caballos | STX Finance","isPartOf":{"@id":"https:\/\/www.stxfinance.com\/es\/#website"},"datePublished":"2025-01-27T11:06:03+00:00","dateModified":"2026-02-17T10:56:46+00:00","description":"Explora nuestra sucursal de camiones para caballos con financiamiento a tu medida.","breadcrumb":{"@id":"https:\/\/www.stxfinance.com\/es\/branch-detail-horsetrucks\/#breadcrumb"},"inLanguage":"es","potentialAction":[{"@type":"ReadAction","target":["https:\/\/www.stxfinance.com\/es\/branch-detail-horsetrucks\/"]}]},{"@type":"BreadcrumbList","@id":"https:\/\/www.stxfinance.com\/es\/branch-detail-horsetrucks\/#breadcrumb","itemListElement":[{"@type":"ListItem","position":1,"name":"Home","item":"https:\/\/www.stxfinance.com\/es\/"},{"@type":"ListItem","position":2,"name":"Detalle de la sucursal Camiones para caballos"}]},{"@type":"WebSite","@id":"https:\/\/www.stxfinance.com\/es\/#website","url":"https:\/\/www.stxfinance.com\/es\/","name":"STX Finance","description":"","publisher":{"@id":"https:\/\/www.stxfinance.com\/es\/#organization"},"potentialAction":[{"@type":"SearchAction","target":{"@type":"EntryPoint","urlTemplate":"https:\/\/www.stxfinance.com\/es\/?s={search_term_string}"},"query-input":{"@type":"PropertyValueSpecification","valueRequired":true,"valueName":"search_term_string"}}],"inLanguage":"es"},{"@type":"Organization","@id":"https:\/\/www.stxfinance.com\/es\/#organization","name":"STX Finanzas","url":"https:\/\/www.stxfinance.com\/es\/","logo":{"@type":"ImageObject","inLanguage":"es","@id":"https:\/\/www.stxfinance.com\/es\/#\/schema\/logo\/image\/","url":"https:\/\/www.stxfinance.com\/wp-content\/uploads\/2025\/02\/logo.svg","contentUrl":"https:\/\/www.stxfinance.com\/wp-content\/uploads\/2025\/02\/logo.svg","caption":"STX Finanzas"},"image":{"@id":"https:\/\/www.stxfinance.com\/es\/#\/schema\/logo\/image\/"}}]}},"_links":{"self":[{"href":"https:\/\/www.stxfinance.com\/es\/wp-json\/wp\/v2\/pages\/2448","targetHints":{"allow":["GET"]}}],"collection":[{"href":"https:\/\/www.stxfinance.com\/es\/wp-json\/wp\/v2\/pages"}],"about":[{"href":"https:\/\/www.stxfinance.com\/es\/wp-json\/wp\/v2\/types\/page"}],"author":[{"embeddable":true,"href":"https:\/\/www.stxfinance.com\/es\/wp-json\/wp\/v2\/users\/2"}],"replies":[{"embeddable":true,"href":"https:\/\/www.stxfinance.com\/es\/wp-json\/wp\/v2\/comments?post=2448"}],"version-history":[{"count":8,"href":"https:\/\/www.stxfinance.com\/es\/wp-json\/wp\/v2\/pages\/2448\/revisions"}],"predecessor-version":[{"id":418771,"href":"https:\/\/www.stxfinance.com\/es\/wp-json\/wp\/v2\/pages\/2448\/revisions\/418771"}],"wp:attachment":[{"href":"https:\/\/www.stxfinance.com\/es\/wp-json\/wp\/v2\/media?parent=2448"}],"curies":[{"name":"wp","href":"https:\/\/api.w.org\/{rel}","templated":true}]}}