{"id":2452,"date":"2025-04-02T11:15:48","date_gmt":"2025-04-02T11:15:48","guid":{"rendered":"https:\/\/www.stxfinance.com\/branch-detail-horsevans\/"},"modified":"2026-02-17T11:02:05","modified_gmt":"2026-02-17T11:02:05","slug":"branch-detail-horsevans","status":"publish","type":"page","link":"https:\/\/www.stxfinance.com\/es\/branch-detail-horsevans\/","title":{"rendered":"Detalle de la rama Horsevans"},"content":{"rendered":"","protected":false},"excerpt":{"rendered":"","protected":false},"author":2,"featured_media":0,"parent":0,"menu_order":0,"comment_status":"closed","ping_status":"closed","template":"page-templates\/template-branch-detail.php","meta":{"_acf_changed":false,"footnotes":""},"class_list":["post-2452","page","type-page","status-publish","hentry"],"acf":{"branch_page_settings":{"":null,"banner_sections":{"banner_heading":"Explore nuestras furgonetas para caballos  ","banner_description":"Las furgonetas para caballos Stephex forman parte de la l\u00ednea premium de veh\u00edculos de transporte de caballos del Grupo Stephex, reconocida por su mezcla de lujo, seguridad y practicidad. El Grupo Stephex, con sede en B\u00e9lgica, ha sido un l\u00edder de la industria en el transporte de caballos de alta calidad durante m\u00e1s de 35 a\u00f1os. Sus furgonetas para 2 caballos est\u00e1n dise\u00f1adas pensando en los jinetes profesionales y los entusiastas de los caballos, centr\u00e1ndose tanto en la comodidad para los caballos como en la conveniencia para el conductor y los mozos de cuadra.  ","banner_image":2098},"talk_us_sections":{"tu_heading":"Habla con nosotros","contact_form":"[contact-form-7 id=\"1a0384c\" title=\"Formulario de contacto\"]","bg_image":5236},"about_leasing_sections":{"leasing_heading":"Dise\u00f1ado pensando en caballos y conductores","leasing_description":"En Stephex, cada modelo se elabora prestando la m\u00e1xima atenci\u00f3n al confort y la seguridad tanto de los caballos como de los conductores. Nuestro compromiso con la excelencia se refleja en cada detalle, desde el suelo antideslizante y los tabiques acolchados hasta los avanzados sistemas de ventilaci\u00f3n que garantizan un flujo de aire \u00f3ptimo durante todo el viaje. Estas caracter\u00edsticas hacen de nuestras furgonetas una elecci\u00f3n de confianza para jinetes y entrenadores de toda Europa.  \r\n\r\nNuestras furgonetas para caballos est\u00e1n dise\u00f1adas para proporcionar tranquilidad durante el transporte. Equipadas con rampas de f\u00e1cil carga, tabiques ajustables y opciones de fijaci\u00f3n segura, se adaptan a diversos tama\u00f1os de caballos y necesidades de transporte. Tanto si se dirige a una competici\u00f3n como si simplemente se desplaza entre establos, las furgonetas para caballos STX ofrecen fiabilidad y comodidad en cada viaje. Ahora, con la flexibilidad a\u00f1adida de nuestras soluciones de financiaci\u00f3n de furgonetas para caballos, puede disfrutar de las ventajas de un transporte de primera calidad sin la carga financiera inicial.   ","page_link":{"title":"Contacta con nosotras","url":"https:\/\/www.stxfinance.com\/es\/contact-us\/","target":""}},"accordion_sections":{"accordion_row":[{"heading":"Sobre el pago inicial","accordion_content":"STX Finance ofrece paquetes de financiaci\u00f3n de furgonetas para caballos dise\u00f1ados pensando en la flexibilidad. El pago inicial requerido comienza en s\u00f3lo el 30% de la inversi\u00f3n total, por lo que el leasing es una alternativa rentable a la compra directa. Los pagos iniciales m\u00e1s elevados son siempre bienvenidos y pueden reducir a\u00fan m\u00e1s las obligaciones mensuales. Esta adaptabilidad garantiza que nuestros clientes tengan acceso a equipos de primera calidad independientemente de su estructura financiera.   ","has_model":false,"mode_id":null},{"heading":"Valor residual","accordion_content":"Un valor residual claro y transparente es uno de los puntos fuertes de nuestros contratos de financiaci\u00f3n para furgonetas de caballos. Establecido en un porcentaje fijo, le permite planificar sus finanzas con confianza y sencillez. A diferencia de las estimaciones dependientes del mercado, nuestros valores residuales est\u00e1n definidos contractualmente, ofreci\u00e9ndole una base fiable para la planificaci\u00f3n del plazo de arrendamiento y la gesti\u00f3n del ciclo de vida del veh\u00edculo.  ","has_model":false,"mode_id":null},{"heading":"Simulaciones r\u00e1pidas de leasing","accordion_content":"Obtenga informaci\u00f3n personalizada sobre costes y condiciones que se ajustan a sus objetivos, ayud\u00e1ndole a explorar soluciones de leasing flexibles con claridad y confianza.","has_model":false,"mode_id":null},{"heading":"Documentos necesarios","accordion_content":"Para simplificar el proceso de arrendamiento, Stephex proporciona una orientaci\u00f3n clara sobre los documentos necesarios. Nuestro equipo se asegura de que todo est\u00e9 en orden para que la experiencia sea fluida desde el principio.  Normalmente, necesitar\u00e1s","has_model":true,"mode_id":{"title":"ver documentos","url":"Doc-requerida-modal","target":""}}],"bg_image":2106},"available_vehicle_sections":{"vehicle_heading":"Explora nuestros modelos","vehicle_description":"Navegue por nuestra amplia selecci\u00f3n de furgonetas para caballos Stephex para encontrar la combinaci\u00f3n perfecta para sus necesidades ecuestres. Si usted est\u00e1 buscando para arrendar un nuevo modelo personalizado o explorar las opciones de segunda mano, nuestras soluciones de financiaci\u00f3n furgoneta caballo est\u00e1n dise\u00f1ados para apoyar a cada jinete, entrenador, y el equipo. Todos nuestros veh\u00edculos cumplen rigurosos est\u00e1ndares de seguridad y confort, y nuestros paquetes de financiaci\u00f3n los hacen m\u00e1s accesibles que nunca.  ","cta_button_1":{"title":"disponibilidad de stock","url":"#","target":""},"cta_button_2":{"title":"Ponte en contacto con nosotros","url":"https:\/\/www.stxfinance.com\/contact-us\/","target":""}},"office_map_sections":{"map_heading":"Encuentra nuestras oficinas","map_description":"Nuestra presencia global significa que el servicio personalizado nunca est\u00e1 lejos. Busque la oficina de STX Finance m\u00e1s cercana para explorar las opciones de financiaci\u00f3n de furgonetas de caballos adaptadas a su regi\u00f3n y negocio. Nuestro equipo est\u00e1 listo para ayudarle con el asesoramiento de expertos, la selecci\u00f3n de veh\u00edculos y las condiciones de arrendamiento que tengan sentido para su situaci\u00f3n espec\u00edfica.    <\/br>Elija STX Finance para sus necesidades de financiaci\u00f3n de furgonetas para caballos y descubra la diferencia de trabajar con un equipo que entiende tanto la movilidad como la excelencia ecuestre. Financie con confianza, monte con orgullo. "},"testimonial_sections":{"testi_heading":"De nuestros clientes"},"customer_say_sections":{"client_heading":"Habla hoy con nosotros","cta_button":{"title":"Contacta con nosotras","url":"https:\/\/www.stxfinance.com\/es\/contact-us\/","target":""}},"document_required_sections":{"modal_heading":"Documentos necesarios para el arrendamiento","sub_heading":"Normalmente, necesitar\u00e1s","bg_image":2110,"required_list":[{"doc_name":"Formulario de an\u00e1lisis de cr\u00e9dito"},{"doc_name":"Formulario de identificaci\u00f3n"},{"doc_name":"Formulario de declaraci\u00f3n de UBO"},{"doc_name":"Para leasing privado, se solicitar\u00e1 documentaci\u00f3n adicional"}]}},"model_type":"horse-vans","faqs_sections":{"heading":"","description":"","faq_list":null,"cta_link":null}},"yoast_head":"<!-- This site is optimized with the Yoast SEO plugin v27.5 - https:\/\/yoast.com\/product\/yoast-seo-wordpress\/ -->\n<title>Detalle de la rama Horsevans | STX Finance<\/title>\n<meta name=\"description\" content=\"Descubre nuestra sucursal Horsevans con opciones de financiamiento personalizadas.\" \/>\n<meta name=\"robots\" content=\"index, follow, max-snippet:-1, max-image-preview:large, max-video-preview:-1\" \/>\n<link rel=\"canonical\" href=\"https:\/\/www.stxfinance.com\/es\/branch-detail-horsevans\/\" \/>\n<meta property=\"og:locale\" content=\"es_ES\" \/>\n<meta property=\"og:type\" content=\"article\" \/>\n<meta property=\"og:title\" content=\"Detalle de la rama Horsevans | STX Finance\" \/>\n<meta property=\"og:description\" content=\"Descubre nuestra sucursal Horsevans con opciones de financiamiento personalizadas.\" \/>\n<meta property=\"og:url\" content=\"https:\/\/www.stxfinance.com\/es\/branch-detail-horsevans\/\" \/>\n<meta property=\"og:site_name\" content=\"STX Finance\" \/>\n<meta property=\"article:modified_time\" content=\"2026-02-17T11:02:05+00:00\" \/>\n<meta name=\"twitter:card\" content=\"summary_large_image\" \/>\n<meta name=\"twitter:label1\" content=\"Tiempo de lectura\" \/>\n\t<meta name=\"twitter:data1\" content=\"4 minutos\" \/>\n<script type=\"application\/ld+json\" class=\"yoast-schema-graph\">{\"@context\":\"https:\\\/\\\/schema.org\",\"@graph\":[{\"@type\":\"WebPage\",\"@id\":\"https:\\\/\\\/www.stxfinance.com\\\/es\\\/branch-detail-horsevans\\\/\",\"url\":\"https:\\\/\\\/www.stxfinance.com\\\/es\\\/branch-detail-horsevans\\\/\",\"name\":\"Detalle de la rama Horsevans | STX Finance\",\"isPartOf\":{\"@id\":\"https:\\\/\\\/www.stxfinance.com\\\/es\\\/#website\"},\"datePublished\":\"2025-04-02T11:15:48+00:00\",\"dateModified\":\"2026-02-17T11:02:05+00:00\",\"description\":\"Descubre nuestra sucursal Horsevans con opciones de financiamiento personalizadas.\",\"breadcrumb\":{\"@id\":\"https:\\\/\\\/www.stxfinance.com\\\/es\\\/branch-detail-horsevans\\\/#breadcrumb\"},\"inLanguage\":\"es\",\"potentialAction\":[{\"@type\":\"ReadAction\",\"target\":[\"https:\\\/\\\/www.stxfinance.com\\\/es\\\/branch-detail-horsevans\\\/\"]}]},{\"@type\":\"BreadcrumbList\",\"@id\":\"https:\\\/\\\/www.stxfinance.com\\\/es\\\/branch-detail-horsevans\\\/#breadcrumb\",\"itemListElement\":[{\"@type\":\"ListItem\",\"position\":1,\"name\":\"Home\",\"item\":\"https:\\\/\\\/www.stxfinance.com\\\/es\\\/\"},{\"@type\":\"ListItem\",\"position\":2,\"name\":\"Detalle de la rama Horsevans\"}]},{\"@type\":\"WebSite\",\"@id\":\"https:\\\/\\\/www.stxfinance.com\\\/es\\\/#website\",\"url\":\"https:\\\/\\\/www.stxfinance.com\\\/es\\\/\",\"name\":\"STX Finance\",\"description\":\"\",\"publisher\":{\"@id\":\"https:\\\/\\\/www.stxfinance.com\\\/es\\\/#organization\"},\"potentialAction\":[{\"@type\":\"SearchAction\",\"target\":{\"@type\":\"EntryPoint\",\"urlTemplate\":\"https:\\\/\\\/www.stxfinance.com\\\/es\\\/?s={search_term_string}\"},\"query-input\":{\"@type\":\"PropertyValueSpecification\",\"valueRequired\":true,\"valueName\":\"search_term_string\"}}],\"inLanguage\":\"es\"},{\"@type\":\"Organization\",\"@id\":\"https:\\\/\\\/www.stxfinance.com\\\/es\\\/#organization\",\"name\":\"STX Finanzas\",\"url\":\"https:\\\/\\\/www.stxfinance.com\\\/es\\\/\",\"logo\":{\"@type\":\"ImageObject\",\"inLanguage\":\"es\",\"@id\":\"https:\\\/\\\/www.stxfinance.com\\\/es\\\/#\\\/schema\\\/logo\\\/image\\\/\",\"url\":\"https:\\\/\\\/www.stxfinance.com\\\/wp-content\\\/uploads\\\/2025\\\/02\\\/logo.svg\",\"contentUrl\":\"https:\\\/\\\/www.stxfinance.com\\\/wp-content\\\/uploads\\\/2025\\\/02\\\/logo.svg\",\"caption\":\"STX Finanzas\"},\"image\":{\"@id\":\"https:\\\/\\\/www.stxfinance.com\\\/es\\\/#\\\/schema\\\/logo\\\/image\\\/\"}}]}<\/script>\n<!-- \/ Yoast SEO plugin. -->","yoast_head_json":{"title":"Detalle de la rama Horsevans | STX Finance","description":"Descubre nuestra sucursal Horsevans con opciones de financiamiento personalizadas.","robots":{"index":"index","follow":"follow","max-snippet":"max-snippet:-1","max-image-preview":"max-image-preview:large","max-video-preview":"max-video-preview:-1"},"canonical":"https:\/\/www.stxfinance.com\/es\/branch-detail-horsevans\/","og_locale":"es_ES","og_type":"article","og_title":"Detalle de la rama Horsevans | STX Finance","og_description":"Descubre nuestra sucursal Horsevans con opciones de financiamiento personalizadas.","og_url":"https:\/\/www.stxfinance.com\/es\/branch-detail-horsevans\/","og_site_name":"STX Finance","article_modified_time":"2026-02-17T11:02:05+00:00","twitter_card":"summary_large_image","twitter_misc":{"Tiempo de lectura":"4 minutos"},"schema":{"@context":"https:\/\/schema.org","@graph":[{"@type":"WebPage","@id":"https:\/\/www.stxfinance.com\/es\/branch-detail-horsevans\/","url":"https:\/\/www.stxfinance.com\/es\/branch-detail-horsevans\/","name":"Detalle de la rama Horsevans | STX Finance","isPartOf":{"@id":"https:\/\/www.stxfinance.com\/es\/#website"},"datePublished":"2025-04-02T11:15:48+00:00","dateModified":"2026-02-17T11:02:05+00:00","description":"Descubre nuestra sucursal Horsevans con opciones de financiamiento personalizadas.","breadcrumb":{"@id":"https:\/\/www.stxfinance.com\/es\/branch-detail-horsevans\/#breadcrumb"},"inLanguage":"es","potentialAction":[{"@type":"ReadAction","target":["https:\/\/www.stxfinance.com\/es\/branch-detail-horsevans\/"]}]},{"@type":"BreadcrumbList","@id":"https:\/\/www.stxfinance.com\/es\/branch-detail-horsevans\/#breadcrumb","itemListElement":[{"@type":"ListItem","position":1,"name":"Home","item":"https:\/\/www.stxfinance.com\/es\/"},{"@type":"ListItem","position":2,"name":"Detalle de la rama Horsevans"}]},{"@type":"WebSite","@id":"https:\/\/www.stxfinance.com\/es\/#website","url":"https:\/\/www.stxfinance.com\/es\/","name":"STX Finance","description":"","publisher":{"@id":"https:\/\/www.stxfinance.com\/es\/#organization"},"potentialAction":[{"@type":"SearchAction","target":{"@type":"EntryPoint","urlTemplate":"https:\/\/www.stxfinance.com\/es\/?s={search_term_string}"},"query-input":{"@type":"PropertyValueSpecification","valueRequired":true,"valueName":"search_term_string"}}],"inLanguage":"es"},{"@type":"Organization","@id":"https:\/\/www.stxfinance.com\/es\/#organization","name":"STX Finanzas","url":"https:\/\/www.stxfinance.com\/es\/","logo":{"@type":"ImageObject","inLanguage":"es","@id":"https:\/\/www.stxfinance.com\/es\/#\/schema\/logo\/image\/","url":"https:\/\/www.stxfinance.com\/wp-content\/uploads\/2025\/02\/logo.svg","contentUrl":"https:\/\/www.stxfinance.com\/wp-content\/uploads\/2025\/02\/logo.svg","caption":"STX Finanzas"},"image":{"@id":"https:\/\/www.stxfinance.com\/es\/#\/schema\/logo\/image\/"}}]}},"_links":{"self":[{"href":"https:\/\/www.stxfinance.com\/es\/wp-json\/wp\/v2\/pages\/2452","targetHints":{"allow":["GET"]}}],"collection":[{"href":"https:\/\/www.stxfinance.com\/es\/wp-json\/wp\/v2\/pages"}],"about":[{"href":"https:\/\/www.stxfinance.com\/es\/wp-json\/wp\/v2\/types\/page"}],"author":[{"embeddable":true,"href":"https:\/\/www.stxfinance.com\/es\/wp-json\/wp\/v2\/users\/2"}],"replies":[{"embeddable":true,"href":"https:\/\/www.stxfinance.com\/es\/wp-json\/wp\/v2\/comments?post=2452"}],"version-history":[{"count":7,"href":"https:\/\/www.stxfinance.com\/es\/wp-json\/wp\/v2\/pages\/2452\/revisions"}],"predecessor-version":[{"id":418799,"href":"https:\/\/www.stxfinance.com\/es\/wp-json\/wp\/v2\/pages\/2452\/revisions\/418799"}],"wp:attachment":[{"href":"https:\/\/www.stxfinance.com\/es\/wp-json\/wp\/v2\/media?parent=2452"}],"curies":[{"name":"wp","href":"https:\/\/api.w.org\/{rel}","templated":true}]}}