{"id":2456,"date":"2025-03-03T08:36:58","date_gmt":"2025-03-03T08:36:58","guid":{"rendered":"https:\/\/www.stxfinance.com\/branch-detail-cars\/"},"modified":"2026-02-17T11:15:47","modified_gmt":"2026-02-17T11:15:47","slug":"branch-detail-cars","status":"publish","type":"page","link":"https:\/\/www.stxfinance.com\/es\/branch-detail-cars\/","title":{"rendered":"Rama Detalle Coches de Lujo"},"content":{"rendered":"","protected":false},"excerpt":{"rendered":"","protected":false},"author":2,"featured_media":0,"parent":0,"menu_order":0,"comment_status":"closed","ping_status":"closed","template":"page-templates\/template-branch-detail-lc.php","meta":{"_acf_changed":false,"footnotes":""},"class_list":["post-2456","page","type-page","status-publish","hentry"],"acf":{"branch_page_settings":{"":null,"banner_section":{"banner_heading":"Explora el alquiler de coches de lujo","banner_description":"Para quienes valoran la sofisticaci\u00f3n y las prestaciones de primer nivel, STX Finance ofrece un exclusivo leasing de coches de lujo. Asoci\u00e1ndonos con talleres de primera categor\u00eda, proporcionamos acceso a una gama de veh\u00edculos de gama alta, desde deportivos a elegantes sedanes. Tanto si tienes en mente un coche concreto como si deseas explorar nuestra selecci\u00f3n, nuestras flexibles soluciones de financiaci\u00f3n facilitan la conducci\u00f3n de lujo.  ","banner_image":2134},"talk_us_section":{"tu_heading":"Habla con nosotros","contact_form":"[contact-form-7 id=\"1a0384c\" title=\"Formulario de contacto\"]","bg_image":2138},"about_leasing_section":{"leasing_heading":"Conduce con estilo con la financiaci\u00f3n STX","leasing_description":"STX Finance es su socio de confianza para la financiaci\u00f3n de coches de lujo de primera clase, dedicado a ofrecer una calidad superior y conocimientos expertos para elevar su experiencia de conducci\u00f3n. Nos enorgullecemos de ofrecer servicios financieros seguros y fiables, respaldados por una s\u00f3lida red de socios financieros reconocidos en todo el mundo. Nuestro compromiso garantiza que su experiencia de leasing no s\u00f3lo sea fluida, sino tambi\u00e9n completamente segura.  \r\n\r\nEn STX Finance, la financiaci\u00f3n de coches de lujo va m\u00e1s all\u00e1 de ponerse al volante; se trata de mejorar todos los aspectos de su viaje automovil\u00edstico. Desde la primera consulta hasta el momento en que se marcha, nuestro experimentado equipo le ofrece apoyo y asesoramiento personalizados adaptados a sus necesidades espec\u00edficas. Nuestros expertos especialistas en financiaci\u00f3n se toman el tiempo necesario para comprender sus preferencias y objetivos, ofreci\u00e9ndole una orientaci\u00f3n experta para encontrar el veh\u00edculo de lujo ideal para usted.  \r\n\r\nReconociendo el valor de su tiempo, agilizamos nuestros procesos de aprobaci\u00f3n, garantizando la eficiencia y unos requisitos m\u00ednimos de documentaci\u00f3n. Esta simplicidad financiera significa que usted dedica menos tiempo al papeleo y m\u00e1s a disfrutar de la emoci\u00f3n de conducir el coche de sus sue\u00f1os. Nuestros sofisticados sistemas y nuestro personal especializado facilitan una r\u00e1pida tramitaci\u00f3n y aprobaci\u00f3n, convirtiendo su aspiraci\u00f3n a un veh\u00edculo de lujo en realidad con notable facilidad y rapidez.  \r\n\r\nM\u00e1s all\u00e1 de la adquisici\u00f3n inicial, nuestro compromiso continuo incluye una atenci\u00f3n al cliente proactiva, comprobaciones peri\u00f3dicas y herramientas de gesti\u00f3n de cuentas accesibles. STX Finance tambi\u00e9n ofrece soluciones digitales innovadoras, como un panel de control en l\u00ednea f\u00e1cil de usar y una aplicaci\u00f3n m\u00f3vil espec\u00edfica, que le permiten tener un control total de su contrato de arrendamiento en cualquier momento y lugar. ","page_link":{"title":"Contacta con nosotras","url":"https:\/\/www.stxfinance.com\/es\/contact-us\/","target":""}},"accordion_section":{"accordion_row":[{"heading":"Sobre el pago inicial","accordion_content":"Con las opciones de financiaci\u00f3n de coches de lujo de STX Finance, su estructura de pago inicial ofrece una flexibilidad y asequibilidad significativas, lo que la convierte en una alternativa muy atractiva a la compra tradicional de veh\u00edculos. Nuestro pago inicial m\u00ednimo comienza el 30% de la inversi\u00f3n total, aunque tambi\u00e9n se pueden acomodar pagos iniciales m\u00e1s altos para adaptarse a sus circunstancias y objetivos financieros espec\u00edficos. Este enfoque flexible le permite financiar c\u00f3modamente su veh\u00edculo de lujo sin un desembolso inicial de capital significativo.  ","has_model":false,"mode_id":null},{"heading":"Valor residual","accordion_content":"El valor residual dentro de un contrato de financiaci\u00f3n de coches de lujo de STX Finance est\u00e1 predeterminado como un porcentaje fijo, calculado de forma transparente para establecer condiciones de leasing claras y coherentes. Esta estructura predeterminada garantiza un presupuesto sencillo y proporciona confianza, eliminando las incertidumbres sobre futuras fluctuaciones del valor de mercado. A lo largo de su viaje de leasing, puede confiar en la claridad y transparencia que le ofrece STX Finance.  ","has_model":false,"mode_id":null},{"heading":"Simulaciones r\u00e1pidas de leasing","accordion_content":"Obtenga informaci\u00f3n personalizada sobre costes y condiciones que se ajustan a sus objetivos, ayud\u00e1ndole a explorar soluciones de leasing flexibles con claridad y confianza.","has_model":false,"mode_id":null},{"heading":"Documentos necesarios","accordion_content":"En STX Finance, simplificamos la financiaci\u00f3n de coches de lujo describiendo claramente la documentaci\u00f3n necesaria desde el principio. Nuestros especialistas en leasing le ayudar\u00e1n en todo momento, garantizando un proceso de leasing fluido y \u00e1gil. ","has_model":true,"mode_id":{"title":"ver documentos","url":"doc-required-modal","target":""}}],"bg_image":2142},"explore_car_sections":{"vehicle_heading":"Alquile con facilidad, conduzca con confianza","vehicle_description":"El proceso de leasing de STX Finance se ha perfeccionado gracias a nuestro intuitivo panel de control en l\u00ednea y a nuestra aplicaci\u00f3n m\u00f3vil, que le permiten controlar sin esfuerzo todos los aspectos de su acuerdo de financiaci\u00f3n de coches de lujo. Gestiona tu leasing desde cualquier lugar, en cualquier momento, con una plataforma f\u00e1cil de usar dise\u00f1ada espec\u00edficamente para tu comodidad y tranquilidad. \r\n\r\nPara aquellos que valoran la sofisticaci\u00f3n, la elegancia y el rendimiento de primer nivel, STX Finance ofrece soluciones excepcionales de financiaci\u00f3n de coches de lujo. En asociaci\u00f3n exclusiva con talleres de primera categor\u00eda, proporcionamos un acceso privilegiado a una exquisita selecci\u00f3n de veh\u00edculos de gama alta, desde din\u00e1micos deportivos hasta refinadas y elegantes berlinas. Tanto si ya tiene su coche ideal en mente como si desea descubrir nuestra amplia gama, nuestros servicios de financiaci\u00f3n de coches de lujo a medida le garantizan una experiencia de leasing fluida y sin esfuerzo.  \r\n\r\nTanto si es la primera vez que alquila un coche como si es un entusiasta experimentado, los servicios de financiaci\u00f3n de coches de lujo de primera calidad de STX Finance le garantizan una experiencia de leasing caracterizada por una fiabilidad inigualable, un apoyo excepcional y una gran facilidad. Perm\u00edtanos ayudarle a transformar sus sue\u00f1os automovil\u00edsticos en realidad hoy mismo. ","cta_button":{"title":"Contacta con nosotras","url":"https:\/\/www.stxfinance.com\/es\/contact-us\/","target":""},"car_gallery":[{"car_image":2146},{"car_image":2150},{"car_image":2154},{"car_image":2158},{"car_image":2154},{"car_image":2150}]},"available_vehicle_sections":{"vehicle_heading":"Explora nuestros modelos","vehicle_description":"Explora nuestra selecci\u00f3n de las mejores marcas, que ofrecen lo \u00faltimo en seguridad y comodidad para el transporte de tus caballos. Elija entre varios modelos que se adaptan a sus necesidades, tanto si necesita un cami\u00f3n compacto de 3-4 caballos como un lujoso veh\u00edculo m\u00e1s grande de 5-6 caballos. Personalice un veh\u00edculo nuevo o elija entre una amplia viralidad del stock disponible de Stephex.   ","cta_button_1":{"title":"stock availability","url":"https:\/\/stephexhorsetrucks.com\/stock\/","target":""},"cta_button_2":{"title":"Contacta con nosotros","url":"https:\/\/www.stxfinance.com\/es\/contact-us\/","target":""}},"office_map_section":{"map_heading":"Encuentra nuestras oficinas","map_description":"Experimente el apoyo personalizado que ofrece STX Finance visitando nuestra oficina m\u00e1s cercana. Nuestra presencia global garantiza un c\u00f3modo acceso a asesoramiento experto, consultas detalladas y soluciones de financiaci\u00f3n de coches de lujo a medida que se adaptan perfectamente a su estilo de vida. Ya sea en l\u00ednea o en persona, STX Finance es su socio de confianza para una financiaci\u00f3n de autom\u00f3viles excepcional.  \r\n\r\nElija STX Finance para sus necesidades de financiaci\u00f3n de coches de lujo y experimente una combinaci\u00f3n superior de comodidad, estilo y claridad financiera, dise\u00f1ada espec\u00edficamente para aquellos que exigen lo mejor en arrendamiento de autom\u00f3viles."},"testimonial_section":{"testi_heading":"De nuestros clientes"},"customer_say_section":{"client_heading":"Habla hoy con nosotros","cta_button":{"title":"Contacta con nosotras","url":"https:\/\/www.stxfinance.com\/es\/contact-us\/","target":""}},"document_required_section":{"modal_heading":"Documentos necesarios para el arrendamiento","sub_heading":"Normalmente, necesitar\u00e1s","bg_image":2110,"required_list":[{"doc_name":"Formulario de an\u00e1lisis de cr\u00e9dito"},{"doc_name":"Formulario de identificaci\u00f3n"},{"doc_name":"Formulario de declaraci\u00f3n de UBO"},{"doc_name":"Para leasing privado, se solicitar\u00e1 documentaci\u00f3n adicional"}]}},"model_type":"luxury-cars","faqs_sections":{"heading":"","description":"","faq_list":null,"cta_link":null}},"yoast_head":"<!-- This site is optimized with the Yoast SEO plugin v27.5 - https:\/\/yoast.com\/product\/yoast-seo-wordpress\/ -->\n<title>Rama Detalle Coches de Lujo | STX Finance<\/title>\n<meta name=\"description\" content=\"Explora nuestra selecci\u00f3n de coches de lujo y opciones de financiamiento personalizadas.\" \/>\n<meta name=\"robots\" content=\"index, follow, max-snippet:-1, max-image-preview:large, max-video-preview:-1\" \/>\n<link rel=\"canonical\" href=\"https:\/\/www.stxfinance.com\/es\/branch-detail-cars\/\" \/>\n<meta property=\"og:locale\" content=\"es_ES\" \/>\n<meta property=\"og:type\" content=\"article\" \/>\n<meta property=\"og:title\" content=\"Rama Detalle Coches de Lujo | STX Finance\" \/>\n<meta property=\"og:description\" content=\"Explora nuestra selecci\u00f3n de coches de lujo y opciones de financiamiento personalizadas.\" \/>\n<meta property=\"og:url\" content=\"https:\/\/www.stxfinance.com\/es\/branch-detail-cars\/\" \/>\n<meta property=\"og:site_name\" content=\"STX Finance\" \/>\n<meta property=\"article:modified_time\" content=\"2026-02-17T11:15:47+00:00\" \/>\n<meta name=\"twitter:card\" content=\"summary_large_image\" \/>\n<meta name=\"twitter:label1\" content=\"Tiempo de lectura\" \/>\n\t<meta name=\"twitter:data1\" content=\"7 minutos\" \/>\n<script type=\"application\/ld+json\" class=\"yoast-schema-graph\">{\"@context\":\"https:\\\/\\\/schema.org\",\"@graph\":[{\"@type\":\"WebPage\",\"@id\":\"https:\\\/\\\/www.stxfinance.com\\\/es\\\/branch-detail-cars\\\/\",\"url\":\"https:\\\/\\\/www.stxfinance.com\\\/es\\\/branch-detail-cars\\\/\",\"name\":\"Rama Detalle Coches de Lujo | STX Finance\",\"isPartOf\":{\"@id\":\"https:\\\/\\\/www.stxfinance.com\\\/es\\\/#website\"},\"datePublished\":\"2025-03-03T08:36:58+00:00\",\"dateModified\":\"2026-02-17T11:15:47+00:00\",\"description\":\"Explora nuestra selecci\u00f3n de coches de lujo y opciones de financiamiento personalizadas.\",\"breadcrumb\":{\"@id\":\"https:\\\/\\\/www.stxfinance.com\\\/es\\\/branch-detail-cars\\\/#breadcrumb\"},\"inLanguage\":\"es\",\"potentialAction\":[{\"@type\":\"ReadAction\",\"target\":[\"https:\\\/\\\/www.stxfinance.com\\\/es\\\/branch-detail-cars\\\/\"]}]},{\"@type\":\"BreadcrumbList\",\"@id\":\"https:\\\/\\\/www.stxfinance.com\\\/es\\\/branch-detail-cars\\\/#breadcrumb\",\"itemListElement\":[{\"@type\":\"ListItem\",\"position\":1,\"name\":\"Home\",\"item\":\"https:\\\/\\\/www.stxfinance.com\\\/es\\\/\"},{\"@type\":\"ListItem\",\"position\":2,\"name\":\"Rama Detalle Coches de Lujo\"}]},{\"@type\":\"WebSite\",\"@id\":\"https:\\\/\\\/www.stxfinance.com\\\/es\\\/#website\",\"url\":\"https:\\\/\\\/www.stxfinance.com\\\/es\\\/\",\"name\":\"STX Finance\",\"description\":\"\",\"publisher\":{\"@id\":\"https:\\\/\\\/www.stxfinance.com\\\/es\\\/#organization\"},\"potentialAction\":[{\"@type\":\"SearchAction\",\"target\":{\"@type\":\"EntryPoint\",\"urlTemplate\":\"https:\\\/\\\/www.stxfinance.com\\\/es\\\/?s={search_term_string}\"},\"query-input\":{\"@type\":\"PropertyValueSpecification\",\"valueRequired\":true,\"valueName\":\"search_term_string\"}}],\"inLanguage\":\"es\"},{\"@type\":\"Organization\",\"@id\":\"https:\\\/\\\/www.stxfinance.com\\\/es\\\/#organization\",\"name\":\"STX Finanzas\",\"url\":\"https:\\\/\\\/www.stxfinance.com\\\/es\\\/\",\"logo\":{\"@type\":\"ImageObject\",\"inLanguage\":\"es\",\"@id\":\"https:\\\/\\\/www.stxfinance.com\\\/es\\\/#\\\/schema\\\/logo\\\/image\\\/\",\"url\":\"https:\\\/\\\/www.stxfinance.com\\\/wp-content\\\/uploads\\\/2025\\\/02\\\/logo.svg\",\"contentUrl\":\"https:\\\/\\\/www.stxfinance.com\\\/wp-content\\\/uploads\\\/2025\\\/02\\\/logo.svg\",\"caption\":\"STX Finanzas\"},\"image\":{\"@id\":\"https:\\\/\\\/www.stxfinance.com\\\/es\\\/#\\\/schema\\\/logo\\\/image\\\/\"}}]}<\/script>\n<!-- \/ Yoast SEO plugin. -->","yoast_head_json":{"title":"Rama Detalle Coches de Lujo | STX Finance","description":"Explora nuestra selecci\u00f3n de coches de lujo y opciones de financiamiento personalizadas.","robots":{"index":"index","follow":"follow","max-snippet":"max-snippet:-1","max-image-preview":"max-image-preview:large","max-video-preview":"max-video-preview:-1"},"canonical":"https:\/\/www.stxfinance.com\/es\/branch-detail-cars\/","og_locale":"es_ES","og_type":"article","og_title":"Rama Detalle Coches de Lujo | STX Finance","og_description":"Explora nuestra selecci\u00f3n de coches de lujo y opciones de financiamiento personalizadas.","og_url":"https:\/\/www.stxfinance.com\/es\/branch-detail-cars\/","og_site_name":"STX Finance","article_modified_time":"2026-02-17T11:15:47+00:00","twitter_card":"summary_large_image","twitter_misc":{"Tiempo de lectura":"7 minutos"},"schema":{"@context":"https:\/\/schema.org","@graph":[{"@type":"WebPage","@id":"https:\/\/www.stxfinance.com\/es\/branch-detail-cars\/","url":"https:\/\/www.stxfinance.com\/es\/branch-detail-cars\/","name":"Rama Detalle Coches de Lujo | STX Finance","isPartOf":{"@id":"https:\/\/www.stxfinance.com\/es\/#website"},"datePublished":"2025-03-03T08:36:58+00:00","dateModified":"2026-02-17T11:15:47+00:00","description":"Explora nuestra selecci\u00f3n de coches de lujo y opciones de financiamiento personalizadas.","breadcrumb":{"@id":"https:\/\/www.stxfinance.com\/es\/branch-detail-cars\/#breadcrumb"},"inLanguage":"es","potentialAction":[{"@type":"ReadAction","target":["https:\/\/www.stxfinance.com\/es\/branch-detail-cars\/"]}]},{"@type":"BreadcrumbList","@id":"https:\/\/www.stxfinance.com\/es\/branch-detail-cars\/#breadcrumb","itemListElement":[{"@type":"ListItem","position":1,"name":"Home","item":"https:\/\/www.stxfinance.com\/es\/"},{"@type":"ListItem","position":2,"name":"Rama Detalle Coches de Lujo"}]},{"@type":"WebSite","@id":"https:\/\/www.stxfinance.com\/es\/#website","url":"https:\/\/www.stxfinance.com\/es\/","name":"STX Finance","description":"","publisher":{"@id":"https:\/\/www.stxfinance.com\/es\/#organization"},"potentialAction":[{"@type":"SearchAction","target":{"@type":"EntryPoint","urlTemplate":"https:\/\/www.stxfinance.com\/es\/?s={search_term_string}"},"query-input":{"@type":"PropertyValueSpecification","valueRequired":true,"valueName":"search_term_string"}}],"inLanguage":"es"},{"@type":"Organization","@id":"https:\/\/www.stxfinance.com\/es\/#organization","name":"STX Finanzas","url":"https:\/\/www.stxfinance.com\/es\/","logo":{"@type":"ImageObject","inLanguage":"es","@id":"https:\/\/www.stxfinance.com\/es\/#\/schema\/logo\/image\/","url":"https:\/\/www.stxfinance.com\/wp-content\/uploads\/2025\/02\/logo.svg","contentUrl":"https:\/\/www.stxfinance.com\/wp-content\/uploads\/2025\/02\/logo.svg","caption":"STX Finanzas"},"image":{"@id":"https:\/\/www.stxfinance.com\/es\/#\/schema\/logo\/image\/"}}]}},"_links":{"self":[{"href":"https:\/\/www.stxfinance.com\/es\/wp-json\/wp\/v2\/pages\/2456","targetHints":{"allow":["GET"]}}],"collection":[{"href":"https:\/\/www.stxfinance.com\/es\/wp-json\/wp\/v2\/pages"}],"about":[{"href":"https:\/\/www.stxfinance.com\/es\/wp-json\/wp\/v2\/types\/page"}],"author":[{"embeddable":true,"href":"https:\/\/www.stxfinance.com\/es\/wp-json\/wp\/v2\/users\/2"}],"replies":[{"embeddable":true,"href":"https:\/\/www.stxfinance.com\/es\/wp-json\/wp\/v2\/comments?post=2456"}],"version-history":[{"count":8,"href":"https:\/\/www.stxfinance.com\/es\/wp-json\/wp\/v2\/pages\/2456\/revisions"}],"predecessor-version":[{"id":418853,"href":"https:\/\/www.stxfinance.com\/es\/wp-json\/wp\/v2\/pages\/2456\/revisions\/418853"}],"wp:attachment":[{"href":"https:\/\/www.stxfinance.com\/es\/wp-json\/wp\/v2\/media?parent=2456"}],"curies":[{"name":"wp","href":"https:\/\/api.w.org\/{rel}","templated":true}]}}