{"id":2458,"date":"2025-04-02T11:16:05","date_gmt":"2025-04-02T11:16:05","guid":{"rendered":"https:\/\/www.stxfinance.com\/branch-detail-motorhomes\/"},"modified":"2026-02-17T11:09:37","modified_gmt":"2026-02-17T11:09:37","slug":"branch-detail-motorhomes","status":"publish","type":"page","link":"https:\/\/www.stxfinance.com\/es\/branch-detail-motorhomes\/","title":{"rendered":"Motorhomes Branch Detail"},"content":{"rendered":"","protected":false},"excerpt":{"rendered":"","protected":false},"author":2,"featured_media":0,"parent":0,"menu_order":0,"comment_status":"closed","ping_status":"closed","template":"page-templates\/template-branch-detail.php","meta":{"_acf_changed":false,"footnotes":""},"class_list":["post-2458","page","type-page","status-publish","hentry"],"acf":{"branch_page_settings":{"":null,"banner_sections":{"banner_heading":"Explore nuestras motorhomes","banner_description":"Bienvenido al mundo de las motorhomes STX: m\u00e1s que un veh\u00edculo, es su compa\u00f1ero definitivo para las aventuras de la vida y la carretera abierta. Lujosa y atl\u00e9tica, cada motorhome STX sirve como morada de paz, ofreci\u00e9ndole el espacio perfecto para descansar o para apoyarle en sus logros en las carreras. Ya sea en boxes o en serenos lugares de acampada, sus momentos de recuperaci\u00f3n son elevados por el confort y la sofisticaci\u00f3n de STX.  ","banner_image":2098},"talk_us_sections":{"tu_heading":"Habla con nosotros","contact_form":"[contact-form-7 id=\"1a0384c\" title=\"Formulario de contacto\"]","bg_image":5086},"about_leasing_sections":{"leasing_heading":"Adaptado al estilo de vida, las carreras y las necesidades empresariales","leasing_description":"Explore la gama de motorhomes STX, dise\u00f1ada para satisfacer diversas necesidades de viaje con modelos adaptados a los entusiastas del estilo de vida, los profesionales de las carreras y los viajeros de negocios.\r\n\r\n<strong>Modelos orientados al estilo de vida:<\/strong> Nuestros modelos orientados al estilo de vida son perfectos para los viajeros que buscan lujo y flexibilidad en sus viajes. Con amplios interiores dise\u00f1ados para el confort, estas motorhomes ofrecen diversas comodidades ideales para el alojamiento, la relajaci\u00f3n y el disfrute al aire libre. Las opciones incluyen amplias zonas de estar, modernas cocinas, toldos exteriores e incluso neveras de vino integradas. Para los aventureros urbanos, el modelo compacto STX 2 Pop Out viene con un c\u00f3modo garaje dise\u00f1ado espec\u00edficamente para adaptarse a un Mini Cooper o Fiat 500, lo que le permite explorar las ciudades con facilidad y estilo. Nuestra opci\u00f3n de alquiler de motorhomes hace que sea f\u00e1cil experimentar este estilo de vida premium sin la inversi\u00f3n inicial sustancial de la compra directa.    \r\n\r\n<strong>Modelos de competici\u00f3n:<\/strong> Las motorhomes STX para entusiastas de las carreras est\u00e1n dise\u00f1adas espec\u00edficamente para complementar su pasi\u00f3n por los deportes de motor. Cada modelo de carreras cuenta con espacios de garaje esenciales capaces de transportar de forma segura sus veh\u00edculos de carreras, opciones de chasis fiables de Mercedes o Scania, y un manejo preciso orientado al rendimiento. Adem\u00e1s, las integraciones tecnol\u00f3gicas avanzadas, incluidas las capacidades de retransmisi\u00f3n en directo, le mantienen conectado a la pista, garantizando que no se pierda ni un momento de la acci\u00f3n. Optar por un alquiler de motorhomes con nuestros modelos de competici\u00f3n le proporciona la flexibilidad necesaria para gestionar sus finanzas de forma eficiente mientras se centra en alcanzar la excelencia en las carreras.   \r\n\r\n<strong>Modelos de negocio:<\/strong> Para profesionales en constante movimiento, nuestras motorhomes STX orientadas a los negocios ofrecen sofisticadas soluciones de oficina m\u00f3vil. Dise\u00f1adas pensando en la productividad, estas motorhomes incluyen espacios de trabajo ergon\u00f3micos, amplios compartimentos de almacenamiento y opciones de conectividad fiables, incluida la integraci\u00f3n opcional Starlink para disponer de Internet de alta velocidad sin interrupciones. El espacioso modelo STX 4 Pop Out es especialmente popular entre los viajeros de negocios, ya que ofrece un amplio espacio para trabajar c\u00f3modamente, celebrar reuniones o relajarse despu\u00e9s de un d\u00eda productivo.  \r\n\r\nNo importa cu\u00e1les sean sus objetivos de viaje, STX tiene un modelo que se adapta a su estilo de vida. Disfrute de cada viaje en una motorhomes STX que se alinee con sus ambiciones. \r\n","page_link":{"title":"Contacta con nosotras","url":"https:\/\/www.stxfinance.com\/es\/contact-us\/","target":""}},"accordion_sections":{"accordion_row":[{"heading":"Sobre el pago inicial","accordion_content":"STX Finance hace accesible el leasing de la motorhome de sus sue\u00f1os a trav\u00e9s de nuestras flexibles y asequibles opciones de pago inicial. El pago inicial m\u00ednimo comienza en s\u00f3lo el 30% de la inversi\u00f3n total de su motorhome, proporcionando flexibilidad financiera adaptada a sus necesidades y preferencias espec\u00edficas. Tanto si prefiere gestionar los costes iniciales o invertir m\u00e1s al principio, nuestras estructuras de arrendamiento de motorhomes est\u00e1n personalizadas para satisfacer sus objetivos financieros.  ","has_model":false,"mode_id":null},{"heading":"Valor residual","accordion_content":"Cuando elige nuestro arrendamiento de motorhomes, el valor residual se establece en un porcentaje fijo, ofreciendo claridad y previsibilidad en sus condiciones de arrendamiento. Este valor residual predeterminado simplifica el presupuesto y la planificaci\u00f3n, asegurando que usted sabe exactamente qu\u00e9 esperar a la conclusi\u00f3n del contrato de arrendamiento. STX Finance da prioridad a la transparencia, proporcionando confianza y tranquilidad a lo largo de su viaje de arrendamiento de motorhomes.  ","has_model":false,"mode_id":null},{"heading":"Simulaciones r\u00e1pidas de leasing","accordion_content":"Obtenga informaci\u00f3n personalizada sobre costes y condiciones que se ajustan a sus objetivos, ayud\u00e1ndole a explorar soluciones de leasing flexibles con claridad y confianza.","has_model":false,"mode_id":null},{"heading":"Documentos necesarios","accordion_content":"Para facilitarle el alquiler de su motorhome, le proporcionamos unas sencillas directrices con toda la documentaci\u00f3n necesaria. Nuestros especialistas en leasing le guiar\u00e1n en cada paso del proceso para garantizarle una experiencia perfecta. ","has_model":true,"mode_id":{"title":"ver documentos","url":"doc-required-modal","target":""}}],"bg_image":2106},"available_vehicle_sections":{"vehicle_heading":"Explora nuestros modelos","vehicle_description":"Descubra la elegancia y la libertad que ofrecen las motorhomes STX. Explore nuestra variada gama y elija el modelo ideal que se adapte a sus necesidades espec\u00edficas de viaje. Comprueba la disponibilidad de stock en tiempo real o ponte en contacto con nuestro equipo de expertos para hablar sobre el alquiler de tu motorhome hoy mismo.  ","cta_button_1":{"title":"disponibilidad de existencias","url":"#","target":""},"cta_button_2":{"title":"ponte en contacto","url":"https:\/\/www.stxfinance.com\/es\/contact-us\/","target":""}},"office_map_sections":{"map_heading":"Encuentra nuestras oficinas","map_description":"La amplia red de STX Finance garantiza que la asistencia personalizada est\u00e9 siempre cerca. Localice su oficina STX Finance m\u00e1s cercana para explorar nuestras opciones de arrendamiento de motorhomes y recibir asesoramiento personalizado de nuestro amable equipo. Est\u00e9 donde est\u00e9, nuestra presencia global garantiza un apoyo integral para su viaje de arrendamiento de motorhomes.  "},"testimonial_sections":{"testi_heading":"De nuestros clientes"},"customer_say_sections":{"client_heading":"Habla hoy con nosotros","cta_button":{"title":"Contacta con nosotras","url":"https:\/\/www.stxfinance.com\/es\/contact-us\/","target":""}},"document_required_sections":{"modal_heading":"Documentos necesarios para el arrendamiento","sub_heading":"Normalmente, necesitar\u00e1s","bg_image":2110,"required_list":[{"doc_name":"Formulario de an\u00e1lisis de cr\u00e9dito"},{"doc_name":"Formulario de identificaci\u00f3n"},{"doc_name":"Formulario de declaraci\u00f3n de UBO"},{"doc_name":"Para leasing privado, se solicitar\u00e1 documentaci\u00f3n adicional"}]}},"model_type":"motorhomes","faqs_sections":{"heading":"","description":"","faq_list":null,"cta_link":null}},"yoast_head":"<!-- This site is optimized with the Yoast SEO plugin v27.5 - https:\/\/yoast.com\/product\/yoast-seo-wordpress\/ -->\n<title>Motorhomes Branch Detail | STX Finance<\/title>\n<meta name=\"description\" content=\"Descubra la gama de autocaravanas STX, dise\u00f1ada para los amantes del estilo de vida, los profesionales de las carreras y los viajeros de negocios por igual.\" \/>\n<meta name=\"robots\" content=\"index, follow, max-snippet:-1, max-image-preview:large, max-video-preview:-1\" \/>\n<link rel=\"canonical\" href=\"https:\/\/www.stxfinance.com\/es\/branch-detail-motorhomes\/\" \/>\n<meta property=\"og:locale\" content=\"es_ES\" \/>\n<meta property=\"og:type\" content=\"article\" \/>\n<meta property=\"og:title\" content=\"Motorhomes Branch Detail | STX Finance\" \/>\n<meta property=\"og:description\" content=\"Descubra la gama de autocaravanas STX, dise\u00f1ada para los amantes del estilo de vida, los profesionales de las carreras y los viajeros de negocios por igual.\" \/>\n<meta property=\"og:url\" content=\"https:\/\/www.stxfinance.com\/es\/branch-detail-motorhomes\/\" \/>\n<meta property=\"og:site_name\" content=\"STX Finance\" \/>\n<meta property=\"article:modified_time\" content=\"2026-02-17T11:09:37+00:00\" \/>\n<meta name=\"twitter:card\" content=\"summary_large_image\" \/>\n<meta name=\"twitter:label1\" content=\"Tiempo de lectura\" \/>\n\t<meta name=\"twitter:data1\" content=\"5 minutos\" \/>\n<script type=\"application\/ld+json\" class=\"yoast-schema-graph\">{\"@context\":\"https:\\\/\\\/schema.org\",\"@graph\":[{\"@type\":\"WebPage\",\"@id\":\"https:\\\/\\\/www.stxfinance.com\\\/es\\\/branch-detail-motorhomes\\\/\",\"url\":\"https:\\\/\\\/www.stxfinance.com\\\/es\\\/branch-detail-motorhomes\\\/\",\"name\":\"Motorhomes Branch Detail | STX Finance\",\"isPartOf\":{\"@id\":\"https:\\\/\\\/www.stxfinance.com\\\/es\\\/#website\"},\"datePublished\":\"2025-04-02T11:16:05+00:00\",\"dateModified\":\"2026-02-17T11:09:37+00:00\",\"description\":\"Descubra la gama de autocaravanas STX, dise\u00f1ada para los amantes del estilo de vida, los profesionales de las carreras y los viajeros de negocios por igual.\",\"breadcrumb\":{\"@id\":\"https:\\\/\\\/www.stxfinance.com\\\/es\\\/branch-detail-motorhomes\\\/#breadcrumb\"},\"inLanguage\":\"es\",\"potentialAction\":[{\"@type\":\"ReadAction\",\"target\":[\"https:\\\/\\\/www.stxfinance.com\\\/es\\\/branch-detail-motorhomes\\\/\"]}]},{\"@type\":\"BreadcrumbList\",\"@id\":\"https:\\\/\\\/www.stxfinance.com\\\/es\\\/branch-detail-motorhomes\\\/#breadcrumb\",\"itemListElement\":[{\"@type\":\"ListItem\",\"position\":1,\"name\":\"Home\",\"item\":\"https:\\\/\\\/www.stxfinance.com\\\/es\\\/\"},{\"@type\":\"ListItem\",\"position\":2,\"name\":\"Motorhomes Branch Detail\"}]},{\"@type\":\"WebSite\",\"@id\":\"https:\\\/\\\/www.stxfinance.com\\\/es\\\/#website\",\"url\":\"https:\\\/\\\/www.stxfinance.com\\\/es\\\/\",\"name\":\"STX Finance\",\"description\":\"\",\"publisher\":{\"@id\":\"https:\\\/\\\/www.stxfinance.com\\\/es\\\/#organization\"},\"potentialAction\":[{\"@type\":\"SearchAction\",\"target\":{\"@type\":\"EntryPoint\",\"urlTemplate\":\"https:\\\/\\\/www.stxfinance.com\\\/es\\\/?s={search_term_string}\"},\"query-input\":{\"@type\":\"PropertyValueSpecification\",\"valueRequired\":true,\"valueName\":\"search_term_string\"}}],\"inLanguage\":\"es\"},{\"@type\":\"Organization\",\"@id\":\"https:\\\/\\\/www.stxfinance.com\\\/es\\\/#organization\",\"name\":\"STX Finanzas\",\"url\":\"https:\\\/\\\/www.stxfinance.com\\\/es\\\/\",\"logo\":{\"@type\":\"ImageObject\",\"inLanguage\":\"es\",\"@id\":\"https:\\\/\\\/www.stxfinance.com\\\/es\\\/#\\\/schema\\\/logo\\\/image\\\/\",\"url\":\"https:\\\/\\\/www.stxfinance.com\\\/wp-content\\\/uploads\\\/2025\\\/02\\\/logo.svg\",\"contentUrl\":\"https:\\\/\\\/www.stxfinance.com\\\/wp-content\\\/uploads\\\/2025\\\/02\\\/logo.svg\",\"caption\":\"STX Finanzas\"},\"image\":{\"@id\":\"https:\\\/\\\/www.stxfinance.com\\\/es\\\/#\\\/schema\\\/logo\\\/image\\\/\"}}]}<\/script>\n<!-- \/ Yoast SEO plugin. -->","yoast_head_json":{"title":"Motorhomes Branch Detail | STX Finance","description":"Descubra la gama de autocaravanas STX, dise\u00f1ada para los amantes del estilo de vida, los profesionales de las carreras y los viajeros de negocios por igual.","robots":{"index":"index","follow":"follow","max-snippet":"max-snippet:-1","max-image-preview":"max-image-preview:large","max-video-preview":"max-video-preview:-1"},"canonical":"https:\/\/www.stxfinance.com\/es\/branch-detail-motorhomes\/","og_locale":"es_ES","og_type":"article","og_title":"Motorhomes Branch Detail | STX Finance","og_description":"Descubra la gama de autocaravanas STX, dise\u00f1ada para los amantes del estilo de vida, los profesionales de las carreras y los viajeros de negocios por igual.","og_url":"https:\/\/www.stxfinance.com\/es\/branch-detail-motorhomes\/","og_site_name":"STX Finance","article_modified_time":"2026-02-17T11:09:37+00:00","twitter_card":"summary_large_image","twitter_misc":{"Tiempo de lectura":"5 minutos"},"schema":{"@context":"https:\/\/schema.org","@graph":[{"@type":"WebPage","@id":"https:\/\/www.stxfinance.com\/es\/branch-detail-motorhomes\/","url":"https:\/\/www.stxfinance.com\/es\/branch-detail-motorhomes\/","name":"Motorhomes Branch Detail | STX Finance","isPartOf":{"@id":"https:\/\/www.stxfinance.com\/es\/#website"},"datePublished":"2025-04-02T11:16:05+00:00","dateModified":"2026-02-17T11:09:37+00:00","description":"Descubra la gama de autocaravanas STX, dise\u00f1ada para los amantes del estilo de vida, los profesionales de las carreras y los viajeros de negocios por igual.","breadcrumb":{"@id":"https:\/\/www.stxfinance.com\/es\/branch-detail-motorhomes\/#breadcrumb"},"inLanguage":"es","potentialAction":[{"@type":"ReadAction","target":["https:\/\/www.stxfinance.com\/es\/branch-detail-motorhomes\/"]}]},{"@type":"BreadcrumbList","@id":"https:\/\/www.stxfinance.com\/es\/branch-detail-motorhomes\/#breadcrumb","itemListElement":[{"@type":"ListItem","position":1,"name":"Home","item":"https:\/\/www.stxfinance.com\/es\/"},{"@type":"ListItem","position":2,"name":"Motorhomes Branch Detail"}]},{"@type":"WebSite","@id":"https:\/\/www.stxfinance.com\/es\/#website","url":"https:\/\/www.stxfinance.com\/es\/","name":"STX Finance","description":"","publisher":{"@id":"https:\/\/www.stxfinance.com\/es\/#organization"},"potentialAction":[{"@type":"SearchAction","target":{"@type":"EntryPoint","urlTemplate":"https:\/\/www.stxfinance.com\/es\/?s={search_term_string}"},"query-input":{"@type":"PropertyValueSpecification","valueRequired":true,"valueName":"search_term_string"}}],"inLanguage":"es"},{"@type":"Organization","@id":"https:\/\/www.stxfinance.com\/es\/#organization","name":"STX Finanzas","url":"https:\/\/www.stxfinance.com\/es\/","logo":{"@type":"ImageObject","inLanguage":"es","@id":"https:\/\/www.stxfinance.com\/es\/#\/schema\/logo\/image\/","url":"https:\/\/www.stxfinance.com\/wp-content\/uploads\/2025\/02\/logo.svg","contentUrl":"https:\/\/www.stxfinance.com\/wp-content\/uploads\/2025\/02\/logo.svg","caption":"STX Finanzas"},"image":{"@id":"https:\/\/www.stxfinance.com\/es\/#\/schema\/logo\/image\/"}}]}},"_links":{"self":[{"href":"https:\/\/www.stxfinance.com\/es\/wp-json\/wp\/v2\/pages\/2458","targetHints":{"allow":["GET"]}}],"collection":[{"href":"https:\/\/www.stxfinance.com\/es\/wp-json\/wp\/v2\/pages"}],"about":[{"href":"https:\/\/www.stxfinance.com\/es\/wp-json\/wp\/v2\/types\/page"}],"author":[{"embeddable":true,"href":"https:\/\/www.stxfinance.com\/es\/wp-json\/wp\/v2\/users\/2"}],"replies":[{"embeddable":true,"href":"https:\/\/www.stxfinance.com\/es\/wp-json\/wp\/v2\/comments?post=2458"}],"version-history":[{"count":8,"href":"https:\/\/www.stxfinance.com\/es\/wp-json\/wp\/v2\/pages\/2458\/revisions"}],"predecessor-version":[{"id":418833,"href":"https:\/\/www.stxfinance.com\/es\/wp-json\/wp\/v2\/pages\/2458\/revisions\/418833"}],"wp:attachment":[{"href":"https:\/\/www.stxfinance.com\/es\/wp-json\/wp\/v2\/media?parent=2458"}],"curies":[{"name":"wp","href":"https:\/\/api.w.org\/{rel}","templated":true}]}}