{"id":2464,"date":"2025-02-19T04:27:25","date_gmt":"2025-02-19T04:27:25","guid":{"rendered":"https:\/\/www.stxfinance.com\/contact-us\/"},"modified":"2025-07-01T13:05:49","modified_gmt":"2025-07-01T13:05:49","slug":"contact-us","status":"publish","type":"page","link":"https:\/\/www.stxfinance.com\/es\/contact-us\/","title":{"rendered":"Contacta con nosotros"},"content":{"rendered":"","protected":false},"excerpt":{"rendered":"","protected":false},"author":2,"featured_media":0,"parent":0,"menu_order":0,"comment_status":"closed","ping_status":"closed","template":"page-templates\/template-contact-us.php","meta":{"_acf_changed":false,"footnotes":""},"class_list":["post-2464","page","type-page","status-publish","hentry"],"acf":{"page_banner_section":{"page_banner_title":"Ponte en contacto","page_banner_image":5073},"contact_us_setting":{"":null,"contact_sections":{"contacts":[{"heading":"Ll\u00e1manos","icon":2182,"sub_text":"Contacte con nuestro equipo de atenci\u00f3n al cliente en  ","contact_link":{"title":"+32 2 319 52 52","url":"tel:+3223195252","target":""}},{"heading":"Env\u00edanos un correo electr\u00f3nico","icon":2186,"sub_text":"Env\u00eda los detalles a<br>","contact_link":{"title":"info@stxfinance.com","url":"mailto:info@stxfinance.com","target":""}},{"heading":"Direcci\u00f3n","icon":2190,"sub_text":"Lovegemstraat 8, 1861 Meise, B\u00e9lgica","contact_link":null},{"heading":"Horario de apertura","icon":2194,"sub_text":"De lunes a viernes: de 8:30 a 17:00","contact_link":null}],"section_image":2198},"contact_form_sections":{"form_heading":"Contacta con nosotros","form_shortcode":"[contact-form-7 id=\"a086c58\" title=\"Ponte en contacto\"]"},"download_app_sections":{"app_heading":"Con\u00e9ctese, solicite, <br>y realice el seguimiento con facilidad","app_description":"Conectarse con nosotros nunca ha sido tan f\u00e1cil. S\u00f3lo tendr\u00e1 que acceder a su cuenta personal, donde encontrar\u00e1 todas las herramientas que necesita. Env\u00ede una solicitud adaptada a sus necesidades, conecte con el experto de atenci\u00f3n al cliente adecuado y siga sin esfuerzo el progreso de su consulta. Si necesita ayuda adicional u orientaci\u00f3n personalizada, no dude en ponerse en contacto con nosotros directamente a trav\u00e9s de su panel de control o de nuestros canales de asistencia.   ","app_image":5311},"map_sections":{"heading":"Explore nuestras oficinas de STX Finance"}},"faqs_sections":{"heading":"","description":"","faq_list":null,"cta_link":null}},"yoast_head":"<!-- This site is optimized with the Yoast SEO plugin v27.5 - https:\/\/yoast.com\/product\/yoast-seo-wordpress\/ -->\n<title>Contacta con nosotros | STX Finance<\/title>\n<meta name=\"description\" content=\"Ponte en contacto con nuestro equipo para recibir ayuda experta y soporte personalizado.\" \/>\n<meta name=\"robots\" content=\"index, follow, max-snippet:-1, max-image-preview:large, max-video-preview:-1\" \/>\n<link rel=\"canonical\" href=\"https:\/\/www.stxfinance.com\/es\/contact-us\/\" \/>\n<meta property=\"og:locale\" content=\"es_ES\" \/>\n<meta property=\"og:type\" content=\"article\" \/>\n<meta property=\"og:title\" content=\"Contacta con nosotros | STX Finance\" \/>\n<meta property=\"og:description\" content=\"Ponte en contacto con nuestro equipo para recibir ayuda experta y soporte personalizado.\" \/>\n<meta property=\"og:url\" content=\"https:\/\/www.stxfinance.com\/es\/contact-us\/\" \/>\n<meta property=\"og:site_name\" content=\"STX Finance\" \/>\n<meta property=\"article:modified_time\" content=\"2025-07-01T13:05:49+00:00\" \/>\n<meta name=\"twitter:card\" content=\"summary_large_image\" \/>\n<meta name=\"twitter:label1\" content=\"Tiempo de lectura\" \/>\n\t<meta name=\"twitter:data1\" content=\"3 minutos\" \/>\n<script type=\"application\/ld+json\" class=\"yoast-schema-graph\">{\"@context\":\"https:\\\/\\\/schema.org\",\"@graph\":[{\"@type\":\"WebPage\",\"@id\":\"https:\\\/\\\/www.stxfinance.com\\\/es\\\/contact-us\\\/\",\"url\":\"https:\\\/\\\/www.stxfinance.com\\\/es\\\/contact-us\\\/\",\"name\":\"Contacta con nosotros | STX Finance\",\"isPartOf\":{\"@id\":\"https:\\\/\\\/www.stxfinance.com\\\/es\\\/#website\"},\"datePublished\":\"2025-02-19T04:27:25+00:00\",\"dateModified\":\"2025-07-01T13:05:49+00:00\",\"description\":\"Ponte en contacto con nuestro equipo para recibir ayuda experta y soporte personalizado.\",\"breadcrumb\":{\"@id\":\"https:\\\/\\\/www.stxfinance.com\\\/es\\\/contact-us\\\/#breadcrumb\"},\"inLanguage\":\"es\",\"potentialAction\":[{\"@type\":\"ReadAction\",\"target\":[\"https:\\\/\\\/www.stxfinance.com\\\/es\\\/contact-us\\\/\"]}]},{\"@type\":\"BreadcrumbList\",\"@id\":\"https:\\\/\\\/www.stxfinance.com\\\/es\\\/contact-us\\\/#breadcrumb\",\"itemListElement\":[{\"@type\":\"ListItem\",\"position\":1,\"name\":\"Home\",\"item\":\"https:\\\/\\\/www.stxfinance.com\\\/es\\\/\"},{\"@type\":\"ListItem\",\"position\":2,\"name\":\"Contacta con nosotros\"}]},{\"@type\":\"WebSite\",\"@id\":\"https:\\\/\\\/www.stxfinance.com\\\/es\\\/#website\",\"url\":\"https:\\\/\\\/www.stxfinance.com\\\/es\\\/\",\"name\":\"STX Finance\",\"description\":\"\",\"publisher\":{\"@id\":\"https:\\\/\\\/www.stxfinance.com\\\/es\\\/#organization\"},\"potentialAction\":[{\"@type\":\"SearchAction\",\"target\":{\"@type\":\"EntryPoint\",\"urlTemplate\":\"https:\\\/\\\/www.stxfinance.com\\\/es\\\/?s={search_term_string}\"},\"query-input\":{\"@type\":\"PropertyValueSpecification\",\"valueRequired\":true,\"valueName\":\"search_term_string\"}}],\"inLanguage\":\"es\"},{\"@type\":\"Organization\",\"@id\":\"https:\\\/\\\/www.stxfinance.com\\\/es\\\/#organization\",\"name\":\"STX Finanzas\",\"url\":\"https:\\\/\\\/www.stxfinance.com\\\/es\\\/\",\"logo\":{\"@type\":\"ImageObject\",\"inLanguage\":\"es\",\"@id\":\"https:\\\/\\\/www.stxfinance.com\\\/es\\\/#\\\/schema\\\/logo\\\/image\\\/\",\"url\":\"https:\\\/\\\/www.stxfinance.com\\\/wp-content\\\/uploads\\\/2025\\\/02\\\/logo.svg\",\"contentUrl\":\"https:\\\/\\\/www.stxfinance.com\\\/wp-content\\\/uploads\\\/2025\\\/02\\\/logo.svg\",\"caption\":\"STX Finanzas\"},\"image\":{\"@id\":\"https:\\\/\\\/www.stxfinance.com\\\/es\\\/#\\\/schema\\\/logo\\\/image\\\/\"}}]}<\/script>\n<!-- \/ Yoast SEO plugin. -->","yoast_head_json":{"title":"Contacta con nosotros | STX Finance","description":"Ponte en contacto con nuestro equipo para recibir ayuda experta y soporte personalizado.","robots":{"index":"index","follow":"follow","max-snippet":"max-snippet:-1","max-image-preview":"max-image-preview:large","max-video-preview":"max-video-preview:-1"},"canonical":"https:\/\/www.stxfinance.com\/es\/contact-us\/","og_locale":"es_ES","og_type":"article","og_title":"Contacta con nosotros | STX Finance","og_description":"Ponte en contacto con nuestro equipo para recibir ayuda experta y soporte personalizado.","og_url":"https:\/\/www.stxfinance.com\/es\/contact-us\/","og_site_name":"STX Finance","article_modified_time":"2025-07-01T13:05:49+00:00","twitter_card":"summary_large_image","twitter_misc":{"Tiempo de lectura":"3 minutos"},"schema":{"@context":"https:\/\/schema.org","@graph":[{"@type":"WebPage","@id":"https:\/\/www.stxfinance.com\/es\/contact-us\/","url":"https:\/\/www.stxfinance.com\/es\/contact-us\/","name":"Contacta con nosotros | STX Finance","isPartOf":{"@id":"https:\/\/www.stxfinance.com\/es\/#website"},"datePublished":"2025-02-19T04:27:25+00:00","dateModified":"2025-07-01T13:05:49+00:00","description":"Ponte en contacto con nuestro equipo para recibir ayuda experta y soporte personalizado.","breadcrumb":{"@id":"https:\/\/www.stxfinance.com\/es\/contact-us\/#breadcrumb"},"inLanguage":"es","potentialAction":[{"@type":"ReadAction","target":["https:\/\/www.stxfinance.com\/es\/contact-us\/"]}]},{"@type":"BreadcrumbList","@id":"https:\/\/www.stxfinance.com\/es\/contact-us\/#breadcrumb","itemListElement":[{"@type":"ListItem","position":1,"name":"Home","item":"https:\/\/www.stxfinance.com\/es\/"},{"@type":"ListItem","position":2,"name":"Contacta con nosotros"}]},{"@type":"WebSite","@id":"https:\/\/www.stxfinance.com\/es\/#website","url":"https:\/\/www.stxfinance.com\/es\/","name":"STX Finance","description":"","publisher":{"@id":"https:\/\/www.stxfinance.com\/es\/#organization"},"potentialAction":[{"@type":"SearchAction","target":{"@type":"EntryPoint","urlTemplate":"https:\/\/www.stxfinance.com\/es\/?s={search_term_string}"},"query-input":{"@type":"PropertyValueSpecification","valueRequired":true,"valueName":"search_term_string"}}],"inLanguage":"es"},{"@type":"Organization","@id":"https:\/\/www.stxfinance.com\/es\/#organization","name":"STX Finanzas","url":"https:\/\/www.stxfinance.com\/es\/","logo":{"@type":"ImageObject","inLanguage":"es","@id":"https:\/\/www.stxfinance.com\/es\/#\/schema\/logo\/image\/","url":"https:\/\/www.stxfinance.com\/wp-content\/uploads\/2025\/02\/logo.svg","contentUrl":"https:\/\/www.stxfinance.com\/wp-content\/uploads\/2025\/02\/logo.svg","caption":"STX Finanzas"},"image":{"@id":"https:\/\/www.stxfinance.com\/es\/#\/schema\/logo\/image\/"}}]}},"_links":{"self":[{"href":"https:\/\/www.stxfinance.com\/es\/wp-json\/wp\/v2\/pages\/2464","targetHints":{"allow":["GET"]}}],"collection":[{"href":"https:\/\/www.stxfinance.com\/es\/wp-json\/wp\/v2\/pages"}],"about":[{"href":"https:\/\/www.stxfinance.com\/es\/wp-json\/wp\/v2\/types\/page"}],"author":[{"embeddable":true,"href":"https:\/\/www.stxfinance.com\/es\/wp-json\/wp\/v2\/users\/2"}],"replies":[{"embeddable":true,"href":"https:\/\/www.stxfinance.com\/es\/wp-json\/wp\/v2\/comments?post=2464"}],"version-history":[{"count":7,"href":"https:\/\/www.stxfinance.com\/es\/wp-json\/wp\/v2\/pages\/2464\/revisions"}],"predecessor-version":[{"id":42584,"href":"https:\/\/www.stxfinance.com\/es\/wp-json\/wp\/v2\/pages\/2464\/revisions\/42584"}],"wp:attachment":[{"href":"https:\/\/www.stxfinance.com\/es\/wp-json\/wp\/v2\/media?parent=2464"}],"curies":[{"name":"wp","href":"https:\/\/api.w.org\/{rel}","templated":true}]}}