{"id":2475,"date":"2025-02-12T04:26:46","date_gmt":"2025-02-12T04:26:46","guid":{"rendered":"https:\/\/www.stxfinance.com\/download-stx-app\/"},"modified":"2025-05-06T08:40:57","modified_gmt":"2025-05-06T08:40:57","slug":"download-stx-app","status":"publish","type":"page","link":"https:\/\/www.stxfinance.com\/es\/download-stx-app\/","title":{"rendered":"Descargar la aplicaci\u00f3n STX"},"content":{"rendered":"","protected":false},"excerpt":{"rendered":"","protected":false},"author":2,"featured_media":0,"parent":0,"menu_order":0,"comment_status":"closed","ping_status":"closed","template":"page-templates\/template-download-stx-app.php","meta":{"_acf_changed":false,"footnotes":""},"class_list":["post-2475","page","type-page","status-publish","hentry"],"acf":{"page_banner_section":{"page_banner_title":"Descargar la app STX","page_banner_image":2042},"stx_service_settings":{"":"","stx_service_settings":{"stx_services":[{"heading":"Solicitar un servicio o reparaci\u00f3n","service_image":2046,"description":"Solicita f\u00e1cilmente una revisi\u00f3n o reparaci\u00f3n de tu veh\u00edculo a trav\u00e9s de nuestro portal online o aplicaci\u00f3n. S\u00f3lo tienes que iniciar sesi\u00f3n, enviar tu solicitud de servicio y nuestro equipo de servicio o tu concesionario se encargar\u00e1 del resto, garantizando que tu veh\u00edculo reciba la atenci\u00f3n profesional que necesita, justo cuando la necesitas. "},{"heading":"Accede a tus facturas","service_image":2050,"description":"Mantente al d\u00eda de tus facturas f\u00e1cilmente con nuestro portal o aplicaci\u00f3n en l\u00ednea. Con\u00e9ctate para ver, descargar y realizar un seguimiento completo de tus extractos, incluidas las facturas pendientes, todo en un mismo lugar: claro, c\u00f3modo y accesible siempre que lo necesites. "},{"heading":"Gestiona tu contrato de leasing","service_image":2054,"description":"Gestiona f\u00e1cilmente tu contrato de alquiler a trav\u00e9s de nuestro portal online o aplicaci\u00f3n. Con\u00e9ctate para a\u00f1adir un conductor adicional, revisar la duraci\u00f3n de tu contrato, seleccionar un plan de fin de alquiler, actualizar la informaci\u00f3n personal y ver todos los detalles del contrato: todo en un solo lugar, con total flexibilidad para adaptarlo a tus necesidades. "},{"heading":"Secci\u00f3n de declaraci\u00f3n de da\u00f1os","service_image":2058,"description":"Informa f\u00e1cilmente de cualquier da\u00f1o en el veh\u00edculo a trav\u00e9s de la secci\u00f3n de declaraci\u00f3n de da\u00f1os de nuestro portal online o app. Inicia sesi\u00f3n para enviar detalles y fotos, garantizando un proceso de reclamaci\u00f3n fluido y eficaz. Mantente informado y mant\u00e9n tu veh\u00edculo en perfecto estado con s\u00f3lo unos clics.  "}]}},"faqs_sections":{"heading":"","description":"","faq_list":null,"cta_link":null}},"yoast_head":"<!-- This site is optimized with the Yoast SEO plugin v27.5 - https:\/\/yoast.com\/product\/yoast-seo-wordpress\/ -->\n<title>Descargar la aplicaci\u00f3n STX | STX Finance<\/title>\n<meta name=\"description\" content=\"Descarga la app STX para acceder f\u00e1cilmente a financiamiento y servicios exclusivos.\" \/>\n<meta name=\"robots\" content=\"index, follow, max-snippet:-1, max-image-preview:large, max-video-preview:-1\" \/>\n<link rel=\"canonical\" href=\"https:\/\/www.stxfinance.com\/es\/download-stx-app\/\" \/>\n<meta property=\"og:locale\" content=\"es_ES\" \/>\n<meta property=\"og:type\" content=\"article\" \/>\n<meta property=\"og:title\" content=\"Descargar la aplicaci\u00f3n STX | STX Finance\" \/>\n<meta property=\"og:description\" content=\"Descarga la app STX para acceder f\u00e1cilmente a financiamiento y servicios exclusivos.\" \/>\n<meta property=\"og:url\" content=\"https:\/\/www.stxfinance.com\/es\/download-stx-app\/\" \/>\n<meta property=\"og:site_name\" content=\"STX Finance\" \/>\n<meta property=\"article:modified_time\" content=\"2025-05-06T08:40:57+00:00\" \/>\n<meta name=\"twitter:card\" content=\"summary_large_image\" \/>\n<meta name=\"twitter:label1\" content=\"Tiempo de lectura\" \/>\n\t<meta name=\"twitter:data1\" content=\"2 minutos\" \/>\n<script type=\"application\/ld+json\" class=\"yoast-schema-graph\">{\"@context\":\"https:\\\/\\\/schema.org\",\"@graph\":[{\"@type\":\"WebPage\",\"@id\":\"https:\\\/\\\/www.stxfinance.com\\\/es\\\/download-stx-app\\\/\",\"url\":\"https:\\\/\\\/www.stxfinance.com\\\/es\\\/download-stx-app\\\/\",\"name\":\"Descargar la aplicaci\u00f3n STX | STX Finance\",\"isPartOf\":{\"@id\":\"https:\\\/\\\/www.stxfinance.com\\\/es\\\/#website\"},\"datePublished\":\"2025-02-12T04:26:46+00:00\",\"dateModified\":\"2025-05-06T08:40:57+00:00\",\"description\":\"Descarga la app STX para acceder f\u00e1cilmente a financiamiento y servicios exclusivos.\",\"breadcrumb\":{\"@id\":\"https:\\\/\\\/www.stxfinance.com\\\/es\\\/download-stx-app\\\/#breadcrumb\"},\"inLanguage\":\"es\",\"potentialAction\":[{\"@type\":\"ReadAction\",\"target\":[\"https:\\\/\\\/www.stxfinance.com\\\/es\\\/download-stx-app\\\/\"]}]},{\"@type\":\"BreadcrumbList\",\"@id\":\"https:\\\/\\\/www.stxfinance.com\\\/es\\\/download-stx-app\\\/#breadcrumb\",\"itemListElement\":[{\"@type\":\"ListItem\",\"position\":1,\"name\":\"Home\",\"item\":\"https:\\\/\\\/www.stxfinance.com\\\/es\\\/\"},{\"@type\":\"ListItem\",\"position\":2,\"name\":\"Descargar la aplicaci\u00f3n STX\"}]},{\"@type\":\"WebSite\",\"@id\":\"https:\\\/\\\/www.stxfinance.com\\\/es\\\/#website\",\"url\":\"https:\\\/\\\/www.stxfinance.com\\\/es\\\/\",\"name\":\"STX Finance\",\"description\":\"\",\"publisher\":{\"@id\":\"https:\\\/\\\/www.stxfinance.com\\\/es\\\/#organization\"},\"potentialAction\":[{\"@type\":\"SearchAction\",\"target\":{\"@type\":\"EntryPoint\",\"urlTemplate\":\"https:\\\/\\\/www.stxfinance.com\\\/es\\\/?s={search_term_string}\"},\"query-input\":{\"@type\":\"PropertyValueSpecification\",\"valueRequired\":true,\"valueName\":\"search_term_string\"}}],\"inLanguage\":\"es\"},{\"@type\":\"Organization\",\"@id\":\"https:\\\/\\\/www.stxfinance.com\\\/es\\\/#organization\",\"name\":\"STX Finanzas\",\"url\":\"https:\\\/\\\/www.stxfinance.com\\\/es\\\/\",\"logo\":{\"@type\":\"ImageObject\",\"inLanguage\":\"es\",\"@id\":\"https:\\\/\\\/www.stxfinance.com\\\/es\\\/#\\\/schema\\\/logo\\\/image\\\/\",\"url\":\"https:\\\/\\\/www.stxfinance.com\\\/wp-content\\\/uploads\\\/2025\\\/02\\\/logo.svg\",\"contentUrl\":\"https:\\\/\\\/www.stxfinance.com\\\/wp-content\\\/uploads\\\/2025\\\/02\\\/logo.svg\",\"caption\":\"STX Finanzas\"},\"image\":{\"@id\":\"https:\\\/\\\/www.stxfinance.com\\\/es\\\/#\\\/schema\\\/logo\\\/image\\\/\"}}]}<\/script>\n<!-- \/ Yoast SEO plugin. -->","yoast_head_json":{"title":"Descargar la aplicaci\u00f3n STX | STX Finance","description":"Descarga la app STX para acceder f\u00e1cilmente a financiamiento y servicios exclusivos.","robots":{"index":"index","follow":"follow","max-snippet":"max-snippet:-1","max-image-preview":"max-image-preview:large","max-video-preview":"max-video-preview:-1"},"canonical":"https:\/\/www.stxfinance.com\/es\/download-stx-app\/","og_locale":"es_ES","og_type":"article","og_title":"Descargar la aplicaci\u00f3n STX | STX Finance","og_description":"Descarga la app STX para acceder f\u00e1cilmente a financiamiento y servicios exclusivos.","og_url":"https:\/\/www.stxfinance.com\/es\/download-stx-app\/","og_site_name":"STX Finance","article_modified_time":"2025-05-06T08:40:57+00:00","twitter_card":"summary_large_image","twitter_misc":{"Tiempo de lectura":"2 minutos"},"schema":{"@context":"https:\/\/schema.org","@graph":[{"@type":"WebPage","@id":"https:\/\/www.stxfinance.com\/es\/download-stx-app\/","url":"https:\/\/www.stxfinance.com\/es\/download-stx-app\/","name":"Descargar la aplicaci\u00f3n STX | STX Finance","isPartOf":{"@id":"https:\/\/www.stxfinance.com\/es\/#website"},"datePublished":"2025-02-12T04:26:46+00:00","dateModified":"2025-05-06T08:40:57+00:00","description":"Descarga la app STX para acceder f\u00e1cilmente a financiamiento y servicios exclusivos.","breadcrumb":{"@id":"https:\/\/www.stxfinance.com\/es\/download-stx-app\/#breadcrumb"},"inLanguage":"es","potentialAction":[{"@type":"ReadAction","target":["https:\/\/www.stxfinance.com\/es\/download-stx-app\/"]}]},{"@type":"BreadcrumbList","@id":"https:\/\/www.stxfinance.com\/es\/download-stx-app\/#breadcrumb","itemListElement":[{"@type":"ListItem","position":1,"name":"Home","item":"https:\/\/www.stxfinance.com\/es\/"},{"@type":"ListItem","position":2,"name":"Descargar la aplicaci\u00f3n STX"}]},{"@type":"WebSite","@id":"https:\/\/www.stxfinance.com\/es\/#website","url":"https:\/\/www.stxfinance.com\/es\/","name":"STX Finance","description":"","publisher":{"@id":"https:\/\/www.stxfinance.com\/es\/#organization"},"potentialAction":[{"@type":"SearchAction","target":{"@type":"EntryPoint","urlTemplate":"https:\/\/www.stxfinance.com\/es\/?s={search_term_string}"},"query-input":{"@type":"PropertyValueSpecification","valueRequired":true,"valueName":"search_term_string"}}],"inLanguage":"es"},{"@type":"Organization","@id":"https:\/\/www.stxfinance.com\/es\/#organization","name":"STX Finanzas","url":"https:\/\/www.stxfinance.com\/es\/","logo":{"@type":"ImageObject","inLanguage":"es","@id":"https:\/\/www.stxfinance.com\/es\/#\/schema\/logo\/image\/","url":"https:\/\/www.stxfinance.com\/wp-content\/uploads\/2025\/02\/logo.svg","contentUrl":"https:\/\/www.stxfinance.com\/wp-content\/uploads\/2025\/02\/logo.svg","caption":"STX Finanzas"},"image":{"@id":"https:\/\/www.stxfinance.com\/es\/#\/schema\/logo\/image\/"}}]}},"_links":{"self":[{"href":"https:\/\/www.stxfinance.com\/es\/wp-json\/wp\/v2\/pages\/2475","targetHints":{"allow":["GET"]}}],"collection":[{"href":"https:\/\/www.stxfinance.com\/es\/wp-json\/wp\/v2\/pages"}],"about":[{"href":"https:\/\/www.stxfinance.com\/es\/wp-json\/wp\/v2\/types\/page"}],"author":[{"embeddable":true,"href":"https:\/\/www.stxfinance.com\/es\/wp-json\/wp\/v2\/users\/2"}],"replies":[{"embeddable":true,"href":"https:\/\/www.stxfinance.com\/es\/wp-json\/wp\/v2\/comments?post=2475"}],"version-history":[{"count":1,"href":"https:\/\/www.stxfinance.com\/es\/wp-json\/wp\/v2\/pages\/2475\/revisions"}],"predecessor-version":[{"id":3135,"href":"https:\/\/www.stxfinance.com\/es\/wp-json\/wp\/v2\/pages\/2475\/revisions\/3135"}],"wp:attachment":[{"href":"https:\/\/www.stxfinance.com\/es\/wp-json\/wp\/v2\/media?parent=2475"}],"curies":[{"name":"wp","href":"https:\/\/api.w.org\/{rel}","templated":true}]}}