{"id":2477,"date":"2025-02-21T05:33:23","date_gmt":"2025-02-21T05:33:23","guid":{"rendered":"https:\/\/www.stxfinance.com\/faqs\/"},"modified":"2025-06-11T16:43:56","modified_gmt":"2025-06-11T16:43:56","slug":"faqs","status":"publish","type":"page","link":"https:\/\/www.stxfinance.com\/es\/faqs\/","title":{"rendered":"Preguntas frecuentes"},"content":{"rendered":"","protected":false},"excerpt":{"rendered":"","protected":false},"author":2,"featured_media":0,"parent":0,"menu_order":0,"comment_status":"closed","ping_status":"closed","template":"page-templates\/template-faqs.php","meta":{"_acf_changed":false,"footnotes":""},"class_list":["post-2477","page","type-page","status-publish","hentry"],"acf":{"page_banner_section":{"page_banner_title":"Preguntas frecuentes","page_banner_image":1623},"faq_page_setting":{"":null,"intro_text":"\u00bfTienes preguntas? Tenemos respuestas Encuentre soluciones r\u00e1pidas y sencillas a las preguntas m\u00e1s frecuentes en nuestras FAQ. ","customer_care_section":{"customer_heading":"\u00bfNo has encontrado respuesta?","customer_description":"Nuestro equipo de atenci\u00f3n al cliente est\u00e1 disponible las 24 horas del d\u00eda para ayudarte con cualquier pregunta o duda. Nos comprometemos a proporcionarte un apoyo excepcional siempre que lo necesites. ","care_image":2198,"cta_1":{"title":"Contacta con nosotros","url":"https:\/\/www.stxfinance.com\/contact-us\/","target":""},"cta_2":{"title":"Env\u00edanos un correo electr\u00f3nico","url":"#","target":""}}},"faqs_sections":{"heading":"","description":"","faq_list":null,"cta_link":null}},"yoast_head":"<!-- This site is optimized with the Yoast SEO plugin v27.5 - https:\/\/yoast.com\/product\/yoast-seo-wordpress\/ -->\n<title>FAQ \u2013 Respuestas a tus Preguntas | STX Finance<\/title>\n<meta name=\"description\" content=\"Encuentre respuestas detalladas a las preguntas m\u00e1s comunes sobre leasing de veh\u00edculos de lujo, opciones de financiaci\u00f3n y los servicios ofrecidos por STX Finance.\" \/>\n<meta name=\"robots\" content=\"index, follow, max-snippet:-1, max-image-preview:large, max-video-preview:-1\" \/>\n<link rel=\"canonical\" href=\"https:\/\/www.stxfinance.com\/es\/faqs\/\" \/>\n<meta property=\"og:locale\" content=\"es_ES\" \/>\n<meta property=\"og:type\" content=\"article\" \/>\n<meta property=\"og:title\" content=\"FAQ \u2013 Respuestas a tus Preguntas | STX Finance\" \/>\n<meta property=\"og:description\" content=\"Encuentre respuestas detalladas a las preguntas m\u00e1s comunes sobre leasing de veh\u00edculos de lujo, opciones de financiaci\u00f3n y los servicios ofrecidos por STX Finance.\" \/>\n<meta property=\"og:url\" content=\"https:\/\/www.stxfinance.com\/es\/faqs\/\" \/>\n<meta property=\"og:site_name\" content=\"STX Finance\" \/>\n<meta property=\"article:modified_time\" content=\"2025-06-11T16:43:56+00:00\" \/>\n<meta name=\"twitter:card\" content=\"summary_large_image\" \/>\n<meta name=\"twitter:label1\" content=\"Tiempo de lectura\" \/>\n\t<meta name=\"twitter:data1\" content=\"1 minuto\" \/>\n<script type=\"application\/ld+json\" class=\"yoast-schema-graph\">{\"@context\":\"https:\\\/\\\/schema.org\",\"@graph\":[{\"@type\":\"WebPage\",\"@id\":\"https:\\\/\\\/www.stxfinance.com\\\/es\\\/faqs\\\/\",\"url\":\"https:\\\/\\\/www.stxfinance.com\\\/es\\\/faqs\\\/\",\"name\":\"FAQ \u2013 Respuestas a tus Preguntas | STX Finance\",\"isPartOf\":{\"@id\":\"https:\\\/\\\/www.stxfinance.com\\\/es\\\/#website\"},\"datePublished\":\"2025-02-21T05:33:23+00:00\",\"dateModified\":\"2025-06-11T16:43:56+00:00\",\"description\":\"Encuentre respuestas detalladas a las preguntas m\u00e1s comunes sobre leasing de veh\u00edculos de lujo, opciones de financiaci\u00f3n y los servicios ofrecidos por STX Finance.\",\"breadcrumb\":{\"@id\":\"https:\\\/\\\/www.stxfinance.com\\\/es\\\/faqs\\\/#breadcrumb\"},\"inLanguage\":\"es\",\"potentialAction\":[{\"@type\":\"ReadAction\",\"target\":[\"https:\\\/\\\/www.stxfinance.com\\\/es\\\/faqs\\\/\"]}]},{\"@type\":\"BreadcrumbList\",\"@id\":\"https:\\\/\\\/www.stxfinance.com\\\/es\\\/faqs\\\/#breadcrumb\",\"itemListElement\":[{\"@type\":\"ListItem\",\"position\":1,\"name\":\"Home\",\"item\":\"https:\\\/\\\/www.stxfinance.com\\\/es\\\/\"},{\"@type\":\"ListItem\",\"position\":2,\"name\":\"Preguntas frecuentes\"}]},{\"@type\":\"WebSite\",\"@id\":\"https:\\\/\\\/www.stxfinance.com\\\/es\\\/#website\",\"url\":\"https:\\\/\\\/www.stxfinance.com\\\/es\\\/\",\"name\":\"STX Finance\",\"description\":\"\",\"publisher\":{\"@id\":\"https:\\\/\\\/www.stxfinance.com\\\/es\\\/#organization\"},\"potentialAction\":[{\"@type\":\"SearchAction\",\"target\":{\"@type\":\"EntryPoint\",\"urlTemplate\":\"https:\\\/\\\/www.stxfinance.com\\\/es\\\/?s={search_term_string}\"},\"query-input\":{\"@type\":\"PropertyValueSpecification\",\"valueRequired\":true,\"valueName\":\"search_term_string\"}}],\"inLanguage\":\"es\"},{\"@type\":\"Organization\",\"@id\":\"https:\\\/\\\/www.stxfinance.com\\\/es\\\/#organization\",\"name\":\"STX Finanzas\",\"url\":\"https:\\\/\\\/www.stxfinance.com\\\/es\\\/\",\"logo\":{\"@type\":\"ImageObject\",\"inLanguage\":\"es\",\"@id\":\"https:\\\/\\\/www.stxfinance.com\\\/es\\\/#\\\/schema\\\/logo\\\/image\\\/\",\"url\":\"https:\\\/\\\/www.stxfinance.com\\\/wp-content\\\/uploads\\\/2025\\\/02\\\/logo.svg\",\"contentUrl\":\"https:\\\/\\\/www.stxfinance.com\\\/wp-content\\\/uploads\\\/2025\\\/02\\\/logo.svg\",\"caption\":\"STX Finanzas\"},\"image\":{\"@id\":\"https:\\\/\\\/www.stxfinance.com\\\/es\\\/#\\\/schema\\\/logo\\\/image\\\/\"}}]}<\/script>\n<!-- \/ Yoast SEO plugin. -->","yoast_head_json":{"title":"FAQ \u2013 Respuestas a tus Preguntas | STX Finance","description":"Encuentre respuestas detalladas a las preguntas m\u00e1s comunes sobre leasing de veh\u00edculos de lujo, opciones de financiaci\u00f3n y los servicios ofrecidos por STX Finance.","robots":{"index":"index","follow":"follow","max-snippet":"max-snippet:-1","max-image-preview":"max-image-preview:large","max-video-preview":"max-video-preview:-1"},"canonical":"https:\/\/www.stxfinance.com\/es\/faqs\/","og_locale":"es_ES","og_type":"article","og_title":"FAQ \u2013 Respuestas a tus Preguntas | STX Finance","og_description":"Encuentre respuestas detalladas a las preguntas m\u00e1s comunes sobre leasing de veh\u00edculos de lujo, opciones de financiaci\u00f3n y los servicios ofrecidos por STX Finance.","og_url":"https:\/\/www.stxfinance.com\/es\/faqs\/","og_site_name":"STX Finance","article_modified_time":"2025-06-11T16:43:56+00:00","twitter_card":"summary_large_image","twitter_misc":{"Tiempo de lectura":"1 minuto"},"schema":{"@context":"https:\/\/schema.org","@graph":[{"@type":"WebPage","@id":"https:\/\/www.stxfinance.com\/es\/faqs\/","url":"https:\/\/www.stxfinance.com\/es\/faqs\/","name":"FAQ \u2013 Respuestas a tus Preguntas | STX Finance","isPartOf":{"@id":"https:\/\/www.stxfinance.com\/es\/#website"},"datePublished":"2025-02-21T05:33:23+00:00","dateModified":"2025-06-11T16:43:56+00:00","description":"Encuentre respuestas detalladas a las preguntas m\u00e1s comunes sobre leasing de veh\u00edculos de lujo, opciones de financiaci\u00f3n y los servicios ofrecidos por STX Finance.","breadcrumb":{"@id":"https:\/\/www.stxfinance.com\/es\/faqs\/#breadcrumb"},"inLanguage":"es","potentialAction":[{"@type":"ReadAction","target":["https:\/\/www.stxfinance.com\/es\/faqs\/"]}]},{"@type":"BreadcrumbList","@id":"https:\/\/www.stxfinance.com\/es\/faqs\/#breadcrumb","itemListElement":[{"@type":"ListItem","position":1,"name":"Home","item":"https:\/\/www.stxfinance.com\/es\/"},{"@type":"ListItem","position":2,"name":"Preguntas frecuentes"}]},{"@type":"WebSite","@id":"https:\/\/www.stxfinance.com\/es\/#website","url":"https:\/\/www.stxfinance.com\/es\/","name":"STX Finance","description":"","publisher":{"@id":"https:\/\/www.stxfinance.com\/es\/#organization"},"potentialAction":[{"@type":"SearchAction","target":{"@type":"EntryPoint","urlTemplate":"https:\/\/www.stxfinance.com\/es\/?s={search_term_string}"},"query-input":{"@type":"PropertyValueSpecification","valueRequired":true,"valueName":"search_term_string"}}],"inLanguage":"es"},{"@type":"Organization","@id":"https:\/\/www.stxfinance.com\/es\/#organization","name":"STX Finanzas","url":"https:\/\/www.stxfinance.com\/es\/","logo":{"@type":"ImageObject","inLanguage":"es","@id":"https:\/\/www.stxfinance.com\/es\/#\/schema\/logo\/image\/","url":"https:\/\/www.stxfinance.com\/wp-content\/uploads\/2025\/02\/logo.svg","contentUrl":"https:\/\/www.stxfinance.com\/wp-content\/uploads\/2025\/02\/logo.svg","caption":"STX Finanzas"},"image":{"@id":"https:\/\/www.stxfinance.com\/es\/#\/schema\/logo\/image\/"}}]}},"_links":{"self":[{"href":"https:\/\/www.stxfinance.com\/es\/wp-json\/wp\/v2\/pages\/2477","targetHints":{"allow":["GET"]}}],"collection":[{"href":"https:\/\/www.stxfinance.com\/es\/wp-json\/wp\/v2\/pages"}],"about":[{"href":"https:\/\/www.stxfinance.com\/es\/wp-json\/wp\/v2\/types\/page"}],"author":[{"embeddable":true,"href":"https:\/\/www.stxfinance.com\/es\/wp-json\/wp\/v2\/users\/2"}],"replies":[{"embeddable":true,"href":"https:\/\/www.stxfinance.com\/es\/wp-json\/wp\/v2\/comments?post=2477"}],"version-history":[{"count":1,"href":"https:\/\/www.stxfinance.com\/es\/wp-json\/wp\/v2\/pages\/2477\/revisions"}],"predecessor-version":[{"id":3149,"href":"https:\/\/www.stxfinance.com\/es\/wp-json\/wp\/v2\/pages\/2477\/revisions\/3149"}],"wp:attachment":[{"href":"https:\/\/www.stxfinance.com\/es\/wp-json\/wp\/v2\/media?parent=2477"}],"curies":[{"name":"wp","href":"https:\/\/api.w.org\/{rel}","templated":true}]}}