{"id":2483,"date":"2025-02-03T04:38:47","date_gmt":"2025-02-03T04:38:47","guid":{"rendered":"https:\/\/www.stxfinance.com\/financing-and-administrative-management\/"},"modified":"2025-06-13T19:25:17","modified_gmt":"2025-06-13T19:25:17","slug":"financing-and-administrative-management","status":"publish","type":"page","link":"https:\/\/www.stxfinance.com\/es\/financing-and-administrative-management\/","title":{"rendered":"Financiaci\u00f3n y gesti\u00f3n administrativa"},"content":{"rendered":"","protected":false},"excerpt":{"rendered":"","protected":false},"author":2,"featured_media":0,"parent":0,"menu_order":0,"comment_status":"closed","ping_status":"closed","template":"page-templates\/template-finance-management.php","meta":{"_acf_changed":false,"footnotes":""},"class_list":["post-2483","page","type-page","status-publish","hentry"],"acf":{"page_banner_section":{"page_banner_title":"Finanzas y administraci\u00f3n","page_banner_image":1974},"finance_management_setting":{"":null,"financing_content_sections":{"intro_content":"En STX Finance, simplificamos el arrendamiento de veh\u00edculos ocup\u00e1ndonos de todas las complejidades financieras y administrativas. Desde la financiaci\u00f3n hasta el cumplimiento, nuestro enfoque de servicio completo garantiza que puedas centrarte en tu negocio, mientras nosotros nos ocupamos de los detalles. ","accordion_row":[{"accordion_title":"Explicaci\u00f3n del pago","accordion_content":[{"accordion_text":"Para garantizar una experiencia de financiaci\u00f3n del veh\u00edculo sin problemas, puedes elegir entre domiciliar los pagos mensuales u optar por otro m\u00e9todo. Ten en cuenta que el pago inicial no se puede procesar a trav\u00e9s de domiciliaci\u00f3n bancaria y debe gestionarse por separado. Todos los detalles del pago y las facturas estar\u00e1n disponibles en tu cuenta de leasing.  "},{"accordion_text":"Una vez que tu veh\u00edculo est\u00e9 listo para la entrega, deber\u00e1s realizar previamente el pago inicial. Las facturas mensuales se emitir\u00e1n dentro de los primeros tres d\u00edas laborables de cada mes y son pagaderas en un plazo de cinco d\u00edas."}]},{"accordion_title":"Impuesto de circulaci\u00f3n del veh\u00edculo","accordion_content":[{"accordion_text":"El coste del impuesto de circulaci\u00f3n se calcula en funci\u00f3n del tipo impositivo aplicable en el momento de tu presupuesto y suele cobrarse anualmente. Sin embargo, si lo solicitas, este coste puede incluirse en tus pagos mensuales para mayor comodidad. "}]},{"accordion_title":"Acceso a tus facturas","accordion_content":[{"accordion_text":"Puedes ver c\u00f3modamente tus facturas mensuales online o en tu aplicaci\u00f3n. Si a\u00fan no tienes una cuenta online, env\u00edanos un correo electr\u00f3nico a info@stxfinance.com, incluyendo tu n\u00famero de contrato, matr\u00edcula del veh\u00edculo y direcci\u00f3n de correo electr\u00f3nico preferida, y te ayudaremos a crear una. Adem\u00e1s, en la primera p\u00e1gina de tu contrato encontrar\u00e1s el importe de tu cuota mensual. Tambi\u00e9n te comunicaremos cualquier cargo adicional, como multas o costes de mantenimiento.   "}]},{"accordion_title":"Preocupaciones financieras y problemas de pago","accordion_content":[{"accordion_text":"Entendemos que las situaciones financieras pueden cambiar. Ten en cuenta que el impago o el retraso en los pagos pueden afectar negativamente a tu calificaci\u00f3n crediticia de STX Finance, dificultando potencialmente la obtenci\u00f3n de cr\u00e9ditos en el futuro. Si los pagos se incumplen sistem\u00e1ticamente, es posible que tengamos que recuperar el veh\u00edculo, y t\u00fa ser\u00e1s responsable de los costes asociados. Si fuera necesario emprender acciones legales para recuperar los importes impagados, podr\u00edan aplicarse tasas legales adicionales.   "},{"accordion_text":"Si te preocupan tus pagos o tienes dificultades econ\u00f3micas, ponte en contacto con nuestro amable equipo lo antes posible. Para m\u00e1s informaci\u00f3n sobre c\u00f3mo podemos ayudarte, no dudes en ponerte en contacto con nosotros. "}]}]},"have_question_sections":{"heading":"\u00bfTienes preguntas?","sub_heading":"Si tienes alguna pregunta sobre el proceso de devoluci\u00f3n o sobre cualquier otra cosa relacionada con tu veh\u00edculo alquilado, ponte en contacto con tu gestor de cuenta. Tambi\u00e9n puedes enviarnos un correo o llamarnos (de lunes a viernes, de 9 a 18 h).  ","section_image":1978,"cta_button":{"title":"Contacta con nosotras","url":"https:\/\/www.stxfinance.com\/es\/contact-us\/","target":""}},"client_sections":{"client_heading":"\u00bfYa eres cliente?","client_sub_heading":"T\u00fa eliges el destino, y nosotros te apoyamos en cada paso del camino. Nuestro equipo especializado est\u00e1 aqu\u00ed para garantizar que tu experiencia sea fluida y sin estr\u00e9s. ","cta_button":{"title":"Iniciar sesi\u00f3n ahora","url":"https:\/\/www.stxfinance.com\/es\/app-landing-page\/","target":""}}},"faqs_sections":{"heading":"","description":"","faq_list":null,"cta_link":null}},"yoast_head":"<!-- This site is optimized with the Yoast SEO plugin v27.5 - https:\/\/yoast.com\/product\/yoast-seo-wordpress\/ -->\n<title>Financiaci\u00f3n y gesti\u00f3n administrativa | STX Finance<\/title>\n<meta name=\"description\" content=\"Soluciones integrales para financiaci\u00f3n y gesti\u00f3n administrativa de veh\u00edculos de lujo.\" \/>\n<meta name=\"robots\" content=\"index, follow, max-snippet:-1, max-image-preview:large, max-video-preview:-1\" \/>\n<link rel=\"canonical\" href=\"https:\/\/www.stxfinance.com\/es\/financing-and-administrative-management\/\" \/>\n<meta property=\"og:locale\" content=\"es_ES\" \/>\n<meta property=\"og:type\" content=\"article\" \/>\n<meta property=\"og:title\" content=\"Financiaci\u00f3n y gesti\u00f3n administrativa | STX Finance\" \/>\n<meta property=\"og:description\" content=\"Soluciones integrales para financiaci\u00f3n y gesti\u00f3n administrativa de veh\u00edculos de lujo.\" \/>\n<meta property=\"og:url\" content=\"https:\/\/www.stxfinance.com\/es\/financing-and-administrative-management\/\" \/>\n<meta property=\"og:site_name\" content=\"STX Finance\" \/>\n<meta property=\"article:modified_time\" content=\"2025-06-13T19:25:17+00:00\" \/>\n<meta name=\"twitter:card\" content=\"summary_large_image\" \/>\n<meta name=\"twitter:label1\" content=\"Tiempo de lectura\" \/>\n\t<meta name=\"twitter:data1\" content=\"3 minutos\" \/>\n<script type=\"application\/ld+json\" class=\"yoast-schema-graph\">{\"@context\":\"https:\\\/\\\/schema.org\",\"@graph\":[{\"@type\":\"WebPage\",\"@id\":\"https:\\\/\\\/www.stxfinance.com\\\/es\\\/financing-and-administrative-management\\\/\",\"url\":\"https:\\\/\\\/www.stxfinance.com\\\/es\\\/financing-and-administrative-management\\\/\",\"name\":\"Financiaci\u00f3n y gesti\u00f3n administrativa | STX Finance\",\"isPartOf\":{\"@id\":\"https:\\\/\\\/www.stxfinance.com\\\/es\\\/#website\"},\"datePublished\":\"2025-02-03T04:38:47+00:00\",\"dateModified\":\"2025-06-13T19:25:17+00:00\",\"description\":\"Soluciones integrales para financiaci\u00f3n y gesti\u00f3n administrativa de veh\u00edculos de lujo.\",\"breadcrumb\":{\"@id\":\"https:\\\/\\\/www.stxfinance.com\\\/es\\\/financing-and-administrative-management\\\/#breadcrumb\"},\"inLanguage\":\"es\",\"potentialAction\":[{\"@type\":\"ReadAction\",\"target\":[\"https:\\\/\\\/www.stxfinance.com\\\/es\\\/financing-and-administrative-management\\\/\"]}]},{\"@type\":\"BreadcrumbList\",\"@id\":\"https:\\\/\\\/www.stxfinance.com\\\/es\\\/financing-and-administrative-management\\\/#breadcrumb\",\"itemListElement\":[{\"@type\":\"ListItem\",\"position\":1,\"name\":\"Home\",\"item\":\"https:\\\/\\\/www.stxfinance.com\\\/es\\\/\"},{\"@type\":\"ListItem\",\"position\":2,\"name\":\"Financiaci\u00f3n y gesti\u00f3n administrativa\"}]},{\"@type\":\"WebSite\",\"@id\":\"https:\\\/\\\/www.stxfinance.com\\\/es\\\/#website\",\"url\":\"https:\\\/\\\/www.stxfinance.com\\\/es\\\/\",\"name\":\"STX Finance\",\"description\":\"\",\"publisher\":{\"@id\":\"https:\\\/\\\/www.stxfinance.com\\\/es\\\/#organization\"},\"potentialAction\":[{\"@type\":\"SearchAction\",\"target\":{\"@type\":\"EntryPoint\",\"urlTemplate\":\"https:\\\/\\\/www.stxfinance.com\\\/es\\\/?s={search_term_string}\"},\"query-input\":{\"@type\":\"PropertyValueSpecification\",\"valueRequired\":true,\"valueName\":\"search_term_string\"}}],\"inLanguage\":\"es\"},{\"@type\":\"Organization\",\"@id\":\"https:\\\/\\\/www.stxfinance.com\\\/es\\\/#organization\",\"name\":\"STX Finanzas\",\"url\":\"https:\\\/\\\/www.stxfinance.com\\\/es\\\/\",\"logo\":{\"@type\":\"ImageObject\",\"inLanguage\":\"es\",\"@id\":\"https:\\\/\\\/www.stxfinance.com\\\/es\\\/#\\\/schema\\\/logo\\\/image\\\/\",\"url\":\"https:\\\/\\\/www.stxfinance.com\\\/wp-content\\\/uploads\\\/2025\\\/02\\\/logo.svg\",\"contentUrl\":\"https:\\\/\\\/www.stxfinance.com\\\/wp-content\\\/uploads\\\/2025\\\/02\\\/logo.svg\",\"caption\":\"STX Finanzas\"},\"image\":{\"@id\":\"https:\\\/\\\/www.stxfinance.com\\\/es\\\/#\\\/schema\\\/logo\\\/image\\\/\"}}]}<\/script>\n<!-- \/ Yoast SEO plugin. -->","yoast_head_json":{"title":"Financiaci\u00f3n y gesti\u00f3n administrativa | STX Finance","description":"Soluciones integrales para financiaci\u00f3n y gesti\u00f3n administrativa de veh\u00edculos de lujo.","robots":{"index":"index","follow":"follow","max-snippet":"max-snippet:-1","max-image-preview":"max-image-preview:large","max-video-preview":"max-video-preview:-1"},"canonical":"https:\/\/www.stxfinance.com\/es\/financing-and-administrative-management\/","og_locale":"es_ES","og_type":"article","og_title":"Financiaci\u00f3n y gesti\u00f3n administrativa | STX Finance","og_description":"Soluciones integrales para financiaci\u00f3n y gesti\u00f3n administrativa de veh\u00edculos de lujo.","og_url":"https:\/\/www.stxfinance.com\/es\/financing-and-administrative-management\/","og_site_name":"STX Finance","article_modified_time":"2025-06-13T19:25:17+00:00","twitter_card":"summary_large_image","twitter_misc":{"Tiempo de lectura":"3 minutos"},"schema":{"@context":"https:\/\/schema.org","@graph":[{"@type":"WebPage","@id":"https:\/\/www.stxfinance.com\/es\/financing-and-administrative-management\/","url":"https:\/\/www.stxfinance.com\/es\/financing-and-administrative-management\/","name":"Financiaci\u00f3n y gesti\u00f3n administrativa | STX Finance","isPartOf":{"@id":"https:\/\/www.stxfinance.com\/es\/#website"},"datePublished":"2025-02-03T04:38:47+00:00","dateModified":"2025-06-13T19:25:17+00:00","description":"Soluciones integrales para financiaci\u00f3n y gesti\u00f3n administrativa de veh\u00edculos de lujo.","breadcrumb":{"@id":"https:\/\/www.stxfinance.com\/es\/financing-and-administrative-management\/#breadcrumb"},"inLanguage":"es","potentialAction":[{"@type":"ReadAction","target":["https:\/\/www.stxfinance.com\/es\/financing-and-administrative-management\/"]}]},{"@type":"BreadcrumbList","@id":"https:\/\/www.stxfinance.com\/es\/financing-and-administrative-management\/#breadcrumb","itemListElement":[{"@type":"ListItem","position":1,"name":"Home","item":"https:\/\/www.stxfinance.com\/es\/"},{"@type":"ListItem","position":2,"name":"Financiaci\u00f3n y gesti\u00f3n administrativa"}]},{"@type":"WebSite","@id":"https:\/\/www.stxfinance.com\/es\/#website","url":"https:\/\/www.stxfinance.com\/es\/","name":"STX Finance","description":"","publisher":{"@id":"https:\/\/www.stxfinance.com\/es\/#organization"},"potentialAction":[{"@type":"SearchAction","target":{"@type":"EntryPoint","urlTemplate":"https:\/\/www.stxfinance.com\/es\/?s={search_term_string}"},"query-input":{"@type":"PropertyValueSpecification","valueRequired":true,"valueName":"search_term_string"}}],"inLanguage":"es"},{"@type":"Organization","@id":"https:\/\/www.stxfinance.com\/es\/#organization","name":"STX Finanzas","url":"https:\/\/www.stxfinance.com\/es\/","logo":{"@type":"ImageObject","inLanguage":"es","@id":"https:\/\/www.stxfinance.com\/es\/#\/schema\/logo\/image\/","url":"https:\/\/www.stxfinance.com\/wp-content\/uploads\/2025\/02\/logo.svg","contentUrl":"https:\/\/www.stxfinance.com\/wp-content\/uploads\/2025\/02\/logo.svg","caption":"STX Finanzas"},"image":{"@id":"https:\/\/www.stxfinance.com\/es\/#\/schema\/logo\/image\/"}}]}},"_links":{"self":[{"href":"https:\/\/www.stxfinance.com\/es\/wp-json\/wp\/v2\/pages\/2483","targetHints":{"allow":["GET"]}}],"collection":[{"href":"https:\/\/www.stxfinance.com\/es\/wp-json\/wp\/v2\/pages"}],"about":[{"href":"https:\/\/www.stxfinance.com\/es\/wp-json\/wp\/v2\/types\/page"}],"author":[{"embeddable":true,"href":"https:\/\/www.stxfinance.com\/es\/wp-json\/wp\/v2\/users\/2"}],"replies":[{"embeddable":true,"href":"https:\/\/www.stxfinance.com\/es\/wp-json\/wp\/v2\/comments?post=2483"}],"version-history":[{"count":5,"href":"https:\/\/www.stxfinance.com\/es\/wp-json\/wp\/v2\/pages\/2483\/revisions"}],"predecessor-version":[{"id":25593,"href":"https:\/\/www.stxfinance.com\/es\/wp-json\/wp\/v2\/pages\/2483\/revisions\/25593"}],"wp:attachment":[{"href":"https:\/\/www.stxfinance.com\/es\/wp-json\/wp\/v2\/media?parent=2483"}],"curies":[{"name":"wp","href":"https:\/\/api.w.org\/{rel}","templated":true}]}}