{"id":2487,"date":"2025-01-20T06:32:21","date_gmt":"2025-01-20T06:32:21","guid":{"rendered":"https:\/\/www.stxfinance.com\/sample-page\/"},"modified":"2025-11-18T18:11:27","modified_gmt":"2025-11-18T18:11:27","slug":"home","status":"publish","type":"page","link":"https:\/\/www.stxfinance.com\/es\/","title":{"rendered":"P\u00e1gina principal"},"content":{"rendered":"","protected":false},"excerpt":{"rendered":"","protected":false},"author":2,"featured_media":0,"parent":0,"menu_order":0,"comment_status":"closed","ping_status":"closed","template":"page-templates\/template-home.php","meta":{"_acf_changed":false,"footnotes":""},"class_list":["post-2487","page","type-page","status-publish","hentry"],"acf":{"home_page_setting":{"":null,"banner_slider_section":{"sliders":[{"new_cta":"EN VENTA","banner_heading":"FERRARI PUROSANGUE V12","banner_desciption":"FULL CARBONO | TECHO PANOR\u00c1MICO | MATRIX | MASAJE |\r\n2025 | 2.000 KM | GRIS MET\u00c1LICO | 725 CV | V12 GASOLINA","banner_image":242151,"banner_image_mobile":242158,"banner_cta":{"title":"VER M\u00c1S DETALLES","url":"https:\/\/www.autoscout24.be\/fr\/offres\/ferrari-purosangue-purosangue-v12i-full-carbon-pano-matrix-massage-essence-gris-ebabd4fc-bb5a-4626-b33e-4e0460cb7a3e","target":"_blank"},"banner_cta_black":{"title":"CONTACTAR PARA LA OFERTA","url":"https:\/\/www.stxfinance.com\/es\/contact-us\/","target":""}},{"new_cta":"NUEVO LANZAMIENTO","banner_heading":"Una revoluci\u00f3n en el transporte de caballos","banner_desciption":"Presentaci\u00f3n de la nueva STX 2 Horse Renault Master","banner_image":7753,"banner_image_mobile":23055,"banner_cta":{"title":"Ver todas las sucursales","url":"https:\/\/www.stxfinance.com\/es\/our-branches\/","target":""},"banner_cta_black":""},{"new_cta":"","banner_heading":"Conduce con estilo, arrienda con confianza","banner_desciption":"Soluciones de financiaci\u00f3n exclusivas dise\u00f1adas para su estilo de vida premium","banner_image":4951,"banner_image_mobile":2154,"banner_cta":{"title":"Ver todas las sucursales","url":"https:\/\/www.stxfinance.com\/es\/our-branches\/","target":""},"banner_cta_black":{"title":"Por qu\u00e9 el leasing","url":"https:\/\/www.stxfinance.com\/es\/why-leasing\/","target":""}}]},"about_section":{"abnout_heading":"Acerca de STX Finance","sub_heading":"Con m\u00e1s de 35 a\u00f1os de amplia experiencia en la fabricaci\u00f3n, venta y financiaci\u00f3n de veh\u00edculos de lujo, Stephex Group se enorgullece de presentar STX Finance, su principal opci\u00f3n para la financiaci\u00f3n de veh\u00edculos de lujo.\r\n\r\nAprovechando nuestra amplia experiencia, ofrecemos soluciones financieras a medida, dise\u00f1adas espec\u00edficamente para veh\u00edculos de alta gama, satisfaciendo las necesidades \u00fanicas de nuestros clientes m\u00e1s exigentes. Nuestro compromiso trasciende la financiaci\u00f3n convencional; ofrecemos estrategias financieras personalizadas y flexibles para entusiastas del lujo y empresas con amplias flotas de veh\u00edculos de lujo.\r\n\r\nSTX Finance no es solo un proveedor financiero, sino un socio de confianza dedicado a mejorar su experiencia como propietario de un veh\u00edculo de lujo. Ya sea que busque financiar el coche, la embarcaci\u00f3n, la autocaravana o el transporte premium de caballos de sus sue\u00f1os, tenemos la soluci\u00f3n perfecta, adaptada a su estilo de vida y las necesidades de su negocio.","about_info":[{"count":"35+","text":"A\u00f1os de experiencia"},{"count":"3,500+","text":"Flota de veh\u00edculos"},{"count":"500+","text":"Empleados"}],"cta_button":{"title":"Sobre nosotras","url":"https:\/\/www.stxfinance.com\/es\/about-us\/","target":""}},"about_leasing_sections":{"heading":"Sobre el leasing","sub_heading":"Benef\u00edciese de unos costes iniciales m\u00e1s bajos, aprobaciones simplificadas y planes de leasing adaptados a sus necesidades. Disfrute de los \u00faltimos modelos y de la asistencia excepcional de nuestro equipo especializado. Elija STX Finance para disfrutar de una experiencia de leasing superior.  ","image":1751,"cta_1":{"title":"Contacta con nosotros","url":"https:\/\/www.stxfinance.com\/es\/contact-us\/","target":""},"cta_2":{"title":"M\u00e1s informaci\u00f3n","url":"https:\/\/www.stxfinance.com\/es\/why-leasing\/","target":""}},"leasing_services":{"heading":"Lo que nos diferencia","sub_heading":"Descubra por qu\u00e9 destacamos en el mundo de la financiaci\u00f3n de veh\u00edculos de lujo:","services":[{"service_title":"Tranquilidad total","description":"Competencia de calidad con 25 a\u00f1os de experiencia y conocimientos del sector","service_icon":1755},{"service_title":"Servicios financieros fiables  ","description":"Soluciones financieras seguras respaldadas por nuestra red de socios financieros  ","service_icon":1759},{"service_title":"Proceso de aprobaci\u00f3n eficiente","description":"Simplicidad financiera gracias a la escasa documentaci\u00f3n requerida","service_icon":1763},{"service_title":"Productores directos de nuestros productos principales","description":"Nuestra experiencia demostrada y nuestra producci\u00f3n directa nos permiten ofrecer soluciones a medida con acceso a los \u00faltimos modelos, una calidad excepcional y opciones personalizadas.","service_icon":1767},{"service_title":"Proceso de leasing impecable","description":"El arrendamiento se apoya en un panel de control en l\u00ednea y una app","service_icon":1771},{"service_title":"Soluciones para el tiempo de inactividad","description":"Accesibilidad a una amplia gama de servicios de gesti\u00f3n de veh\u00edculos  ","service_icon":1775}]},"our_branches_sections":{"heading":"Nuestra selecci\u00f3n en el mundo","description":"STX Finance opera en toda Europa, con planes de expansi\u00f3n en el Reino Unido y Estados Unidos, prestando servicios integrales de leasing a clientes de m\u00faltiples sectores. Le apasione lo que le apasione, STX Finance es su socio para hacer realidad sus sue\u00f1os.   ","cta_button":{"title":"Nuestras Delegaciones","url":"https:\/\/www.stxfinance.com\/es\/our-branches\/","target":""},"branches":[{"branch_name":"Camiones de caballos","branch_image":10957,"page_link":{"title":"Autocaravanas Branch Detail","url":"https:\/\/www.stxfinance.com\/es\/branch-detail-motorhomes\/","target":""}},{"branch_name":"Furgonetas para caballos","branch_image":10962,"page_link":{"title":"Detalle de la rama Horsevans","url":"https:\/\/www.stxfinance.com\/es\/branch-detail-horsevans\/","target":""}},{"branch_name":"Autocaravanas","branch_image":10977,"page_link":{"title":"Autocaravanas Branch Detail","url":"https:\/\/www.stxfinance.com\/es\/branch-detail-motorhomes\/","target":""}},{"branch_name":"Coches de lujo","branch_image":10967,"page_link":{"title":"Rama Detalle Coches de Lujo","url":"https:\/\/www.stxfinance.com\/es\/branch-detail-cars\/","target":""}},{"branch_name":"Barcos","branch_image":10972,"page_link":{"title":"Nuestras Delegaciones","url":"https:\/\/www.stxfinance.com\/es\/our-branches\/","target":""}}]},"contact_sections":{"contact_heading":"\u00bfC\u00f3mo podemos ayudarle hoy?","contact_description":"Tanto si acaba de empezar como si es cliente desde hace tiempo, siempre estamos a su disposici\u00f3n para ofrecerle la ayuda que necesite.","cta_button":{"title":"Contacta con nosotras","url":"https:\/\/www.stxfinance.com\/es\/contact-us\/","target":""}},"online_services_sections":{"heading":"Servicios en l\u00ednea - <br>\u00a1Pr\u00f3ximamente!","description":"Tome el control de su experiencia de leasing de veh\u00edculos con nuestros servicios en l\u00ednea. Desde organizar el mantenimiento y las reparaciones hasta ajustar los detalles del contrato y acceder a las facturas, nuestra plataforma digital facilita la gesti\u00f3n de todos los aspectos del leasing.   ","service_image":1799,"services":[{"icon_image":1803,"text":"Programar mantenimiento o reparaciones (s\u00f3lo veh\u00edculos SX)","page_link":{"title":"Descargar la aplicaci\u00f3n STX","url":"https:\/\/www.stxfinance.com\/es\/download-stx-app\/#download-section-1","target":""}},{"icon_image":1807,"text":"Accede a tus facturas de leasing","page_link":{"title":"Descargar la aplicaci\u00f3n STX","url":"https:\/\/www.stxfinance.com\/es\/download-stx-app\/#download-section-2","target":""}},{"icon_image":1811,"text":"Gestiona tu contrato","page_link":{"title":"Descargar la aplicaci\u00f3n STX","url":"https:\/\/www.stxfinance.com\/es\/download-stx-app\/#download-section-3","target":""}}]},"stx_service_sections":{"heading":"Servicio STX - productos stephex","description":"Dise\u00f1ado espec\u00edficamente para propietarios de veh\u00edculos de lujo y administradores de flotas, STX Service est\u00e1 dise\u00f1ado para ayudarle a mantener todo funcionando a la perfecci\u00f3n. Nuestra red de servicio especializada ofrece soluciones integrales para satisfacer todas sus necesidades.\r\n\r\nDesde revisiones rutinarias, mantenimiento preventivo y servicio detallado hasta reparaciones de emergencia y amplia asistencia en carretera, STX Service se compromete a mantener sus veh\u00edculos funcionando al m\u00e1ximo rendimiento. Nuestros especialistas altamente capacitados y nuestro centro de servicio estrat\u00e9gicamente ubicado garantizan soluciones r\u00e1pidas, confiables y efectivas, reduciendo significativamente el tiempo de inactividad y maximizando la eficiencia operativa de su veh\u00edculo.","image":1815,"cta_button_1":{"title":"soporte de da\u00f1os","url":"https:\/\/www.stxfinance.com\/es\/contact-us\/","target":""},"cta_button_2":{"title":"saber m\u00e1s","url":"https:\/\/www.stxfinance.com\/es\/customer-care\/","target":""}}},"faqs_sections":{"heading":"","description":"","faq_list":null,"cta_link":null}},"yoast_head":"<!-- This site is optimized with the Yoast SEO plugin v27.5 - https:\/\/yoast.com\/product\/yoast-seo-wordpress\/ -->\n<title>Financiamiento de Veh\u00edculos de Lujo | STX Finance<\/title>\n<meta name=\"description\" content=\"Soluciones de financiaci\u00f3n exclusivas dise\u00f1adas para su estilo de vida premium.\" \/>\n<meta name=\"robots\" content=\"index, follow, max-snippet:-1, max-image-preview:large, max-video-preview:-1\" \/>\n<link rel=\"canonical\" href=\"https:\/\/www.stxfinance.com\/es\/\" \/>\n<meta property=\"og:locale\" content=\"es_ES\" \/>\n<meta property=\"og:type\" content=\"article\" \/>\n<meta property=\"og:title\" content=\"Financiamiento de Veh\u00edculos de Lujo | STX Finance\" \/>\n<meta property=\"og:description\" content=\"Soluciones de financiaci\u00f3n exclusivas dise\u00f1adas para su estilo de vida premium.\" \/>\n<meta property=\"og:url\" content=\"https:\/\/www.stxfinance.com\/es\/\" \/>\n<meta property=\"og:site_name\" content=\"STX Finance\" \/>\n<meta property=\"article:modified_time\" content=\"2025-11-18T18:11:27+00:00\" \/>\n<meta name=\"twitter:card\" content=\"summary_large_image\" \/>\n<meta name=\"twitter:label1\" content=\"Tiempo de lectura\" \/>\n\t<meta name=\"twitter:data1\" content=\"8 minutos\" \/>\n<script type=\"application\/ld+json\" class=\"yoast-schema-graph\">{\"@context\":\"https:\\\/\\\/schema.org\",\"@graph\":[{\"@type\":\"WebPage\",\"@id\":\"https:\\\/\\\/www.stxfinance.com\\\/es\\\/\",\"url\":\"https:\\\/\\\/www.stxfinance.com\\\/es\\\/\",\"name\":\"Financiamiento de Veh\u00edculos de Lujo | STX Finance\",\"isPartOf\":{\"@id\":\"https:\\\/\\\/www.stxfinance.com\\\/es\\\/#website\"},\"datePublished\":\"2025-01-20T06:32:21+00:00\",\"dateModified\":\"2025-11-18T18:11:27+00:00\",\"description\":\"Soluciones de financiaci\u00f3n exclusivas dise\u00f1adas para su estilo de vida premium.\",\"breadcrumb\":{\"@id\":\"https:\\\/\\\/www.stxfinance.com\\\/es\\\/#breadcrumb\"},\"inLanguage\":\"es\",\"potentialAction\":[{\"@type\":\"ReadAction\",\"target\":[\"https:\\\/\\\/www.stxfinance.com\\\/es\\\/\"]}]},{\"@type\":\"BreadcrumbList\",\"@id\":\"https:\\\/\\\/www.stxfinance.com\\\/es\\\/#breadcrumb\",\"itemListElement\":[{\"@type\":\"ListItem\",\"position\":1,\"name\":\"Home\",\"item\":\"https:\\\/\\\/www.stxfinance.com\\\/es\\\/\"},{\"@type\":\"ListItem\",\"position\":2,\"name\":\"P\u00e1gina principal\"}]},{\"@type\":\"WebSite\",\"@id\":\"https:\\\/\\\/www.stxfinance.com\\\/es\\\/#website\",\"url\":\"https:\\\/\\\/www.stxfinance.com\\\/es\\\/\",\"name\":\"STX Finance\",\"description\":\"\",\"publisher\":{\"@id\":\"https:\\\/\\\/www.stxfinance.com\\\/es\\\/#organization\"},\"potentialAction\":[{\"@type\":\"SearchAction\",\"target\":{\"@type\":\"EntryPoint\",\"urlTemplate\":\"https:\\\/\\\/www.stxfinance.com\\\/es\\\/?s={search_term_string}\"},\"query-input\":{\"@type\":\"PropertyValueSpecification\",\"valueRequired\":true,\"valueName\":\"search_term_string\"}}],\"inLanguage\":\"es\"},{\"@type\":\"Organization\",\"@id\":\"https:\\\/\\\/www.stxfinance.com\\\/es\\\/#organization\",\"name\":\"STX Finanzas\",\"url\":\"https:\\\/\\\/www.stxfinance.com\\\/es\\\/\",\"logo\":{\"@type\":\"ImageObject\",\"inLanguage\":\"es\",\"@id\":\"https:\\\/\\\/www.stxfinance.com\\\/es\\\/#\\\/schema\\\/logo\\\/image\\\/\",\"url\":\"https:\\\/\\\/www.stxfinance.com\\\/wp-content\\\/uploads\\\/2025\\\/02\\\/logo.svg\",\"contentUrl\":\"https:\\\/\\\/www.stxfinance.com\\\/wp-content\\\/uploads\\\/2025\\\/02\\\/logo.svg\",\"caption\":\"STX Finanzas\"},\"image\":{\"@id\":\"https:\\\/\\\/www.stxfinance.com\\\/es\\\/#\\\/schema\\\/logo\\\/image\\\/\"}}]}<\/script>\n<!-- \/ Yoast SEO plugin. -->","yoast_head_json":{"title":"Financiamiento de Veh\u00edculos de Lujo | STX Finance","description":"Soluciones de financiaci\u00f3n exclusivas dise\u00f1adas para su estilo de vida premium.","robots":{"index":"index","follow":"follow","max-snippet":"max-snippet:-1","max-image-preview":"max-image-preview:large","max-video-preview":"max-video-preview:-1"},"canonical":"https:\/\/www.stxfinance.com\/es\/","og_locale":"es_ES","og_type":"article","og_title":"Financiamiento de Veh\u00edculos de Lujo | STX Finance","og_description":"Soluciones de financiaci\u00f3n exclusivas dise\u00f1adas para su estilo de vida premium.","og_url":"https:\/\/www.stxfinance.com\/es\/","og_site_name":"STX Finance","article_modified_time":"2025-11-18T18:11:27+00:00","twitter_card":"summary_large_image","twitter_misc":{"Tiempo de lectura":"8 minutos"},"schema":{"@context":"https:\/\/schema.org","@graph":[{"@type":"WebPage","@id":"https:\/\/www.stxfinance.com\/es\/","url":"https:\/\/www.stxfinance.com\/es\/","name":"Financiamiento de Veh\u00edculos de Lujo | STX Finance","isPartOf":{"@id":"https:\/\/www.stxfinance.com\/es\/#website"},"datePublished":"2025-01-20T06:32:21+00:00","dateModified":"2025-11-18T18:11:27+00:00","description":"Soluciones de financiaci\u00f3n exclusivas dise\u00f1adas para su estilo de vida premium.","breadcrumb":{"@id":"https:\/\/www.stxfinance.com\/es\/#breadcrumb"},"inLanguage":"es","potentialAction":[{"@type":"ReadAction","target":["https:\/\/www.stxfinance.com\/es\/"]}]},{"@type":"BreadcrumbList","@id":"https:\/\/www.stxfinance.com\/es\/#breadcrumb","itemListElement":[{"@type":"ListItem","position":1,"name":"Home","item":"https:\/\/www.stxfinance.com\/es\/"},{"@type":"ListItem","position":2,"name":"P\u00e1gina principal"}]},{"@type":"WebSite","@id":"https:\/\/www.stxfinance.com\/es\/#website","url":"https:\/\/www.stxfinance.com\/es\/","name":"STX Finance","description":"","publisher":{"@id":"https:\/\/www.stxfinance.com\/es\/#organization"},"potentialAction":[{"@type":"SearchAction","target":{"@type":"EntryPoint","urlTemplate":"https:\/\/www.stxfinance.com\/es\/?s={search_term_string}"},"query-input":{"@type":"PropertyValueSpecification","valueRequired":true,"valueName":"search_term_string"}}],"inLanguage":"es"},{"@type":"Organization","@id":"https:\/\/www.stxfinance.com\/es\/#organization","name":"STX Finanzas","url":"https:\/\/www.stxfinance.com\/es\/","logo":{"@type":"ImageObject","inLanguage":"es","@id":"https:\/\/www.stxfinance.com\/es\/#\/schema\/logo\/image\/","url":"https:\/\/www.stxfinance.com\/wp-content\/uploads\/2025\/02\/logo.svg","contentUrl":"https:\/\/www.stxfinance.com\/wp-content\/uploads\/2025\/02\/logo.svg","caption":"STX Finanzas"},"image":{"@id":"https:\/\/www.stxfinance.com\/es\/#\/schema\/logo\/image\/"}}]}},"_links":{"self":[{"href":"https:\/\/www.stxfinance.com\/es\/wp-json\/wp\/v2\/pages\/2487","targetHints":{"allow":["GET"]}}],"collection":[{"href":"https:\/\/www.stxfinance.com\/es\/wp-json\/wp\/v2\/pages"}],"about":[{"href":"https:\/\/www.stxfinance.com\/es\/wp-json\/wp\/v2\/types\/page"}],"author":[{"embeddable":true,"href":"https:\/\/www.stxfinance.com\/es\/wp-json\/wp\/v2\/users\/2"}],"replies":[{"embeddable":true,"href":"https:\/\/www.stxfinance.com\/es\/wp-json\/wp\/v2\/comments?post=2487"}],"version-history":[{"count":17,"href":"https:\/\/www.stxfinance.com\/es\/wp-json\/wp\/v2\/pages\/2487\/revisions"}],"predecessor-version":[{"id":242181,"href":"https:\/\/www.stxfinance.com\/es\/wp-json\/wp\/v2\/pages\/2487\/revisions\/242181"}],"wp:attachment":[{"href":"https:\/\/www.stxfinance.com\/es\/wp-json\/wp\/v2\/media?parent=2487"}],"curies":[{"name":"wp","href":"https:\/\/api.w.org\/{rel}","templated":true}]}}