{"id":2495,"date":"2025-02-04T05:17:58","date_gmt":"2025-02-04T05:17:58","guid":{"rendered":"https:\/\/www.stxfinance.com\/maintenance-and-management\/"},"modified":"2025-05-06T09:11:00","modified_gmt":"2025-05-06T09:11:00","slug":"maintenance-and-management","status":"publish","type":"page","link":"https:\/\/www.stxfinance.com\/es\/maintenance-and-management\/","title":{"rendered":"Mantenimiento y gesti\u00f3n"},"content":{"rendered":"","protected":false},"excerpt":{"rendered":"","protected":false},"author":2,"featured_media":0,"parent":0,"menu_order":0,"comment_status":"closed","ping_status":"closed","template":"page-templates\/template-maintanance-management.php","meta":{"_acf_changed":false,"footnotes":""},"class_list":["post-2495","page","type-page","status-publish","hentry"],"acf":{"page_banner_section":{"page_banner_title":"Mantenimiento y gesti\u00f3n de <br> ","page_banner_image":2034},"maintanance_management_settting":{"":null,"financing_content_sections":{"description_content":"En Stephex Service, nuestro amplio taller est\u00e1 totalmente equipado con herramientas y recursos avanzados para ofrecer un servicio de m\u00e1xima calidad. Nuestros cualificados profesionales son expertos en la compleja construcci\u00f3n de camiones, lo que garantiza un servicio excepcional en cada visita. Ofrecemos a los clientes la opci\u00f3n de a\u00f1adir mejoras y toques personales a sus veh\u00edculos. Adem\u00e1s, con una amplia selecci\u00f3n de piezas de recambio disponibles, pedir recambios o extras a trav\u00e9s de nuestra aplicaci\u00f3n es r\u00e1pido y f\u00e1cil, lo que te permite despreocuparte de las piezas y el servicio.   ","financing_content_row":[{"heading":"Tus responsabilidades en el mantenimiento del veh\u00edculo","content_row":[{"accordion_content":"Para mantener tu veh\u00edculo en las mejores condiciones, es esencial que te asegures de que recibe un mantenimiento regular y las reparaciones necesarias. Eres responsable de revisar el veh\u00edculo a los intervalos recomendados por el fabricante y de solucionar cualquier aver\u00eda que pueda surgir. Adem\u00e1s de las revisiones rutinarias, tendr\u00e1s que comprobar y mantener regularmente elementos esenciales, como la presi\u00f3n de los neum\u00e1ticos y los niveles de aceite, refrigerante y anticongelante, siguiendo las especificaciones del fabricante.  "},{"accordion_content":"Adem\u00e1s, cada vez debes cargar en tu cuenta de STX Finance un certificado de Control T\u00e9cnico v\u00e1lido para tu veh\u00edculo. Puedes comprobar la fecha de caducidad del control de tu veh\u00edculo en tu cuenta si no est\u00e1s seguro de la fecha de renovaci\u00f3n. Ten en cuenta que conducir sin un certificado v\u00e1lido puede afectar a la cobertura del seguro y puede acarrear multas.  "}]},{"heading":"\u00bfC\u00f3mo sabr\u00e9 cu\u00e1ndo mi veh\u00edculo necesita una revisi\u00f3n o inspecci\u00f3n t\u00e9cnica?","content_row":[{"accordion_content":"La mayor\u00eda de los veh\u00edculos modernos te avisar\u00e1n cuando deba realizarse una revisi\u00f3n mediante una luz de advertencia en el salpicadero, a menudo con la forma de una llave inglesa. Las Inspecciones T\u00e9cnicas var\u00edan en funci\u00f3n de la marca y el modelo de tu veh\u00edculo, as\u00ed que comprueba en tu aplicaci\u00f3n la fecha exacta en que est\u00e1 prevista. "}]},{"heading":"Solicitar la revisi\u00f3n o el control t\u00e9cnico de tu veh\u00edculo","content_row":[{"accordion_content":"Para programar la revisi\u00f3n de tu veh\u00edculo o un control t\u00e9cnico, accede a tu cuenta y concierta una cita a trav\u00e9s de nuestro equipo de servicio o de tu concesionario asignado. Tambi\u00e9n puedes reservarla t\u00fa mismo en cualquier taller oficial de tu zona, y luego cargar f\u00e1cilmente el certificado de inspecci\u00f3n en tu cuenta. "}]}]},"have_question_sections":{"question_heading":"\u00bfTienes preguntas?","question_description":"Si tienes alguna pregunta sobre el proceso de devoluci\u00f3n o sobre cualquier otra cosa relacionada con tu veh\u00edculo alquilado, ponte en contacto con tu gestor de cuenta. Tambi\u00e9n puedes enviarnos un correo o llamarnos (de lunes a viernes, de 9 a 18 h).    ","question_image":2038,"page_link":{"title":"Contacta con nosotras","url":"https:\/\/www.stxfinance.com\/es\/contact-us\/","target":""}}},"faqs_sections":{"heading":"","description":"","faq_list":null,"cta_link":null}},"yoast_head":"<!-- This site is optimized with the Yoast SEO plugin v27.5 - https:\/\/yoast.com\/product\/yoast-seo-wordpress\/ -->\n<title>Mantenimiento y gesti\u00f3n | STX Finance<\/title>\n<meta name=\"description\" content=\"Servicios confiables de mantenimiento y gesti\u00f3n para tus veh\u00edculos de lujo.\" \/>\n<meta name=\"robots\" content=\"index, follow, max-snippet:-1, max-image-preview:large, max-video-preview:-1\" \/>\n<link rel=\"canonical\" href=\"https:\/\/www.stxfinance.com\/es\/maintenance-and-management\/\" \/>\n<meta property=\"og:locale\" content=\"es_ES\" \/>\n<meta property=\"og:type\" content=\"article\" \/>\n<meta property=\"og:title\" content=\"Mantenimiento y gesti\u00f3n | STX Finance\" \/>\n<meta property=\"og:description\" content=\"Servicios confiables de mantenimiento y gesti\u00f3n para tus veh\u00edculos de lujo.\" \/>\n<meta property=\"og:url\" content=\"https:\/\/www.stxfinance.com\/es\/maintenance-and-management\/\" \/>\n<meta property=\"og:site_name\" content=\"STX Finance\" \/>\n<meta property=\"article:modified_time\" content=\"2025-05-06T09:11:00+00:00\" \/>\n<meta name=\"twitter:card\" content=\"summary_large_image\" \/>\n<meta name=\"twitter:label1\" content=\"Tiempo de lectura\" \/>\n\t<meta name=\"twitter:data1\" content=\"3 minutos\" \/>\n<script type=\"application\/ld+json\" class=\"yoast-schema-graph\">{\"@context\":\"https:\\\/\\\/schema.org\",\"@graph\":[{\"@type\":\"WebPage\",\"@id\":\"https:\\\/\\\/www.stxfinance.com\\\/es\\\/maintenance-and-management\\\/\",\"url\":\"https:\\\/\\\/www.stxfinance.com\\\/es\\\/maintenance-and-management\\\/\",\"name\":\"Mantenimiento y gesti\u00f3n | STX Finance\",\"isPartOf\":{\"@id\":\"https:\\\/\\\/www.stxfinance.com\\\/es\\\/#website\"},\"datePublished\":\"2025-02-04T05:17:58+00:00\",\"dateModified\":\"2025-05-06T09:11:00+00:00\",\"description\":\"Servicios confiables de mantenimiento y gesti\u00f3n para tus veh\u00edculos de lujo.\",\"breadcrumb\":{\"@id\":\"https:\\\/\\\/www.stxfinance.com\\\/es\\\/maintenance-and-management\\\/#breadcrumb\"},\"inLanguage\":\"es\",\"potentialAction\":[{\"@type\":\"ReadAction\",\"target\":[\"https:\\\/\\\/www.stxfinance.com\\\/es\\\/maintenance-and-management\\\/\"]}]},{\"@type\":\"BreadcrumbList\",\"@id\":\"https:\\\/\\\/www.stxfinance.com\\\/es\\\/maintenance-and-management\\\/#breadcrumb\",\"itemListElement\":[{\"@type\":\"ListItem\",\"position\":1,\"name\":\"Home\",\"item\":\"https:\\\/\\\/www.stxfinance.com\\\/es\\\/\"},{\"@type\":\"ListItem\",\"position\":2,\"name\":\"Mantenimiento y gesti\u00f3n\"}]},{\"@type\":\"WebSite\",\"@id\":\"https:\\\/\\\/www.stxfinance.com\\\/es\\\/#website\",\"url\":\"https:\\\/\\\/www.stxfinance.com\\\/es\\\/\",\"name\":\"STX Finance\",\"description\":\"\",\"publisher\":{\"@id\":\"https:\\\/\\\/www.stxfinance.com\\\/es\\\/#organization\"},\"potentialAction\":[{\"@type\":\"SearchAction\",\"target\":{\"@type\":\"EntryPoint\",\"urlTemplate\":\"https:\\\/\\\/www.stxfinance.com\\\/es\\\/?s={search_term_string}\"},\"query-input\":{\"@type\":\"PropertyValueSpecification\",\"valueRequired\":true,\"valueName\":\"search_term_string\"}}],\"inLanguage\":\"es\"},{\"@type\":\"Organization\",\"@id\":\"https:\\\/\\\/www.stxfinance.com\\\/es\\\/#organization\",\"name\":\"STX Finanzas\",\"url\":\"https:\\\/\\\/www.stxfinance.com\\\/es\\\/\",\"logo\":{\"@type\":\"ImageObject\",\"inLanguage\":\"es\",\"@id\":\"https:\\\/\\\/www.stxfinance.com\\\/es\\\/#\\\/schema\\\/logo\\\/image\\\/\",\"url\":\"https:\\\/\\\/www.stxfinance.com\\\/wp-content\\\/uploads\\\/2025\\\/02\\\/logo.svg\",\"contentUrl\":\"https:\\\/\\\/www.stxfinance.com\\\/wp-content\\\/uploads\\\/2025\\\/02\\\/logo.svg\",\"caption\":\"STX Finanzas\"},\"image\":{\"@id\":\"https:\\\/\\\/www.stxfinance.com\\\/es\\\/#\\\/schema\\\/logo\\\/image\\\/\"}}]}<\/script>\n<!-- \/ Yoast SEO plugin. -->","yoast_head_json":{"title":"Mantenimiento y gesti\u00f3n | STX Finance","description":"Servicios confiables de mantenimiento y gesti\u00f3n para tus veh\u00edculos de lujo.","robots":{"index":"index","follow":"follow","max-snippet":"max-snippet:-1","max-image-preview":"max-image-preview:large","max-video-preview":"max-video-preview:-1"},"canonical":"https:\/\/www.stxfinance.com\/es\/maintenance-and-management\/","og_locale":"es_ES","og_type":"article","og_title":"Mantenimiento y gesti\u00f3n | STX Finance","og_description":"Servicios confiables de mantenimiento y gesti\u00f3n para tus veh\u00edculos de lujo.","og_url":"https:\/\/www.stxfinance.com\/es\/maintenance-and-management\/","og_site_name":"STX Finance","article_modified_time":"2025-05-06T09:11:00+00:00","twitter_card":"summary_large_image","twitter_misc":{"Tiempo de lectura":"3 minutos"},"schema":{"@context":"https:\/\/schema.org","@graph":[{"@type":"WebPage","@id":"https:\/\/www.stxfinance.com\/es\/maintenance-and-management\/","url":"https:\/\/www.stxfinance.com\/es\/maintenance-and-management\/","name":"Mantenimiento y gesti\u00f3n | STX Finance","isPartOf":{"@id":"https:\/\/www.stxfinance.com\/es\/#website"},"datePublished":"2025-02-04T05:17:58+00:00","dateModified":"2025-05-06T09:11:00+00:00","description":"Servicios confiables de mantenimiento y gesti\u00f3n para tus veh\u00edculos de lujo.","breadcrumb":{"@id":"https:\/\/www.stxfinance.com\/es\/maintenance-and-management\/#breadcrumb"},"inLanguage":"es","potentialAction":[{"@type":"ReadAction","target":["https:\/\/www.stxfinance.com\/es\/maintenance-and-management\/"]}]},{"@type":"BreadcrumbList","@id":"https:\/\/www.stxfinance.com\/es\/maintenance-and-management\/#breadcrumb","itemListElement":[{"@type":"ListItem","position":1,"name":"Home","item":"https:\/\/www.stxfinance.com\/es\/"},{"@type":"ListItem","position":2,"name":"Mantenimiento y gesti\u00f3n"}]},{"@type":"WebSite","@id":"https:\/\/www.stxfinance.com\/es\/#website","url":"https:\/\/www.stxfinance.com\/es\/","name":"STX Finance","description":"","publisher":{"@id":"https:\/\/www.stxfinance.com\/es\/#organization"},"potentialAction":[{"@type":"SearchAction","target":{"@type":"EntryPoint","urlTemplate":"https:\/\/www.stxfinance.com\/es\/?s={search_term_string}"},"query-input":{"@type":"PropertyValueSpecification","valueRequired":true,"valueName":"search_term_string"}}],"inLanguage":"es"},{"@type":"Organization","@id":"https:\/\/www.stxfinance.com\/es\/#organization","name":"STX Finanzas","url":"https:\/\/www.stxfinance.com\/es\/","logo":{"@type":"ImageObject","inLanguage":"es","@id":"https:\/\/www.stxfinance.com\/es\/#\/schema\/logo\/image\/","url":"https:\/\/www.stxfinance.com\/wp-content\/uploads\/2025\/02\/logo.svg","contentUrl":"https:\/\/www.stxfinance.com\/wp-content\/uploads\/2025\/02\/logo.svg","caption":"STX Finanzas"},"image":{"@id":"https:\/\/www.stxfinance.com\/es\/#\/schema\/logo\/image\/"}}]}},"_links":{"self":[{"href":"https:\/\/www.stxfinance.com\/es\/wp-json\/wp\/v2\/pages\/2495","targetHints":{"allow":["GET"]}}],"collection":[{"href":"https:\/\/www.stxfinance.com\/es\/wp-json\/wp\/v2\/pages"}],"about":[{"href":"https:\/\/www.stxfinance.com\/es\/wp-json\/wp\/v2\/types\/page"}],"author":[{"embeddable":true,"href":"https:\/\/www.stxfinance.com\/es\/wp-json\/wp\/v2\/users\/2"}],"replies":[{"embeddable":true,"href":"https:\/\/www.stxfinance.com\/es\/wp-json\/wp\/v2\/comments?post=2495"}],"version-history":[{"count":1,"href":"https:\/\/www.stxfinance.com\/es\/wp-json\/wp\/v2\/pages\/2495\/revisions"}],"predecessor-version":[{"id":3162,"href":"https:\/\/www.stxfinance.com\/es\/wp-json\/wp\/v2\/pages\/2495\/revisions\/3162"}],"wp:attachment":[{"href":"https:\/\/www.stxfinance.com\/es\/wp-json\/wp\/v2\/media?parent=2495"}],"curies":[{"name":"wp","href":"https:\/\/api.w.org\/{rel}","templated":true}]}}