{"id":2503,"date":"2025-01-27T07:59:42","date_gmt":"2025-01-27T07:59:42","guid":{"rendered":"https:\/\/www.stxfinance.com\/our-branches\/"},"modified":"2025-12-17T15:21:35","modified_gmt":"2025-12-17T15:21:35","slug":"our-branches","status":"publish","type":"page","link":"https:\/\/www.stxfinance.com\/es\/our-branches\/","title":{"rendered":"Nuestras Delegaciones"},"content":{"rendered":"","protected":false},"excerpt":{"rendered":"","protected":false},"author":2,"featured_media":0,"parent":0,"menu_order":0,"comment_status":"closed","ping_status":"closed","template":"page-templates\/template-our-branches.php","meta":{"_acf_changed":false,"footnotes":""},"class_list":["post-2503","page","type-page","status-publish","hentry"],"acf":{"our_branches_settings":{"":null,"banner_sections":{"banner_heading":"Explora nuestras opciones de leasing","sub_heading":"Explora las opciones de leasing que mejoran tu estilo de vida, ya sea para uso personal, necesidades ecuestres profesionales o para vivir experiencias de viaje de lujo sin igual.","banner_image":1982,"banner_cta":{"title":"CONT\u00c1CTANOS","url":"https:\/\/www.stxfinance.com\/es\/contact-us\/","target":""}},"partner_section":{"partner_heading":"As\u00f3ciate con l\u00edderes del sector","partner_sub_heading":"Descubre las principales marcas de Stephex que ofrecemos con orgullo. \u00bfQuieres formar parte de la comunidad STX Finance? Comprueba c\u00f3mo puedes convertirte en socio y desbloquear nuevas fuentes de ingresos, mejorar tu oferta de productos y atraer a una base de clientes m\u00e1s amplia.  ","partner_cta":{"title":"quieres asociarte","url":"#become-partner","target":""},"partner_logo":[{"logo_image":1699},{"logo_image":1703},{"logo_image":1707},{"logo_image":1699},{"logo_image":1703},{"logo_image":1707},{"logo_image":1699},{"logo_image":1703},{"logo_image":1707}]},"image_blocks":{"partner_block":[{"sub_heading":"Camiones de caballos","heading":"Dise\u00f1ado para la comodidad, la seguridad y el estilo","block_image":1823,"description":"STX Finance, l\u00edder en el sector del transporte de caballos, se enorgullece de ofrecer una gama de camiones para caballos de alta calidad que combinan a la perfecci\u00f3n lujo y funcionalidad. Desde los ic\u00f3nicos camiones STX hasta las caracter\u00edsticas premium de Ketterer y la excepcional funcionalidad de AKX, nuestros camiones para caballos garantizan que tanto t\u00fa como tus caballos viaj\u00e9is con comodidad y estilo. ","cta_button":{"title":"Detalle de la sucursal Camiones ","url":"https:\/\/www.stxfinance.com\/es\/branch-detail-horsetrucks\/","target":""}},{"sub_heading":"Furgoneta","heading":"La elegancia se une a la funcionalidad en cada viaje","block_image":294412,"description":"Del\u00e9itate con el dise\u00f1o refinado y el rendimiento superior de nuestras furgonetas para caballos. Estos veh\u00edculos se construyen pensando en la experiencia de conducci\u00f3n definitiva, proporcionando un viaje suave tanto para ti como para tus caballos. Tanto si recorres distancias cortas como si te embarcas en viajes m\u00e1s largos, nuestras furgonetas para caballos garantizan comodidad, seguridad y fiabilidad. Elige entre una gran variedad de modelos y descubre c\u00f3mo nuestra selecci\u00f3n de furgonetas para caballos puede adaptarse perfectamente a tus necesidades.   ","cta_button":{"title":"Detalle de la rama furgoneta","url":"https:\/\/www.stxfinance.com\/es\/branch-detail-horsevans\/","target":""}},{"sub_heading":"Motorhomes","heading":"Tu casa de lujo en la carretera","block_image":1831,"description":"STX Finance ofrece una excelente selecci\u00f3n de autocaravanas que redefinen el confort y la comodidad para quienes buscan viajar con estilo. Nuestras autocaravanas proporcionan algo m\u00e1s que transporte: ofrecen una experiencia de vida de lujo en movimiento, perfecta tanto para los entusiastas del motor como para los profesionales. ","cta_button":{"title":"Rama Detalle motorhomes","url":"https:\/\/www.stxfinance.com\/es\/branch-detail-motorhomes\/","target":""}},{"sub_heading":"Coches de lujo","heading":"Elegancia y rendimiento incomparables","block_image":242151,"description":"Para quienes valoran la sofisticaci\u00f3n y las prestaciones de primer nivel, nuestras opciones de alquiler de coches de lujo est\u00e1n dise\u00f1adas para satisfacer tus m\u00e1s altas expectativas. Colaboramos con una selecci\u00f3n de talleres de primera clase para proporcionarte acceso a una impresionante gama de veh\u00edculos, desde deportivos a elegantes sedanes. Si tienes en mente un coche concreto para arrendar y quieres aprovechar las soluciones de financiaci\u00f3n de STX Finance, te invitamos a que nos hagas una consulta.  ","cta_button":{"title":"Rama Detalle Coches de Lujo","url":"https:\/\/www.stxfinance.com\/es\/branch-detail-cars\/","target":""}}],"partner_block_button":[{"sub_heading":"Yate de lujo","heading":"Experimenta el lujo sobre el agua","block_image":23160,"description":"STX Finance tambi\u00e9n ofrece opciones exclusivas de leasing para yates de lujo. Trabajamos con talleres y corredores de renombre selectos para ofrecerte acceso a una impresionante selecci\u00f3n de yates. Si tienes en mente un yate concreto para arrendar y quieres beneficiarte de las soluciones de financiaci\u00f3n de STX Finance, te animamos a que hagas una consulta y descubras la belleza y el rendimiento que te esperan.  ","cta_1":{"title":"Pr\u00f3ximamente","url":"#","target":""},"cta_2":{"title":"Ponte en contacto","url":"https:\/\/www.stxfinance.com\/es\/contact-us\/","target":""}},{"sub_heading":"","heading":"Desbloquear oportunidades \u00fanicas","block_image":1843,"description":"STX Finance se especializa en soluciones de arrendamiento exclusivas adaptadas a tus necesidades, sin importar el sector o la complejidad del producto. Tanto si buscas arrendar art\u00edculos que tradicionalmente son dif\u00edciles de financiar como si est\u00e1s explorando nuevas ideas, nuestros expertos financieros se dedican a encontrar la soluci\u00f3n adecuada para ti. S\u00f3lo tienes que enviarnos una consulta y haremos todo lo posible para elaborar un plan financiero que haga realidad tu visi\u00f3n.  ","cta_1":"","cta_2":{"title":"ponte en contacto","url":"https:\/\/www.stxfinance.com\/es\/contact-us\/","target":""}}]},"for_partner":{"partner_for_image":1679,"bp_heading":"Para los socios:","bp_sub_heading":"Al formar parte de nuestra red, puedes ampliar tu base de clientes y acceder a soluciones de leasing de vanguardia adaptadas a las diversas necesidades de los clientes. Nos comprometemos a apoyar a nuestros socios mediante condiciones de arrendamiento competitivas, plataformas de arrendamiento innovadoras y apoyo de marketing para ayudarte a hacer crecer tu negocio. ","benefits":[{"benefits_text":"  Lo que ganas como socio:","bp_icon":""},{"benefits_text":"  Plataforma de arrendamiento automatizada para una gesti\u00f3n sin fisuras","bp_icon":1683},{"benefits_text":"Apoyo en todo el proceso de arrendamiento, desde la solicitud hasta el contrato","bp_icon":1687},{"benefits_text":"Alcance internacional para ampliar el acceso de los clientes","bp_icon":1691},{"benefits_text":"  Apoyo integral a los socios","bp_icon":1695}],"cta_note":"\u00bfListo para asociarte con nosotros?","cta_button":{"title":"Contacta con nosotras","url":"https:\/\/www.stxfinance.com\/es\/contact-us\/","target":""}}},"faqs_sections":{"heading":"","description":"","faq_list":null,"cta_link":null}},"yoast_head":"<!-- This site is optimized with the Yoast SEO plugin v27.5 - https:\/\/yoast.com\/product\/yoast-seo-wordpress\/ -->\n<title>Nuestras Delegaciones | STX Finance<\/title>\n<meta name=\"description\" content=\"Descubre nuestras delegaciones y accede a soluciones financieras a tu medida cerca de ti.\" \/>\n<meta name=\"robots\" content=\"index, follow, max-snippet:-1, max-image-preview:large, max-video-preview:-1\" \/>\n<link rel=\"canonical\" href=\"https:\/\/www.stxfinance.com\/es\/our-branches\/\" \/>\n<meta property=\"og:locale\" content=\"es_ES\" \/>\n<meta property=\"og:type\" content=\"article\" \/>\n<meta property=\"og:title\" content=\"Nuestras Delegaciones | STX Finance\" \/>\n<meta property=\"og:description\" content=\"Descubre nuestras delegaciones y accede a soluciones financieras a tu medida cerca de ti.\" \/>\n<meta property=\"og:url\" content=\"https:\/\/www.stxfinance.com\/es\/our-branches\/\" \/>\n<meta property=\"og:site_name\" content=\"STX Finance\" \/>\n<meta property=\"article:modified_time\" content=\"2025-12-17T15:21:35+00:00\" \/>\n<meta name=\"twitter:card\" content=\"summary_large_image\" \/>\n<meta name=\"twitter:label1\" content=\"Tiempo de lectura\" \/>\n\t<meta name=\"twitter:data1\" content=\"8 minutos\" \/>\n<script type=\"application\/ld+json\" class=\"yoast-schema-graph\">{\"@context\":\"https:\\\/\\\/schema.org\",\"@graph\":[{\"@type\":\"WebPage\",\"@id\":\"https:\\\/\\\/www.stxfinance.com\\\/es\\\/our-branches\\\/\",\"url\":\"https:\\\/\\\/www.stxfinance.com\\\/es\\\/our-branches\\\/\",\"name\":\"Nuestras Delegaciones | STX Finance\",\"isPartOf\":{\"@id\":\"https:\\\/\\\/www.stxfinance.com\\\/es\\\/#website\"},\"datePublished\":\"2025-01-27T07:59:42+00:00\",\"dateModified\":\"2025-12-17T15:21:35+00:00\",\"description\":\"Descubre nuestras delegaciones y accede a soluciones financieras a tu medida cerca de ti.\",\"breadcrumb\":{\"@id\":\"https:\\\/\\\/www.stxfinance.com\\\/es\\\/our-branches\\\/#breadcrumb\"},\"inLanguage\":\"es\",\"potentialAction\":[{\"@type\":\"ReadAction\",\"target\":[\"https:\\\/\\\/www.stxfinance.com\\\/es\\\/our-branches\\\/\"]}]},{\"@type\":\"BreadcrumbList\",\"@id\":\"https:\\\/\\\/www.stxfinance.com\\\/es\\\/our-branches\\\/#breadcrumb\",\"itemListElement\":[{\"@type\":\"ListItem\",\"position\":1,\"name\":\"Home\",\"item\":\"https:\\\/\\\/www.stxfinance.com\\\/es\\\/\"},{\"@type\":\"ListItem\",\"position\":2,\"name\":\"Nuestras Delegaciones\"}]},{\"@type\":\"WebSite\",\"@id\":\"https:\\\/\\\/www.stxfinance.com\\\/es\\\/#website\",\"url\":\"https:\\\/\\\/www.stxfinance.com\\\/es\\\/\",\"name\":\"STX Finance\",\"description\":\"\",\"publisher\":{\"@id\":\"https:\\\/\\\/www.stxfinance.com\\\/es\\\/#organization\"},\"potentialAction\":[{\"@type\":\"SearchAction\",\"target\":{\"@type\":\"EntryPoint\",\"urlTemplate\":\"https:\\\/\\\/www.stxfinance.com\\\/es\\\/?s={search_term_string}\"},\"query-input\":{\"@type\":\"PropertyValueSpecification\",\"valueRequired\":true,\"valueName\":\"search_term_string\"}}],\"inLanguage\":\"es\"},{\"@type\":\"Organization\",\"@id\":\"https:\\\/\\\/www.stxfinance.com\\\/es\\\/#organization\",\"name\":\"STX Finanzas\",\"url\":\"https:\\\/\\\/www.stxfinance.com\\\/es\\\/\",\"logo\":{\"@type\":\"ImageObject\",\"inLanguage\":\"es\",\"@id\":\"https:\\\/\\\/www.stxfinance.com\\\/es\\\/#\\\/schema\\\/logo\\\/image\\\/\",\"url\":\"https:\\\/\\\/www.stxfinance.com\\\/wp-content\\\/uploads\\\/2025\\\/02\\\/logo.svg\",\"contentUrl\":\"https:\\\/\\\/www.stxfinance.com\\\/wp-content\\\/uploads\\\/2025\\\/02\\\/logo.svg\",\"caption\":\"STX Finanzas\"},\"image\":{\"@id\":\"https:\\\/\\\/www.stxfinance.com\\\/es\\\/#\\\/schema\\\/logo\\\/image\\\/\"}}]}<\/script>\n<!-- \/ Yoast SEO plugin. -->","yoast_head_json":{"title":"Nuestras Delegaciones | STX Finance","description":"Descubre nuestras delegaciones y accede a soluciones financieras a tu medida cerca de ti.","robots":{"index":"index","follow":"follow","max-snippet":"max-snippet:-1","max-image-preview":"max-image-preview:large","max-video-preview":"max-video-preview:-1"},"canonical":"https:\/\/www.stxfinance.com\/es\/our-branches\/","og_locale":"es_ES","og_type":"article","og_title":"Nuestras Delegaciones | STX Finance","og_description":"Descubre nuestras delegaciones y accede a soluciones financieras a tu medida cerca de ti.","og_url":"https:\/\/www.stxfinance.com\/es\/our-branches\/","og_site_name":"STX Finance","article_modified_time":"2025-12-17T15:21:35+00:00","twitter_card":"summary_large_image","twitter_misc":{"Tiempo de lectura":"8 minutos"},"schema":{"@context":"https:\/\/schema.org","@graph":[{"@type":"WebPage","@id":"https:\/\/www.stxfinance.com\/es\/our-branches\/","url":"https:\/\/www.stxfinance.com\/es\/our-branches\/","name":"Nuestras Delegaciones | STX Finance","isPartOf":{"@id":"https:\/\/www.stxfinance.com\/es\/#website"},"datePublished":"2025-01-27T07:59:42+00:00","dateModified":"2025-12-17T15:21:35+00:00","description":"Descubre nuestras delegaciones y accede a soluciones financieras a tu medida cerca de ti.","breadcrumb":{"@id":"https:\/\/www.stxfinance.com\/es\/our-branches\/#breadcrumb"},"inLanguage":"es","potentialAction":[{"@type":"ReadAction","target":["https:\/\/www.stxfinance.com\/es\/our-branches\/"]}]},{"@type":"BreadcrumbList","@id":"https:\/\/www.stxfinance.com\/es\/our-branches\/#breadcrumb","itemListElement":[{"@type":"ListItem","position":1,"name":"Home","item":"https:\/\/www.stxfinance.com\/es\/"},{"@type":"ListItem","position":2,"name":"Nuestras Delegaciones"}]},{"@type":"WebSite","@id":"https:\/\/www.stxfinance.com\/es\/#website","url":"https:\/\/www.stxfinance.com\/es\/","name":"STX Finance","description":"","publisher":{"@id":"https:\/\/www.stxfinance.com\/es\/#organization"},"potentialAction":[{"@type":"SearchAction","target":{"@type":"EntryPoint","urlTemplate":"https:\/\/www.stxfinance.com\/es\/?s={search_term_string}"},"query-input":{"@type":"PropertyValueSpecification","valueRequired":true,"valueName":"search_term_string"}}],"inLanguage":"es"},{"@type":"Organization","@id":"https:\/\/www.stxfinance.com\/es\/#organization","name":"STX Finanzas","url":"https:\/\/www.stxfinance.com\/es\/","logo":{"@type":"ImageObject","inLanguage":"es","@id":"https:\/\/www.stxfinance.com\/es\/#\/schema\/logo\/image\/","url":"https:\/\/www.stxfinance.com\/wp-content\/uploads\/2025\/02\/logo.svg","contentUrl":"https:\/\/www.stxfinance.com\/wp-content\/uploads\/2025\/02\/logo.svg","caption":"STX Finanzas"},"image":{"@id":"https:\/\/www.stxfinance.com\/es\/#\/schema\/logo\/image\/"}}]}},"_links":{"self":[{"href":"https:\/\/www.stxfinance.com\/es\/wp-json\/wp\/v2\/pages\/2503","targetHints":{"allow":["GET"]}}],"collection":[{"href":"https:\/\/www.stxfinance.com\/es\/wp-json\/wp\/v2\/pages"}],"about":[{"href":"https:\/\/www.stxfinance.com\/es\/wp-json\/wp\/v2\/types\/page"}],"author":[{"embeddable":true,"href":"https:\/\/www.stxfinance.com\/es\/wp-json\/wp\/v2\/users\/2"}],"replies":[{"embeddable":true,"href":"https:\/\/www.stxfinance.com\/es\/wp-json\/wp\/v2\/comments?post=2503"}],"version-history":[{"count":5,"href":"https:\/\/www.stxfinance.com\/es\/wp-json\/wp\/v2\/pages\/2503\/revisions"}],"predecessor-version":[{"id":294461,"href":"https:\/\/www.stxfinance.com\/es\/wp-json\/wp\/v2\/pages\/2503\/revisions\/294461"}],"wp:attachment":[{"href":"https:\/\/www.stxfinance.com\/es\/wp-json\/wp\/v2\/media?parent=2503"}],"curies":[{"name":"wp","href":"https:\/\/api.w.org\/{rel}","templated":true}]}}