{"id":2523,"date":"2025-01-23T07:54:24","date_gmt":"2025-01-23T07:54:24","guid":{"rendered":"https:\/\/www.stxfinance.com\/why-leasing\/"},"modified":"2025-06-12T15:03:19","modified_gmt":"2025-06-12T15:03:19","slug":"why-leasing","status":"publish","type":"page","link":"https:\/\/www.stxfinance.com\/es\/why-leasing\/","title":{"rendered":"Por qu\u00e9 el leasing"},"content":{"rendered":"","protected":false},"excerpt":{"rendered":"","protected":false},"author":2,"featured_media":0,"parent":0,"menu_order":0,"comment_status":"closed","ping_status":"closed","template":"page-templates\/template-why-leasing.php","meta":{"_acf_changed":false,"footnotes":""},"class_list":["post-2523","page","type-page","status-publish","hentry"],"acf":{"why_leasing_settings":{"":null,"banner_slider_sections":{"banner_slider":[{"heading":"Descubra por qu\u00e9 el leasing es la opci\u00f3n m\u00e1s inteligente con STX Finance  ","bg_image":2202,"features":[{"number":"35+","text":"A\u00f1os de experiencia  "},{"number":"3,500+  ","text":"Flota de veh\u00edculos  "},{"number":"500+","text":"Empleados"}]}]},"about_sections":{"heading":"Sobre el Leasing","sub_heading":"Disfrute de los \u00faltimos veh\u00edculos de gama alta sin el compromiso de propiedad a largo plazo","about_row":[{"features":"Leasing \u00fanico","icon_image":2206},{"features":"Soluciones rentables","icon_image":2210},{"features":"Comodidad y asistencia","icon_image":2214}],"video_file":2218,"placeholder_image":2222,"cta_button":{"title":"Contacta con nosotros","url":"https:\/\/www.stxfinance.com\/es\/contact-us\/","target":""}},"specification_sections":{"heading":"Lo que nos diferencia","description":"Nuestra experiencia, acumulada durante d\u00e9cadas en el sector, le garantiza la mejor experiencia de arrendamiento posible.  ","specification_row":[{"specification_title":"Tranquilidad total","description":"Competencia de calidad con 35 a\u00f1os de experiencia y conocimientos del sector","icon_url":2226,"image_url":2230},{"specification_title":"Servicios financieros fiables","description":"Soluciones financieras seguras respaldadas por nuestra red de socios financieros","icon_url":2234,"image_url":2238},{"specification_title":"Proceso de aprobaci\u00f3n eficiente","description":"Simplicidad financiera gracias a la escasa documentaci\u00f3n requerida","icon_url":2242,"image_url":2246},{"specification_title":"Productores directos de nuestros productos principales","description":"Nuestra experiencia demostrada y nuestra producci\u00f3n directa nos permiten ofrecer soluciones a medida con acceso a los \u00faltimos modelos, una calidad excepcional y opciones personalizadas.","icon_url":2250,"image_url":2254},{"specification_title":"Proceso de leasing impecable","description":"El arrendamiento se apoya en un panel de control en l\u00ednea y una app","icon_url":2258,"image_url":2262},{"specification_title":"Soluciones para el tiempo de inactividad","description":"Accesibilidad a una amplia gama de servicios de gesti\u00f3n de veh\u00edculos","icon_url":2266,"image_url":2270}]},"leasing_sections":{"heading":"Decisi\u00f3n de Leasing","description":"Decidir si alquilar o comprar un veh\u00edculo puede ser todo un reto. Sin embargo, si usted se est\u00e1 preguntando por qu\u00e9 arrendar con nosotros, la respuesta est\u00e1 en la flexibilidad, simplicidad y valor a largo plazo que ofrecemos. El leasing con STX Finance es a menudo la mejor opci\u00f3n si usted prefiere t\u00e9rminos flexibles de contrato, actualizaciones regulares de veh\u00edculos, y los costos iniciales m\u00e1s bajos. Si el mantenimiento de una flota de veh\u00edculos es parte de su estrategia de negocio, el leasing garantiza que su flota siga siendo moderna y rentable.     \r\n\r\nSolicita hoy mismo una oferta de leasing de STX Finance y descubre las ventajas por ti mismo.\r\n","cta_button":{"title":"Contacta con nosotras","url":"https:\/\/www.stxfinance.com\/es\/contact-us\/","target":""},"accordion_section":[{"heading":"Ventajas y desventajas","accordion_value":[{"acf_fc_layout":"pron_cons_section","advantages_heading":"Ventajas","advantages_row":[{"heading":"Conducir veh\u00edculos nuevos","description":"El leasing le permite elegir entre los modelos de veh\u00edculos m\u00e1s actuales, todos ellos equipados con la \u00faltima tecnolog\u00eda y avanzados elementos de seguridad.  "},{"heading":"Costes fijos previsibles","description":"El leasing con STX Finance proporciona estabilidad financiera mediante pagos mensuales fijos, ayud\u00e1ndote a gestionar tu presupuesto con facilidad."},{"heading":"Menores costes iniciales","description":"El leasing suele requerir un pago inicial menor y unas cuotas mensuales m\u00e1s bajas que la compra.  "},{"heading":"No te preocupes por la depreciaci\u00f3n","description":"El leasing le protege de una depreciaci\u00f3n inesperada. Cuando compras un coche, su valor suele bajar en cuanto lo sacas del concesionario.   "}],"disadvantages_heading":"Desventajas","disadvantages_row":[{"heading":"Contrato fijo","description":"Si cambias de opini\u00f3n y devuelves el veh\u00edculo antes de que finalice el contrato, suele aplicarse una comisi\u00f3n por cancelaci\u00f3n anticipada.  "},{"heading":"Responsabilidades de mantenimiento","description":"Durante el periodo de alquiler, eres responsable de mantener el veh\u00edculo en buen estado y de devolverlo en un estado aceptable al final del contrato."},{"heading":"Uso restringido","description":"Los contratos de arrendamiento pueden incluir limitaciones a las actividades comerciales o a la participaci\u00f3n en determinados servicios, como el uso compartido de veh\u00edculos o el subarrendamiento.  "}]}]},{"heading":"Leasing financiero frente a compra: \u00bfqu\u00e9 te conviene m\u00e1s?","accordion_value":[{"acf_fc_layout":"table_section","table_heading":[{"table_heading":"Beneficios"},{"table_heading":"Arrendamiento"},{"table_heading":"Comprar"}],"table_value":[{"benefit_name":"Menor coste inicial","yes_no_col2":true,"yes_no_col3":false},{"benefit_name":"Impuesto de circulaci\u00f3n incluido","yes_no_col2":true,"yes_no_col3":false},{"benefit_name":"Cobertura de seguro proporcionada","yes_no_col2":true,"yes_no_col3":false},{"benefit_name":"Opci\u00f3n de personalizaci\u00f3n","yes_no_col2":true,"yes_no_col3":false},{"benefit_name":"Veh\u00edculo nuevo cada pocos a\u00f1os","yes_no_col2":true,"yes_no_col3":false},{"benefit_name":"Plena propiedad del veh\u00edculo","yes_no_col2":false,"yes_no_col3":true},{"benefit_name":"Opci\u00f3n de vender el veh\u00edculo","yes_no_col2":false,"yes_no_col3":true},{"benefit_name":"Sin l\u00edmite de kilometraje","yes_no_col2":false,"yes_no_col3":true}]}]},{"heading":"C\u00f3mo funciona el leasing con STX finance","accordion_value":[{"acf_fc_layout":"list_section","list_heading":"\u00a1Es as\u00ed de r\u00e1pido y f\u00e1cil!","list_row":[{"text":"P\u00f3ngase en contacto y reciba una simulaci\u00f3n de leasing personalizada en 24 horas para el veh\u00edculo de su elecci\u00f3n.","has_model":false,"model_id":null},{"text":"Entregar una lista reducida de documentos de financiaci\u00f3n a un responsable de leasing.","has_model":false,"model_id":{"title":"view docs","url":"doc-required-modal","target":""}},{"text":"Consigue una aprobaci\u00f3n r\u00e1pida","has_model":false,"model_id":null},{"text":"Nuestro equipo matricular\u00e1 su veh\u00edculo y lo preparar\u00e1 para su uso.","has_model":false,"model_id":{"title":"ver documentos","url":"http:\/\/doc-required-modal","target":""}},{"text":"Entrega profesional con explicaciones","has_model":false,"model_id":null},{"text":"Nuestro equipo registrar\u00e1 su veh\u00edculo y lo preparar\u00e1 para su uso.","has_model":false,"model_id":null},{"text":"Entrega profesional con explicaci\u00f3n y orientaci\u00f3n.","has_model":false,"model_id":null},{"text":"Sea bienvenido a la comunidad Stephex, obtenga beneficios y mant\u00e9ngase conectado a trav\u00e9s de la aplicaci\u00f3n","has_model":false,"model_id":null}]}]},{"heading":"Fin del contrato","accordion_value":[{"acf_fc_layout":"grid_section","intro_text":"Cuando tu contrato de alquiler con STX Finance llegue a su fin, tienes varias opciones c\u00f3modas entre las que elegir:","grid_row":[{"heading":"Comprar tu veh\u00edculo","icon_image":2274,"description":"Si quieres quedarte con el veh\u00edculo alquilado, puedes optar por comprarlo al final del periodo de alquiler.  ","model_link":null},{"heading":"Actualizar a un nuevo modelo","icon_image":2278,"description":"Al final de tu alquiler, puedes devolver tu veh\u00edculo actual y alquilar un modelo m\u00e1s nuevo con las \u00faltimas caracter\u00edsticas y tecnolog\u00eda, lo que te permite estar al d\u00eda sin el compromiso de la propiedad.","model_link":null},{"heading":"Devoluci\u00f3n del veh\u00edculo","icon_image":2282,"description":"Si quieres poner fin al contrato sin comprar ni cambiar de categor\u00eda, puedes devolver el veh\u00edculo a la empresa de leasing.  ","model_link":null},{"heading":"Gu\u00eda para devolver tu veh\u00edculo","icon_image":2286,"description":"El proceso de devoluci\u00f3n no debe preocuparte. S\u00f3lo tienes que seguir nuestros sencillos pasos para devolverlo a su estado ideal sin esfuerzo.   ","model_link":""}]}]}]},"cta_sections":{"section_heading":"\u201cPronto te haremos la vida m\u00e1s f\u00e1cil\u201d","cta_button":{"title":"Descargar la aplicaci\u00f3n STX","url":"https:\/\/www.stxfinance.com\/es\/download-stx-app\/","target":""}},"community_sections":{"heading":"\u00danase a la comunidad STX Finance","description":"Gestione su contrato de alquiler con facilidad utilizando nuestros servicios online. Nuestra plataforma te permite reservar citas de servicio, acceder a tus facturas, ajustar tu contrato y mucho m\u00e1s, todo desde un c\u00f3modo panel de control. ","page_row":[{"heading":"Programar mantenimiento o reparaciones (s\u00f3lo veh\u00edculos SX)","image_icon":2290,"page_link":{"title":"Descargar la aplicaci\u00f3n STX","url":"https:\/\/www.stxfinance.com\/es\/download-stx-app\/","target":""}},{"heading":"Accede a tus facturas de leasing","image_icon":2294,"page_link":{"title":"Descargar la aplicaci\u00f3n STX","url":"https:\/\/www.stxfinance.com\/es\/download-stx-app\/","target":""}},{"heading":"Gestiona tu contrato","image_icon":2298,"page_link":{"title":"Descargar la aplicaci\u00f3n STX","url":"https:\/\/www.stxfinance.com\/es\/download-stx-app\/","target":""}}],"section_image":2302},"faqs_sections":{"heading":"Preguntas frecuentes","description":"\u00bfTienes preguntas? Tenemos respuestas Aqu\u00ed encontrar\u00e1s soluciones r\u00e1pidas y sencillas a las preguntas m\u00e1s habituales, como por qu\u00e9 alquilar con nosotros suele ser la opci\u00f3n m\u00e1s inteligente por su flexibilidad, asequibilidad y comodidad. ","faq_list":[2395,2438,2537],"cta_link":{"title":"Ver todo","url":"https:\/\/www.stxfinance.com\/es\/faqs\/","target":""}},"documents_modals":{"heading":"Documentos necesarios para el arrendamiento","description":"\u00a1Arrendar un veh\u00edculo con STX es f\u00e1cil! Facilita los siguientes documentos: ","section_image":2110,"list":[{"list_text":"Prueba de identidad <span>(pasaporte o carn\u00e9 de conducir)<\/span>"},{"list_text":"Datos personales de contacto"},{"list_text":"Informaci\u00f3n sobre la empresa"},{"list_text":"Para el arrendamiento privado, se requerir\u00e1 alguna documentaci\u00f3n adicional"}]},"returning_vehicle_modals":{"heading":"Gu\u00eda para devolver tu veh\u00edculo","description":"A medida que tu contrato con STX Finance se acerca a su fin, queremos que el proceso de devoluci\u00f3n sea lo m\u00e1s sencillo y rentable posible. Para ayudarte a evitar cargos innecesarios, hemos preparado esta gu\u00eda para resumir el proceso de devoluci\u00f3n del veh\u00edculo y lo que se espera de ti, de acuerdo con nuestra pol\u00edtica.   ","cta_link":{"title":"ver documentos","url":"#","target":""}}}},"yoast_head":"<!-- This site is optimized with the Yoast SEO plugin v27.5 - https:\/\/yoast.com\/product\/yoast-seo-wordpress\/ -->\n<title>Por qu\u00e9 el leasing | STX Finance<\/title>\n<meta name=\"description\" content=\"Descubre por qu\u00e9 el leasing es la opci\u00f3n ideal para financiar veh\u00edculos de lujo de forma flexible.\" \/>\n<meta name=\"robots\" content=\"index, follow, max-snippet:-1, max-image-preview:large, max-video-preview:-1\" \/>\n<link rel=\"canonical\" href=\"https:\/\/www.stxfinance.com\/es\/why-leasing\/\" \/>\n<meta property=\"og:locale\" content=\"es_ES\" \/>\n<meta property=\"og:type\" content=\"article\" \/>\n<meta property=\"og:title\" content=\"Por qu\u00e9 el leasing | STX Finance\" \/>\n<meta property=\"og:description\" content=\"Descubre por qu\u00e9 el leasing es la opci\u00f3n ideal para financiar veh\u00edculos de lujo de forma flexible.\" \/>\n<meta property=\"og:url\" content=\"https:\/\/www.stxfinance.com\/es\/why-leasing\/\" \/>\n<meta property=\"og:site_name\" content=\"STX Finance\" \/>\n<meta property=\"article:modified_time\" content=\"2025-06-12T15:03:19+00:00\" \/>\n<meta name=\"twitter:card\" content=\"summary_large_image\" \/>\n<meta name=\"twitter:label1\" content=\"Tiempo de lectura\" \/>\n\t<meta name=\"twitter:data1\" content=\"10 minutos\" \/>\n<script type=\"application\/ld+json\" class=\"yoast-schema-graph\">{\"@context\":\"https:\\\/\\\/schema.org\",\"@graph\":[{\"@type\":\"WebPage\",\"@id\":\"https:\\\/\\\/www.stxfinance.com\\\/es\\\/why-leasing\\\/\",\"url\":\"https:\\\/\\\/www.stxfinance.com\\\/es\\\/why-leasing\\\/\",\"name\":\"Por qu\u00e9 el leasing | STX Finance\",\"isPartOf\":{\"@id\":\"https:\\\/\\\/www.stxfinance.com\\\/es\\\/#website\"},\"datePublished\":\"2025-01-23T07:54:24+00:00\",\"dateModified\":\"2025-06-12T15:03:19+00:00\",\"description\":\"Descubre por qu\u00e9 el leasing es la opci\u00f3n ideal para financiar veh\u00edculos de lujo de forma flexible.\",\"breadcrumb\":{\"@id\":\"https:\\\/\\\/www.stxfinance.com\\\/es\\\/why-leasing\\\/#breadcrumb\"},\"inLanguage\":\"es\",\"potentialAction\":[{\"@type\":\"ReadAction\",\"target\":[\"https:\\\/\\\/www.stxfinance.com\\\/es\\\/why-leasing\\\/\"]}]},{\"@type\":\"BreadcrumbList\",\"@id\":\"https:\\\/\\\/www.stxfinance.com\\\/es\\\/why-leasing\\\/#breadcrumb\",\"itemListElement\":[{\"@type\":\"ListItem\",\"position\":1,\"name\":\"Home\",\"item\":\"https:\\\/\\\/www.stxfinance.com\\\/es\\\/\"},{\"@type\":\"ListItem\",\"position\":2,\"name\":\"Por qu\u00e9 el leasing\"}]},{\"@type\":\"WebSite\",\"@id\":\"https:\\\/\\\/www.stxfinance.com\\\/es\\\/#website\",\"url\":\"https:\\\/\\\/www.stxfinance.com\\\/es\\\/\",\"name\":\"STX Finance\",\"description\":\"\",\"publisher\":{\"@id\":\"https:\\\/\\\/www.stxfinance.com\\\/es\\\/#organization\"},\"potentialAction\":[{\"@type\":\"SearchAction\",\"target\":{\"@type\":\"EntryPoint\",\"urlTemplate\":\"https:\\\/\\\/www.stxfinance.com\\\/es\\\/?s={search_term_string}\"},\"query-input\":{\"@type\":\"PropertyValueSpecification\",\"valueRequired\":true,\"valueName\":\"search_term_string\"}}],\"inLanguage\":\"es\"},{\"@type\":\"Organization\",\"@id\":\"https:\\\/\\\/www.stxfinance.com\\\/es\\\/#organization\",\"name\":\"STX Finanzas\",\"url\":\"https:\\\/\\\/www.stxfinance.com\\\/es\\\/\",\"logo\":{\"@type\":\"ImageObject\",\"inLanguage\":\"es\",\"@id\":\"https:\\\/\\\/www.stxfinance.com\\\/es\\\/#\\\/schema\\\/logo\\\/image\\\/\",\"url\":\"https:\\\/\\\/www.stxfinance.com\\\/wp-content\\\/uploads\\\/2025\\\/02\\\/logo.svg\",\"contentUrl\":\"https:\\\/\\\/www.stxfinance.com\\\/wp-content\\\/uploads\\\/2025\\\/02\\\/logo.svg\",\"caption\":\"STX Finanzas\"},\"image\":{\"@id\":\"https:\\\/\\\/www.stxfinance.com\\\/es\\\/#\\\/schema\\\/logo\\\/image\\\/\"}}]}<\/script>\n<!-- \/ Yoast SEO plugin. -->","yoast_head_json":{"title":"Por qu\u00e9 el leasing | STX Finance","description":"Descubre por qu\u00e9 el leasing es la opci\u00f3n ideal para financiar veh\u00edculos de lujo de forma flexible.","robots":{"index":"index","follow":"follow","max-snippet":"max-snippet:-1","max-image-preview":"max-image-preview:large","max-video-preview":"max-video-preview:-1"},"canonical":"https:\/\/www.stxfinance.com\/es\/why-leasing\/","og_locale":"es_ES","og_type":"article","og_title":"Por qu\u00e9 el leasing | STX Finance","og_description":"Descubre por qu\u00e9 el leasing es la opci\u00f3n ideal para financiar veh\u00edculos de lujo de forma flexible.","og_url":"https:\/\/www.stxfinance.com\/es\/why-leasing\/","og_site_name":"STX Finance","article_modified_time":"2025-06-12T15:03:19+00:00","twitter_card":"summary_large_image","twitter_misc":{"Tiempo de lectura":"10 minutos"},"schema":{"@context":"https:\/\/schema.org","@graph":[{"@type":"WebPage","@id":"https:\/\/www.stxfinance.com\/es\/why-leasing\/","url":"https:\/\/www.stxfinance.com\/es\/why-leasing\/","name":"Por qu\u00e9 el leasing | STX Finance","isPartOf":{"@id":"https:\/\/www.stxfinance.com\/es\/#website"},"datePublished":"2025-01-23T07:54:24+00:00","dateModified":"2025-06-12T15:03:19+00:00","description":"Descubre por qu\u00e9 el leasing es la opci\u00f3n ideal para financiar veh\u00edculos de lujo de forma flexible.","breadcrumb":{"@id":"https:\/\/www.stxfinance.com\/es\/why-leasing\/#breadcrumb"},"inLanguage":"es","potentialAction":[{"@type":"ReadAction","target":["https:\/\/www.stxfinance.com\/es\/why-leasing\/"]}]},{"@type":"BreadcrumbList","@id":"https:\/\/www.stxfinance.com\/es\/why-leasing\/#breadcrumb","itemListElement":[{"@type":"ListItem","position":1,"name":"Home","item":"https:\/\/www.stxfinance.com\/es\/"},{"@type":"ListItem","position":2,"name":"Por qu\u00e9 el leasing"}]},{"@type":"WebSite","@id":"https:\/\/www.stxfinance.com\/es\/#website","url":"https:\/\/www.stxfinance.com\/es\/","name":"STX Finance","description":"","publisher":{"@id":"https:\/\/www.stxfinance.com\/es\/#organization"},"potentialAction":[{"@type":"SearchAction","target":{"@type":"EntryPoint","urlTemplate":"https:\/\/www.stxfinance.com\/es\/?s={search_term_string}"},"query-input":{"@type":"PropertyValueSpecification","valueRequired":true,"valueName":"search_term_string"}}],"inLanguage":"es"},{"@type":"Organization","@id":"https:\/\/www.stxfinance.com\/es\/#organization","name":"STX Finanzas","url":"https:\/\/www.stxfinance.com\/es\/","logo":{"@type":"ImageObject","inLanguage":"es","@id":"https:\/\/www.stxfinance.com\/es\/#\/schema\/logo\/image\/","url":"https:\/\/www.stxfinance.com\/wp-content\/uploads\/2025\/02\/logo.svg","contentUrl":"https:\/\/www.stxfinance.com\/wp-content\/uploads\/2025\/02\/logo.svg","caption":"STX Finanzas"},"image":{"@id":"https:\/\/www.stxfinance.com\/es\/#\/schema\/logo\/image\/"}}]}},"_links":{"self":[{"href":"https:\/\/www.stxfinance.com\/es\/wp-json\/wp\/v2\/pages\/2523","targetHints":{"allow":["GET"]}}],"collection":[{"href":"https:\/\/www.stxfinance.com\/es\/wp-json\/wp\/v2\/pages"}],"about":[{"href":"https:\/\/www.stxfinance.com\/es\/wp-json\/wp\/v2\/types\/page"}],"author":[{"embeddable":true,"href":"https:\/\/www.stxfinance.com\/es\/wp-json\/wp\/v2\/users\/2"}],"replies":[{"embeddable":true,"href":"https:\/\/www.stxfinance.com\/es\/wp-json\/wp\/v2\/comments?post=2523"}],"version-history":[{"count":11,"href":"https:\/\/www.stxfinance.com\/es\/wp-json\/wp\/v2\/pages\/2523\/revisions"}],"predecessor-version":[{"id":23128,"href":"https:\/\/www.stxfinance.com\/es\/wp-json\/wp\/v2\/pages\/2523\/revisions\/23128"}],"wp:attachment":[{"href":"https:\/\/www.stxfinance.com\/es\/wp-json\/wp\/v2\/media?parent=2523"}],"curies":[{"name":"wp","href":"https:\/\/api.w.org\/{rel}","templated":true}]}}