{"id":2995,"date":"2025-04-08T13:01:03","date_gmt":"2025-04-08T13:01:03","guid":{"rendered":"https:\/\/www.stxfinance.com\/app-landing-page\/"},"modified":"2026-04-20T18:04:57","modified_gmt":"2026-04-20T18:04:57","slug":"app-landing-page","status":"publish","type":"page","link":"https:\/\/www.stxfinance.com\/es\/app-landing-page\/","title":{"rendered":"P\u00e1gina de aterrizaje de la aplicaci\u00f3n"},"content":{"rendered":"","protected":false},"excerpt":{"rendered":"","protected":false},"author":2,"featured_media":0,"parent":0,"menu_order":0,"comment_status":"closed","ping_status":"closed","template":"page-templates\/template-app-landing.php","meta":{"_acf_changed":false,"footnotes":""},"class_list":["post-2995","page","type-page","status-publish","hentry"],"acf":{"landing_page_setting":{"":null,"banner_sections":{"banner_heading":"Pr\u00f3ximas actualizaciones","banner_sub_heading":"Permanezca atento. Pronto lanzaremos la aplicaci\u00f3n y el panel de control en l\u00ednea, para que disfrutes de una experiencia m\u00e1s fluida que nunca.   ","cta_button":{"title":"CONT\u00c1CTENOS","url":"#app-inquiry","target":""},"banner_image_full":2950,"banner_image_mobile":2955},"intro_sections":{"intro_heading":"Si se requiere alguna acci\u00f3n por su parte, t\u00f3mese un momento para rellenar este formulario y enviarlo para su tramitaci\u00f3n.  ","sub_heading":"La aplicaci\u00f3n y el panel de control en l\u00ednea estar\u00e1n disponibles muy pronto.  ","intro_sec_button":{"title":"ENVIAR UNA SOLICITUD","url":"#app-inquiry","target":""}},"app_expect_sections":{"ae_heading":"Lo que puede esperar","content_heading":"Con\u00e9ctese en cualquier momento y lugar","content_sub_heading":"STX Finance hace que la gesti\u00f3n de su leasing sea m\u00e1s f\u00e1cil que nunca con nuestra avanzada plataforma online. Tanto si necesitas programar el mantenimiento, ajustar tu contrato o acceder a documentos importantes, todo est\u00e1 al alcance de tu mano. ","service_row":[{"service_heading":"Solicitar un servicio o reparaci\u00f3n","service_description":"Inicie sesi\u00f3n, env\u00ede su solicitud de servicio y nuestro equipo de servicio o su concesionario se encargar\u00e1 del resto, garantizando que su veh\u00edculo reciba la atenci\u00f3n profesional que necesita, justo cuando la necesita.","service_image":3070},{"service_heading":"Acceda a sus facturas","service_description":"Con\u00e9ctese para ver, descargar y realizar un seguimiento completo de sus extractos, incluidas las facturas pendientes, todo en un mismo lugar: claro, c\u00f3modo y accesible siempre que lo necesite.","service_image":3060},{"service_heading":"Gestione su contrato de leasing","service_description":"Inicie sesi\u00f3n para a\u00f1adir un conductor adicional, revisar la duraci\u00f3n de su contrato, seleccionar un plan de fin de alquiler, actualizar la informaci\u00f3n personal y ver todos los detalles del contrato, todo en un solo lugar, con total flexibilidad para adaptarse a sus necesidades.","service_image":3065},{"service_heading":"Secci\u00f3n de declaraci\u00f3n de da\u00f1os","service_description":"Con\u00e9ctese para enviar detalles y fotos, garantizando un proceso de reclamaciones fluido y eficaz. Mantente informado y mant\u00e9n tu veh\u00edculo en perfecto estado con solo unos clics. ","service_image":3055}]},"app_info_sections":{"app_heading":"Las mismas herramientas, la misma experiencia, pero en una pantalla m\u00e1s grande.","description":"Hemos dise\u00f1ado el cuadro de mandos de STX Finance para proporcionarle acceso en tiempo real a todos sus datos de leasing, garantizando que se mantenga informado y en control. Supervise sus pagos, revise los pr\u00f3ximos hitos del leasing y acceda al servicio de atenci\u00f3n al cliente, todo desde una sencilla plataforma. ","section_image":2988,"app_benefit_row":[{"benefit_name":"Cuadro de mandos detallado","benefit_desc":"Controle todas sus actividades financieras en un solo lugar."},{"benefit_name":"Seguimiento de los pagos","benefit_desc":"Gestione los pagos en l\u00ednea de forma segura."},{"benefit_name":"Atenci\u00f3n al cliente","benefit_desc":"Acceda a apoyo y recursos para todas sus necesidades financieras."}],"cta_button":{"title":"ENVIAR UNA SOLICITUD","url":"#app-inquiry","target":""}},"form_sections":{"form_heading":"P\u00f3ngase en contacto con nosotros","form_shortcode":"[contact-form-7 id=\"a086c58\" title=\"P\u00f3ngase en contacto\"]"},"contact_section":{"contacts":[{"heading":"Ll\u00e1manos","icon":2182,"sub_text":"Contacte con nuestro equipo de atenci\u00f3n al cliente en","contact_link":{"title":"+32 2 319 52 52","url":"tel:+3223195252","target":""}},{"heading":"Env\u00edenos un correo electr\u00f3nico","icon":2186,"sub_text":"Enviar detalles a","contact_link":{"title":"info@stxfinance.com","url":"mailto:info@stxfinance.com","target":""}},{"heading":"Direcci\u00f3n","icon":2190,"sub_text":"Lovegemstraat 8, 1861 Meise, B\u00e9lgica","contact_link":null},{"heading":"Horario de apertura","icon":2194,"sub_text":"De lunes a viernes: de 8.30 a 17.00 horas","contact_link":null}],"section_image":2198}},"faqs_sections":{"heading":"","description":"","faq_list":null,"cta_link":null}},"yoast_head":"<!-- This site is optimized with the Yoast SEO plugin v27.5 - https:\/\/yoast.com\/product\/yoast-seo-wordpress\/ -->\n<title>P\u00e1gina de aterrizaje de la aplicaci\u00f3n | STX Finance<\/title>\n<meta name=\"description\" content=\"Permanezca atento. Pronto lanzaremos la aplicaci\u00f3n y el panel de control en l\u00ednea, para que disfrutes de una experiencia m\u00e1s fluida que nunca.\" \/>\n<meta name=\"robots\" content=\"index, follow, max-snippet:-1, max-image-preview:large, max-video-preview:-1\" \/>\n<link rel=\"canonical\" href=\"https:\/\/www.stxfinance.com\/es\/app-landing-page\/\" \/>\n<meta property=\"og:locale\" content=\"es_ES\" \/>\n<meta property=\"og:type\" content=\"article\" \/>\n<meta property=\"og:title\" content=\"P\u00e1gina de aterrizaje de la aplicaci\u00f3n | STX Finance\" \/>\n<meta property=\"og:description\" content=\"Permanezca atento. Pronto lanzaremos la aplicaci\u00f3n y el panel de control en l\u00ednea, para que disfrutes de una experiencia m\u00e1s fluida que nunca.\" \/>\n<meta property=\"og:url\" content=\"https:\/\/www.stxfinance.com\/es\/app-landing-page\/\" \/>\n<meta property=\"og:site_name\" content=\"STX Finance\" \/>\n<meta property=\"article:modified_time\" content=\"2026-04-20T18:04:57+00:00\" \/>\n<meta name=\"twitter:card\" content=\"summary_large_image\" \/>\n<meta name=\"twitter:label1\" content=\"Tiempo de lectura\" \/>\n\t<meta name=\"twitter:data1\" content=\"5 minutos\" \/>\n<script type=\"application\/ld+json\" class=\"yoast-schema-graph\">{\"@context\":\"https:\\\/\\\/schema.org\",\"@graph\":[{\"@type\":\"WebPage\",\"@id\":\"https:\\\/\\\/www.stxfinance.com\\\/es\\\/app-landing-page\\\/\",\"url\":\"https:\\\/\\\/www.stxfinance.com\\\/es\\\/app-landing-page\\\/\",\"name\":\"P\u00e1gina de aterrizaje de la aplicaci\u00f3n | STX Finance\",\"isPartOf\":{\"@id\":\"https:\\\/\\\/www.stxfinance.com\\\/es\\\/#website\"},\"datePublished\":\"2025-04-08T13:01:03+00:00\",\"dateModified\":\"2026-04-20T18:04:57+00:00\",\"description\":\"Permanezca atento. Pronto lanzaremos la aplicaci\u00f3n y el panel de control en l\u00ednea, para que disfrutes de una experiencia m\u00e1s fluida que nunca.\",\"breadcrumb\":{\"@id\":\"https:\\\/\\\/www.stxfinance.com\\\/es\\\/app-landing-page\\\/#breadcrumb\"},\"inLanguage\":\"es\",\"potentialAction\":[{\"@type\":\"ReadAction\",\"target\":[\"https:\\\/\\\/www.stxfinance.com\\\/es\\\/app-landing-page\\\/\"]}]},{\"@type\":\"BreadcrumbList\",\"@id\":\"https:\\\/\\\/www.stxfinance.com\\\/es\\\/app-landing-page\\\/#breadcrumb\",\"itemListElement\":[{\"@type\":\"ListItem\",\"position\":1,\"name\":\"Home\",\"item\":\"https:\\\/\\\/www.stxfinance.com\\\/es\\\/\"},{\"@type\":\"ListItem\",\"position\":2,\"name\":\"P\u00e1gina de aterrizaje de la aplicaci\u00f3n\"}]},{\"@type\":\"WebSite\",\"@id\":\"https:\\\/\\\/www.stxfinance.com\\\/es\\\/#website\",\"url\":\"https:\\\/\\\/www.stxfinance.com\\\/es\\\/\",\"name\":\"STX Finance\",\"description\":\"\",\"publisher\":{\"@id\":\"https:\\\/\\\/www.stxfinance.com\\\/es\\\/#organization\"},\"potentialAction\":[{\"@type\":\"SearchAction\",\"target\":{\"@type\":\"EntryPoint\",\"urlTemplate\":\"https:\\\/\\\/www.stxfinance.com\\\/es\\\/?s={search_term_string}\"},\"query-input\":{\"@type\":\"PropertyValueSpecification\",\"valueRequired\":true,\"valueName\":\"search_term_string\"}}],\"inLanguage\":\"es\"},{\"@type\":\"Organization\",\"@id\":\"https:\\\/\\\/www.stxfinance.com\\\/es\\\/#organization\",\"name\":\"STX Finanzas\",\"url\":\"https:\\\/\\\/www.stxfinance.com\\\/es\\\/\",\"logo\":{\"@type\":\"ImageObject\",\"inLanguage\":\"es\",\"@id\":\"https:\\\/\\\/www.stxfinance.com\\\/es\\\/#\\\/schema\\\/logo\\\/image\\\/\",\"url\":\"https:\\\/\\\/www.stxfinance.com\\\/wp-content\\\/uploads\\\/2025\\\/02\\\/logo.svg\",\"contentUrl\":\"https:\\\/\\\/www.stxfinance.com\\\/wp-content\\\/uploads\\\/2025\\\/02\\\/logo.svg\",\"caption\":\"STX Finanzas\"},\"image\":{\"@id\":\"https:\\\/\\\/www.stxfinance.com\\\/es\\\/#\\\/schema\\\/logo\\\/image\\\/\"}}]}<\/script>\n<!-- \/ Yoast SEO plugin. -->","yoast_head_json":{"title":"P\u00e1gina de aterrizaje de la aplicaci\u00f3n | STX Finance","description":"Permanezca atento. Pronto lanzaremos la aplicaci\u00f3n y el panel de control en l\u00ednea, para que disfrutes de una experiencia m\u00e1s fluida que nunca.","robots":{"index":"index","follow":"follow","max-snippet":"max-snippet:-1","max-image-preview":"max-image-preview:large","max-video-preview":"max-video-preview:-1"},"canonical":"https:\/\/www.stxfinance.com\/es\/app-landing-page\/","og_locale":"es_ES","og_type":"article","og_title":"P\u00e1gina de aterrizaje de la aplicaci\u00f3n | STX Finance","og_description":"Permanezca atento. Pronto lanzaremos la aplicaci\u00f3n y el panel de control en l\u00ednea, para que disfrutes de una experiencia m\u00e1s fluida que nunca.","og_url":"https:\/\/www.stxfinance.com\/es\/app-landing-page\/","og_site_name":"STX Finance","article_modified_time":"2026-04-20T18:04:57+00:00","twitter_card":"summary_large_image","twitter_misc":{"Tiempo de lectura":"5 minutos"},"schema":{"@context":"https:\/\/schema.org","@graph":[{"@type":"WebPage","@id":"https:\/\/www.stxfinance.com\/es\/app-landing-page\/","url":"https:\/\/www.stxfinance.com\/es\/app-landing-page\/","name":"P\u00e1gina de aterrizaje de la aplicaci\u00f3n | STX Finance","isPartOf":{"@id":"https:\/\/www.stxfinance.com\/es\/#website"},"datePublished":"2025-04-08T13:01:03+00:00","dateModified":"2026-04-20T18:04:57+00:00","description":"Permanezca atento. Pronto lanzaremos la aplicaci\u00f3n y el panel de control en l\u00ednea, para que disfrutes de una experiencia m\u00e1s fluida que nunca.","breadcrumb":{"@id":"https:\/\/www.stxfinance.com\/es\/app-landing-page\/#breadcrumb"},"inLanguage":"es","potentialAction":[{"@type":"ReadAction","target":["https:\/\/www.stxfinance.com\/es\/app-landing-page\/"]}]},{"@type":"BreadcrumbList","@id":"https:\/\/www.stxfinance.com\/es\/app-landing-page\/#breadcrumb","itemListElement":[{"@type":"ListItem","position":1,"name":"Home","item":"https:\/\/www.stxfinance.com\/es\/"},{"@type":"ListItem","position":2,"name":"P\u00e1gina de aterrizaje de la aplicaci\u00f3n"}]},{"@type":"WebSite","@id":"https:\/\/www.stxfinance.com\/es\/#website","url":"https:\/\/www.stxfinance.com\/es\/","name":"STX Finance","description":"","publisher":{"@id":"https:\/\/www.stxfinance.com\/es\/#organization"},"potentialAction":[{"@type":"SearchAction","target":{"@type":"EntryPoint","urlTemplate":"https:\/\/www.stxfinance.com\/es\/?s={search_term_string}"},"query-input":{"@type":"PropertyValueSpecification","valueRequired":true,"valueName":"search_term_string"}}],"inLanguage":"es"},{"@type":"Organization","@id":"https:\/\/www.stxfinance.com\/es\/#organization","name":"STX Finanzas","url":"https:\/\/www.stxfinance.com\/es\/","logo":{"@type":"ImageObject","inLanguage":"es","@id":"https:\/\/www.stxfinance.com\/es\/#\/schema\/logo\/image\/","url":"https:\/\/www.stxfinance.com\/wp-content\/uploads\/2025\/02\/logo.svg","contentUrl":"https:\/\/www.stxfinance.com\/wp-content\/uploads\/2025\/02\/logo.svg","caption":"STX Finanzas"},"image":{"@id":"https:\/\/www.stxfinance.com\/es\/#\/schema\/logo\/image\/"}}]}},"_links":{"self":[{"href":"https:\/\/www.stxfinance.com\/es\/wp-json\/wp\/v2\/pages\/2995","targetHints":{"allow":["GET"]}}],"collection":[{"href":"https:\/\/www.stxfinance.com\/es\/wp-json\/wp\/v2\/pages"}],"about":[{"href":"https:\/\/www.stxfinance.com\/es\/wp-json\/wp\/v2\/types\/page"}],"author":[{"embeddable":true,"href":"https:\/\/www.stxfinance.com\/es\/wp-json\/wp\/v2\/users\/2"}],"replies":[{"embeddable":true,"href":"https:\/\/www.stxfinance.com\/es\/wp-json\/wp\/v2\/comments?post=2995"}],"version-history":[{"count":5,"href":"https:\/\/www.stxfinance.com\/es\/wp-json\/wp\/v2\/pages\/2995\/revisions"}],"predecessor-version":[{"id":476957,"href":"https:\/\/www.stxfinance.com\/es\/wp-json\/wp\/v2\/pages\/2995\/revisions\/476957"}],"wp:attachment":[{"href":"https:\/\/www.stxfinance.com\/es\/wp-json\/wp\/v2\/media?parent=2995"}],"curies":[{"name":"wp","href":"https:\/\/api.w.org\/{rel}","templated":true}]}}