{"id":2439,"date":"2025-01-29T09:20:49","date_gmt":"2025-01-29T09:20:49","guid":{"rendered":"https:\/\/www.stxfinance.com\/about-us\/"},"modified":"2025-06-12T12:56:13","modified_gmt":"2025-06-12T12:56:13","slug":"about-us","status":"publish","type":"page","link":"https:\/\/www.stxfinance.com\/fr\/about-us\/","title":{"rendered":"\u00c0 propos de nous"},"content":{"rendered":"","protected":false},"excerpt":{"rendered":"","protected":false},"author":2,"featured_media":0,"parent":0,"menu_order":0,"comment_status":"closed","ping_status":"closed","template":"page-templates\/template-about.php","meta":{"_acf_changed":false,"footnotes":""},"class_list":["post-2439","page","type-page","status-publish","hentry"],"acf":{"about_page_setting":{"":null,"banner_slider_sections":{"banner_slider":[{"banner_image":1845,"heading":"D\u00e9couvrez la diff\u00e9rence Stephex","banner_info":[{"number":"35+","text":"Ann\u00e9es d'exp\u00e9rience"},{"number":"3,500+  ","text":"V\u00e9hicules Flotte  "},{"number":"500+","text":"Salari\u00e9s"}]}]},"about_stx_sections":{"about_heading":"\u00c0 propos de STX Finance","about_description":"Le Groupe Stephex s'est impos\u00e9 comme un nom de premier plan dans le monde \u00e9questre, anim\u00e9 par une passion profonde pour l'artisanat et un engagement ind\u00e9fectible envers l'excellence.\r\n\r\nSTX Finance a connu une croissance significative depuis sa cr\u00e9ation et dessert d\u00e9sormais <strong>une vaste client\u00e8le internationale.<\/strong> Cette forte pr\u00e9sence mondiale est renforc\u00e9e par notre r\u00e9seau de pointe et notre application mobile, qui nous permettent de rester en <strong>contact \u00e9troit avec nos clients partout dans le monde.<\/strong>\r\n\r\nAvec plusieurs succursales strat\u00e9giquement implant\u00e9es en Europe, notamment en Italie, en France et en Espagne, <strong>STX Finance poursuit son expansion \u00e0 l'\u00e9chelle mondiale.<\/strong> Ce faisant, elle t\u00e9moigne de son engagement en faveur de la croissance mondiale et de l'innovation dans le secteur financier.\r\n\r\nNotre expertise ne se limite pas au financement \u00e9questre. STX Finance propose \u00e9galement des solutions de leasing pour v\u00e9hicules de luxe, yachts et camping-cars, nous permettant ainsi de r\u00e9pondre aux besoins d'une client\u00e8le diversifi\u00e9e. S'appuyant sur une \u00e9quipe hautement qualifi\u00e9e, STX Finance s'engage \u00e0 proposer des solutions de financement personnalis\u00e9es qui r\u00e9pondent aux besoins \u00e9volutifs de ses clients du monde entier.","image":1849},"leadership_sections":{"leadership_heading":"Un leadership en h\u00e9ritage","leadership_sub_heading":"Sous la direction de Stephan Conter, CEO de Stephex Group, <strong>STX Finance a \u00e9t\u00e9 lanc\u00e9e en 2011<\/strong> en tant que branche de cr\u00e9dit-bail du groupe, d\u00e9di\u00e9e \u00e0 la fourniture de solutions financi\u00e8res sur mesure. Stephan Conter a fond\u00e9 STX Finance et, en tant que visionnaire, il joue d\u00e9sormais un r\u00f4le plus en retrait, confiant la direction \u00e0 <strong>Zo\u00e9 Conter,<\/strong> qui est pr\u00eate \u00e0 diriger la soci\u00e9t\u00e9 en tant que directrice g\u00e9n\u00e9rale, apportant de nouvelles perspectives pour <strong>poursuivre son h\u00e9ritage d'excellence.<\/strong> ","image_1":1853,"image_2":1857},"leasing_sections":{"leasing_row":[{"leasing_title":"Leader en mati\u00e8re d'innovation et d'excellence","leasing_description":"\"Transformer votre fa\u00e7on de louer, allier innovation et simplicit\u00e9 pour cr\u00e9er des exp\u00e9riences extraordinaires et sur mesure qui vous font avancer.\"","leasing_image":1861},{"leasing_title":"Piloter l'avenir du leasing de luxe","leasing_description":"\"Red\u00e9finir le leasing de v\u00e9hicules en s'appuyant sur la confiance, l'efficacit\u00e9 et l'expertise, en cr\u00e9ant une valeur durable pour nos clients et le secteur. Chez STX Finance, nous envisageons un avenir o\u00f9 le leasing est aussi transparent que fiable, permettant \u00e0 chaque voyage de se d\u00e9rouler en toute s\u00e9r\u00e9nit\u00e9 et avec des solutions d'avant-garde.\"  ","leasing_image":1865}]},"video_sections":{"video_mp4":1897,"poster_image":1873,"video_text":"\" Roulez avec style, louez en toute confiance \"","author":"~ Zo\u00e9 Conter"},"review_sections":{"review_heading":"De la part de nos clients","reviews":[{"review_image":1992,"review_text":"J'ai une confiance totale en STX Finance. Leur expertise approfondie et leur connaissance du secteur contribuent grandement \u00e0 nos d\u00e9cisions financi\u00e8res. ","review_by":"Jessica - Responsable de l'\u00e9quipe de course"},{"review_image":1996,"review_text":"Notre partenariat avec STX Finance a constitu\u00e9 un avantage strat\u00e9gique. Leurs approbations rapides et leur soutien d\u00e9di\u00e9 am\u00e9liorent consid\u00e9rablement nos services de transport. ","review_by":"Tom \u2013 Transporteur de chevaux"},{"review_image":1988,"review_text":"Le tableau de bord et l'application en ligne rendent la gestion de tout tr\u00e8s simple.","review_by":"Rachel - Cavali\u00e8re"},{"review_image":1984,"review_text":"STX Finance nous a sauv\u00e9 la mise lorsque notre camion est tomb\u00e9 en panne. Leurs services de remplacement nous ont permis de nous remettre rapidement sur les rails. ","review_by":"David \u2013 Mari\u00e9 international"},{"review_image":2000,"review_text":"L'application offre d'excellentes capacit\u00e9s de visibilit\u00e9 et de gestion pour notre camping-car et notre v\u00e9hicule priv\u00e9.","review_by":"Brian \u2013 Passionn\u00e9 de camping-car"}]},"contact_sections":{"heading":"Nous sommes l\u00e0 pour vous soutenir","sub_heding":"Vous choisissez votre destination et nous vous accompagnons \u00e0 chaque \u00e9tape de votre parcours. Notre \u00e9quipe d\u00e9vou\u00e9e est l\u00e0 pour veiller \u00e0 ce que votre exp\u00e9rience soit sans faille.   ","cta_button":{"title":"Contactez-nous","url":"https:\/\/www.stxfinance.com\/fr\/contact-us\/","target":""}}},"faqs_sections":{"heading":"","description":"","faq_list":null,"cta_link":null}},"yoast_head":"<!-- This site is optimized with the Yoast SEO plugin v27.5 - https:\/\/yoast.com\/product\/yoast-seo-wordpress\/ -->\n<title>\u00c0 propos de nous | STX Finance<\/title>\n<meta name=\"description\" content=\"Experts en financement de v\u00e9hicules de luxe, nous offrons des solutions sur mesure.\" \/>\n<meta name=\"robots\" content=\"index, follow, max-snippet:-1, max-image-preview:large, max-video-preview:-1\" \/>\n<link rel=\"canonical\" href=\"https:\/\/www.stxfinance.com\/fr\/about-us\/\" \/>\n<meta property=\"og:locale\" content=\"fr_FR\" \/>\n<meta property=\"og:type\" content=\"article\" \/>\n<meta property=\"og:title\" content=\"\u00c0 propos de nous | STX Finance\" \/>\n<meta property=\"og:description\" content=\"Experts en financement de v\u00e9hicules de luxe, nous offrons des solutions sur mesure.\" \/>\n<meta property=\"og:url\" content=\"https:\/\/www.stxfinance.com\/fr\/about-us\/\" \/>\n<meta property=\"og:site_name\" content=\"STX Finance\" \/>\n<meta property=\"article:modified_time\" content=\"2025-06-12T12:56:13+00:00\" \/>\n<meta name=\"twitter:card\" content=\"summary_large_image\" \/>\n<meta name=\"twitter:label1\" content=\"Dur\u00e9e de lecture estim\u00e9e\" \/>\n\t<meta name=\"twitter:data1\" content=\"5 minute\" \/>\n<script type=\"application\/ld+json\" class=\"yoast-schema-graph\">{\"@context\":\"https:\\\/\\\/schema.org\",\"@graph\":[{\"@type\":\"WebPage\",\"@id\":\"https:\\\/\\\/www.stxfinance.com\\\/fr\\\/about-us\\\/\",\"url\":\"https:\\\/\\\/www.stxfinance.com\\\/fr\\\/about-us\\\/\",\"name\":\"\u00c0 propos de nous | STX Finance\",\"isPartOf\":{\"@id\":\"https:\\\/\\\/www.stxfinance.com\\\/fr\\\/#website\"},\"datePublished\":\"2025-01-29T09:20:49+00:00\",\"dateModified\":\"2025-06-12T12:56:13+00:00\",\"description\":\"Experts en financement de v\u00e9hicules de luxe, nous offrons des solutions sur mesure.\",\"breadcrumb\":{\"@id\":\"https:\\\/\\\/www.stxfinance.com\\\/fr\\\/about-us\\\/#breadcrumb\"},\"inLanguage\":\"fr-FR\",\"potentialAction\":[{\"@type\":\"ReadAction\",\"target\":[\"https:\\\/\\\/www.stxfinance.com\\\/fr\\\/about-us\\\/\"]}]},{\"@type\":\"BreadcrumbList\",\"@id\":\"https:\\\/\\\/www.stxfinance.com\\\/fr\\\/about-us\\\/#breadcrumb\",\"itemListElement\":[{\"@type\":\"ListItem\",\"position\":1,\"name\":\"Home\",\"item\":\"https:\\\/\\\/www.stxfinance.com\\\/fr\\\/\"},{\"@type\":\"ListItem\",\"position\":2,\"name\":\"\u00c0 propos de nous\"}]},{\"@type\":\"WebSite\",\"@id\":\"https:\\\/\\\/www.stxfinance.com\\\/fr\\\/#website\",\"url\":\"https:\\\/\\\/www.stxfinance.com\\\/fr\\\/\",\"name\":\"STX Finance\",\"description\":\"\",\"publisher\":{\"@id\":\"https:\\\/\\\/www.stxfinance.com\\\/fr\\\/#organization\"},\"potentialAction\":[{\"@type\":\"SearchAction\",\"target\":{\"@type\":\"EntryPoint\",\"urlTemplate\":\"https:\\\/\\\/www.stxfinance.com\\\/fr\\\/?s={search_term_string}\"},\"query-input\":{\"@type\":\"PropertyValueSpecification\",\"valueRequired\":true,\"valueName\":\"search_term_string\"}}],\"inLanguage\":\"fr-FR\"},{\"@type\":\"Organization\",\"@id\":\"https:\\\/\\\/www.stxfinance.com\\\/fr\\\/#organization\",\"name\":\"STX Finance\",\"url\":\"https:\\\/\\\/www.stxfinance.com\\\/fr\\\/\",\"logo\":{\"@type\":\"ImageObject\",\"inLanguage\":\"fr-FR\",\"@id\":\"https:\\\/\\\/www.stxfinance.com\\\/fr\\\/#\\\/schema\\\/logo\\\/image\\\/\",\"url\":\"https:\\\/\\\/www.stxfinance.com\\\/wp-content\\\/uploads\\\/2025\\\/02\\\/logo.svg\",\"contentUrl\":\"https:\\\/\\\/www.stxfinance.com\\\/wp-content\\\/uploads\\\/2025\\\/02\\\/logo.svg\",\"caption\":\"STX Finance\"},\"image\":{\"@id\":\"https:\\\/\\\/www.stxfinance.com\\\/fr\\\/#\\\/schema\\\/logo\\\/image\\\/\"}}]}<\/script>\n<!-- \/ Yoast SEO plugin. -->","yoast_head_json":{"title":"\u00c0 propos de nous | STX Finance","description":"Experts en financement de v\u00e9hicules de luxe, nous offrons des solutions sur mesure.","robots":{"index":"index","follow":"follow","max-snippet":"max-snippet:-1","max-image-preview":"max-image-preview:large","max-video-preview":"max-video-preview:-1"},"canonical":"https:\/\/www.stxfinance.com\/fr\/about-us\/","og_locale":"fr_FR","og_type":"article","og_title":"\u00c0 propos de nous | STX Finance","og_description":"Experts en financement de v\u00e9hicules de luxe, nous offrons des solutions sur mesure.","og_url":"https:\/\/www.stxfinance.com\/fr\/about-us\/","og_site_name":"STX Finance","article_modified_time":"2025-06-12T12:56:13+00:00","twitter_card":"summary_large_image","twitter_misc":{"Dur\u00e9e de lecture estim\u00e9e":"5 minute"},"schema":{"@context":"https:\/\/schema.org","@graph":[{"@type":"WebPage","@id":"https:\/\/www.stxfinance.com\/fr\/about-us\/","url":"https:\/\/www.stxfinance.com\/fr\/about-us\/","name":"\u00c0 propos de nous | STX Finance","isPartOf":{"@id":"https:\/\/www.stxfinance.com\/fr\/#website"},"datePublished":"2025-01-29T09:20:49+00:00","dateModified":"2025-06-12T12:56:13+00:00","description":"Experts en financement de v\u00e9hicules de luxe, nous offrons des solutions sur mesure.","breadcrumb":{"@id":"https:\/\/www.stxfinance.com\/fr\/about-us\/#breadcrumb"},"inLanguage":"fr-FR","potentialAction":[{"@type":"ReadAction","target":["https:\/\/www.stxfinance.com\/fr\/about-us\/"]}]},{"@type":"BreadcrumbList","@id":"https:\/\/www.stxfinance.com\/fr\/about-us\/#breadcrumb","itemListElement":[{"@type":"ListItem","position":1,"name":"Home","item":"https:\/\/www.stxfinance.com\/fr\/"},{"@type":"ListItem","position":2,"name":"\u00c0 propos de nous"}]},{"@type":"WebSite","@id":"https:\/\/www.stxfinance.com\/fr\/#website","url":"https:\/\/www.stxfinance.com\/fr\/","name":"STX Finance","description":"","publisher":{"@id":"https:\/\/www.stxfinance.com\/fr\/#organization"},"potentialAction":[{"@type":"SearchAction","target":{"@type":"EntryPoint","urlTemplate":"https:\/\/www.stxfinance.com\/fr\/?s={search_term_string}"},"query-input":{"@type":"PropertyValueSpecification","valueRequired":true,"valueName":"search_term_string"}}],"inLanguage":"fr-FR"},{"@type":"Organization","@id":"https:\/\/www.stxfinance.com\/fr\/#organization","name":"STX Finance","url":"https:\/\/www.stxfinance.com\/fr\/","logo":{"@type":"ImageObject","inLanguage":"fr-FR","@id":"https:\/\/www.stxfinance.com\/fr\/#\/schema\/logo\/image\/","url":"https:\/\/www.stxfinance.com\/wp-content\/uploads\/2025\/02\/logo.svg","contentUrl":"https:\/\/www.stxfinance.com\/wp-content\/uploads\/2025\/02\/logo.svg","caption":"STX Finance"},"image":{"@id":"https:\/\/www.stxfinance.com\/fr\/#\/schema\/logo\/image\/"}}]}},"_links":{"self":[{"href":"https:\/\/www.stxfinance.com\/fr\/wp-json\/wp\/v2\/pages\/2439","targetHints":{"allow":["GET"]}}],"collection":[{"href":"https:\/\/www.stxfinance.com\/fr\/wp-json\/wp\/v2\/pages"}],"about":[{"href":"https:\/\/www.stxfinance.com\/fr\/wp-json\/wp\/v2\/types\/page"}],"author":[{"embeddable":true,"href":"https:\/\/www.stxfinance.com\/fr\/wp-json\/wp\/v2\/users\/2"}],"replies":[{"embeddable":true,"href":"https:\/\/www.stxfinance.com\/fr\/wp-json\/wp\/v2\/comments?post=2439"}],"version-history":[{"count":7,"href":"https:\/\/www.stxfinance.com\/fr\/wp-json\/wp\/v2\/pages\/2439\/revisions"}],"predecessor-version":[{"id":22919,"href":"https:\/\/www.stxfinance.com\/fr\/wp-json\/wp\/v2\/pages\/2439\/revisions\/22919"}],"wp:attachment":[{"href":"https:\/\/www.stxfinance.com\/fr\/wp-json\/wp\/v2\/media?parent=2439"}],"curies":[{"name":"wp","href":"https:\/\/api.w.org\/{rel}","templated":true}]}}