{"id":2449,"date":"2025-01-27T11:06:03","date_gmt":"2025-01-27T11:06:03","guid":{"rendered":"https:\/\/www.stxfinance.com\/branch-detail-horsetrucks\/"},"modified":"2026-02-17T11:03:39","modified_gmt":"2026-02-17T11:03:39","slug":"branch-detail-horsetrucks","status":"publish","type":"page","link":"https:\/\/www.stxfinance.com\/fr\/branch-detail-horsetrucks\/","title":{"rendered":"D\u00e9tail de la succursale Horsetrucks"},"content":{"rendered":"","protected":false},"excerpt":{"rendered":"","protected":false},"author":2,"featured_media":0,"parent":0,"menu_order":0,"comment_status":"closed","ping_status":"closed","template":"page-templates\/template-branch-detail.php","meta":{"_acf_changed":false,"footnotes":""},"class_list":["post-2449","page","type-page","status-publish","hentry"],"acf":{"branch_page_settings":{"":null,"banner_sections":{"banner_heading":"D\u00e9couvrez nos camions \u00e0 chevaux","banner_description":"Stephex Horse Trucks est un leader du secteur, reconnu pour la fabrication de v\u00e9hicules \u00e9questres haut de gamme en Europe et au-del\u00e0. Forte de plus de 35 ans d'exp\u00e9rience, l'entreprise s'est impos\u00e9e comme un acteur international majeur du transport de chevaux. Sa gamme comprend trois marques distinctes : STX, AKX et Ketterer, chacune offrant des caract\u00e9ristiques uniques adapt\u00e9es aux besoins des cavaliers professionnels comme des passionn\u00e9s.  \r\n\r\nStephex Horse Trucks est un leader du secteur, reconnu pour la fabrication de v\u00e9hicules \u00e9questres haut de gamme en Europe et au-del\u00e0. Forte de plus de 25 ans d'exp\u00e9rience, l'entreprise s'est impos\u00e9e comme un acteur international majeur du transport de chevaux. Sa gamme comprend trois marques distinctes : STX, AKX et Ketterer, chacune offrant des caract\u00e9ristiques uniques adapt\u00e9es aux besoins des cavaliers professionnels comme des passionn\u00e9s.  ","banner_image":2096},"talk_us_sections":{"tu_heading":"Parlez-nous maintenant","contact_form":"[contact-form-7 id=\"1a0384c\" title=\"Formulaire de contact\"]","bg_image":2100},"about_leasing_sections":{"leasing_heading":"L'excellence artisanale rencontre un service client in\u00e9gal\u00e9","leasing_description":"La production est r\u00e9alis\u00e9e en Hongrie par une \u00e9quipe de plus de 500 professionnels d\u00e9vou\u00e9s. Chaque v\u00e9hicule est fabriqu\u00e9 \u00e0 la main, garantissant ainsi que chaque camion \u00e0 chevaux Stephex r\u00e9pond aux normes de qualit\u00e9 et de fonctionnalit\u00e9 les plus strictes. Un contr\u00f4le qualit\u00e9 rigoureux garantit la durabilit\u00e9, la stabilit\u00e9 et la s\u00e9curit\u00e9 de nos camions, des caract\u00e9ristiques essentielles pour transporter les chevaux en toute s\u00e9curit\u00e9.  \r\n\r\nLa production est r\u00e9alis\u00e9e en Hongrie par une \u00e9quipe de plus de 500 professionnels d\u00e9vou\u00e9s. Chaque v\u00e9hicule est fabriqu\u00e9 \u00e0 la main, garantissant ainsi que chaque camion \u00e0 chevaux Stephex r\u00e9pond aux normes de qualit\u00e9 et de fonctionnalit\u00e9 les plus strictes. Un contr\u00f4le qualit\u00e9 rigoureux garantit la durabilit\u00e9, la stabilit\u00e9 et la s\u00e9curit\u00e9 de nos camions, des caract\u00e9ristiques essentielles pour transporter les chevaux en toute s\u00e9curit\u00e9.  \r\n","page_link":{"title":"Contactez-nous","url":"https:\/\/www.stxfinance.com\/fr\/contact-us\/","target":""}},"accordion_sections":{"accordion_row":[{"heading":"\u00c0 propos de l'acompte","accordion_content":"L'acompte pour la location avec STX Finance offre flexibilit\u00e9 et accessibilit\u00e9, ce qui en fait une option plus int\u00e9ressante qu'un achat. L'acompte initial commence \u00e0 un minimum de 30 % de l'investissement total, mais peut \u00eatre plus \u00e9lev\u00e9 selon vos pr\u00e9f\u00e9rences ou vos besoins sp\u00e9cifiques. ","has_model":false,"mode_id":null},{"heading":"Valeur r\u00e9siduelle","accordion_content":"La valeur r\u00e9siduelle d'un contrat de leasing avec STX Finance est un pourcentage fixe, fix\u00e9 \u00e0 16 % de l'investissement total. Cette valeur est utilis\u00e9e pour calculer vos conditions de leasing et ne refl\u00e8te pas la valeur marchande du v\u00e9hicule \u00e0 la fin de la p\u00e9riode de location. Notre processus transparent garantit clart\u00e9 et confiance tout au long de votre processus de leasing.  ","has_model":false,"mode_id":null},{"heading":"Simulations de leasing rapides","accordion_content":"Obtenez des informations personnalis\u00e9es sur les co\u00fbts et les conditions adapt\u00e9es \u00e0 vos objectifs, vous aidant \u00e0 explorer des solutions de leasing flexibles avec clart\u00e9 et confiance.","has_model":false,"mode_id":null},{"heading":"Documents n\u00e9cessaires","accordion_content":"Pour simplifier le processus de location, Stephex fournit des instructions claires sur les documents requis. Notre \u00e9quipe veille \u00e0 ce que tout soit en ordre pour une exp\u00e9rience fluide d\u00e8s le d\u00e9part. ","has_model":true,"mode_id":{"title":"voir les documents","url":"doc-required-modal","target":""}}],"bg_image":2104},"available_vehicle_sections":{"vehicle_heading":"D\u00e9couvrez nos mod\u00e8les","vehicle_description":"D\u00e9couvrez notre s\u00e9lection de grandes marques, offrant le summum de la s\u00e9curit\u00e9 et du confort pour le transport de vos chevaux. Choisissez parmi diff\u00e9rents mod\u00e8les adapt\u00e9s \u00e0 vos besoins, du camion compact pour 3-4 chevaux au v\u00e9hicule luxueux et plus spacieux pour 5-6 chevaux. Personnalisez votre nouveau v\u00e9hicule ou choisissez parmi une large s\u00e9lection parmi le stock Stephex disponible.  ","cta_button_1":{"title":"disponibilit\u00e9 des stocks","url":"#","target":""},"cta_button_2":{"title":"entrer en contact","url":"https:\/\/www.stxfinance.com\/fr\/contact-us\/","target":""}},"office_map_sections":{"map_heading":"Trouvez nos bureaux","map_description":"Trouvez l'agence STX Finance la plus proche pour d\u00e9couvrir nos options et services de leasing en personne. Notre pr\u00e9sence mondiale vous garantit une assistance \u00e0 tout moment. "},"testimonial_sections":{"testi_heading":"De nos clients"},"customer_say_sections":{"client_heading":"Parlez-nous aujourd'hui","cta_button":{"title":"Contactez-nous","url":"https:\/\/www.stxfinance.com\/fr\/contact-us\/","target":""}},"document_required_sections":{"modal_heading":"Documents requis pour la location","sub_heading":"En r\u00e8gle g\u00e9n\u00e9rale, vous aurez besoin de :","bg_image":2108,"required_list":[{"doc_name":"Formulaire d\u2019analyse de cr\u00e9dit"},{"doc_name":"Formulaire d\u2019identification"},{"doc_name":"Formulaire de d\u00e9claration de B\u00e9n\u00e9ficiaire Effectif (UBO)"},{"doc_name":"Pour la location priv\u00e9e, des documents suppl\u00e9mentaires seront demand\u00e9s"}]}},"model_type":"horsetrucks","faqs_sections":{"heading":"","description":"","faq_list":null,"cta_link":null}},"yoast_head":"<!-- This site is optimized with the Yoast SEO plugin v27.5 - https:\/\/yoast.com\/product\/yoast-seo-wordpress\/ -->\n<title>D\u00e9tail de la succursale Horsetrucks | STX Finance<\/title>\n<meta name=\"description\" content=\"D\u00e9couvrez notre succursale Horsetrucks avec des solutions de financement adapt\u00e9es.\" \/>\n<meta name=\"robots\" content=\"index, follow, max-snippet:-1, max-image-preview:large, max-video-preview:-1\" \/>\n<link rel=\"canonical\" href=\"https:\/\/www.stxfinance.com\/fr\/branch-detail-horsetrucks\/\" \/>\n<meta property=\"og:locale\" content=\"fr_FR\" \/>\n<meta property=\"og:type\" content=\"article\" \/>\n<meta property=\"og:title\" content=\"D\u00e9tail de la succursale Horsetrucks | STX Finance\" \/>\n<meta property=\"og:description\" content=\"D\u00e9couvrez notre succursale Horsetrucks avec des solutions de financement adapt\u00e9es.\" \/>\n<meta property=\"og:url\" content=\"https:\/\/www.stxfinance.com\/fr\/branch-detail-horsetrucks\/\" \/>\n<meta property=\"og:site_name\" content=\"STX Finance\" \/>\n<meta property=\"article:modified_time\" content=\"2026-02-17T11:03:39+00:00\" \/>\n<meta name=\"twitter:card\" content=\"summary_large_image\" \/>\n<meta name=\"twitter:label1\" content=\"Dur\u00e9e de lecture estim\u00e9e\" \/>\n\t<meta name=\"twitter:data1\" content=\"4 minute\" \/>\n<script type=\"application\/ld+json\" class=\"yoast-schema-graph\">{\"@context\":\"https:\\\/\\\/schema.org\",\"@graph\":[{\"@type\":\"WebPage\",\"@id\":\"https:\\\/\\\/www.stxfinance.com\\\/fr\\\/branch-detail-horsetrucks\\\/\",\"url\":\"https:\\\/\\\/www.stxfinance.com\\\/fr\\\/branch-detail-horsetrucks\\\/\",\"name\":\"D\u00e9tail de la succursale Horsetrucks | STX Finance\",\"isPartOf\":{\"@id\":\"https:\\\/\\\/www.stxfinance.com\\\/fr\\\/#website\"},\"datePublished\":\"2025-01-27T11:06:03+00:00\",\"dateModified\":\"2026-02-17T11:03:39+00:00\",\"description\":\"D\u00e9couvrez notre succursale Horsetrucks avec des solutions de financement adapt\u00e9es.\",\"breadcrumb\":{\"@id\":\"https:\\\/\\\/www.stxfinance.com\\\/fr\\\/branch-detail-horsetrucks\\\/#breadcrumb\"},\"inLanguage\":\"fr-FR\",\"potentialAction\":[{\"@type\":\"ReadAction\",\"target\":[\"https:\\\/\\\/www.stxfinance.com\\\/fr\\\/branch-detail-horsetrucks\\\/\"]}]},{\"@type\":\"BreadcrumbList\",\"@id\":\"https:\\\/\\\/www.stxfinance.com\\\/fr\\\/branch-detail-horsetrucks\\\/#breadcrumb\",\"itemListElement\":[{\"@type\":\"ListItem\",\"position\":1,\"name\":\"Home\",\"item\":\"https:\\\/\\\/www.stxfinance.com\\\/fr\\\/\"},{\"@type\":\"ListItem\",\"position\":2,\"name\":\"D\u00e9tail de la succursale Horsetrucks\"}]},{\"@type\":\"WebSite\",\"@id\":\"https:\\\/\\\/www.stxfinance.com\\\/fr\\\/#website\",\"url\":\"https:\\\/\\\/www.stxfinance.com\\\/fr\\\/\",\"name\":\"STX Finance\",\"description\":\"\",\"publisher\":{\"@id\":\"https:\\\/\\\/www.stxfinance.com\\\/fr\\\/#organization\"},\"potentialAction\":[{\"@type\":\"SearchAction\",\"target\":{\"@type\":\"EntryPoint\",\"urlTemplate\":\"https:\\\/\\\/www.stxfinance.com\\\/fr\\\/?s={search_term_string}\"},\"query-input\":{\"@type\":\"PropertyValueSpecification\",\"valueRequired\":true,\"valueName\":\"search_term_string\"}}],\"inLanguage\":\"fr-FR\"},{\"@type\":\"Organization\",\"@id\":\"https:\\\/\\\/www.stxfinance.com\\\/fr\\\/#organization\",\"name\":\"STX Finance\",\"url\":\"https:\\\/\\\/www.stxfinance.com\\\/fr\\\/\",\"logo\":{\"@type\":\"ImageObject\",\"inLanguage\":\"fr-FR\",\"@id\":\"https:\\\/\\\/www.stxfinance.com\\\/fr\\\/#\\\/schema\\\/logo\\\/image\\\/\",\"url\":\"https:\\\/\\\/www.stxfinance.com\\\/wp-content\\\/uploads\\\/2025\\\/02\\\/logo.svg\",\"contentUrl\":\"https:\\\/\\\/www.stxfinance.com\\\/wp-content\\\/uploads\\\/2025\\\/02\\\/logo.svg\",\"caption\":\"STX Finance\"},\"image\":{\"@id\":\"https:\\\/\\\/www.stxfinance.com\\\/fr\\\/#\\\/schema\\\/logo\\\/image\\\/\"}}]}<\/script>\n<!-- \/ Yoast SEO plugin. -->","yoast_head_json":{"title":"D\u00e9tail de la succursale Horsetrucks | STX Finance","description":"D\u00e9couvrez notre succursale Horsetrucks avec des solutions de financement adapt\u00e9es.","robots":{"index":"index","follow":"follow","max-snippet":"max-snippet:-1","max-image-preview":"max-image-preview:large","max-video-preview":"max-video-preview:-1"},"canonical":"https:\/\/www.stxfinance.com\/fr\/branch-detail-horsetrucks\/","og_locale":"fr_FR","og_type":"article","og_title":"D\u00e9tail de la succursale Horsetrucks | STX Finance","og_description":"D\u00e9couvrez notre succursale Horsetrucks avec des solutions de financement adapt\u00e9es.","og_url":"https:\/\/www.stxfinance.com\/fr\/branch-detail-horsetrucks\/","og_site_name":"STX Finance","article_modified_time":"2026-02-17T11:03:39+00:00","twitter_card":"summary_large_image","twitter_misc":{"Dur\u00e9e de lecture estim\u00e9e":"4 minute"},"schema":{"@context":"https:\/\/schema.org","@graph":[{"@type":"WebPage","@id":"https:\/\/www.stxfinance.com\/fr\/branch-detail-horsetrucks\/","url":"https:\/\/www.stxfinance.com\/fr\/branch-detail-horsetrucks\/","name":"D\u00e9tail de la succursale Horsetrucks | STX Finance","isPartOf":{"@id":"https:\/\/www.stxfinance.com\/fr\/#website"},"datePublished":"2025-01-27T11:06:03+00:00","dateModified":"2026-02-17T11:03:39+00:00","description":"D\u00e9couvrez notre succursale Horsetrucks avec des solutions de financement adapt\u00e9es.","breadcrumb":{"@id":"https:\/\/www.stxfinance.com\/fr\/branch-detail-horsetrucks\/#breadcrumb"},"inLanguage":"fr-FR","potentialAction":[{"@type":"ReadAction","target":["https:\/\/www.stxfinance.com\/fr\/branch-detail-horsetrucks\/"]}]},{"@type":"BreadcrumbList","@id":"https:\/\/www.stxfinance.com\/fr\/branch-detail-horsetrucks\/#breadcrumb","itemListElement":[{"@type":"ListItem","position":1,"name":"Home","item":"https:\/\/www.stxfinance.com\/fr\/"},{"@type":"ListItem","position":2,"name":"D\u00e9tail de la succursale Horsetrucks"}]},{"@type":"WebSite","@id":"https:\/\/www.stxfinance.com\/fr\/#website","url":"https:\/\/www.stxfinance.com\/fr\/","name":"STX Finance","description":"","publisher":{"@id":"https:\/\/www.stxfinance.com\/fr\/#organization"},"potentialAction":[{"@type":"SearchAction","target":{"@type":"EntryPoint","urlTemplate":"https:\/\/www.stxfinance.com\/fr\/?s={search_term_string}"},"query-input":{"@type":"PropertyValueSpecification","valueRequired":true,"valueName":"search_term_string"}}],"inLanguage":"fr-FR"},{"@type":"Organization","@id":"https:\/\/www.stxfinance.com\/fr\/#organization","name":"STX Finance","url":"https:\/\/www.stxfinance.com\/fr\/","logo":{"@type":"ImageObject","inLanguage":"fr-FR","@id":"https:\/\/www.stxfinance.com\/fr\/#\/schema\/logo\/image\/","url":"https:\/\/www.stxfinance.com\/wp-content\/uploads\/2025\/02\/logo.svg","contentUrl":"https:\/\/www.stxfinance.com\/wp-content\/uploads\/2025\/02\/logo.svg","caption":"STX Finance"},"image":{"@id":"https:\/\/www.stxfinance.com\/fr\/#\/schema\/logo\/image\/"}}]}},"_links":{"self":[{"href":"https:\/\/www.stxfinance.com\/fr\/wp-json\/wp\/v2\/pages\/2449","targetHints":{"allow":["GET"]}}],"collection":[{"href":"https:\/\/www.stxfinance.com\/fr\/wp-json\/wp\/v2\/pages"}],"about":[{"href":"https:\/\/www.stxfinance.com\/fr\/wp-json\/wp\/v2\/types\/page"}],"author":[{"embeddable":true,"href":"https:\/\/www.stxfinance.com\/fr\/wp-json\/wp\/v2\/users\/2"}],"replies":[{"embeddable":true,"href":"https:\/\/www.stxfinance.com\/fr\/wp-json\/wp\/v2\/comments?post=2449"}],"version-history":[{"count":9,"href":"https:\/\/www.stxfinance.com\/fr\/wp-json\/wp\/v2\/pages\/2449\/revisions"}],"predecessor-version":[{"id":418807,"href":"https:\/\/www.stxfinance.com\/fr\/wp-json\/wp\/v2\/pages\/2449\/revisions\/418807"}],"wp:attachment":[{"href":"https:\/\/www.stxfinance.com\/fr\/wp-json\/wp\/v2\/media?parent=2449"}],"curies":[{"name":"wp","href":"https:\/\/api.w.org\/{rel}","templated":true}]}}