{"id":2453,"date":"2025-04-02T11:15:48","date_gmt":"2025-04-02T11:15:48","guid":{"rendered":"https:\/\/www.stxfinance.com\/branch-detail-horsevans\/"},"modified":"2026-02-17T10:59:23","modified_gmt":"2026-02-17T10:59:23","slug":"branch-detail-horsevans","status":"publish","type":"page","link":"https:\/\/www.stxfinance.com\/fr\/branch-detail-horsevans\/","title":{"rendered":"D\u00e9tail de la succursale Horsevans"},"content":{"rendered":"","protected":false},"excerpt":{"rendered":"","protected":false},"author":2,"featured_media":0,"parent":0,"menu_order":0,"comment_status":"closed","ping_status":"closed","template":"page-templates\/template-branch-detail.php","meta":{"_acf_changed":false,"footnotes":""},"class_list":["post-2453","page","type-page","status-publish","hentry"],"acf":{"branch_page_settings":{"":null,"banner_sections":{"banner_heading":"D\u00e9couvrez nos vans  ","banner_description":"Les vans Stephex font partie de la gamme de v\u00e9hicules de transport de chevaux haut de gamme du groupe Stephex, r\u00e9put\u00e9s pour leur m\u00e9lange de luxe, de s\u00e9curit\u00e9 et de praticit\u00e9. Le groupe Stephex, bas\u00e9 en Belgique, est un leader dans le domaine du transport de chevaux de haute qualit\u00e9 depuis plus de 35 ans. Ses vans pour 2 chevaux sont con\u00e7us pour les professionnels et les passionn\u00e9s d'\u00e9quitation, en mettant l'accent sur le confort des chevaux et la commodit\u00e9 pour le conducteur et les palefreniers.  ","banner_image":2096},"talk_us_sections":{"tu_heading":"Contactez nous maintenant","contact_form":"[contact-form-7 id=\"1a0384c\" title=\"Formulaire de contact\"]","bg_image":5234},"about_leasing_sections":{"leasing_heading":"Con\u00e7u pour les chevaux et les conducteurs","leasing_description":"Chez Stephex, chaque mod\u00e8le est con\u00e7u avec la plus grande attention pour le confort et la s\u00e9curit\u00e9 des chevaux et des meneurs. Notre engagement en faveur de l'excellence se refl\u00e8te dans chaque d\u00e9tail, du sol antid\u00e9rapant aux cloisons rembourr\u00e9es, en passant par les syst\u00e8mes de ventilation avanc\u00e9s qui assurent une circulation optimale de l'air tout au long du voyage. Ces caract\u00e9ristiques font de nos vans un choix de confiance pour les cavaliers et les entra\u00eeneurs dans toute l'Europe.  \r\n\r\nNos vans pour chevaux sont con\u00e7us pour assurer la tranquillit\u00e9 d'esprit pendant le transport. \u00c9quip\u00e9s de rampes de chargement faciles, de cloisons r\u00e9glables et d'options de fixation s\u00e9curis\u00e9es, ils s'adaptent \u00e0 diff\u00e9rentes tailles de chevaux et \u00e0 leurs besoins de transport. Que vous vous rendiez \u00e0 une comp\u00e9tition ou que vous vous d\u00e9placiez simplement d'une \u00e9curie \u00e0 l'autre, les vans pour chevaux STX vous offrent fiabilit\u00e9 et confort \u00e0 chaque voyage. Maintenant, avec la flexibilit\u00e9 suppl\u00e9mentaire de nos solutions de financement de van pour chevaux, vous pouvez profiter des avantages d'un transport haut de gamme sans le fardeau financier initial.   ","page_link":{"title":"Contactez-nous","url":"https:\/\/www.stxfinance.com\/fr\/contact-us\/","target":""}},"accordion_sections":{"accordion_row":[{"heading":"\u00c0 propos de l'acompte","accordion_content":"STX Finance propose des formules de financement de fourgons \u00e0 chevaux con\u00e7ues dans un souci de flexibilit\u00e9. L'acompte requis ne repr\u00e9sente que 30 % de l'investissement total, ce qui fait du leasing une alternative rentable \u00e0 l'achat. Des acomptes plus \u00e9lev\u00e9s sont toujours les bienvenus et peuvent r\u00e9duire davantage les obligations mensuelles. Cette adaptabilit\u00e9 garantit \u00e0 nos clients l'acc\u00e8s \u00e0 des \u00e9quipements de qualit\u00e9 sup\u00e9rieure, quelle que soit leur structure financi\u00e8re.   ","has_model":false,"mode_id":null},{"heading":"Valeur r\u00e9siduelle","accordion_content":"Une valeur r\u00e9siduelle claire et transparente est l'un des principaux atouts de nos contrats de financement de fourgons pour chevaux. Fix\u00e9e \u00e0 un pourcentage fixe, elle vous permet de planifier vos finances en toute confiance et simplicit\u00e9. Contrairement aux estimations d\u00e9pendant du march\u00e9, nos valeurs r\u00e9siduelles sont d\u00e9finies contractuellement, ce qui vous offre une base fiable pour la planification de la dur\u00e9e du contrat de location et la gestion du cycle de vie du v\u00e9hicule.  ","has_model":false,"mode_id":null},{"heading":"Simulations de leasing rapides","accordion_content":"Obtenez des informations personnalis\u00e9es sur les co\u00fbts et les conditions adapt\u00e9es \u00e0 vos objectifs, vous aidant \u00e0 explorer des solutions de leasing flexibles avec clart\u00e9 et confiance.","has_model":false,"mode_id":null},{"heading":"Documents n\u00e9cessaires","accordion_content":"Pour simplifier le processus de location, Stephex fournit des conseils clairs sur les documents requis. Notre \u00e9quipe s'assure que tout est en ordre pour une exp\u00e9rience fluide d\u00e8s le d\u00e9but.  En r\u00e8gle g\u00e9n\u00e9rale, vous aurez besoin de","has_model":true,"mode_id":{"title":"voir les documents","url":"doc-required-modal","target":""}}],"bg_image":2104},"available_vehicle_sections":{"vehicle_heading":"D\u00e9couvrez nos mod\u00e8les","vehicle_description":"Parcourez notre large s\u00e9lection de vans Stephex pour trouver celui qui correspondra le mieux \u00e0 vos besoins \u00e9questres. Que vous souhaitiez louer un mod\u00e8le personnalis\u00e9 flambant neuf ou explorer les options d'occasion, nos solutions de financement de van pour chevaux sont con\u00e7ues pour soutenir chaque cavalier, entra\u00eeneur et \u00e9quipe. Tous nos v\u00e9hicules r\u00e9pondent \u00e0 des normes de s\u00e9curit\u00e9 et de confort rigoureuses, et nos formules de financement les rendent plus accessibles que jamais.  ","cta_button_1":{"title":"disponibilit\u00e9 des stocks","url":"#","target":""},"cta_button_2":{"title":"entrer en contact","url":"https:\/\/www.stxfinance.com\/contact-us\/","target":""}},"office_map_sections":{"map_heading":"Trouvez nos bureaux","map_description":"Notre pr\u00e9sence mondiale signifie qu'un service personnalis\u00e9 n'est jamais loin. Trouvez le bureau STX Finance le plus proche pour explorer les options de financement de fourgons adapt\u00e9s \u00e0 votre r\u00e9gion et \u00e0 votre entreprise. Notre \u00e9quipe est pr\u00eate \u00e0 vous aider avec des conseils d'experts, une s\u00e9lection de v\u00e9hicules et des conditions de location adapt\u00e9es \u00e0 votre situation sp\u00e9cifique.    <\/br>Choisissez STX Finance pour vos besoins de financement de van pour chevaux et d\u00e9couvrez la diff\u00e9rence de travailler avec une \u00e9quipe qui comprend \u00e0 la fois la mobilit\u00e9 et l'excellence \u00e9questre. Financez en toute confiance, montez avec fiert\u00e9. "},"testimonial_sections":{"testi_heading":"De la part de nos clients"},"customer_say_sections":{"client_heading":"Contactez-nous d\u00e8s aujourd'hui","cta_button":{"title":"Contactez-nous","url":"https:\/\/www.stxfinance.com\/fr\/contact-us\/","target":""}},"document_required_sections":{"modal_heading":"Documents requis pour la location","sub_heading":"En r\u00e8gle g\u00e9n\u00e9rale, vous aurez besoin de","bg_image":2108,"required_list":[{"doc_name":"Formulaire d\u2019analyse de cr\u00e9dit"},{"doc_name":"Formulaire d\u2019identification"},{"doc_name":"Formulaire de d\u00e9claration de B\u00e9n\u00e9ficiaire Effectif (UBO)"},{"doc_name":"Pour la location priv\u00e9e, des documents suppl\u00e9mentaires seront demand\u00e9s"}]}},"model_type":"horse-vans","faqs_sections":{"heading":"","description":"","faq_list":null,"cta_link":null}},"yoast_head":"<!-- This site is optimized with the Yoast SEO plugin v27.5 - https:\/\/yoast.com\/product\/yoast-seo-wordpress\/ -->\n<title>D\u00e9tail de la succursale Horsevans | STX Finance<\/title>\n<meta name=\"description\" content=\"Explorez la succursale Horsevans pour des solutions de financement sur mesure.\" \/>\n<meta name=\"robots\" content=\"index, follow, max-snippet:-1, max-image-preview:large, max-video-preview:-1\" \/>\n<link rel=\"canonical\" href=\"https:\/\/www.stxfinance.com\/fr\/branch-detail-horsevans\/\" \/>\n<meta property=\"og:locale\" content=\"fr_FR\" \/>\n<meta property=\"og:type\" content=\"article\" \/>\n<meta property=\"og:title\" content=\"D\u00e9tail de la succursale Horsevans | STX Finance\" \/>\n<meta property=\"og:description\" content=\"Explorez la succursale Horsevans pour des solutions de financement sur mesure.\" \/>\n<meta property=\"og:url\" content=\"https:\/\/www.stxfinance.com\/fr\/branch-detail-horsevans\/\" \/>\n<meta property=\"og:site_name\" content=\"STX Finance\" \/>\n<meta property=\"article:modified_time\" content=\"2026-02-17T10:59:23+00:00\" \/>\n<meta name=\"twitter:card\" content=\"summary_large_image\" \/>\n<meta name=\"twitter:label1\" content=\"Dur\u00e9e de lecture estim\u00e9e\" \/>\n\t<meta name=\"twitter:data1\" content=\"5 minute\" \/>\n<script type=\"application\/ld+json\" class=\"yoast-schema-graph\">{\"@context\":\"https:\\\/\\\/schema.org\",\"@graph\":[{\"@type\":\"WebPage\",\"@id\":\"https:\\\/\\\/www.stxfinance.com\\\/fr\\\/branch-detail-horsevans\\\/\",\"url\":\"https:\\\/\\\/www.stxfinance.com\\\/fr\\\/branch-detail-horsevans\\\/\",\"name\":\"D\u00e9tail de la succursale Horsevans | STX Finance\",\"isPartOf\":{\"@id\":\"https:\\\/\\\/www.stxfinance.com\\\/fr\\\/#website\"},\"datePublished\":\"2025-04-02T11:15:48+00:00\",\"dateModified\":\"2026-02-17T10:59:23+00:00\",\"description\":\"Explorez la succursale Horsevans pour des solutions de financement sur mesure.\",\"breadcrumb\":{\"@id\":\"https:\\\/\\\/www.stxfinance.com\\\/fr\\\/branch-detail-horsevans\\\/#breadcrumb\"},\"inLanguage\":\"fr-FR\",\"potentialAction\":[{\"@type\":\"ReadAction\",\"target\":[\"https:\\\/\\\/www.stxfinance.com\\\/fr\\\/branch-detail-horsevans\\\/\"]}]},{\"@type\":\"BreadcrumbList\",\"@id\":\"https:\\\/\\\/www.stxfinance.com\\\/fr\\\/branch-detail-horsevans\\\/#breadcrumb\",\"itemListElement\":[{\"@type\":\"ListItem\",\"position\":1,\"name\":\"Home\",\"item\":\"https:\\\/\\\/www.stxfinance.com\\\/fr\\\/\"},{\"@type\":\"ListItem\",\"position\":2,\"name\":\"D\u00e9tail de la succursale Horsevans\"}]},{\"@type\":\"WebSite\",\"@id\":\"https:\\\/\\\/www.stxfinance.com\\\/fr\\\/#website\",\"url\":\"https:\\\/\\\/www.stxfinance.com\\\/fr\\\/\",\"name\":\"STX Finance\",\"description\":\"\",\"publisher\":{\"@id\":\"https:\\\/\\\/www.stxfinance.com\\\/fr\\\/#organization\"},\"potentialAction\":[{\"@type\":\"SearchAction\",\"target\":{\"@type\":\"EntryPoint\",\"urlTemplate\":\"https:\\\/\\\/www.stxfinance.com\\\/fr\\\/?s={search_term_string}\"},\"query-input\":{\"@type\":\"PropertyValueSpecification\",\"valueRequired\":true,\"valueName\":\"search_term_string\"}}],\"inLanguage\":\"fr-FR\"},{\"@type\":\"Organization\",\"@id\":\"https:\\\/\\\/www.stxfinance.com\\\/fr\\\/#organization\",\"name\":\"STX Finance\",\"url\":\"https:\\\/\\\/www.stxfinance.com\\\/fr\\\/\",\"logo\":{\"@type\":\"ImageObject\",\"inLanguage\":\"fr-FR\",\"@id\":\"https:\\\/\\\/www.stxfinance.com\\\/fr\\\/#\\\/schema\\\/logo\\\/image\\\/\",\"url\":\"https:\\\/\\\/www.stxfinance.com\\\/wp-content\\\/uploads\\\/2025\\\/02\\\/logo.svg\",\"contentUrl\":\"https:\\\/\\\/www.stxfinance.com\\\/wp-content\\\/uploads\\\/2025\\\/02\\\/logo.svg\",\"caption\":\"STX Finance\"},\"image\":{\"@id\":\"https:\\\/\\\/www.stxfinance.com\\\/fr\\\/#\\\/schema\\\/logo\\\/image\\\/\"}}]}<\/script>\n<!-- \/ Yoast SEO plugin. -->","yoast_head_json":{"title":"D\u00e9tail de la succursale Horsevans | STX Finance","description":"Explorez la succursale Horsevans pour des solutions de financement sur mesure.","robots":{"index":"index","follow":"follow","max-snippet":"max-snippet:-1","max-image-preview":"max-image-preview:large","max-video-preview":"max-video-preview:-1"},"canonical":"https:\/\/www.stxfinance.com\/fr\/branch-detail-horsevans\/","og_locale":"fr_FR","og_type":"article","og_title":"D\u00e9tail de la succursale Horsevans | STX Finance","og_description":"Explorez la succursale Horsevans pour des solutions de financement sur mesure.","og_url":"https:\/\/www.stxfinance.com\/fr\/branch-detail-horsevans\/","og_site_name":"STX Finance","article_modified_time":"2026-02-17T10:59:23+00:00","twitter_card":"summary_large_image","twitter_misc":{"Dur\u00e9e de lecture estim\u00e9e":"5 minute"},"schema":{"@context":"https:\/\/schema.org","@graph":[{"@type":"WebPage","@id":"https:\/\/www.stxfinance.com\/fr\/branch-detail-horsevans\/","url":"https:\/\/www.stxfinance.com\/fr\/branch-detail-horsevans\/","name":"D\u00e9tail de la succursale Horsevans | STX Finance","isPartOf":{"@id":"https:\/\/www.stxfinance.com\/fr\/#website"},"datePublished":"2025-04-02T11:15:48+00:00","dateModified":"2026-02-17T10:59:23+00:00","description":"Explorez la succursale Horsevans pour des solutions de financement sur mesure.","breadcrumb":{"@id":"https:\/\/www.stxfinance.com\/fr\/branch-detail-horsevans\/#breadcrumb"},"inLanguage":"fr-FR","potentialAction":[{"@type":"ReadAction","target":["https:\/\/www.stxfinance.com\/fr\/branch-detail-horsevans\/"]}]},{"@type":"BreadcrumbList","@id":"https:\/\/www.stxfinance.com\/fr\/branch-detail-horsevans\/#breadcrumb","itemListElement":[{"@type":"ListItem","position":1,"name":"Home","item":"https:\/\/www.stxfinance.com\/fr\/"},{"@type":"ListItem","position":2,"name":"D\u00e9tail de la succursale Horsevans"}]},{"@type":"WebSite","@id":"https:\/\/www.stxfinance.com\/fr\/#website","url":"https:\/\/www.stxfinance.com\/fr\/","name":"STX Finance","description":"","publisher":{"@id":"https:\/\/www.stxfinance.com\/fr\/#organization"},"potentialAction":[{"@type":"SearchAction","target":{"@type":"EntryPoint","urlTemplate":"https:\/\/www.stxfinance.com\/fr\/?s={search_term_string}"},"query-input":{"@type":"PropertyValueSpecification","valueRequired":true,"valueName":"search_term_string"}}],"inLanguage":"fr-FR"},{"@type":"Organization","@id":"https:\/\/www.stxfinance.com\/fr\/#organization","name":"STX Finance","url":"https:\/\/www.stxfinance.com\/fr\/","logo":{"@type":"ImageObject","inLanguage":"fr-FR","@id":"https:\/\/www.stxfinance.com\/fr\/#\/schema\/logo\/image\/","url":"https:\/\/www.stxfinance.com\/wp-content\/uploads\/2025\/02\/logo.svg","contentUrl":"https:\/\/www.stxfinance.com\/wp-content\/uploads\/2025\/02\/logo.svg","caption":"STX Finance"},"image":{"@id":"https:\/\/www.stxfinance.com\/fr\/#\/schema\/logo\/image\/"}}]}},"_links":{"self":[{"href":"https:\/\/www.stxfinance.com\/fr\/wp-json\/wp\/v2\/pages\/2453","targetHints":{"allow":["GET"]}}],"collection":[{"href":"https:\/\/www.stxfinance.com\/fr\/wp-json\/wp\/v2\/pages"}],"about":[{"href":"https:\/\/www.stxfinance.com\/fr\/wp-json\/wp\/v2\/types\/page"}],"author":[{"embeddable":true,"href":"https:\/\/www.stxfinance.com\/fr\/wp-json\/wp\/v2\/users\/2"}],"replies":[{"embeddable":true,"href":"https:\/\/www.stxfinance.com\/fr\/wp-json\/wp\/v2\/comments?post=2453"}],"version-history":[{"count":7,"href":"https:\/\/www.stxfinance.com\/fr\/wp-json\/wp\/v2\/pages\/2453\/revisions"}],"predecessor-version":[{"id":418785,"href":"https:\/\/www.stxfinance.com\/fr\/wp-json\/wp\/v2\/pages\/2453\/revisions\/418785"}],"wp:attachment":[{"href":"https:\/\/www.stxfinance.com\/fr\/wp-json\/wp\/v2\/media?parent=2453"}],"curies":[{"name":"wp","href":"https:\/\/api.w.org\/{rel}","templated":true}]}}