{"id":2457,"date":"2025-03-03T08:36:58","date_gmt":"2025-03-03T08:36:58","guid":{"rendered":"https:\/\/www.stxfinance.com\/branch-detail-cars\/"},"modified":"2026-02-17T11:12:24","modified_gmt":"2026-02-17T11:12:24","slug":"branch-detail-cars","status":"publish","type":"page","link":"https:\/\/www.stxfinance.com\/fr\/branch-detail-cars\/","title":{"rendered":"Branch Detail Luxury Cars"},"content":{"rendered":"","protected":false},"excerpt":{"rendered":"","protected":false},"author":2,"featured_media":0,"parent":0,"menu_order":0,"comment_status":"closed","ping_status":"closed","template":"page-templates\/template-branch-detail-lc.php","meta":{"_acf_changed":false,"footnotes":""},"class_list":["post-2457","page","type-page","status-publish","hentry"],"acf":{"branch_page_settings":{"":null,"banner_section":{"banner_heading":"D\u00e9couvrez les voitures de luxe en leasing","banner_description":"Pour ceux qui appr\u00e9cient la sophistication et les performances de haut niveau, STX Finance propose un leasing exclusif de voitures de luxe. En partenariat avec des garages de premier plan, nous vous donnons acc\u00e8s \u00e0 une gamme de v\u00e9hicules haut de gamme, des voitures de sport aux \u00e9l\u00e9gantes berlines. Que vous ayez une voiture sp\u00e9cifique en t\u00eate ou que vous souhaitiez d\u00e9couvrir notre s\u00e9lection, nos solutions de financement flexibles vous permettent de rouler dans le luxe.  ","banner_image":2132},"talk_us_section":{"tu_heading":"Contactez nous maintenant","contact_form":"[contact-form-7 id=\"1a0384c\" title=\"Formulaire de contact\"]","bg_image":2136},"about_leasing_section":{"leasing_heading":"Conduisez avec style gr\u00e2ce \u00e0 STX finance","leasing_description":"STX Finance est votre partenaire de confiance pour le financement de voitures de luxe de premier plan. Nous nous engageons \u00e0 vous offrir une qualit\u00e9 sup\u00e9rieure et des connaissances d'expert afin d'am\u00e9liorer votre exp\u00e9rience de conduite. Nous sommes fiers de fournir des services financiers s\u00fbrs et fiables, soutenus par un solide r\u00e9seau de partenaires financiers mondialement reconnus. Notre engagement garantit que votre exp\u00e9rience du leasing est non seulement fluide, mais aussi totalement s\u00e9curis\u00e9e.  \r\n\r\nChez STX Finance, le financement de voitures de luxe ne se limite pas \u00e0 prendre le volant ; il s'agit d'am\u00e9liorer tous les aspects de votre voyage automobile. De la premi\u00e8re demande au moment o\u00f9 vous prenez le volant, notre \u00e9quipe exp\u00e9riment\u00e9e vous offre un soutien personnalis\u00e9 et des conseils adapt\u00e9s \u00e0 vos besoins uniques. Nos sp\u00e9cialistes du financement prennent le temps de comprendre vos pr\u00e9f\u00e9rences et vos objectifs, et vous offrent des conseils d'experts pour vous permettre de trouver le v\u00e9hicule de luxe id\u00e9al.  \r\n\r\nConscients de la valeur de votre temps, nous rationalisons nos processus d'approbation, ce qui garantit l'efficacit\u00e9 et des exigences minimales en mati\u00e8re de documentation. Cette simplicit\u00e9 financi\u00e8re vous permet de consacrer moins de temps \u00e0 la paperasserie et plus de temps \u00e0 profiter du plaisir de conduire la voiture de vos r\u00eaves. Nos syst\u00e8mes sophistiqu\u00e9s et notre personnel d\u00e9vou\u00e9 facilitent le traitement et l'approbation rapides, transformant votre aspiration \u00e0 un v\u00e9hicule de luxe en r\u00e9alit\u00e9 avec une facilit\u00e9 et une rapidit\u00e9 remarquables.  \r\n\r\nAu-del\u00e0 de l'acquisition initiale, notre engagement continu comprend un soutien proactif \u00e0 la client\u00e8le, des v\u00e9rifications r\u00e9guli\u00e8res et des outils de gestion de compte accessibles. STX Finance propose \u00e9galement des solutions num\u00e9riques innovantes, notamment un tableau de bord en ligne convivial et une application mobile d\u00e9di\u00e9e, vous permettant de contr\u00f4ler pleinement votre contrat de location \u00e0 tout moment et en tout lieu. ","page_link":{"title":"Contactez-nous","url":"https:\/\/www.stxfinance.com\/fr\/contact-us\/","target":""}},"accordion_section":{"accordion_row":[{"heading":"\u00c0 propos de l'acompte","accordion_content":"Avec les options de financement de voitures de luxe de STX Finance, la structure de votre acompte offre une grande flexibilit\u00e9 et un prix abordable, ce qui en fait une alternative tr\u00e8s attrayante \u00e0 l'achat traditionnel d'un v\u00e9hicule. Notre acompte minimum commence \u00e0 30 % de l'investissement total, bien que des paiements initiaux plus \u00e9lev\u00e9s puissent \u00e9galement \u00eatre adapt\u00e9s \u00e0 votre situation financi\u00e8re sp\u00e9cifique et \u00e0 vos objectifs. Cette approche flexible vous permet de financer confortablement votre v\u00e9hicule de luxe sans mise de fonds initiale importante.  ","has_model":false,"mode_id":null},{"heading":"Valeur r\u00e9siduelle","accordion_content":"La valeur r\u00e9siduelle d'un contrat de financement de voiture de luxe de STX Finance est pr\u00e9d\u00e9termin\u00e9e sous la forme d'un pourcentage fixe, calcul\u00e9 de mani\u00e8re transparente afin d'\u00e9tablir des conditions de location claires et coh\u00e9rentes. Cette structure pr\u00e9d\u00e9termin\u00e9e permet une budg\u00e9tisation simple et donne confiance, en \u00e9liminant les incertitudes concernant les fluctuations futures de la valeur du march\u00e9. Tout au long de votre parcours de leasing, vous pouvez compter sur la clart\u00e9 et la transparence offertes par STX Finance.  ","has_model":false,"mode_id":null},{"heading":"Simulations de leasing rapides","accordion_content":"Obtenez des informations personnalis\u00e9es sur les co\u00fbts et les conditions adapt\u00e9es \u00e0 vos objectifs, vous aidant \u00e0 explorer des solutions de leasing flexibles avec clart\u00e9 et confiance.","has_model":false,"mode_id":null},{"heading":"Documents n\u00e9cessaires","accordion_content":"Chez STX Finance, nous simplifions le financement des voitures de luxe en d\u00e9finissant clairement la documentation n\u00e9cessaire d\u00e8s le d\u00e9part. Nos sp\u00e9cialistes du cr\u00e9dit-bail vous assistent \u00e0 chaque \u00e9tape, garantissant ainsi un processus de cr\u00e9dit-bail fluide et rationalis\u00e9. ","has_model":true,"mode_id":{"title":"voir les documents","url":"doc-required-modal","target":""}}],"bg_image":2140},"explore_car_sections":{"vehicle_heading":"Louer en toute simplicit\u00e9, conduire en toute confiance","vehicle_description":"Le processus de location de STX Finance est perfectionn\u00e9 par notre tableau de bord en ligne intuitif et notre application mobile, vous permettant de contr\u00f4ler sans effort tous les aspects de votre contrat de financement de voiture de luxe. G\u00e9rez votre contrat de location de n'importe o\u00f9, \u00e0 n'importe quel moment, gr\u00e2ce \u00e0 une plateforme conviviale con\u00e7ue sp\u00e9cifiquement pour votre commodit\u00e9 et votre tranquillit\u00e9 d'esprit. \r\n\r\nPour ceux qui appr\u00e9cient la sophistication, l'\u00e9l\u00e9gance et les performances de haut niveau, STX Finance offre des solutions exceptionnelles de financement de voitures de luxe. En partenariat exclusif avec des garages de premier plan, nous offrons un acc\u00e8s privil\u00e9gi\u00e9 \u00e0 une s\u00e9lection exquise de v\u00e9hicules haut de gamme, des voitures de sport dynamiques aux berlines raffin\u00e9es et \u00e9l\u00e9gantes. Que vous ayez d\u00e9j\u00e0 votre voiture id\u00e9ale en t\u00eate ou que vous souhaitiez d\u00e9couvrir notre vaste gamme, nos services de financement de voitures de luxe sur mesure vous garantissent une exp\u00e9rience de leasing fluide et sans effort.  \r\n\r\nQue vous soyez un locataire d\u00e9butant ou un passionn\u00e9 chevronn\u00e9, les services de financement de voitures de luxe de STX Finance vous garantissent une exp\u00e9rience de location caract\u00e9ris\u00e9e par une fiabilit\u00e9 in\u00e9gal\u00e9e, un soutien exceptionnel et une grande facilit\u00e9. Laissez-nous vous aider \u00e0 transformer vos r\u00eaves automobiles en r\u00e9alit\u00e9 d\u00e8s aujourd'hui. ","cta_button":{"title":"Contactez-nous","url":"https:\/\/www.stxfinance.com\/fr\/contact-us\/","target":""},"car_gallery":[{"car_image":2144},{"car_image":2148},{"car_image":2152},{"car_image":2156},{"car_image":2152},{"car_image":2148}]},"available_vehicle_sections":{"vehicle_heading":"D\u00e9couvrez nos mod\u00e8les","vehicle_description":"D\u00e9couvrez notre s\u00e9lection de grandes marques, offrant le meilleur de la s\u00e9curit\u00e9 et du confort pour le transport de vos chevaux. Choisissez parmi les diff\u00e9rents mod\u00e8les qui r\u00e9pondent \u00e0 vos besoins, qu'il s'agisse d'un camion compact de 3 \u00e0 4 chevaux ou d'un v\u00e9hicule luxueux de 5 \u00e0 6 chevaux. Personnalisez un nouveau v\u00e9hicule ou choisissez parmi une large gamme de v\u00e9hicules disponibles chez Stephex.   ","cta_button_1":{"title":"stock availability","url":"https:\/\/stephexhorsetrucks.com\/stock\/","target":""},"cta_button_2":{"title":"Contactez nous","url":"https:\/\/www.stxfinance.com\/fr\/contact-us\/","target":""}},"office_map_section":{"map_heading":"Trouvez nos bureaux","map_description":"Faites l'exp\u00e9rience du soutien personnalis\u00e9 offert par STX Finance en visitant notre bureau le plus proche. Notre pr\u00e9sence mondiale garantit un acc\u00e8s pratique \u00e0 des conseils d'experts, \u00e0 des consultations d\u00e9taill\u00e9es et \u00e0 des solutions de financement de voitures de luxe parfaitement adapt\u00e9es \u00e0 votre style de vie. Que ce soit en ligne ou en personne, STX Finance est votre partenaire de confiance pour un financement automobile exceptionnel.  \r\n\r\nChoisissez STX Finance pour vos besoins de financement de voitures de luxe et faites l'exp\u00e9rience d'un m\u00e9lange sup\u00e9rieur de commodit\u00e9, de style et de clart\u00e9 financi\u00e8re, con\u00e7u sp\u00e9cifiquement pour ceux qui exigent le meilleur en mati\u00e8re de leasing automobile."},"testimonial_section":{"testi_heading":"De la part de nos clients"},"customer_say_section":{"client_heading":"Contactez-nous d\u00e8s aujourd'hui","cta_button":{"title":"Contactez-nous","url":"https:\/\/www.stxfinance.com\/fr\/contact-us\/","target":""}},"document_required_section":{"modal_heading":"Documents requis pour la location","sub_heading":"En r\u00e8gle g\u00e9n\u00e9rale, vous aurez besoin de","bg_image":2108,"required_list":[{"doc_name":"Formulaire d\u2019analyse de cr\u00e9dit"},{"doc_name":"Formulaire d\u2019identification"},{"doc_name":"Formulaire de d\u00e9claration de B\u00e9n\u00e9ficiaire Effectif (UBO)"},{"doc_name":"Pour la location priv\u00e9e, des documents suppl\u00e9mentaires seront demand\u00e9s"}]}},"model_type":"luxury-cars","faqs_sections":{"heading":"","description":"","faq_list":null,"cta_link":null}},"yoast_head":"<!-- This site is optimized with the Yoast SEO plugin v27.5 - https:\/\/yoast.com\/product\/yoast-seo-wordpress\/ -->\n<title>Finance Your Luxury Car with Confidence | STX Finance<\/title>\n<meta name=\"description\" content=\"STX Finance propose des solutions de financement pour les voitures de luxe afin d&#039;am\u00e9liorer votre exp\u00e9rience de conduite. Contactez nous d\u00e8s aujourd&#039;hui !\" \/>\n<meta name=\"robots\" content=\"index, follow, max-snippet:-1, max-image-preview:large, max-video-preview:-1\" \/>\n<link rel=\"canonical\" href=\"https:\/\/www.stxfinance.com\/fr\/branch-detail-cars\/\" \/>\n<meta property=\"og:locale\" content=\"fr_FR\" \/>\n<meta property=\"og:type\" content=\"article\" \/>\n<meta property=\"og:title\" content=\"Finance Your Luxury Car with Confidence | STX Finance\" \/>\n<meta property=\"og:description\" content=\"STX Finance propose des solutions de financement pour les voitures de luxe afin d&#039;am\u00e9liorer votre exp\u00e9rience de conduite. Contactez nous d\u00e8s aujourd&#039;hui !\" \/>\n<meta property=\"og:url\" content=\"https:\/\/www.stxfinance.com\/fr\/branch-detail-cars\/\" \/>\n<meta property=\"og:site_name\" content=\"STX Finance\" \/>\n<meta property=\"article:modified_time\" content=\"2026-02-17T11:12:24+00:00\" \/>\n<meta name=\"twitter:card\" content=\"summary_large_image\" \/>\n<meta name=\"twitter:label1\" content=\"Dur\u00e9e de lecture estim\u00e9e\" \/>\n\t<meta name=\"twitter:data1\" content=\"7 minute\" \/>\n<script type=\"application\/ld+json\" class=\"yoast-schema-graph\">{\"@context\":\"https:\\\/\\\/schema.org\",\"@graph\":[{\"@type\":\"WebPage\",\"@id\":\"https:\\\/\\\/www.stxfinance.com\\\/fr\\\/branch-detail-cars\\\/\",\"url\":\"https:\\\/\\\/www.stxfinance.com\\\/fr\\\/branch-detail-cars\\\/\",\"name\":\"Finance Your Luxury Car with Confidence | STX Finance\",\"isPartOf\":{\"@id\":\"https:\\\/\\\/www.stxfinance.com\\\/fr\\\/#website\"},\"datePublished\":\"2025-03-03T08:36:58+00:00\",\"dateModified\":\"2026-02-17T11:12:24+00:00\",\"description\":\"STX Finance propose des solutions de financement pour les voitures de luxe afin d'am\u00e9liorer votre exp\u00e9rience de conduite. Contactez nous d\u00e8s aujourd'hui !\",\"breadcrumb\":{\"@id\":\"https:\\\/\\\/www.stxfinance.com\\\/fr\\\/branch-detail-cars\\\/#breadcrumb\"},\"inLanguage\":\"fr-FR\",\"potentialAction\":[{\"@type\":\"ReadAction\",\"target\":[\"https:\\\/\\\/www.stxfinance.com\\\/fr\\\/branch-detail-cars\\\/\"]}]},{\"@type\":\"BreadcrumbList\",\"@id\":\"https:\\\/\\\/www.stxfinance.com\\\/fr\\\/branch-detail-cars\\\/#breadcrumb\",\"itemListElement\":[{\"@type\":\"ListItem\",\"position\":1,\"name\":\"Home\",\"item\":\"https:\\\/\\\/www.stxfinance.com\\\/fr\\\/\"},{\"@type\":\"ListItem\",\"position\":2,\"name\":\"Branch Detail Luxury Cars\"}]},{\"@type\":\"WebSite\",\"@id\":\"https:\\\/\\\/www.stxfinance.com\\\/fr\\\/#website\",\"url\":\"https:\\\/\\\/www.stxfinance.com\\\/fr\\\/\",\"name\":\"STX Finance\",\"description\":\"\",\"publisher\":{\"@id\":\"https:\\\/\\\/www.stxfinance.com\\\/fr\\\/#organization\"},\"potentialAction\":[{\"@type\":\"SearchAction\",\"target\":{\"@type\":\"EntryPoint\",\"urlTemplate\":\"https:\\\/\\\/www.stxfinance.com\\\/fr\\\/?s={search_term_string}\"},\"query-input\":{\"@type\":\"PropertyValueSpecification\",\"valueRequired\":true,\"valueName\":\"search_term_string\"}}],\"inLanguage\":\"fr-FR\"},{\"@type\":\"Organization\",\"@id\":\"https:\\\/\\\/www.stxfinance.com\\\/fr\\\/#organization\",\"name\":\"STX Finance\",\"url\":\"https:\\\/\\\/www.stxfinance.com\\\/fr\\\/\",\"logo\":{\"@type\":\"ImageObject\",\"inLanguage\":\"fr-FR\",\"@id\":\"https:\\\/\\\/www.stxfinance.com\\\/fr\\\/#\\\/schema\\\/logo\\\/image\\\/\",\"url\":\"https:\\\/\\\/www.stxfinance.com\\\/wp-content\\\/uploads\\\/2025\\\/02\\\/logo.svg\",\"contentUrl\":\"https:\\\/\\\/www.stxfinance.com\\\/wp-content\\\/uploads\\\/2025\\\/02\\\/logo.svg\",\"caption\":\"STX Finance\"},\"image\":{\"@id\":\"https:\\\/\\\/www.stxfinance.com\\\/fr\\\/#\\\/schema\\\/logo\\\/image\\\/\"}}]}<\/script>\n<!-- \/ Yoast SEO plugin. -->","yoast_head_json":{"title":"Finance Your Luxury Car with Confidence | STX Finance","description":"STX Finance propose des solutions de financement pour les voitures de luxe afin d'am\u00e9liorer votre exp\u00e9rience de conduite. Contactez nous d\u00e8s aujourd'hui !","robots":{"index":"index","follow":"follow","max-snippet":"max-snippet:-1","max-image-preview":"max-image-preview:large","max-video-preview":"max-video-preview:-1"},"canonical":"https:\/\/www.stxfinance.com\/fr\/branch-detail-cars\/","og_locale":"fr_FR","og_type":"article","og_title":"Finance Your Luxury Car with Confidence | STX Finance","og_description":"STX Finance propose des solutions de financement pour les voitures de luxe afin d'am\u00e9liorer votre exp\u00e9rience de conduite. Contactez nous d\u00e8s aujourd'hui !","og_url":"https:\/\/www.stxfinance.com\/fr\/branch-detail-cars\/","og_site_name":"STX Finance","article_modified_time":"2026-02-17T11:12:24+00:00","twitter_card":"summary_large_image","twitter_misc":{"Dur\u00e9e de lecture estim\u00e9e":"7 minute"},"schema":{"@context":"https:\/\/schema.org","@graph":[{"@type":"WebPage","@id":"https:\/\/www.stxfinance.com\/fr\/branch-detail-cars\/","url":"https:\/\/www.stxfinance.com\/fr\/branch-detail-cars\/","name":"Finance Your Luxury Car with Confidence | STX Finance","isPartOf":{"@id":"https:\/\/www.stxfinance.com\/fr\/#website"},"datePublished":"2025-03-03T08:36:58+00:00","dateModified":"2026-02-17T11:12:24+00:00","description":"STX Finance propose des solutions de financement pour les voitures de luxe afin d'am\u00e9liorer votre exp\u00e9rience de conduite. Contactez nous d\u00e8s aujourd'hui !","breadcrumb":{"@id":"https:\/\/www.stxfinance.com\/fr\/branch-detail-cars\/#breadcrumb"},"inLanguage":"fr-FR","potentialAction":[{"@type":"ReadAction","target":["https:\/\/www.stxfinance.com\/fr\/branch-detail-cars\/"]}]},{"@type":"BreadcrumbList","@id":"https:\/\/www.stxfinance.com\/fr\/branch-detail-cars\/#breadcrumb","itemListElement":[{"@type":"ListItem","position":1,"name":"Home","item":"https:\/\/www.stxfinance.com\/fr\/"},{"@type":"ListItem","position":2,"name":"Branch Detail Luxury Cars"}]},{"@type":"WebSite","@id":"https:\/\/www.stxfinance.com\/fr\/#website","url":"https:\/\/www.stxfinance.com\/fr\/","name":"STX Finance","description":"","publisher":{"@id":"https:\/\/www.stxfinance.com\/fr\/#organization"},"potentialAction":[{"@type":"SearchAction","target":{"@type":"EntryPoint","urlTemplate":"https:\/\/www.stxfinance.com\/fr\/?s={search_term_string}"},"query-input":{"@type":"PropertyValueSpecification","valueRequired":true,"valueName":"search_term_string"}}],"inLanguage":"fr-FR"},{"@type":"Organization","@id":"https:\/\/www.stxfinance.com\/fr\/#organization","name":"STX Finance","url":"https:\/\/www.stxfinance.com\/fr\/","logo":{"@type":"ImageObject","inLanguage":"fr-FR","@id":"https:\/\/www.stxfinance.com\/fr\/#\/schema\/logo\/image\/","url":"https:\/\/www.stxfinance.com\/wp-content\/uploads\/2025\/02\/logo.svg","contentUrl":"https:\/\/www.stxfinance.com\/wp-content\/uploads\/2025\/02\/logo.svg","caption":"STX Finance"},"image":{"@id":"https:\/\/www.stxfinance.com\/fr\/#\/schema\/logo\/image\/"}}]}},"_links":{"self":[{"href":"https:\/\/www.stxfinance.com\/fr\/wp-json\/wp\/v2\/pages\/2457","targetHints":{"allow":["GET"]}}],"collection":[{"href":"https:\/\/www.stxfinance.com\/fr\/wp-json\/wp\/v2\/pages"}],"about":[{"href":"https:\/\/www.stxfinance.com\/fr\/wp-json\/wp\/v2\/types\/page"}],"author":[{"embeddable":true,"href":"https:\/\/www.stxfinance.com\/fr\/wp-json\/wp\/v2\/users\/2"}],"replies":[{"embeddable":true,"href":"https:\/\/www.stxfinance.com\/fr\/wp-json\/wp\/v2\/comments?post=2457"}],"version-history":[{"count":10,"href":"https:\/\/www.stxfinance.com\/fr\/wp-json\/wp\/v2\/pages\/2457\/revisions"}],"predecessor-version":[{"id":418843,"href":"https:\/\/www.stxfinance.com\/fr\/wp-json\/wp\/v2\/pages\/2457\/revisions\/418843"}],"wp:attachment":[{"href":"https:\/\/www.stxfinance.com\/fr\/wp-json\/wp\/v2\/media?parent=2457"}],"curies":[{"name":"wp","href":"https:\/\/api.w.org\/{rel}","templated":true}]}}