{"id":2460,"date":"2025-04-02T11:16:05","date_gmt":"2025-04-02T11:16:05","guid":{"rendered":"https:\/\/www.stxfinance.com\/branch-detail-motorhomes\/"},"modified":"2026-02-17T11:07:06","modified_gmt":"2026-02-17T11:07:06","slug":"branch-detail-motorhomes","status":"publish","type":"page","link":"https:\/\/www.stxfinance.com\/fr\/branch-detail-motorhomes\/","title":{"rendered":"Branch Detail Motorhomes"},"content":{"rendered":"","protected":false},"excerpt":{"rendered":"","protected":false},"author":2,"featured_media":0,"parent":0,"menu_order":0,"comment_status":"closed","ping_status":"closed","template":"page-templates\/template-branch-detail.php","meta":{"_acf_changed":false,"footnotes":""},"class_list":["post-2460","page","type-page","status-publish","hentry"],"acf":{"branch_page_settings":{"":null,"banner_sections":{"banner_heading":"D\u00e9couvrez nos motorhomes","banner_description":"Bienvenue dans le monde des motorhomes STX - plus qu'un simple v\u00e9hicule, c'est votre compagnon ultime pour les aventures de la vie et la route. Luxueux et athl\u00e9tique, chaque motorhome STX est une demeure paisible, vous offrant l'espace parfait pour vous reposer ou pour vous soutenir dans vos exploits en course. Que vous soyez dans les stands ou dans des campings sereins, vos moments de repos sont rehauss\u00e9s par le confort et la sophistication de STX.  ","banner_image":2096},"talk_us_sections":{"tu_heading":"Contactez nous maintenant","contact_form":"[contact-form-7 id=\"1a0384c\" title=\"Formulaire de contact\"]","bg_image":5084},"about_leasing_sections":{"leasing_heading":"Adapt\u00e9 au style de vie, \u00e0 la course et aux besoins de l'entreprise","leasing_description":"D\u00e9couvrez la gamme de motorhomes STX, con\u00e7ue pour r\u00e9pondre \u00e0 divers besoins de voyage avec des mod\u00e8les adapt\u00e9s aux amateurs de style de vie, aux professionnels de la course et aux voyageurs d'affaires.\r\n\r\n<strong>Mod\u00e8les de style de vie :<\/strong> Nos mod\u00e8les ax\u00e9s sur le style de vie sont parfaits pour les voyageurs qui recherchent le luxe et la flexibilit\u00e9 lors de leurs d\u00e9placements. Dot\u00e9s d'int\u00e9rieurs spacieux con\u00e7us pour le confort, ces motorhomes offrent de nombreux \u00e9quipements id\u00e9aux pour l'accueil, la d\u00e9tente et les loisirs de plein air. Les options comprennent de vastes salons, des kitchenettes modernes, des auvents ext\u00e9rieurs et m\u00eame des refroidisseurs de vin int\u00e9gr\u00e9s. Pour les aventuriers urbains, le mod\u00e8le compact STX 2 Pop Out est dot\u00e9 d'un garage pratique con\u00e7u sp\u00e9cialement pour accueillir une Mini Cooper ou une Fiat 500, ce qui vous permet d'explorer les villes avec facilit\u00e9 et style. Notre option de location de motorhome vous permet d'exp\u00e9rimenter facilement ce style de vie haut de gamme sans l'investissement initial substantiel que repr\u00e9sente l'achat d'un motorhome.    \r\n\r\n<strong>Mod\u00e8les de course :<\/strong> Les motorhomes STX pour les passionn\u00e9s de course sont sp\u00e9cialement con\u00e7us pour compl\u00e9ter votre passion pour les sports motoris\u00e9s. Chaque mod\u00e8le de course dispose d'espaces de garage essentiels capables de transporter vos v\u00e9hicules de course en toute s\u00e9curit\u00e9, d'options de ch\u00e2ssis fiables de Mercedes ou Scania, et d'une maniabilit\u00e9 pr\u00e9cise ax\u00e9e sur la performance. De plus, des int\u00e9grations technologiques avanc\u00e9es, y compris des capacit\u00e9s de livestream, vous permettent de rester connect\u00e9 \u00e0 la piste, vous assurant de ne jamais manquer un moment de l'action. Opter pour une location de motorhome avec nos mod\u00e8les de course vous offre la flexibilit\u00e9 n\u00e9cessaire pour g\u00e9rer efficacement vos finances tout en vous concentrant sur l'atteinte de l'excellence en course.   \r\n\r\n<strong>Mod\u00e8les professionnels :<\/strong> Pour les professionnels toujours en mouvement, nos motorhomes STX ax\u00e9s sur les affaires offrent des solutions de bureau mobile sophistiqu\u00e9es. Con\u00e7us dans un souci de productivit\u00e9, ces motorhomes offrent des espaces de travail ergonomiques, de vastes compartiments de rangement et des options de connectivit\u00e9 fiables, y compris l'int\u00e9gration Starlink en option pour une connexion Internet haut d\u00e9bit ininterrompue. Le mod\u00e8le spacieux STX 4 Pop Out est particuli\u00e8rement appr\u00e9ci\u00e9 des voyageurs d'affaires, car il offre suffisamment d'espace pour travailler confortablement, organiser des r\u00e9unions ou se d\u00e9tendre apr\u00e8s une journ\u00e9e productive.  \r\n\r\nQuels que soient vos objectifs de voyage, STX a un mod\u00e8le qui correspond \u00e0 votre style de vie. Profitez de chaque voyage dans un motorhome STX \u00e0 la hauteur de vos ambitions. \r\n","page_link":{"title":"Contactez-nous","url":"https:\/\/www.stxfinance.com\/fr\/contact-us\/","target":""}},"accordion_sections":{"accordion_row":[{"heading":"\u00c0 propos de l'acompte","accordion_content":"STX Finance rend le leasing du motorhome de vos r\u00eaves accessible gr\u00e2ce \u00e0 nos options de paiement initial flexibles et abordables. Le paiement initial minimum commence \u00e0 seulement 30% de votre investissement total dans le motorhome, offrant une flexibilit\u00e9 financi\u00e8re adapt\u00e9e \u00e0 vos besoins et pr\u00e9f\u00e9rences sp\u00e9cifiques. Que vous pr\u00e9f\u00e9riez g\u00e9rer les co\u00fbts initiaux ou investir davantage au d\u00e9part, nos structures de location de motorhome sont personnalis\u00e9es pour r\u00e9pondre \u00e0 vos objectifs financiers.  ","has_model":false,"mode_id":null},{"heading":"Valeur r\u00e9siduelle","accordion_content":"Lorsque vous optez pour notre contrat de location de motorhome, la valeur r\u00e9siduelle est fix\u00e9e \u00e0 un pourcentage fixe, offrant clart\u00e9 et pr\u00e9visibilit\u00e9 \u00e0 vos conditions de location. Cette valeur r\u00e9siduelle pr\u00e9d\u00e9termin\u00e9e simplifie la budg\u00e9tisation et la planification, en vous assurant que vous savez exactement \u00e0 quoi vous attendre \u00e0 la fin du contrat de location. STX Finance donne la priorit\u00e9 \u00e0 la transparence, en vous apportant confiance et tranquillit\u00e9 d'esprit tout au long de votre parcours de location de motorhome.  ","has_model":false,"mode_id":null},{"heading":"Simulations de leasing rapides","accordion_content":"Obtenez des informations personnalis\u00e9es sur les co\u00fbts et les conditions adapt\u00e9es \u00e0 vos objectifs, vous aidant \u00e0 explorer des solutions de leasing flexibles avec clart\u00e9 et confiance.","has_model":false,"mode_id":null},{"heading":"Documents n\u00e9cessaires","accordion_content":"Pour faciliter la location de votre motorhome, nous vous fournissons des lignes directrices simples d\u00e9crivant tous les documents n\u00e9cessaires. Nos sp\u00e9cialistes du cr\u00e9dit-bail vous guideront \u00e0 chaque \u00e9tape du processus, pour une exp\u00e9rience sans faille. ","has_model":true,"mode_id":{"title":"voir les documents","url":"doc-required-modal","target":""}}],"bg_image":2104},"available_vehicle_sections":{"vehicle_heading":"D\u00e9couvrez nos mod\u00e8les","vehicle_description":"D\u00e9couvrez l'\u00e9l\u00e9gance et la libert\u00e9 offertes par STX Motorhomes. Explorez notre gamme diversifi\u00e9e et choisissez le mod\u00e8le id\u00e9al adapt\u00e9 \u00e0 vos besoins de voyage sp\u00e9cifiques. V\u00e9rifiez la disponibilit\u00e9 des stocks en temps r\u00e9el ou contactez notre \u00e9quipe d'experts pour discuter de votre location de motorhome d\u00e8s aujourd'hui.  ","cta_button_1":{"title":"disponibilit\u00e9 des stocks","url":"#","target":""},"cta_button_2":{"title":"Prenez contact avec nous","url":"https:\/\/www.stxfinance.com\/fr\/contact-us\/","target":""}},"office_map_sections":{"map_heading":"Trouvez nos bureaux","map_description":"Le vaste r\u00e9seau de STX Finance garantit qu'une assistance personnalis\u00e9e est toujours \u00e0 port\u00e9e de main. Localisez l'agence STX Finance la plus proche de chez vous pour d\u00e9couvrir nos options de location de motorhomes et recevoir des conseils personnalis\u00e9s de la part de notre \u00e9quipe sympathique. O\u00f9 que vous soyez, notre pr\u00e9sence mondiale vous assure un soutien complet pour votre voyage de location de motorhome. "},"testimonial_sections":{"testi_heading":"De la part de nos clients"},"customer_say_sections":{"client_heading":"Contactez-nous d\u00e8s aujourd'hui","cta_button":{"title":"Contactez-nous","url":"https:\/\/www.stxfinance.com\/fr\/contact-us\/","target":""}},"document_required_sections":{"modal_heading":"Documents requis pour la location","sub_heading":"En r\u00e8gle g\u00e9n\u00e9rale, vous aurez besoin de","bg_image":2108,"required_list":[{"doc_name":"Formulaire d\u2019analyse de cr\u00e9dit"},{"doc_name":"Formulaire d\u2019identification"},{"doc_name":"Formulaire de d\u00e9claration de B\u00e9n\u00e9ficiaire Effectif (UBO)"},{"doc_name":"Pour la location priv\u00e9e, des documents suppl\u00e9mentaires seront demand\u00e9s"}]}},"model_type":"motorhomes","faqs_sections":{"heading":"","description":"","faq_list":null,"cta_link":null}},"yoast_head":"<!-- This site is optimized with the Yoast SEO plugin v27.5 - https:\/\/yoast.com\/product\/yoast-seo-wordpress\/ -->\n<title>Financez Votre Camping-Car de R\u00eave en Toute Simplicit\u00e9 | STX Finance<\/title>\n<meta name=\"description\" content=\"D\u00e9couvrez la gamme de camping-cars STX, con\u00e7ue pour les amateurs de style de vie, les professionnels de la course et les voyageurs d&#039;affaires.\" \/>\n<meta name=\"robots\" content=\"index, follow, max-snippet:-1, max-image-preview:large, max-video-preview:-1\" \/>\n<link rel=\"canonical\" href=\"https:\/\/www.stxfinance.com\/fr\/branch-detail-motorhomes\/\" \/>\n<meta property=\"og:locale\" content=\"fr_FR\" \/>\n<meta property=\"og:type\" content=\"article\" \/>\n<meta property=\"og:title\" content=\"Financez Votre Camping-Car de R\u00eave en Toute Simplicit\u00e9 | STX Finance\" \/>\n<meta property=\"og:description\" content=\"D\u00e9couvrez la gamme de camping-cars STX, con\u00e7ue pour les amateurs de style de vie, les professionnels de la course et les voyageurs d&#039;affaires.\" \/>\n<meta property=\"og:url\" content=\"https:\/\/www.stxfinance.com\/fr\/branch-detail-motorhomes\/\" \/>\n<meta property=\"og:site_name\" content=\"STX Finance\" \/>\n<meta property=\"article:modified_time\" content=\"2026-02-17T11:07:06+00:00\" \/>\n<meta name=\"twitter:card\" content=\"summary_large_image\" \/>\n<meta name=\"twitter:label1\" content=\"Dur\u00e9e de lecture estim\u00e9e\" \/>\n\t<meta name=\"twitter:data1\" content=\"5 minute\" \/>\n<script type=\"application\/ld+json\" class=\"yoast-schema-graph\">{\"@context\":\"https:\\\/\\\/schema.org\",\"@graph\":[{\"@type\":\"WebPage\",\"@id\":\"https:\\\/\\\/www.stxfinance.com\\\/fr\\\/branch-detail-motorhomes\\\/\",\"url\":\"https:\\\/\\\/www.stxfinance.com\\\/fr\\\/branch-detail-motorhomes\\\/\",\"name\":\"Financez Votre Camping-Car de R\u00eave en Toute Simplicit\u00e9 | STX Finance\",\"isPartOf\":{\"@id\":\"https:\\\/\\\/www.stxfinance.com\\\/fr\\\/#website\"},\"datePublished\":\"2025-04-02T11:16:05+00:00\",\"dateModified\":\"2026-02-17T11:07:06+00:00\",\"description\":\"D\u00e9couvrez la gamme de camping-cars STX, con\u00e7ue pour les amateurs de style de vie, les professionnels de la course et les voyageurs d'affaires.\",\"breadcrumb\":{\"@id\":\"https:\\\/\\\/www.stxfinance.com\\\/fr\\\/branch-detail-motorhomes\\\/#breadcrumb\"},\"inLanguage\":\"fr-FR\",\"potentialAction\":[{\"@type\":\"ReadAction\",\"target\":[\"https:\\\/\\\/www.stxfinance.com\\\/fr\\\/branch-detail-motorhomes\\\/\"]}]},{\"@type\":\"BreadcrumbList\",\"@id\":\"https:\\\/\\\/www.stxfinance.com\\\/fr\\\/branch-detail-motorhomes\\\/#breadcrumb\",\"itemListElement\":[{\"@type\":\"ListItem\",\"position\":1,\"name\":\"Home\",\"item\":\"https:\\\/\\\/www.stxfinance.com\\\/fr\\\/\"},{\"@type\":\"ListItem\",\"position\":2,\"name\":\"Branch Detail Motorhomes\"}]},{\"@type\":\"WebSite\",\"@id\":\"https:\\\/\\\/www.stxfinance.com\\\/fr\\\/#website\",\"url\":\"https:\\\/\\\/www.stxfinance.com\\\/fr\\\/\",\"name\":\"STX Finance\",\"description\":\"\",\"publisher\":{\"@id\":\"https:\\\/\\\/www.stxfinance.com\\\/fr\\\/#organization\"},\"potentialAction\":[{\"@type\":\"SearchAction\",\"target\":{\"@type\":\"EntryPoint\",\"urlTemplate\":\"https:\\\/\\\/www.stxfinance.com\\\/fr\\\/?s={search_term_string}\"},\"query-input\":{\"@type\":\"PropertyValueSpecification\",\"valueRequired\":true,\"valueName\":\"search_term_string\"}}],\"inLanguage\":\"fr-FR\"},{\"@type\":\"Organization\",\"@id\":\"https:\\\/\\\/www.stxfinance.com\\\/fr\\\/#organization\",\"name\":\"STX Finance\",\"url\":\"https:\\\/\\\/www.stxfinance.com\\\/fr\\\/\",\"logo\":{\"@type\":\"ImageObject\",\"inLanguage\":\"fr-FR\",\"@id\":\"https:\\\/\\\/www.stxfinance.com\\\/fr\\\/#\\\/schema\\\/logo\\\/image\\\/\",\"url\":\"https:\\\/\\\/www.stxfinance.com\\\/wp-content\\\/uploads\\\/2025\\\/02\\\/logo.svg\",\"contentUrl\":\"https:\\\/\\\/www.stxfinance.com\\\/wp-content\\\/uploads\\\/2025\\\/02\\\/logo.svg\",\"caption\":\"STX Finance\"},\"image\":{\"@id\":\"https:\\\/\\\/www.stxfinance.com\\\/fr\\\/#\\\/schema\\\/logo\\\/image\\\/\"}}]}<\/script>\n<!-- \/ Yoast SEO plugin. -->","yoast_head_json":{"title":"Financez Votre Camping-Car de R\u00eave en Toute Simplicit\u00e9 | STX Finance","description":"D\u00e9couvrez la gamme de camping-cars STX, con\u00e7ue pour les amateurs de style de vie, les professionnels de la course et les voyageurs d'affaires.","robots":{"index":"index","follow":"follow","max-snippet":"max-snippet:-1","max-image-preview":"max-image-preview:large","max-video-preview":"max-video-preview:-1"},"canonical":"https:\/\/www.stxfinance.com\/fr\/branch-detail-motorhomes\/","og_locale":"fr_FR","og_type":"article","og_title":"Financez Votre Camping-Car de R\u00eave en Toute Simplicit\u00e9 | STX Finance","og_description":"D\u00e9couvrez la gamme de camping-cars STX, con\u00e7ue pour les amateurs de style de vie, les professionnels de la course et les voyageurs d'affaires.","og_url":"https:\/\/www.stxfinance.com\/fr\/branch-detail-motorhomes\/","og_site_name":"STX Finance","article_modified_time":"2026-02-17T11:07:06+00:00","twitter_card":"summary_large_image","twitter_misc":{"Dur\u00e9e de lecture estim\u00e9e":"5 minute"},"schema":{"@context":"https:\/\/schema.org","@graph":[{"@type":"WebPage","@id":"https:\/\/www.stxfinance.com\/fr\/branch-detail-motorhomes\/","url":"https:\/\/www.stxfinance.com\/fr\/branch-detail-motorhomes\/","name":"Financez Votre Camping-Car de R\u00eave en Toute Simplicit\u00e9 | STX Finance","isPartOf":{"@id":"https:\/\/www.stxfinance.com\/fr\/#website"},"datePublished":"2025-04-02T11:16:05+00:00","dateModified":"2026-02-17T11:07:06+00:00","description":"D\u00e9couvrez la gamme de camping-cars STX, con\u00e7ue pour les amateurs de style de vie, les professionnels de la course et les voyageurs d'affaires.","breadcrumb":{"@id":"https:\/\/www.stxfinance.com\/fr\/branch-detail-motorhomes\/#breadcrumb"},"inLanguage":"fr-FR","potentialAction":[{"@type":"ReadAction","target":["https:\/\/www.stxfinance.com\/fr\/branch-detail-motorhomes\/"]}]},{"@type":"BreadcrumbList","@id":"https:\/\/www.stxfinance.com\/fr\/branch-detail-motorhomes\/#breadcrumb","itemListElement":[{"@type":"ListItem","position":1,"name":"Home","item":"https:\/\/www.stxfinance.com\/fr\/"},{"@type":"ListItem","position":2,"name":"Branch Detail Motorhomes"}]},{"@type":"WebSite","@id":"https:\/\/www.stxfinance.com\/fr\/#website","url":"https:\/\/www.stxfinance.com\/fr\/","name":"STX Finance","description":"","publisher":{"@id":"https:\/\/www.stxfinance.com\/fr\/#organization"},"potentialAction":[{"@type":"SearchAction","target":{"@type":"EntryPoint","urlTemplate":"https:\/\/www.stxfinance.com\/fr\/?s={search_term_string}"},"query-input":{"@type":"PropertyValueSpecification","valueRequired":true,"valueName":"search_term_string"}}],"inLanguage":"fr-FR"},{"@type":"Organization","@id":"https:\/\/www.stxfinance.com\/fr\/#organization","name":"STX Finance","url":"https:\/\/www.stxfinance.com\/fr\/","logo":{"@type":"ImageObject","inLanguage":"fr-FR","@id":"https:\/\/www.stxfinance.com\/fr\/#\/schema\/logo\/image\/","url":"https:\/\/www.stxfinance.com\/wp-content\/uploads\/2025\/02\/logo.svg","contentUrl":"https:\/\/www.stxfinance.com\/wp-content\/uploads\/2025\/02\/logo.svg","caption":"STX Finance"},"image":{"@id":"https:\/\/www.stxfinance.com\/fr\/#\/schema\/logo\/image\/"}}]}},"_links":{"self":[{"href":"https:\/\/www.stxfinance.com\/fr\/wp-json\/wp\/v2\/pages\/2460","targetHints":{"allow":["GET"]}}],"collection":[{"href":"https:\/\/www.stxfinance.com\/fr\/wp-json\/wp\/v2\/pages"}],"about":[{"href":"https:\/\/www.stxfinance.com\/fr\/wp-json\/wp\/v2\/types\/page"}],"author":[{"embeddable":true,"href":"https:\/\/www.stxfinance.com\/fr\/wp-json\/wp\/v2\/users\/2"}],"replies":[{"embeddable":true,"href":"https:\/\/www.stxfinance.com\/fr\/wp-json\/wp\/v2\/comments?post=2460"}],"version-history":[{"count":13,"href":"https:\/\/www.stxfinance.com\/fr\/wp-json\/wp\/v2\/pages\/2460\/revisions"}],"predecessor-version":[{"id":418822,"href":"https:\/\/www.stxfinance.com\/fr\/wp-json\/wp\/v2\/pages\/2460\/revisions\/418822"}],"wp:attachment":[{"href":"https:\/\/www.stxfinance.com\/fr\/wp-json\/wp\/v2\/media?parent=2460"}],"curies":[{"name":"wp","href":"https:\/\/api.w.org\/{rel}","templated":true}]}}