{"id":2476,"date":"2025-02-12T04:26:46","date_gmt":"2025-02-12T04:26:46","guid":{"rendered":"https:\/\/www.stxfinance.com\/download-stx-app\/"},"modified":"2025-05-06T08:39:57","modified_gmt":"2025-05-06T08:39:57","slug":"download-stx-app","status":"publish","type":"page","link":"https:\/\/www.stxfinance.com\/fr\/download-stx-app\/","title":{"rendered":"T\u00e9l\u00e9chargez l&rsquo;application STX"},"content":{"rendered":"","protected":false},"excerpt":{"rendered":"","protected":false},"author":2,"featured_media":0,"parent":0,"menu_order":0,"comment_status":"closed","ping_status":"closed","template":"page-templates\/template-download-stx-app.php","meta":{"_acf_changed":false,"footnotes":""},"class_list":["post-2476","page","type-page","status-publish","hentry"],"acf":{"page_banner_section":{"page_banner_title":"T\u00e9l\u00e9chargez l'application STX","page_banner_image":2040},"stx_service_settings":{"":"","stx_service_settings":{"stx_services":[{"heading":"Demander un service ou une r\u00e9paration","service_image":2044,"description":"Demandez facilement l'entretien ou la r\u00e9paration d'un v\u00e9hicule via notre portail en ligne ou notre application. Il vous suffit de vous connecter, de soumettre votre demande d'entretien et notre \u00e9quipe d'entretien ou votre concessionnaire s'occupera du reste, garantissant que votre v\u00e9hicule re\u00e7oit les soins professionnels dont il a besoin, au moment o\u00f9 vous en avez besoin. "},{"heading":"Acc\u00e9dez \u00e0 vos factures","service_image":2048,"description":"Gardez facilement le contr\u00f4le de vos factures gr\u00e2ce \u00e0 notre portail en ligne ou \u00e0 notre application. Connectez-vous pour consulter, t\u00e9l\u00e9charger et suivre l'ensemble de vos relev\u00e9s, y compris les factures en cours, le tout en un seul endroit - clair, pratique et accessible \u00e0 tout moment. "},{"heading":"G\u00e9rer votre contrat de leasing","service_image":2052,"description":"G\u00e9rez facilement votre contrat de leasing via notre portail en ligne ou notre application. Connectez-vous pour ajouter un conducteur suppl\u00e9mentaire, revoir la dur\u00e9e de votre contrat, s\u00e9lectionner un plan de fin de location, mettre \u00e0 jour vos informations personnelles et consulter tous les d\u00e9tails du contrat, le tout en un seul endroit, avec une flexibilit\u00e9 totale pour r\u00e9pondre \u00e0 vos besoins. "},{"heading":"Section d\u00e9claration de dommages","service_image":2056,"description":"Signalez facilement les dommages subis par votre v\u00e9hicule dans la section de d\u00e9claration des dommages de notre portail en ligne ou de notre application. Connectez-vous pour soumettre des d\u00e9tails et des photos, garantissant ainsi un processus de r\u00e9clamation fluide et efficace. Restez inform\u00e9 et gardez votre v\u00e9hicule en parfait \u00e9tat en quelques clics !  "}]}},"faqs_sections":{"heading":"","description":"","faq_list":null,"cta_link":null}},"yoast_head":"<!-- This site is optimized with the Yoast SEO plugin v27.5 - https:\/\/yoast.com\/product\/yoast-seo-wordpress\/ -->\n<title>T\u00e9l\u00e9chargez l&#039;application STX | STX Finance<\/title>\n<meta name=\"description\" content=\"T\u00e9l\u00e9chargez l\u2019application STX pour g\u00e9rer facilement le financement de vos v\u00e9hicules de luxe.\" \/>\n<meta name=\"robots\" content=\"index, follow, max-snippet:-1, max-image-preview:large, max-video-preview:-1\" \/>\n<link rel=\"canonical\" href=\"https:\/\/www.stxfinance.com\/fr\/download-stx-app\/\" \/>\n<meta property=\"og:locale\" content=\"fr_FR\" \/>\n<meta property=\"og:type\" content=\"article\" \/>\n<meta property=\"og:title\" content=\"T\u00e9l\u00e9chargez l&#039;application STX | STX Finance\" \/>\n<meta property=\"og:description\" content=\"T\u00e9l\u00e9chargez l\u2019application STX pour g\u00e9rer facilement le financement de vos v\u00e9hicules de luxe.\" \/>\n<meta property=\"og:url\" content=\"https:\/\/www.stxfinance.com\/fr\/download-stx-app\/\" \/>\n<meta property=\"og:site_name\" content=\"STX Finance\" \/>\n<meta property=\"article:modified_time\" content=\"2025-05-06T08:39:57+00:00\" \/>\n<meta name=\"twitter:card\" content=\"summary_large_image\" \/>\n<meta name=\"twitter:label1\" content=\"Dur\u00e9e de lecture estim\u00e9e\" \/>\n\t<meta name=\"twitter:data1\" content=\"3 minute\" \/>\n<script type=\"application\/ld+json\" class=\"yoast-schema-graph\">{\"@context\":\"https:\\\/\\\/schema.org\",\"@graph\":[{\"@type\":\"WebPage\",\"@id\":\"https:\\\/\\\/www.stxfinance.com\\\/fr\\\/download-stx-app\\\/\",\"url\":\"https:\\\/\\\/www.stxfinance.com\\\/fr\\\/download-stx-app\\\/\",\"name\":\"T\u00e9l\u00e9chargez l'application STX | STX Finance\",\"isPartOf\":{\"@id\":\"https:\\\/\\\/www.stxfinance.com\\\/fr\\\/#website\"},\"datePublished\":\"2025-02-12T04:26:46+00:00\",\"dateModified\":\"2025-05-06T08:39:57+00:00\",\"description\":\"T\u00e9l\u00e9chargez l\u2019application STX pour g\u00e9rer facilement le financement de vos v\u00e9hicules de luxe.\",\"breadcrumb\":{\"@id\":\"https:\\\/\\\/www.stxfinance.com\\\/fr\\\/download-stx-app\\\/#breadcrumb\"},\"inLanguage\":\"fr-FR\",\"potentialAction\":[{\"@type\":\"ReadAction\",\"target\":[\"https:\\\/\\\/www.stxfinance.com\\\/fr\\\/download-stx-app\\\/\"]}]},{\"@type\":\"BreadcrumbList\",\"@id\":\"https:\\\/\\\/www.stxfinance.com\\\/fr\\\/download-stx-app\\\/#breadcrumb\",\"itemListElement\":[{\"@type\":\"ListItem\",\"position\":1,\"name\":\"Home\",\"item\":\"https:\\\/\\\/www.stxfinance.com\\\/fr\\\/\"},{\"@type\":\"ListItem\",\"position\":2,\"name\":\"T\u00e9l\u00e9chargez l&#8217;application STX\"}]},{\"@type\":\"WebSite\",\"@id\":\"https:\\\/\\\/www.stxfinance.com\\\/fr\\\/#website\",\"url\":\"https:\\\/\\\/www.stxfinance.com\\\/fr\\\/\",\"name\":\"STX Finance\",\"description\":\"\",\"publisher\":{\"@id\":\"https:\\\/\\\/www.stxfinance.com\\\/fr\\\/#organization\"},\"potentialAction\":[{\"@type\":\"SearchAction\",\"target\":{\"@type\":\"EntryPoint\",\"urlTemplate\":\"https:\\\/\\\/www.stxfinance.com\\\/fr\\\/?s={search_term_string}\"},\"query-input\":{\"@type\":\"PropertyValueSpecification\",\"valueRequired\":true,\"valueName\":\"search_term_string\"}}],\"inLanguage\":\"fr-FR\"},{\"@type\":\"Organization\",\"@id\":\"https:\\\/\\\/www.stxfinance.com\\\/fr\\\/#organization\",\"name\":\"STX Finance\",\"url\":\"https:\\\/\\\/www.stxfinance.com\\\/fr\\\/\",\"logo\":{\"@type\":\"ImageObject\",\"inLanguage\":\"fr-FR\",\"@id\":\"https:\\\/\\\/www.stxfinance.com\\\/fr\\\/#\\\/schema\\\/logo\\\/image\\\/\",\"url\":\"https:\\\/\\\/www.stxfinance.com\\\/wp-content\\\/uploads\\\/2025\\\/02\\\/logo.svg\",\"contentUrl\":\"https:\\\/\\\/www.stxfinance.com\\\/wp-content\\\/uploads\\\/2025\\\/02\\\/logo.svg\",\"caption\":\"STX Finance\"},\"image\":{\"@id\":\"https:\\\/\\\/www.stxfinance.com\\\/fr\\\/#\\\/schema\\\/logo\\\/image\\\/\"}}]}<\/script>\n<!-- \/ Yoast SEO plugin. -->","yoast_head_json":{"title":"T\u00e9l\u00e9chargez l'application STX | STX Finance","description":"T\u00e9l\u00e9chargez l\u2019application STX pour g\u00e9rer facilement le financement de vos v\u00e9hicules de luxe.","robots":{"index":"index","follow":"follow","max-snippet":"max-snippet:-1","max-image-preview":"max-image-preview:large","max-video-preview":"max-video-preview:-1"},"canonical":"https:\/\/www.stxfinance.com\/fr\/download-stx-app\/","og_locale":"fr_FR","og_type":"article","og_title":"T\u00e9l\u00e9chargez l'application STX | STX Finance","og_description":"T\u00e9l\u00e9chargez l\u2019application STX pour g\u00e9rer facilement le financement de vos v\u00e9hicules de luxe.","og_url":"https:\/\/www.stxfinance.com\/fr\/download-stx-app\/","og_site_name":"STX Finance","article_modified_time":"2025-05-06T08:39:57+00:00","twitter_card":"summary_large_image","twitter_misc":{"Dur\u00e9e de lecture estim\u00e9e":"3 minute"},"schema":{"@context":"https:\/\/schema.org","@graph":[{"@type":"WebPage","@id":"https:\/\/www.stxfinance.com\/fr\/download-stx-app\/","url":"https:\/\/www.stxfinance.com\/fr\/download-stx-app\/","name":"T\u00e9l\u00e9chargez l'application STX | STX Finance","isPartOf":{"@id":"https:\/\/www.stxfinance.com\/fr\/#website"},"datePublished":"2025-02-12T04:26:46+00:00","dateModified":"2025-05-06T08:39:57+00:00","description":"T\u00e9l\u00e9chargez l\u2019application STX pour g\u00e9rer facilement le financement de vos v\u00e9hicules de luxe.","breadcrumb":{"@id":"https:\/\/www.stxfinance.com\/fr\/download-stx-app\/#breadcrumb"},"inLanguage":"fr-FR","potentialAction":[{"@type":"ReadAction","target":["https:\/\/www.stxfinance.com\/fr\/download-stx-app\/"]}]},{"@type":"BreadcrumbList","@id":"https:\/\/www.stxfinance.com\/fr\/download-stx-app\/#breadcrumb","itemListElement":[{"@type":"ListItem","position":1,"name":"Home","item":"https:\/\/www.stxfinance.com\/fr\/"},{"@type":"ListItem","position":2,"name":"T\u00e9l\u00e9chargez l&#8217;application STX"}]},{"@type":"WebSite","@id":"https:\/\/www.stxfinance.com\/fr\/#website","url":"https:\/\/www.stxfinance.com\/fr\/","name":"STX Finance","description":"","publisher":{"@id":"https:\/\/www.stxfinance.com\/fr\/#organization"},"potentialAction":[{"@type":"SearchAction","target":{"@type":"EntryPoint","urlTemplate":"https:\/\/www.stxfinance.com\/fr\/?s={search_term_string}"},"query-input":{"@type":"PropertyValueSpecification","valueRequired":true,"valueName":"search_term_string"}}],"inLanguage":"fr-FR"},{"@type":"Organization","@id":"https:\/\/www.stxfinance.com\/fr\/#organization","name":"STX Finance","url":"https:\/\/www.stxfinance.com\/fr\/","logo":{"@type":"ImageObject","inLanguage":"fr-FR","@id":"https:\/\/www.stxfinance.com\/fr\/#\/schema\/logo\/image\/","url":"https:\/\/www.stxfinance.com\/wp-content\/uploads\/2025\/02\/logo.svg","contentUrl":"https:\/\/www.stxfinance.com\/wp-content\/uploads\/2025\/02\/logo.svg","caption":"STX Finance"},"image":{"@id":"https:\/\/www.stxfinance.com\/fr\/#\/schema\/logo\/image\/"}}]}},"_links":{"self":[{"href":"https:\/\/www.stxfinance.com\/fr\/wp-json\/wp\/v2\/pages\/2476","targetHints":{"allow":["GET"]}}],"collection":[{"href":"https:\/\/www.stxfinance.com\/fr\/wp-json\/wp\/v2\/pages"}],"about":[{"href":"https:\/\/www.stxfinance.com\/fr\/wp-json\/wp\/v2\/types\/page"}],"author":[{"embeddable":true,"href":"https:\/\/www.stxfinance.com\/fr\/wp-json\/wp\/v2\/users\/2"}],"replies":[{"embeddable":true,"href":"https:\/\/www.stxfinance.com\/fr\/wp-json\/wp\/v2\/comments?post=2476"}],"version-history":[{"count":1,"href":"https:\/\/www.stxfinance.com\/fr\/wp-json\/wp\/v2\/pages\/2476\/revisions"}],"predecessor-version":[{"id":3133,"href":"https:\/\/www.stxfinance.com\/fr\/wp-json\/wp\/v2\/pages\/2476\/revisions\/3133"}],"wp:attachment":[{"href":"https:\/\/www.stxfinance.com\/fr\/wp-json\/wp\/v2\/media?parent=2476"}],"curies":[{"name":"wp","href":"https:\/\/api.w.org\/{rel}","templated":true}]}}