{"id":2484,"date":"2025-02-03T04:38:47","date_gmt":"2025-02-03T04:38:47","guid":{"rendered":"https:\/\/www.stxfinance.com\/financing-and-administrative-management\/"},"modified":"2025-06-13T19:23:52","modified_gmt":"2025-06-13T19:23:52","slug":"financing-and-administrative-management","status":"publish","type":"page","link":"https:\/\/www.stxfinance.com\/fr\/financing-and-administrative-management\/","title":{"rendered":"Financement et gestion administrative"},"content":{"rendered":"","protected":false},"excerpt":{"rendered":"","protected":false},"author":2,"featured_media":0,"parent":0,"menu_order":0,"comment_status":"closed","ping_status":"closed","template":"page-templates\/template-finance-management.php","meta":{"_acf_changed":false,"footnotes":""},"class_list":["post-2484","page","type-page","status-publish","hentry"],"acf":{"page_banner_section":{"page_banner_title":"Finances et administration","page_banner_image":1972},"finance_management_setting":{"":null,"financing_content_sections":{"intro_content":"Chez STX Finance, nous simplifions la location de v\u00e9hicules en prenant en charge toutes les complexit\u00e9s financi\u00e8res et administratives. Du financement \u00e0 la conformit\u00e9, notre approche de service complet vous permet de vous concentrer sur votre activit\u00e9, tandis que nous g\u00e9rons les d\u00e9tails. ","accordion_row":[{"accordion_title":"Le paiement expliqu\u00e9","accordion_content":[{"accordion_text":"Pour que le financement de votre v\u00e9hicule se d\u00e9roule sans encombre, vous pouvez choisir de r\u00e9gler vos mensualit\u00e9s par pr\u00e9l\u00e8vement automatique ou d'opter pour une autre m\u00e9thode. Veuillez noter que le paiement initial ne peut pas \u00eatre effectu\u00e9 par pr\u00e9l\u00e8vement automatique et doit \u00eatre r\u00e9gl\u00e9 s\u00e9par\u00e9ment. Tous les d\u00e9tails de paiement et les factures seront disponibles sur votre compte de leasing.  "},{"accordion_text":"Lorsque votre v\u00e9hicule est pr\u00eat \u00e0 \u00eatre livr\u00e9, le paiement initial doit \u00eatre effectu\u00e9 au pr\u00e9alable. Les factures mensuelles sont \u00e9mises dans les trois premiers jours ouvrables de chaque mois et sont payables dans un d\u00e9lai de cinq jours."}]},{"accordion_title":"Taxe routi\u00e8re sur les v\u00e9hicules","accordion_content":[{"accordion_text":"Le co\u00fbt de la taxe routi\u00e8re est calcul\u00e9 sur la base du taux d'imposition applicable au moment de votre devis et est g\u00e9n\u00e9ralement factur\u00e9 annuellement. Cependant, sur demande, ce co\u00fbt peut \u00eatre inclus dans vos paiements mensuels pour plus de commodit\u00e9. "}]},{"accordion_title":"Acc\u00e8s \u00e0 vos factures","accordion_content":[{"accordion_text":"Vous pouvez consulter vos factures mensuelles en ligne ou dans votre application. Si vous n'avez pas encore de compte en ligne, envoyez-nous un e-mail \u00e0 info@stxfinance.com, en indiquant votre num\u00e9ro de contrat, le num\u00e9ro d'immatriculation de votre v\u00e9hicule et votre adresse e-mail pr\u00e9f\u00e9r\u00e9e, et nous vous aiderons \u00e0 en cr\u00e9er un. En outre, le montant de vos paiements mensuels figure sur la premi\u00e8re page de votre contrat. Nous vous communiquerons \u00e9galement tous les frais suppl\u00e9mentaires, tels que les amendes ou les co\u00fbts d'entretien.   "}]},{"accordion_title":"Pr\u00e9occupations financi\u00e8res et difficult\u00e9s de paiement","accordion_content":[{"accordion_text":"Nous comprenons que les situations financi\u00e8res peuvent changer. Veuillez noter que les paiements manqu\u00e9s ou en retard peuvent avoir un impact n\u00e9gatif sur votre cote de cr\u00e9dit STX Finance, rendant potentiellement plus difficile l'obtention d'un cr\u00e9dit \u00e0 l'avenir. Si les paiements ne sont toujours pas effectu\u00e9s, il se peut que nous devions r\u00e9cup\u00e9rer le v\u00e9hicule, et vous serez responsable de tous les co\u00fbts associ\u00e9s. Si une action en justice s'av\u00e8re n\u00e9cessaire pour r\u00e9cup\u00e9rer les montants impay\u00e9s, des frais juridiques suppl\u00e9mentaires peuvent s'appliquer.   "},{"accordion_text":"Si vous \u00eates pr\u00e9occup\u00e9 par vos paiements ou si vous rencontrez des difficult\u00e9s financi\u00e8res, n'h\u00e9sitez pas \u00e0 contacter notre \u00e9quipe amicale d\u00e8s que possible. Pour plus d'informations sur la mani\u00e8re dont nous pouvons vous aider, n'h\u00e9sitez pas \u00e0 nous contacter. "}]}]},"have_question_sections":{"heading":"Vous avez des questions ?","sub_heading":"Si vous avez des questions sur la proc\u00e9dure de restitution ou sur tout autre aspect de votre v\u00e9hicule lou\u00e9, veuillez contacter votre gestionnaire de compte. Vous pouvez \u00e9galement nous contacter par courrier ou par t\u00e9l\u00e9phone (du lundi au vendredi, de 9h \u00e0 18h).  ","section_image":1976,"cta_button":{"title":"Contactez-nous","url":"https:\/\/www.stxfinance.com\/fr\/contact-us\/","target":""}},"client_sections":{"client_heading":"Vous \u00eates d\u00e9j\u00e0 client ?","client_sub_heading":"Vous choisissez la destination et nous vous accompagnons \u00e0 chaque \u00e9tape. Notre \u00e9quipe d\u00e9vou\u00e9e est l\u00e0 pour veiller \u00e0 ce que votre exp\u00e9rience soit transparente et sans stress. ","cta_button":{"title":"connectez-vous maintenant","url":"https:\/\/www.stxfinance.com\/fr\/app-landing-page\/","target":""}}},"faqs_sections":{"heading":"","description":"","faq_list":null,"cta_link":null}},"yoast_head":"<!-- This site is optimized with the Yoast SEO plugin v27.5 - https:\/\/yoast.com\/product\/yoast-seo-wordpress\/ -->\n<title>Financement et gestion administrative | STX Finance<\/title>\n<meta name=\"description\" content=\"Solutions compl\u00e8tes pour le financement et la gestion administrative de v\u00e9hicules de luxe.\" \/>\n<meta name=\"robots\" content=\"index, follow, max-snippet:-1, max-image-preview:large, max-video-preview:-1\" \/>\n<link rel=\"canonical\" href=\"https:\/\/www.stxfinance.com\/fr\/financing-and-administrative-management\/\" \/>\n<meta property=\"og:locale\" content=\"fr_FR\" \/>\n<meta property=\"og:type\" content=\"article\" \/>\n<meta property=\"og:title\" content=\"Financement et gestion administrative | STX Finance\" \/>\n<meta property=\"og:description\" content=\"Solutions compl\u00e8tes pour le financement et la gestion administrative de v\u00e9hicules de luxe.\" \/>\n<meta property=\"og:url\" content=\"https:\/\/www.stxfinance.com\/fr\/financing-and-administrative-management\/\" \/>\n<meta property=\"og:site_name\" content=\"STX Finance\" \/>\n<meta property=\"article:modified_time\" content=\"2025-06-13T19:23:52+00:00\" \/>\n<meta name=\"twitter:card\" content=\"summary_large_image\" \/>\n<meta name=\"twitter:label1\" content=\"Dur\u00e9e de lecture estim\u00e9e\" \/>\n\t<meta name=\"twitter:data1\" content=\"3 minute\" \/>\n<script type=\"application\/ld+json\" class=\"yoast-schema-graph\">{\"@context\":\"https:\\\/\\\/schema.org\",\"@graph\":[{\"@type\":\"WebPage\",\"@id\":\"https:\\\/\\\/www.stxfinance.com\\\/fr\\\/financing-and-administrative-management\\\/\",\"url\":\"https:\\\/\\\/www.stxfinance.com\\\/fr\\\/financing-and-administrative-management\\\/\",\"name\":\"Financement et gestion administrative | STX Finance\",\"isPartOf\":{\"@id\":\"https:\\\/\\\/www.stxfinance.com\\\/fr\\\/#website\"},\"datePublished\":\"2025-02-03T04:38:47+00:00\",\"dateModified\":\"2025-06-13T19:23:52+00:00\",\"description\":\"Solutions compl\u00e8tes pour le financement et la gestion administrative de v\u00e9hicules de luxe.\",\"breadcrumb\":{\"@id\":\"https:\\\/\\\/www.stxfinance.com\\\/fr\\\/financing-and-administrative-management\\\/#breadcrumb\"},\"inLanguage\":\"fr-FR\",\"potentialAction\":[{\"@type\":\"ReadAction\",\"target\":[\"https:\\\/\\\/www.stxfinance.com\\\/fr\\\/financing-and-administrative-management\\\/\"]}]},{\"@type\":\"BreadcrumbList\",\"@id\":\"https:\\\/\\\/www.stxfinance.com\\\/fr\\\/financing-and-administrative-management\\\/#breadcrumb\",\"itemListElement\":[{\"@type\":\"ListItem\",\"position\":1,\"name\":\"Home\",\"item\":\"https:\\\/\\\/www.stxfinance.com\\\/fr\\\/\"},{\"@type\":\"ListItem\",\"position\":2,\"name\":\"Financement et gestion administrative\"}]},{\"@type\":\"WebSite\",\"@id\":\"https:\\\/\\\/www.stxfinance.com\\\/fr\\\/#website\",\"url\":\"https:\\\/\\\/www.stxfinance.com\\\/fr\\\/\",\"name\":\"STX Finance\",\"description\":\"\",\"publisher\":{\"@id\":\"https:\\\/\\\/www.stxfinance.com\\\/fr\\\/#organization\"},\"potentialAction\":[{\"@type\":\"SearchAction\",\"target\":{\"@type\":\"EntryPoint\",\"urlTemplate\":\"https:\\\/\\\/www.stxfinance.com\\\/fr\\\/?s={search_term_string}\"},\"query-input\":{\"@type\":\"PropertyValueSpecification\",\"valueRequired\":true,\"valueName\":\"search_term_string\"}}],\"inLanguage\":\"fr-FR\"},{\"@type\":\"Organization\",\"@id\":\"https:\\\/\\\/www.stxfinance.com\\\/fr\\\/#organization\",\"name\":\"STX Finance\",\"url\":\"https:\\\/\\\/www.stxfinance.com\\\/fr\\\/\",\"logo\":{\"@type\":\"ImageObject\",\"inLanguage\":\"fr-FR\",\"@id\":\"https:\\\/\\\/www.stxfinance.com\\\/fr\\\/#\\\/schema\\\/logo\\\/image\\\/\",\"url\":\"https:\\\/\\\/www.stxfinance.com\\\/wp-content\\\/uploads\\\/2025\\\/02\\\/logo.svg\",\"contentUrl\":\"https:\\\/\\\/www.stxfinance.com\\\/wp-content\\\/uploads\\\/2025\\\/02\\\/logo.svg\",\"caption\":\"STX Finance\"},\"image\":{\"@id\":\"https:\\\/\\\/www.stxfinance.com\\\/fr\\\/#\\\/schema\\\/logo\\\/image\\\/\"}}]}<\/script>\n<!-- \/ Yoast SEO plugin. -->","yoast_head_json":{"title":"Financement et gestion administrative | STX Finance","description":"Solutions compl\u00e8tes pour le financement et la gestion administrative de v\u00e9hicules de luxe.","robots":{"index":"index","follow":"follow","max-snippet":"max-snippet:-1","max-image-preview":"max-image-preview:large","max-video-preview":"max-video-preview:-1"},"canonical":"https:\/\/www.stxfinance.com\/fr\/financing-and-administrative-management\/","og_locale":"fr_FR","og_type":"article","og_title":"Financement et gestion administrative | STX Finance","og_description":"Solutions compl\u00e8tes pour le financement et la gestion administrative de v\u00e9hicules de luxe.","og_url":"https:\/\/www.stxfinance.com\/fr\/financing-and-administrative-management\/","og_site_name":"STX Finance","article_modified_time":"2025-06-13T19:23:52+00:00","twitter_card":"summary_large_image","twitter_misc":{"Dur\u00e9e de lecture estim\u00e9e":"3 minute"},"schema":{"@context":"https:\/\/schema.org","@graph":[{"@type":"WebPage","@id":"https:\/\/www.stxfinance.com\/fr\/financing-and-administrative-management\/","url":"https:\/\/www.stxfinance.com\/fr\/financing-and-administrative-management\/","name":"Financement et gestion administrative | STX Finance","isPartOf":{"@id":"https:\/\/www.stxfinance.com\/fr\/#website"},"datePublished":"2025-02-03T04:38:47+00:00","dateModified":"2025-06-13T19:23:52+00:00","description":"Solutions compl\u00e8tes pour le financement et la gestion administrative de v\u00e9hicules de luxe.","breadcrumb":{"@id":"https:\/\/www.stxfinance.com\/fr\/financing-and-administrative-management\/#breadcrumb"},"inLanguage":"fr-FR","potentialAction":[{"@type":"ReadAction","target":["https:\/\/www.stxfinance.com\/fr\/financing-and-administrative-management\/"]}]},{"@type":"BreadcrumbList","@id":"https:\/\/www.stxfinance.com\/fr\/financing-and-administrative-management\/#breadcrumb","itemListElement":[{"@type":"ListItem","position":1,"name":"Home","item":"https:\/\/www.stxfinance.com\/fr\/"},{"@type":"ListItem","position":2,"name":"Financement et gestion administrative"}]},{"@type":"WebSite","@id":"https:\/\/www.stxfinance.com\/fr\/#website","url":"https:\/\/www.stxfinance.com\/fr\/","name":"STX Finance","description":"","publisher":{"@id":"https:\/\/www.stxfinance.com\/fr\/#organization"},"potentialAction":[{"@type":"SearchAction","target":{"@type":"EntryPoint","urlTemplate":"https:\/\/www.stxfinance.com\/fr\/?s={search_term_string}"},"query-input":{"@type":"PropertyValueSpecification","valueRequired":true,"valueName":"search_term_string"}}],"inLanguage":"fr-FR"},{"@type":"Organization","@id":"https:\/\/www.stxfinance.com\/fr\/#organization","name":"STX Finance","url":"https:\/\/www.stxfinance.com\/fr\/","logo":{"@type":"ImageObject","inLanguage":"fr-FR","@id":"https:\/\/www.stxfinance.com\/fr\/#\/schema\/logo\/image\/","url":"https:\/\/www.stxfinance.com\/wp-content\/uploads\/2025\/02\/logo.svg","contentUrl":"https:\/\/www.stxfinance.com\/wp-content\/uploads\/2025\/02\/logo.svg","caption":"STX Finance"},"image":{"@id":"https:\/\/www.stxfinance.com\/fr\/#\/schema\/logo\/image\/"}}]}},"_links":{"self":[{"href":"https:\/\/www.stxfinance.com\/fr\/wp-json\/wp\/v2\/pages\/2484","targetHints":{"allow":["GET"]}}],"collection":[{"href":"https:\/\/www.stxfinance.com\/fr\/wp-json\/wp\/v2\/pages"}],"about":[{"href":"https:\/\/www.stxfinance.com\/fr\/wp-json\/wp\/v2\/types\/page"}],"author":[{"embeddable":true,"href":"https:\/\/www.stxfinance.com\/fr\/wp-json\/wp\/v2\/users\/2"}],"replies":[{"embeddable":true,"href":"https:\/\/www.stxfinance.com\/fr\/wp-json\/wp\/v2\/comments?post=2484"}],"version-history":[{"count":7,"href":"https:\/\/www.stxfinance.com\/fr\/wp-json\/wp\/v2\/pages\/2484\/revisions"}],"predecessor-version":[{"id":25591,"href":"https:\/\/www.stxfinance.com\/fr\/wp-json\/wp\/v2\/pages\/2484\/revisions\/25591"}],"wp:attachment":[{"href":"https:\/\/www.stxfinance.com\/fr\/wp-json\/wp\/v2\/media?parent=2484"}],"curies":[{"name":"wp","href":"https:\/\/api.w.org\/{rel}","templated":true}]}}