{"id":2488,"date":"2025-01-20T06:32:21","date_gmt":"2025-01-20T06:32:21","guid":{"rendered":"https:\/\/www.stxfinance.com\/sample-page\/"},"modified":"2025-11-18T18:09:37","modified_gmt":"2025-11-18T18:09:37","slug":"home","status":"publish","type":"page","link":"https:\/\/www.stxfinance.com\/fr\/","title":{"rendered":"Page d&rsquo;accueil Principale"},"content":{"rendered":"","protected":false},"excerpt":{"rendered":"","protected":false},"author":2,"featured_media":0,"parent":0,"menu_order":0,"comment_status":"closed","ping_status":"closed","template":"page-templates\/template-home.php","meta":{"_acf_changed":false,"footnotes":""},"class_list":["post-2488","page","type-page","status-publish","hentry"],"acf":{"home_page_setting":{"":null,"banner_slider_section":{"sliders":[{"new_cta":"\u00c0 VENDRE","banner_heading":"FERRARI PUROSANGUE V12","banner_desciption":"FULL CARBONE | TOIT PANORAMIQUE | MATRIX | MASSAGE |\r\n2025 | 2.000 KM | GRIS M\u00c9TALLIS\u00c9 | 725 CH | V12 ESSENCE","banner_image":242149,"banner_image_mobile":242156,"banner_cta":{"title":"VOIR PLUS DE D\u00c9TAILS","url":"https:\/\/www.autoscout24.be\/fr\/offres\/ferrari-purosangue-purosangue-v12i-full-carbon-pano-matrix-massage-essence-gris-ebabd4fc-bb5a-4626-b33e-4e0460cb7a3e","target":"_blank"},"banner_cta_black":{"title":"CONTACTEZ-NOUS POUR L\u2019OFFRE","url":"https:\/\/www.stxfinance.com\/fr\/contact-us\/","target":""}},{"new_cta":"NOUVEAU LANCEMENT","banner_heading":"Une r\u00e9volution dans le transport des chevaux","banner_desciption":"Pr\u00e9sentation du tout nouveau STX 2 Horse Renault Master","banner_image":7751,"banner_image_mobile":23058,"banner_cta":{"title":"Voir toutes les succursales","url":"https:\/\/www.stxfinance.com\/fr\/our-branches\/","target":""},"banner_cta_black":null},{"new_cta":"","banner_heading":"Roulez avec style, louez en toute confiance","banner_desciption":"Des solutions de financement exclusives con\u00e7ues pour votre style de vie haut de gamme","banner_image":4949,"banner_image_mobile":2152,"banner_cta":{"title":"Voir toutes les succursales","url":"https:\/\/www.stxfinance.com\/fr\/our-branches\/","target":""},"banner_cta_black":{"title":"Pourquoi le leasing ?","url":"https:\/\/www.stxfinance.com\/fr\/why-leasing\/","target":""}}]},"about_section":{"abnout_heading":"\u00c0 propos de STX Finance","sub_heading":"Fort de plus de 35 ans d'exp\u00e9rience dans la fabrication, la vente et le financement de v\u00e9hicules de luxe, le Groupe Stephex est fier de vous pr\u00e9senter STX Finance, votre r\u00e9f\u00e9rence en mati\u00e8re de financement de v\u00e9hicules de luxe.\r\n\r\nForts de notre expertise approfondie, nous proposons des solutions financi\u00e8res sur mesure, con\u00e7ues sp\u00e9cifiquement pour les v\u00e9hicules haut de gamme, r\u00e9pondant aux besoins uniques de nos clients exigeants. Notre engagement va au-del\u00e0 du financement traditionnel\u00a0; nous proposons des strat\u00e9gies financi\u00e8res personnalis\u00e9es et flexibles aux particuliers passionn\u00e9s de luxe et aux entreprises exploitant de vastes flottes de v\u00e9hicules de luxe.\r\n\r\nSTX Finance n'est pas un simple fournisseur de financement, mais un partenaire de confiance qui s'engage \u00e0 am\u00e9liorer votre exp\u00e9rience de propri\u00e9taire de v\u00e9hicule de luxe. Que vous cherchiez \u00e0 financer la voiture de vos r\u00eaves, un bateau, un camping-car ou le transport de chevaux haut de gamme, nous avons la solution id\u00e9ale, parfaitement adapt\u00e9e \u00e0 votre style de vie et aux exigences de votre entreprise.","about_info":[{"count":"35+","text":"Ann\u00e9es d'exp\u00e9rience"},{"count":"3,500+","text":"V\u00e9hicules Flotte"},{"count":"500+","text":"Salari\u00e9s"}],"cta_button":{"title":"\u00c0 propos de nous","url":"https:\/\/www.stxfinance.com\/fr\/about-us\/","target":""}},"about_leasing_sections":{"heading":"\u00c0 propos du cr\u00e9dit-bail","sub_heading":"B\u00e9n\u00e9ficiez de co\u00fbts initiaux r\u00e9duits, d'approbations simplifi\u00e9es et de plans de location adapt\u00e9s \u00e0 vos besoins. Profitez des derniers mod\u00e8les et d'un soutien exceptionnel de la part de notre \u00e9quipe d\u00e9vou\u00e9e. Choisissez STX Finance pour une exp\u00e9rience de leasing sup\u00e9rieure.  ","image":1749,"cta_1":{"title":"Contactez-nous","url":"https:\/\/www.stxfinance.com\/fr\/contact-us\/","target":""},"cta_2":{"title":"apprendre encore plus","url":"https:\/\/www.stxfinance.com\/fr\/why-leasing\/","target":""}},"leasing_services":{"heading":"Ce qui nous distingue","sub_heading":"D\u00e9couvrez ce qui nous distingue dans le monde du financement des v\u00e9hicules de luxe :","services":[{"service_title":"Une tranquillit\u00e9 d'esprit totale","description":"Une expertise de qualit\u00e9 avec 25 ans d'exp\u00e9rience et de savoir-faire industriel","service_icon":1753},{"service_title":"Des services financiers fiables  ","description":"Des solutions financi\u00e8res s\u00e9curis\u00e9es soutenues par notre r\u00e9seau de partenaires financiers  ","service_icon":1757},{"service_title":"Processus d'approbation efficace","description":"Simplicit\u00e9 financi\u00e8re gr\u00e2ce \u00e0 une documentation limit\u00e9e","service_icon":1761},{"service_title":"Producteurs directs de nos principaux produits","description":"Une expertise \u00e9prouv\u00e9e et une production directe nous permettent de fournir des solutions sur mesure avec un acc\u00e8s aux derniers mod\u00e8les, une qualit\u00e9 exceptionnelle et des options personnalis\u00e9es.","service_icon":1765},{"service_title":"Un processus de location sans faille","description":"La location est soutenue par un tableau de bord en ligne et une application.","service_icon":1769},{"service_title":"Solutions pour les temps d'arr\u00eat","description":"Acc\u00e8s \u00e0 une large gamme de services de gestion des v\u00e9hicules  ","service_icon":1773}]},"our_branches_sections":{"heading":"Notre s\u00e9lection \u00e0 travers le monde","description":"STX Finance op\u00e8re dans toute l'Europe, avec des projets d'expansion au Royaume-Uni et aux \u00c9tats-Unis, et fournit des services de leasing complets \u00e0 des clients dans de nombreux secteurs. Quelle que soit votre passion, STX Finance est votre partenaire pour r\u00e9aliser vos r\u00eaves.   ","cta_button":{"title":"Nos branches","url":"https:\/\/www.stxfinance.com\/fr\/our-branches\/","target":""},"branches":[{"branch_name":"Camions \u00e0 chevaux","branch_image":10955,"page_link":{"title":"D\u00e9tail de la succursale Camping-cars","url":"https:\/\/www.stxfinance.com\/fr\/branch-detail-motorhomes\/","target":""}},{"branch_name":"Fourgons \u00e0 chevaux","branch_image":10960,"page_link":{"title":"D\u00e9tail de la succursale Horsevans","url":"https:\/\/www.stxfinance.com\/fr\/branch-detail-horsevans\/","target":""}},{"branch_name":"Camping-cars","branch_image":10975,"page_link":{"title":"D\u00e9tail de la succursale Camping-cars","url":"https:\/\/www.stxfinance.com\/fr\/branch-detail-motorhomes\/","target":""}},{"branch_name":"Voitures de luxe","branch_image":10965,"page_link":{"title":"D\u00e9tail de la succursale Voitures de luxe","url":"https:\/\/www.stxfinance.com\/fr\/branch-detail-cars\/","target":""}},{"branch_name":"Bateaux","branch_image":10970,"page_link":{"title":"Nos branches","url":"https:\/\/www.stxfinance.com\/fr\/our-branches\/","target":""}}]},"contact_sections":{"contact_heading":"Comment pouvons-nous vous aider?","contact_description":"Que vous soyez d\u00e9butant ou client de longue date, nous sommes toujours disponibles pour vous apporter le soutien dont vous avez besoin.","cta_button":{"title":"Contactez-nous","url":"https:\/\/www.stxfinance.com\/fr\/contact-us\/","target":""}},"online_services_sections":{"heading":"Services en ligne - <br>Bient\u00f4t disponible !","description":"Prenez le contr\u00f4le de votre exp\u00e9rience de location de v\u00e9hicule gr\u00e2ce \u00e0 nos services en ligne. Qu'il s'agisse d'organiser l'entretien et les r\u00e9parations, d'ajuster les d\u00e9tails de votre contrat ou d'acc\u00e9der aux factures, notre plateforme num\u00e9rique vous permet de g\u00e9rer facilement tous les aspects de votre contrat de location.   ","service_image":1797,"services":[{"icon_image":1801,"text":"Programme d'entretien ou de r\u00e9paration (v\u00e9hicules SX uniquement)","page_link":{"title":"T\u00e9l\u00e9chargez l'application STX","url":"https:\/\/www.stxfinance.com\/fr\/download-stx-app\/#download-section-1","target":""}},{"icon_image":1805,"text":"Acc\u00e9dez \u00e0 vos factures de leasing","page_link":{"title":"T\u00e9l\u00e9chargez l'application STX","url":"https:\/\/www.stxfinance.com\/fr\/download-stx-app\/#download-section-2","target":""}},{"icon_image":1809,"text":"G\u00e9rer votre contrat","page_link":{"title":"T\u00e9l\u00e9chargez l'application STX","url":"https:\/\/www.stxfinance.com\/fr\/download-stx-app\/#download-section-3","target":""}}]},"stx_service_sections":{"heading":"STX service - produits SX","description":"Sp\u00e9cialement con\u00e7u pour les propri\u00e9taires de v\u00e9hicules de luxe et les gestionnaires de flotte, STX Service vous aide \u00e0 assurer le bon fonctionnement de votre v\u00e9hicule. Notre r\u00e9seau de service d\u00e9di\u00e9 propose des solutions compl\u00e8tes pour r\u00e9pondre \u00e0 tous vos besoins.\r\n\r\nDes contr\u00f4les de routine \u00e0 l'entretien pr\u00e9ventif, en passant par l'entretien d\u00e9taill\u00e9, les r\u00e9parations d'urgence et l'assistance routi\u00e8re compl\u00e8te, STX Service s'engage \u00e0 maintenir vos v\u00e9hicules en parfait \u00e9tat de fonctionnement. Nos sp\u00e9cialistes hautement qualifi\u00e9s et notre centre de service strat\u00e9giquement situ\u00e9 garantissent des solutions rapides, fiables et efficaces, r\u00e9duisant consid\u00e9rablement les temps d'immobilisation et optimisant l'efficacit\u00e9 op\u00e9rationnelle de votre v\u00e9hicule.","image":1813,"cta_button_1":{"title":"soutien aux d\u00e9g\u00e2ts","url":"https:\/\/www.stxfinance.com\/fr\/contact-us\/","target":""},"cta_button_2":{"title":"en savoir plus","url":"https:\/\/www.stxfinance.com\/fr\/customer-care\/","target":""}}},"faqs_sections":{"heading":"","description":"","faq_list":null,"cta_link":null}},"yoast_head":"<!-- This site is optimized with the Yoast SEO plugin v27.5 - https:\/\/yoast.com\/product\/yoast-seo-wordpress\/ -->\n<title>Financement de V\u00e9hicules de Luxe | STX Finance<\/title>\n<meta name=\"description\" content=\"Des solutions de financement exclusives con\u00e7ues pour votre style de vie haut de gamme.\" \/>\n<meta name=\"robots\" content=\"index, follow, max-snippet:-1, max-image-preview:large, max-video-preview:-1\" \/>\n<link rel=\"canonical\" href=\"https:\/\/www.stxfinance.com\/fr\/\" \/>\n<meta property=\"og:locale\" content=\"fr_FR\" \/>\n<meta property=\"og:type\" content=\"article\" \/>\n<meta property=\"og:title\" content=\"Financement de V\u00e9hicules de Luxe | STX Finance\" \/>\n<meta property=\"og:description\" content=\"Des solutions de financement exclusives con\u00e7ues pour votre style de vie haut de gamme.\" \/>\n<meta property=\"og:url\" content=\"https:\/\/www.stxfinance.com\/fr\/\" \/>\n<meta property=\"og:site_name\" content=\"STX Finance\" \/>\n<meta property=\"article:modified_time\" content=\"2025-11-18T18:09:37+00:00\" \/>\n<meta name=\"twitter:card\" content=\"summary_large_image\" \/>\n<meta name=\"twitter:label1\" content=\"Dur\u00e9e de lecture estim\u00e9e\" \/>\n\t<meta name=\"twitter:data1\" content=\"8 minute\" \/>\n<script type=\"application\/ld+json\" class=\"yoast-schema-graph\">{\"@context\":\"https:\\\/\\\/schema.org\",\"@graph\":[{\"@type\":\"WebPage\",\"@id\":\"https:\\\/\\\/www.stxfinance.com\\\/fr\\\/\",\"url\":\"https:\\\/\\\/www.stxfinance.com\\\/fr\\\/\",\"name\":\"Financement de V\u00e9hicules de Luxe | STX Finance\",\"isPartOf\":{\"@id\":\"https:\\\/\\\/www.stxfinance.com\\\/fr\\\/#website\"},\"datePublished\":\"2025-01-20T06:32:21+00:00\",\"dateModified\":\"2025-11-18T18:09:37+00:00\",\"description\":\"Des solutions de financement exclusives con\u00e7ues pour votre style de vie haut de gamme.\",\"breadcrumb\":{\"@id\":\"https:\\\/\\\/www.stxfinance.com\\\/fr\\\/#breadcrumb\"},\"inLanguage\":\"fr-FR\",\"potentialAction\":[{\"@type\":\"ReadAction\",\"target\":[\"https:\\\/\\\/www.stxfinance.com\\\/fr\\\/\"]}]},{\"@type\":\"BreadcrumbList\",\"@id\":\"https:\\\/\\\/www.stxfinance.com\\\/fr\\\/#breadcrumb\",\"itemListElement\":[{\"@type\":\"ListItem\",\"position\":1,\"name\":\"Home\",\"item\":\"https:\\\/\\\/www.stxfinance.com\\\/fr\\\/\"},{\"@type\":\"ListItem\",\"position\":2,\"name\":\"Page d&#8217;accueil Principale\"}]},{\"@type\":\"WebSite\",\"@id\":\"https:\\\/\\\/www.stxfinance.com\\\/fr\\\/#website\",\"url\":\"https:\\\/\\\/www.stxfinance.com\\\/fr\\\/\",\"name\":\"STX Finance\",\"description\":\"\",\"publisher\":{\"@id\":\"https:\\\/\\\/www.stxfinance.com\\\/fr\\\/#organization\"},\"potentialAction\":[{\"@type\":\"SearchAction\",\"target\":{\"@type\":\"EntryPoint\",\"urlTemplate\":\"https:\\\/\\\/www.stxfinance.com\\\/fr\\\/?s={search_term_string}\"},\"query-input\":{\"@type\":\"PropertyValueSpecification\",\"valueRequired\":true,\"valueName\":\"search_term_string\"}}],\"inLanguage\":\"fr-FR\"},{\"@type\":\"Organization\",\"@id\":\"https:\\\/\\\/www.stxfinance.com\\\/fr\\\/#organization\",\"name\":\"STX Finance\",\"url\":\"https:\\\/\\\/www.stxfinance.com\\\/fr\\\/\",\"logo\":{\"@type\":\"ImageObject\",\"inLanguage\":\"fr-FR\",\"@id\":\"https:\\\/\\\/www.stxfinance.com\\\/fr\\\/#\\\/schema\\\/logo\\\/image\\\/\",\"url\":\"https:\\\/\\\/www.stxfinance.com\\\/wp-content\\\/uploads\\\/2025\\\/02\\\/logo.svg\",\"contentUrl\":\"https:\\\/\\\/www.stxfinance.com\\\/wp-content\\\/uploads\\\/2025\\\/02\\\/logo.svg\",\"caption\":\"STX Finance\"},\"image\":{\"@id\":\"https:\\\/\\\/www.stxfinance.com\\\/fr\\\/#\\\/schema\\\/logo\\\/image\\\/\"}}]}<\/script>\n<!-- \/ Yoast SEO plugin. -->","yoast_head_json":{"title":"Financement de V\u00e9hicules de Luxe | STX Finance","description":"Des solutions de financement exclusives con\u00e7ues pour votre style de vie haut de gamme.","robots":{"index":"index","follow":"follow","max-snippet":"max-snippet:-1","max-image-preview":"max-image-preview:large","max-video-preview":"max-video-preview:-1"},"canonical":"https:\/\/www.stxfinance.com\/fr\/","og_locale":"fr_FR","og_type":"article","og_title":"Financement de V\u00e9hicules de Luxe | STX Finance","og_description":"Des solutions de financement exclusives con\u00e7ues pour votre style de vie haut de gamme.","og_url":"https:\/\/www.stxfinance.com\/fr\/","og_site_name":"STX Finance","article_modified_time":"2025-11-18T18:09:37+00:00","twitter_card":"summary_large_image","twitter_misc":{"Dur\u00e9e de lecture estim\u00e9e":"8 minute"},"schema":{"@context":"https:\/\/schema.org","@graph":[{"@type":"WebPage","@id":"https:\/\/www.stxfinance.com\/fr\/","url":"https:\/\/www.stxfinance.com\/fr\/","name":"Financement de V\u00e9hicules de Luxe | STX Finance","isPartOf":{"@id":"https:\/\/www.stxfinance.com\/fr\/#website"},"datePublished":"2025-01-20T06:32:21+00:00","dateModified":"2025-11-18T18:09:37+00:00","description":"Des solutions de financement exclusives con\u00e7ues pour votre style de vie haut de gamme.","breadcrumb":{"@id":"https:\/\/www.stxfinance.com\/fr\/#breadcrumb"},"inLanguage":"fr-FR","potentialAction":[{"@type":"ReadAction","target":["https:\/\/www.stxfinance.com\/fr\/"]}]},{"@type":"BreadcrumbList","@id":"https:\/\/www.stxfinance.com\/fr\/#breadcrumb","itemListElement":[{"@type":"ListItem","position":1,"name":"Home","item":"https:\/\/www.stxfinance.com\/fr\/"},{"@type":"ListItem","position":2,"name":"Page d&#8217;accueil Principale"}]},{"@type":"WebSite","@id":"https:\/\/www.stxfinance.com\/fr\/#website","url":"https:\/\/www.stxfinance.com\/fr\/","name":"STX Finance","description":"","publisher":{"@id":"https:\/\/www.stxfinance.com\/fr\/#organization"},"potentialAction":[{"@type":"SearchAction","target":{"@type":"EntryPoint","urlTemplate":"https:\/\/www.stxfinance.com\/fr\/?s={search_term_string}"},"query-input":{"@type":"PropertyValueSpecification","valueRequired":true,"valueName":"search_term_string"}}],"inLanguage":"fr-FR"},{"@type":"Organization","@id":"https:\/\/www.stxfinance.com\/fr\/#organization","name":"STX Finance","url":"https:\/\/www.stxfinance.com\/fr\/","logo":{"@type":"ImageObject","inLanguage":"fr-FR","@id":"https:\/\/www.stxfinance.com\/fr\/#\/schema\/logo\/image\/","url":"https:\/\/www.stxfinance.com\/wp-content\/uploads\/2025\/02\/logo.svg","contentUrl":"https:\/\/www.stxfinance.com\/wp-content\/uploads\/2025\/02\/logo.svg","caption":"STX Finance"},"image":{"@id":"https:\/\/www.stxfinance.com\/fr\/#\/schema\/logo\/image\/"}}]}},"_links":{"self":[{"href":"https:\/\/www.stxfinance.com\/fr\/wp-json\/wp\/v2\/pages\/2488","targetHints":{"allow":["GET"]}}],"collection":[{"href":"https:\/\/www.stxfinance.com\/fr\/wp-json\/wp\/v2\/pages"}],"about":[{"href":"https:\/\/www.stxfinance.com\/fr\/wp-json\/wp\/v2\/types\/page"}],"author":[{"embeddable":true,"href":"https:\/\/www.stxfinance.com\/fr\/wp-json\/wp\/v2\/users\/2"}],"replies":[{"embeddable":true,"href":"https:\/\/www.stxfinance.com\/fr\/wp-json\/wp\/v2\/comments?post=2488"}],"version-history":[{"count":16,"href":"https:\/\/www.stxfinance.com\/fr\/wp-json\/wp\/v2\/pages\/2488\/revisions"}],"predecessor-version":[{"id":242173,"href":"https:\/\/www.stxfinance.com\/fr\/wp-json\/wp\/v2\/pages\/2488\/revisions\/242173"}],"wp:attachment":[{"href":"https:\/\/www.stxfinance.com\/fr\/wp-json\/wp\/v2\/media?parent=2488"}],"curies":[{"name":"wp","href":"https:\/\/api.w.org\/{rel}","templated":true}]}}