{"id":2496,"date":"2025-02-04T05:17:58","date_gmt":"2025-02-04T05:17:58","guid":{"rendered":"https:\/\/www.stxfinance.com\/maintenance-and-management\/"},"modified":"2025-05-06T09:09:29","modified_gmt":"2025-05-06T09:09:29","slug":"maintenance-and-management","status":"publish","type":"page","link":"https:\/\/www.stxfinance.com\/fr\/maintenance-and-management\/","title":{"rendered":"Maintenance et gestion"},"content":{"rendered":"","protected":false},"excerpt":{"rendered":"","protected":false},"author":2,"featured_media":0,"parent":0,"menu_order":0,"comment_status":"closed","ping_status":"closed","template":"page-templates\/template-maintanance-management.php","meta":{"_acf_changed":false,"footnotes":""},"class_list":["post-2496","page","type-page","status-publish","hentry"],"acf":{"page_banner_section":{"page_banner_title":"Maintenance et gestion du site <br> ","page_banner_image":2032},"maintanance_management_settting":{"":null,"financing_content_sections":{"description_content":"Chez Stephex Service, notre vaste garage est enti\u00e8rement \u00e9quip\u00e9 d'outils et de ressources de pointe pour un service de qualit\u00e9 sup\u00e9rieure. Nos professionnels qualifi\u00e9s sont des experts dans la construction complexe de camions, ce qui garantit un service exceptionnel \u00e0 chaque visite. Nous offrons \u00e0 nos clients la possibilit\u00e9 d'ajouter des am\u00e9liorations et des touches personnelles \u00e0 leurs v\u00e9hicules. De plus, avec une vaste s\u00e9lection de pi\u00e8ces de rechange disponibles, la commande de remplacements ou d'extras par le biais de notre application est rapide et facile, ce qui vous permet de ne pas vous soucier des pi\u00e8ces et du service.   ","financing_content_row":[{"heading":"Vos responsabilit\u00e9s en mati\u00e8re d'entretien du v\u00e9hicule","content_row":[{"accordion_content":"Pour maintenir votre v\u00e9hicule en bon \u00e9tat, il est essentiel de veiller \u00e0 ce qu'il fasse l'objet d'un entretien r\u00e9gulier et de toutes les r\u00e9parations n\u00e9cessaires. Il vous incombe d'entretenir le v\u00e9hicule aux intervalles recommand\u00e9s par le constructeur et de rem\u00e9dier \u00e0 toute d\u00e9faillance \u00e9ventuelle. En plus de l'entretien courant, vous devez v\u00e9rifier et entretenir r\u00e9guli\u00e8rement les \u00e9l\u00e9ments essentiels, tels que la pression des pneus, les niveaux d'huile, de liquide de refroidissement et d'antigel, conform\u00e9ment aux sp\u00e9cifications du constructeur.  "},{"accordion_content":"De plus, un certificat de contr\u00f4le technique valide pour votre v\u00e9hicule doit \u00eatre t\u00e9l\u00e9charg\u00e9 sur votre compte STX Finance \u00e0 chaque fois. Vous pouvez v\u00e9rifier la date d'expiration du contr\u00f4le de votre v\u00e9hicule dans votre compte si vous n'\u00eates pas s\u00fbr de la date de renouvellement. Veuillez noter que conduire sans un certificat valide peut affecter la couverture d'assurance et peut entra\u00eener des amendes.  "}]},{"heading":"Comment savoir si mon v\u00e9hicule a besoin d'un entretien ou d'un contr\u00f4le technique ?","content_row":[{"accordion_content":"La plupart des v\u00e9hicules modernes vous informent de l'\u00e9ch\u00e9ance d'une r\u00e9vision par le biais d'un t\u00e9moin lumineux sur le tableau de bord, souvent sous la forme d'une cl\u00e9 \u00e0 molette. Les inspections techniques varient en fonction de la marque et du mod\u00e8le de votre v\u00e9hicule. V\u00e9rifiez donc dans votre application la date exacte \u00e0 laquelle l'inspection est pr\u00e9vue. "}]},{"heading":"Demander l'entretien ou le contr\u00f4le technique de votre v\u00e9hicule","content_row":[{"accordion_content":"Pour planifier l'entretien de votre v\u00e9hicule ou un contr\u00f4le technique, connectez-vous \u00e0 votre compte et prenez un rendez-vous aupr\u00e8s de notre \u00e9quipe de service ou de votre concessionnaire attitr\u00e9. Vous pouvez \u00e9galement prendre vous-m\u00eame rendez-vous dans n'importe quel garage officiel de votre r\u00e9gion, puis t\u00e9l\u00e9charger facilement le certificat d'inspection dans votre compte. "}]}]},"have_question_sections":{"question_heading":"Vous avez des questions ?","question_description":"Si vous avez des questions sur la proc\u00e9dure de restitution ou sur tout autre aspect de votre v\u00e9hicule lou\u00e9, veuillez contacter votre gestionnaire de compte. Vous pouvez \u00e9galement nous contacter par courrier ou par t\u00e9l\u00e9phone (du lundi au vendredi, de 9h \u00e0 18h).    ","question_image":2036,"page_link":{"title":"Contactez-nous","url":"https:\/\/www.stxfinance.com\/fr\/contact-us\/","target":""}}},"faqs_sections":{"heading":"","description":"","faq_list":null,"cta_link":null}},"yoast_head":"<!-- This site is optimized with the Yoast SEO plugin v27.5 - https:\/\/yoast.com\/product\/yoast-seo-wordpress\/ -->\n<title>Maintenance et gestion | STX Finance<\/title>\n<meta name=\"description\" content=\"Services fiables de maintenance et gestion adapt\u00e9s \u00e0 vos v\u00e9hicules de luxe.\" \/>\n<meta name=\"robots\" content=\"index, follow, max-snippet:-1, max-image-preview:large, max-video-preview:-1\" \/>\n<link rel=\"canonical\" href=\"https:\/\/www.stxfinance.com\/fr\/maintenance-and-management\/\" \/>\n<meta property=\"og:locale\" content=\"fr_FR\" \/>\n<meta property=\"og:type\" content=\"article\" \/>\n<meta property=\"og:title\" content=\"Maintenance et gestion | STX Finance\" \/>\n<meta property=\"og:description\" content=\"Services fiables de maintenance et gestion adapt\u00e9s \u00e0 vos v\u00e9hicules de luxe.\" \/>\n<meta property=\"og:url\" content=\"https:\/\/www.stxfinance.com\/fr\/maintenance-and-management\/\" \/>\n<meta property=\"og:site_name\" content=\"STX Finance\" \/>\n<meta property=\"article:modified_time\" content=\"2025-05-06T09:09:29+00:00\" \/>\n<meta name=\"twitter:card\" content=\"summary_large_image\" \/>\n<meta name=\"twitter:label1\" content=\"Dur\u00e9e de lecture estim\u00e9e\" \/>\n\t<meta name=\"twitter:data1\" content=\"3 minute\" \/>\n<script type=\"application\/ld+json\" class=\"yoast-schema-graph\">{\"@context\":\"https:\\\/\\\/schema.org\",\"@graph\":[{\"@type\":\"WebPage\",\"@id\":\"https:\\\/\\\/www.stxfinance.com\\\/fr\\\/maintenance-and-management\\\/\",\"url\":\"https:\\\/\\\/www.stxfinance.com\\\/fr\\\/maintenance-and-management\\\/\",\"name\":\"Maintenance et gestion | STX Finance\",\"isPartOf\":{\"@id\":\"https:\\\/\\\/www.stxfinance.com\\\/fr\\\/#website\"},\"datePublished\":\"2025-02-04T05:17:58+00:00\",\"dateModified\":\"2025-05-06T09:09:29+00:00\",\"description\":\"Services fiables de maintenance et gestion adapt\u00e9s \u00e0 vos v\u00e9hicules de luxe.\",\"breadcrumb\":{\"@id\":\"https:\\\/\\\/www.stxfinance.com\\\/fr\\\/maintenance-and-management\\\/#breadcrumb\"},\"inLanguage\":\"fr-FR\",\"potentialAction\":[{\"@type\":\"ReadAction\",\"target\":[\"https:\\\/\\\/www.stxfinance.com\\\/fr\\\/maintenance-and-management\\\/\"]}]},{\"@type\":\"BreadcrumbList\",\"@id\":\"https:\\\/\\\/www.stxfinance.com\\\/fr\\\/maintenance-and-management\\\/#breadcrumb\",\"itemListElement\":[{\"@type\":\"ListItem\",\"position\":1,\"name\":\"Home\",\"item\":\"https:\\\/\\\/www.stxfinance.com\\\/fr\\\/\"},{\"@type\":\"ListItem\",\"position\":2,\"name\":\"Maintenance et gestion\"}]},{\"@type\":\"WebSite\",\"@id\":\"https:\\\/\\\/www.stxfinance.com\\\/fr\\\/#website\",\"url\":\"https:\\\/\\\/www.stxfinance.com\\\/fr\\\/\",\"name\":\"STX Finance\",\"description\":\"\",\"publisher\":{\"@id\":\"https:\\\/\\\/www.stxfinance.com\\\/fr\\\/#organization\"},\"potentialAction\":[{\"@type\":\"SearchAction\",\"target\":{\"@type\":\"EntryPoint\",\"urlTemplate\":\"https:\\\/\\\/www.stxfinance.com\\\/fr\\\/?s={search_term_string}\"},\"query-input\":{\"@type\":\"PropertyValueSpecification\",\"valueRequired\":true,\"valueName\":\"search_term_string\"}}],\"inLanguage\":\"fr-FR\"},{\"@type\":\"Organization\",\"@id\":\"https:\\\/\\\/www.stxfinance.com\\\/fr\\\/#organization\",\"name\":\"STX Finance\",\"url\":\"https:\\\/\\\/www.stxfinance.com\\\/fr\\\/\",\"logo\":{\"@type\":\"ImageObject\",\"inLanguage\":\"fr-FR\",\"@id\":\"https:\\\/\\\/www.stxfinance.com\\\/fr\\\/#\\\/schema\\\/logo\\\/image\\\/\",\"url\":\"https:\\\/\\\/www.stxfinance.com\\\/wp-content\\\/uploads\\\/2025\\\/02\\\/logo.svg\",\"contentUrl\":\"https:\\\/\\\/www.stxfinance.com\\\/wp-content\\\/uploads\\\/2025\\\/02\\\/logo.svg\",\"caption\":\"STX Finance\"},\"image\":{\"@id\":\"https:\\\/\\\/www.stxfinance.com\\\/fr\\\/#\\\/schema\\\/logo\\\/image\\\/\"}}]}<\/script>\n<!-- \/ Yoast SEO plugin. -->","yoast_head_json":{"title":"Maintenance et gestion | STX Finance","description":"Services fiables de maintenance et gestion adapt\u00e9s \u00e0 vos v\u00e9hicules de luxe.","robots":{"index":"index","follow":"follow","max-snippet":"max-snippet:-1","max-image-preview":"max-image-preview:large","max-video-preview":"max-video-preview:-1"},"canonical":"https:\/\/www.stxfinance.com\/fr\/maintenance-and-management\/","og_locale":"fr_FR","og_type":"article","og_title":"Maintenance et gestion | STX Finance","og_description":"Services fiables de maintenance et gestion adapt\u00e9s \u00e0 vos v\u00e9hicules de luxe.","og_url":"https:\/\/www.stxfinance.com\/fr\/maintenance-and-management\/","og_site_name":"STX Finance","article_modified_time":"2025-05-06T09:09:29+00:00","twitter_card":"summary_large_image","twitter_misc":{"Dur\u00e9e de lecture estim\u00e9e":"3 minute"},"schema":{"@context":"https:\/\/schema.org","@graph":[{"@type":"WebPage","@id":"https:\/\/www.stxfinance.com\/fr\/maintenance-and-management\/","url":"https:\/\/www.stxfinance.com\/fr\/maintenance-and-management\/","name":"Maintenance et gestion | STX Finance","isPartOf":{"@id":"https:\/\/www.stxfinance.com\/fr\/#website"},"datePublished":"2025-02-04T05:17:58+00:00","dateModified":"2025-05-06T09:09:29+00:00","description":"Services fiables de maintenance et gestion adapt\u00e9s \u00e0 vos v\u00e9hicules de luxe.","breadcrumb":{"@id":"https:\/\/www.stxfinance.com\/fr\/maintenance-and-management\/#breadcrumb"},"inLanguage":"fr-FR","potentialAction":[{"@type":"ReadAction","target":["https:\/\/www.stxfinance.com\/fr\/maintenance-and-management\/"]}]},{"@type":"BreadcrumbList","@id":"https:\/\/www.stxfinance.com\/fr\/maintenance-and-management\/#breadcrumb","itemListElement":[{"@type":"ListItem","position":1,"name":"Home","item":"https:\/\/www.stxfinance.com\/fr\/"},{"@type":"ListItem","position":2,"name":"Maintenance et gestion"}]},{"@type":"WebSite","@id":"https:\/\/www.stxfinance.com\/fr\/#website","url":"https:\/\/www.stxfinance.com\/fr\/","name":"STX Finance","description":"","publisher":{"@id":"https:\/\/www.stxfinance.com\/fr\/#organization"},"potentialAction":[{"@type":"SearchAction","target":{"@type":"EntryPoint","urlTemplate":"https:\/\/www.stxfinance.com\/fr\/?s={search_term_string}"},"query-input":{"@type":"PropertyValueSpecification","valueRequired":true,"valueName":"search_term_string"}}],"inLanguage":"fr-FR"},{"@type":"Organization","@id":"https:\/\/www.stxfinance.com\/fr\/#organization","name":"STX Finance","url":"https:\/\/www.stxfinance.com\/fr\/","logo":{"@type":"ImageObject","inLanguage":"fr-FR","@id":"https:\/\/www.stxfinance.com\/fr\/#\/schema\/logo\/image\/","url":"https:\/\/www.stxfinance.com\/wp-content\/uploads\/2025\/02\/logo.svg","contentUrl":"https:\/\/www.stxfinance.com\/wp-content\/uploads\/2025\/02\/logo.svg","caption":"STX Finance"},"image":{"@id":"https:\/\/www.stxfinance.com\/fr\/#\/schema\/logo\/image\/"}}]}},"_links":{"self":[{"href":"https:\/\/www.stxfinance.com\/fr\/wp-json\/wp\/v2\/pages\/2496","targetHints":{"allow":["GET"]}}],"collection":[{"href":"https:\/\/www.stxfinance.com\/fr\/wp-json\/wp\/v2\/pages"}],"about":[{"href":"https:\/\/www.stxfinance.com\/fr\/wp-json\/wp\/v2\/types\/page"}],"author":[{"embeddable":true,"href":"https:\/\/www.stxfinance.com\/fr\/wp-json\/wp\/v2\/users\/2"}],"replies":[{"embeddable":true,"href":"https:\/\/www.stxfinance.com\/fr\/wp-json\/wp\/v2\/comments?post=2496"}],"version-history":[{"count":1,"href":"https:\/\/www.stxfinance.com\/fr\/wp-json\/wp\/v2\/pages\/2496\/revisions"}],"predecessor-version":[{"id":3159,"href":"https:\/\/www.stxfinance.com\/fr\/wp-json\/wp\/v2\/pages\/2496\/revisions\/3159"}],"wp:attachment":[{"href":"https:\/\/www.stxfinance.com\/fr\/wp-json\/wp\/v2\/media?parent=2496"}],"curies":[{"name":"wp","href":"https:\/\/api.w.org\/{rel}","templated":true}]}}