{"id":2505,"date":"2025-01-30T08:10:32","date_gmt":"2025-01-30T08:10:32","guid":{"rendered":"https:\/\/www.stxfinance.com\/our-team\/"},"modified":"2025-12-04T14:56:56","modified_gmt":"2025-12-04T14:56:56","slug":"our-team","status":"publish","type":"page","link":"https:\/\/www.stxfinance.com\/fr\/our-team\/","title":{"rendered":"Notre \u00e9quipe"},"content":{"rendered":"","protected":false},"excerpt":{"rendered":"","protected":false},"author":2,"featured_media":0,"parent":0,"menu_order":0,"comment_status":"closed","ping_status":"closed","template":"page-templates\/template-our-team.php","meta":{"_acf_changed":false,"footnotes":""},"class_list":["post-2505","page","type-page","status-publish","hentry"],"acf":{"page_banner_section":{"page_banner_title":"Rencontrez notre \u00e9quipe","page_banner_image":1629},"team_page_setting":{"":null,"teams_section":{"teams":[{"member_name":"Conter Stephan","designation":"Directeur g\u00e9n\u00e9ral Stephex Group","email_id":"stephan.conter@stephex.com","member_image":1637},{"member_name":"Conter Zo\u00e9","designation":"Directeur g\u00e9n\u00e9ral","email_id":"zoe.conter@stephex.com","member_image":1641},{"member_name":"De Vlieger Vincent","designation":"Directeur financier","email_id":"vincent.devlieger@stephex.com","member_image":1645},{"member_name":"Li\u00e9nard Philippe","designation":"Responsable des ventes","email_id":"philippe.lienard@stephex.com","member_image":1653},{"member_name":"Kerkhofs Tom","designation":"Directeur des ventes","email_id":"tom.kerkhofs@stephex.com","member_image":1657},{"member_name":"Van Handenhoven Sara","designation":"Division Contrats","email_id":"sara.vanhandenhoven@stephex.com","member_image":272145},{"member_name":"De Ridder Beaue","designation":"Division Assurances","email_id":"beaue.deridder@stephex.com","member_image":1665},{"member_name":"Valeriya Katrich","designation":"Division Ventes & D\u00e9veloppement","email_id":"valeriya.katrich@stephex.com","member_image":258279}]},"vacancy_section":{"vacancy_heading":"Postes vacants","sub_heading":"Rejoignez notre \u00e9quipe dynamique chez STX Finance et franchissez une nouvelle \u00e9tape dans votre carri\u00e8re. Explorez des opportunit\u00e9s passionnantes dans diff\u00e9rents d\u00e9partements et devenez membre de notre entreprise innovante et en pleine croissance. ","vacancy_image":1633}},"faqs_sections":{"heading":"","description":"","faq_list":null,"cta_link":null}},"yoast_head":"<!-- This site is optimized with the Yoast SEO plugin v27.5 - https:\/\/yoast.com\/product\/yoast-seo-wordpress\/ -->\n<title>Notre \u00e9quipe | STX Finance<\/title>\n<meta name=\"description\" content=\"Rencontrez notre \u00e9quipe d\u2019experts d\u00e9di\u00e9e \u00e0 fournir des solutions de financement personnalis\u00e9es.\" \/>\n<meta name=\"robots\" content=\"index, follow, max-snippet:-1, max-image-preview:large, max-video-preview:-1\" \/>\n<link rel=\"canonical\" href=\"https:\/\/www.stxfinance.com\/fr\/our-team\/\" \/>\n<meta property=\"og:locale\" content=\"fr_FR\" \/>\n<meta property=\"og:type\" content=\"article\" \/>\n<meta property=\"og:title\" content=\"Notre \u00e9quipe | STX Finance\" \/>\n<meta property=\"og:description\" content=\"Rencontrez notre \u00e9quipe d\u2019experts d\u00e9di\u00e9e \u00e0 fournir des solutions de financement personnalis\u00e9es.\" \/>\n<meta property=\"og:url\" content=\"https:\/\/www.stxfinance.com\/fr\/our-team\/\" \/>\n<meta property=\"og:site_name\" content=\"STX Finance\" \/>\n<meta property=\"article:modified_time\" content=\"2025-12-04T14:56:56+00:00\" \/>\n<meta name=\"twitter:card\" content=\"summary_large_image\" \/>\n<meta name=\"twitter:label1\" content=\"Dur\u00e9e de lecture estim\u00e9e\" \/>\n\t<meta name=\"twitter:data1\" content=\"3 minute\" \/>\n<script type=\"application\/ld+json\" class=\"yoast-schema-graph\">{\"@context\":\"https:\\\/\\\/schema.org\",\"@graph\":[{\"@type\":\"WebPage\",\"@id\":\"https:\\\/\\\/www.stxfinance.com\\\/fr\\\/our-team\\\/\",\"url\":\"https:\\\/\\\/www.stxfinance.com\\\/fr\\\/our-team\\\/\",\"name\":\"Notre \u00e9quipe | STX Finance\",\"isPartOf\":{\"@id\":\"https:\\\/\\\/www.stxfinance.com\\\/fr\\\/#website\"},\"datePublished\":\"2025-01-30T08:10:32+00:00\",\"dateModified\":\"2025-12-04T14:56:56+00:00\",\"description\":\"Rencontrez notre \u00e9quipe d\u2019experts d\u00e9di\u00e9e \u00e0 fournir des solutions de financement personnalis\u00e9es.\",\"breadcrumb\":{\"@id\":\"https:\\\/\\\/www.stxfinance.com\\\/fr\\\/our-team\\\/#breadcrumb\"},\"inLanguage\":\"fr-FR\",\"potentialAction\":[{\"@type\":\"ReadAction\",\"target\":[\"https:\\\/\\\/www.stxfinance.com\\\/fr\\\/our-team\\\/\"]}]},{\"@type\":\"BreadcrumbList\",\"@id\":\"https:\\\/\\\/www.stxfinance.com\\\/fr\\\/our-team\\\/#breadcrumb\",\"itemListElement\":[{\"@type\":\"ListItem\",\"position\":1,\"name\":\"Home\",\"item\":\"https:\\\/\\\/www.stxfinance.com\\\/fr\\\/\"},{\"@type\":\"ListItem\",\"position\":2,\"name\":\"Notre \u00e9quipe\"}]},{\"@type\":\"WebSite\",\"@id\":\"https:\\\/\\\/www.stxfinance.com\\\/fr\\\/#website\",\"url\":\"https:\\\/\\\/www.stxfinance.com\\\/fr\\\/\",\"name\":\"STX Finance\",\"description\":\"\",\"publisher\":{\"@id\":\"https:\\\/\\\/www.stxfinance.com\\\/fr\\\/#organization\"},\"potentialAction\":[{\"@type\":\"SearchAction\",\"target\":{\"@type\":\"EntryPoint\",\"urlTemplate\":\"https:\\\/\\\/www.stxfinance.com\\\/fr\\\/?s={search_term_string}\"},\"query-input\":{\"@type\":\"PropertyValueSpecification\",\"valueRequired\":true,\"valueName\":\"search_term_string\"}}],\"inLanguage\":\"fr-FR\"},{\"@type\":\"Organization\",\"@id\":\"https:\\\/\\\/www.stxfinance.com\\\/fr\\\/#organization\",\"name\":\"STX Finance\",\"url\":\"https:\\\/\\\/www.stxfinance.com\\\/fr\\\/\",\"logo\":{\"@type\":\"ImageObject\",\"inLanguage\":\"fr-FR\",\"@id\":\"https:\\\/\\\/www.stxfinance.com\\\/fr\\\/#\\\/schema\\\/logo\\\/image\\\/\",\"url\":\"https:\\\/\\\/www.stxfinance.com\\\/wp-content\\\/uploads\\\/2025\\\/02\\\/logo.svg\",\"contentUrl\":\"https:\\\/\\\/www.stxfinance.com\\\/wp-content\\\/uploads\\\/2025\\\/02\\\/logo.svg\",\"caption\":\"STX Finance\"},\"image\":{\"@id\":\"https:\\\/\\\/www.stxfinance.com\\\/fr\\\/#\\\/schema\\\/logo\\\/image\\\/\"}}]}<\/script>\n<!-- \/ Yoast SEO plugin. -->","yoast_head_json":{"title":"Notre \u00e9quipe | STX Finance","description":"Rencontrez notre \u00e9quipe d\u2019experts d\u00e9di\u00e9e \u00e0 fournir des solutions de financement personnalis\u00e9es.","robots":{"index":"index","follow":"follow","max-snippet":"max-snippet:-1","max-image-preview":"max-image-preview:large","max-video-preview":"max-video-preview:-1"},"canonical":"https:\/\/www.stxfinance.com\/fr\/our-team\/","og_locale":"fr_FR","og_type":"article","og_title":"Notre \u00e9quipe | STX Finance","og_description":"Rencontrez notre \u00e9quipe d\u2019experts d\u00e9di\u00e9e \u00e0 fournir des solutions de financement personnalis\u00e9es.","og_url":"https:\/\/www.stxfinance.com\/fr\/our-team\/","og_site_name":"STX Finance","article_modified_time":"2025-12-04T14:56:56+00:00","twitter_card":"summary_large_image","twitter_misc":{"Dur\u00e9e de lecture estim\u00e9e":"3 minute"},"schema":{"@context":"https:\/\/schema.org","@graph":[{"@type":"WebPage","@id":"https:\/\/www.stxfinance.com\/fr\/our-team\/","url":"https:\/\/www.stxfinance.com\/fr\/our-team\/","name":"Notre \u00e9quipe | STX Finance","isPartOf":{"@id":"https:\/\/www.stxfinance.com\/fr\/#website"},"datePublished":"2025-01-30T08:10:32+00:00","dateModified":"2025-12-04T14:56:56+00:00","description":"Rencontrez notre \u00e9quipe d\u2019experts d\u00e9di\u00e9e \u00e0 fournir des solutions de financement personnalis\u00e9es.","breadcrumb":{"@id":"https:\/\/www.stxfinance.com\/fr\/our-team\/#breadcrumb"},"inLanguage":"fr-FR","potentialAction":[{"@type":"ReadAction","target":["https:\/\/www.stxfinance.com\/fr\/our-team\/"]}]},{"@type":"BreadcrumbList","@id":"https:\/\/www.stxfinance.com\/fr\/our-team\/#breadcrumb","itemListElement":[{"@type":"ListItem","position":1,"name":"Home","item":"https:\/\/www.stxfinance.com\/fr\/"},{"@type":"ListItem","position":2,"name":"Notre \u00e9quipe"}]},{"@type":"WebSite","@id":"https:\/\/www.stxfinance.com\/fr\/#website","url":"https:\/\/www.stxfinance.com\/fr\/","name":"STX Finance","description":"","publisher":{"@id":"https:\/\/www.stxfinance.com\/fr\/#organization"},"potentialAction":[{"@type":"SearchAction","target":{"@type":"EntryPoint","urlTemplate":"https:\/\/www.stxfinance.com\/fr\/?s={search_term_string}"},"query-input":{"@type":"PropertyValueSpecification","valueRequired":true,"valueName":"search_term_string"}}],"inLanguage":"fr-FR"},{"@type":"Organization","@id":"https:\/\/www.stxfinance.com\/fr\/#organization","name":"STX Finance","url":"https:\/\/www.stxfinance.com\/fr\/","logo":{"@type":"ImageObject","inLanguage":"fr-FR","@id":"https:\/\/www.stxfinance.com\/fr\/#\/schema\/logo\/image\/","url":"https:\/\/www.stxfinance.com\/wp-content\/uploads\/2025\/02\/logo.svg","contentUrl":"https:\/\/www.stxfinance.com\/wp-content\/uploads\/2025\/02\/logo.svg","caption":"STX Finance"},"image":{"@id":"https:\/\/www.stxfinance.com\/fr\/#\/schema\/logo\/image\/"}}]}},"_links":{"self":[{"href":"https:\/\/www.stxfinance.com\/fr\/wp-json\/wp\/v2\/pages\/2505","targetHints":{"allow":["GET"]}}],"collection":[{"href":"https:\/\/www.stxfinance.com\/fr\/wp-json\/wp\/v2\/pages"}],"about":[{"href":"https:\/\/www.stxfinance.com\/fr\/wp-json\/wp\/v2\/types\/page"}],"author":[{"embeddable":true,"href":"https:\/\/www.stxfinance.com\/fr\/wp-json\/wp\/v2\/users\/2"}],"replies":[{"embeddable":true,"href":"https:\/\/www.stxfinance.com\/fr\/wp-json\/wp\/v2\/comments?post=2505"}],"version-history":[{"count":7,"href":"https:\/\/www.stxfinance.com\/fr\/wp-json\/wp\/v2\/pages\/2505\/revisions"}],"predecessor-version":[{"id":272216,"href":"https:\/\/www.stxfinance.com\/fr\/wp-json\/wp\/v2\/pages\/2505\/revisions\/272216"}],"wp:attachment":[{"href":"https:\/\/www.stxfinance.com\/fr\/wp-json\/wp\/v2\/media?parent=2505"}],"curies":[{"name":"wp","href":"https:\/\/api.w.org\/{rel}","templated":true}]}}