{"id":2524,"date":"2025-01-23T07:54:24","date_gmt":"2025-01-23T07:54:24","guid":{"rendered":"https:\/\/www.stxfinance.com\/why-leasing\/"},"modified":"2025-06-12T12:19:25","modified_gmt":"2025-06-12T12:19:25","slug":"why-leasing","status":"publish","type":"page","link":"https:\/\/www.stxfinance.com\/fr\/why-leasing\/","title":{"rendered":"Pourquoi le leasing ?"},"content":{"rendered":"","protected":false},"excerpt":{"rendered":"","protected":false},"author":2,"featured_media":0,"parent":0,"menu_order":0,"comment_status":"closed","ping_status":"closed","template":"page-templates\/template-why-leasing.php","meta":{"_acf_changed":false,"footnotes":""},"class_list":["post-2524","page","type-page","status-publish","hentry"],"acf":{"why_leasing_settings":{"":null,"banner_slider_sections":{"banner_slider":[{"heading":"D\u00e9couvrez pourquoi le cr\u00e9dit-bail est le choix le plus judicieux avec STX Finance  ","bg_image":2200,"features":[{"number":"35+","text":"Ann\u00e9es d'exp\u00e9rience  "},{"number":"3,500+  ","text":"V\u00e9hicules Flotte  "},{"number":"500+","text":"Salari\u00e9s"}]}]},"about_sections":{"heading":"\u00c0 propos du cr\u00e9dit-bail","sub_heading":"Profitez des derniers v\u00e9hicules haut de gamme sans vous engager \u00e0 les poss\u00e9der \u00e0 long terme.","about_row":[{"features":"Bail unique","icon_image":2204},{"features":"Des solutions rentables","icon_image":2208},{"features":"Commodit\u00e9 et soutien","icon_image":2212}],"video_file":2216,"placeholder_image":2220,"cta_button":{"title":"Contactez-nous","url":"https:\/\/www.stxfinance.com\/fr\/contact-us\/","target":""}},"specification_sections":{"heading":"Ce qui nous distingue","description":"Notre expertise, acquise au fil des d\u00e9cennies dans le secteur, vous garantit la meilleure exp\u00e9rience possible en mati\u00e8re de location.  ","specification_row":[{"specification_title":"Une tranquillit\u00e9 d'esprit totale","description":"Une expertise de qualit\u00e9 avec 35 ans d'exp\u00e9rience et de savoir-faire industriel","icon_url":2224,"image_url":2228},{"specification_title":"Des services financiers fiables","description":"Des solutions financi\u00e8res s\u00e9curis\u00e9es soutenues par notre r\u00e9seau de partenaires financiers","icon_url":2232,"image_url":2236},{"specification_title":"Processus d'approbation efficace","description":"Simplicit\u00e9 financi\u00e8re gr\u00e2ce \u00e0 une documentation limit\u00e9e","icon_url":2240,"image_url":2244},{"specification_title":"Producteurs directs de nos principaux produits","description":"Une expertise \u00e9prouv\u00e9e et une production directe nous permettent de fournir des solutions sur mesure avec un acc\u00e8s aux derniers mod\u00e8les, une qualit\u00e9 exceptionnelle et des options personnalis\u00e9es.","icon_url":2248,"image_url":2252},{"specification_title":"Un processus de location sans faille","description":"La location est soutenue par un tableau de bord en ligne et une application.","icon_url":2256,"image_url":2260},{"specification_title":"Solutions pour les temps d'arr\u00eat","description":"Acc\u00e8s \u00e0 une large gamme de services de gestion des v\u00e9hicules","icon_url":2264,"image_url":2268}]},"leasing_sections":{"heading":"D\u00e9cision de location","description":"D\u00e9cider de louer ou d'acheter un v\u00e9hicule peut s'av\u00e9rer difficile. Cependant, si vous vous demandez pourquoi louer avec nous, la r\u00e9ponse r\u00e9side dans la flexibilit\u00e9, la simplicit\u00e9 et la valeur \u00e0 long terme que nous offrons. La location avec STX Finance est souvent le meilleur choix si vous pr\u00e9f\u00e9rez des conditions contractuelles flexibles, des mises \u00e0 niveau r\u00e9guli\u00e8res des v\u00e9hicules et des co\u00fbts initiaux moins \u00e9lev\u00e9s. Si le maintien d'une flotte de v\u00e9hicules fait partie de votre strat\u00e9gie d'entreprise, le leasing garantit que votre flotte reste moderne et rentable.     \r\n\r\nDemandez une offre de leasing STX Finance d\u00e8s aujourd'hui et d\u00e9couvrez les avantages par vous-m\u00eame.\r\n","cta_button":{"title":"Contactez-nous","url":"https:\/\/www.stxfinance.com\/fr\/contact-us\/","target":""},"accordion_section":[{"heading":"Avantages et inconv\u00e9nients","accordion_value":[{"acf_fc_layout":"pron_cons_section","advantages_heading":"Avantages","advantages_row":[{"heading":"Conduire des v\u00e9hicules neufs","description":"Le leasing vous permet de choisir parmi les mod\u00e8les de v\u00e9hicules les plus r\u00e9cents, tous \u00e9quip\u00e9s des derni\u00e8res technologies et de dispositifs de s\u00e9curit\u00e9 avanc\u00e9s.  "},{"heading":"Co\u00fbts fixes et pr\u00e9visibles","description":"Le cr\u00e9dit-bail avec STX Finance offre une stabilit\u00e9 financi\u00e8re gr\u00e2ce \u00e0 des paiements mensuels fixes, ce qui vous aide \u00e0 g\u00e9rer votre budget en toute simplicit\u00e9."},{"heading":"Des co\u00fbts initiaux moins \u00e9lev\u00e9s","description":"Le leasing n\u00e9cessite g\u00e9n\u00e9ralement un acompte moins important et des mensualit\u00e9s moins \u00e9lev\u00e9es que l'achat.  "},{"heading":"Pas de souci de d\u00e9pr\u00e9ciation","description":"Le leasing vous prot\u00e8ge contre une d\u00e9pr\u00e9ciation inattendue. Lorsque vous achetez une voiture, sa valeur diminue g\u00e9n\u00e9ralement d\u00e8s que vous la sortez de la salle d'exposition.   "}],"disadvantages_heading":"Inconv\u00e9nients","disadvantages_row":[{"heading":"Contrat \u00e0 dur\u00e9e d\u00e9termin\u00e9e","description":"Si vous changez d'avis et restituez le v\u00e9hicule avant la fin du contrat, des frais de r\u00e9siliation anticip\u00e9e sont g\u00e9n\u00e9ralement factur\u00e9s.  "},{"heading":"Responsabilit\u00e9s en mati\u00e8re de maintenance","description":"Pendant la p\u00e9riode de location, vous \u00eates tenu de maintenir le v\u00e9hicule en bon \u00e9tat et de le rendre dans un \u00e9tat acceptable \u00e0 la fin du contrat."},{"heading":"Usage restreint","description":"Les contrats de location peuvent inclure des limitations sur les activit\u00e9s commerciales ou la participation \u00e0 certains services comme le covoiturage ou la sous-location.  "}]}]},{"heading":"Leasing ou achat : quelle est la meilleure solution pour vous ?","accordion_value":[{"acf_fc_layout":"table_section","table_heading":[{"table_heading":"Avantages"},{"table_heading":"Leasing"},{"table_heading":"Achat"}],"table_value":[{"benefit_name":"Co\u00fbt initial moins \u00e9lev\u00e9","yes_no_col2":true,"yes_no_col3":false},{"benefit_name":"Taxe routi\u00e8re incluse","yes_no_col2":true,"yes_no_col3":false},{"benefit_name":"Couverture d'assurance fournie","yes_no_col2":true,"yes_no_col3":false},{"benefit_name":"Option de personnalisation","yes_no_col2":true,"yes_no_col3":false},{"benefit_name":"Nouveau v\u00e9hicule tous les deux ans","yes_no_col2":true,"yes_no_col3":false},{"benefit_name":"Pleine propri\u00e9t\u00e9 du v\u00e9hicule","yes_no_col2":false,"yes_no_col3":true},{"benefit_name":"Option de vente du v\u00e9hicule","yes_no_col2":false,"yes_no_col3":true},{"benefit_name":"Pas de limite de kilom\u00e9trage","yes_no_col2":false,"yes_no_col3":true}]}]},{"heading":"Comment fonctionne le leasing avec STX finance","accordion_value":[{"acf_fc_layout":"list_section","list_heading":"C'est aussi simple et rapide que cela !","list_row":[{"text":"Prenez contact avec nous et recevez dans les 24 heures une simulation de leasing sur mesure pour le v\u00e9hicule de votre choix.","has_model":false,"model_id":null},{"text":"Remettre une liste restreinte de documents financiers \u00e0 un agent de cr\u00e9dit-bail.","has_model":false,"model_id":{"title":"view docs","url":"doc-required-modal","target":""}},{"text":"Obtenez une approbation rapide","has_model":false,"model_id":null},{"text":"Notre \u00e9quipe enregistrera votre v\u00e9hicule et le pr\u00e9parera \u00e0 l'utilisation.","has_model":false,"model_id":{"title":"voir les documents","url":"http:\/\/doc-required-modal","target":""}},{"text":"Livraison professionnelle avec explication","has_model":false,"model_id":null},{"text":"Notre \u00e9quipe immatriculera votre v\u00e9hicule et le pr\u00e9parera \u00e0 l'utilisation","has_model":false,"model_id":null},{"text":"Livraison professionnelle avec explications et conseils","has_model":false,"model_id":null},{"text":"Soyez accueilli dans la communaut\u00e9 Stephex, b\u00e9n\u00e9ficiez d'avantages et restez connect\u00e9 via l'application","has_model":false,"model_id":null}]}]},{"heading":"Fin du contrat","accordion_value":[{"acf_fc_layout":"grid_section","intro_text":"Lorsque votre contrat de location avec STX Finance arrive \u00e0 son terme, vous avez le choix entre plusieurs options pratiques :","grid_row":[{"heading":"Rachat de votre v\u00e9hicule","icon_image":2272,"description":"Si vous souhaitez conserver votre v\u00e9hicule lou\u00e9, vous pouvez choisir de le racheter \u00e0 la fin de la p\u00e9riode de location.  ","model_link":null},{"heading":"Passer \u00e0 un nouveau mod\u00e8le","icon_image":2276,"description":"\u00c0 la fin de votre contrat de location, vous pouvez simplement rendre votre v\u00e9hicule actuel et louer un mod\u00e8le plus r\u00e9cent dot\u00e9 des derni\u00e8res caract\u00e9ristiques et technologies, ce qui vous permet de rester \u00e0 la page sans avoir \u00e0 vous engager \u00e0 \u00eatre propri\u00e9taire.","model_link":null},{"heading":"Restitution de votre v\u00e9hicule","icon_image":2280,"description":"Si vous \u00eates pr\u00eat \u00e0 mettre fin \u00e0 votre contrat de location sans acheter ou am\u00e9liorer votre v\u00e9hicule, vous pouvez le restituer \u00e0 la soci\u00e9t\u00e9 de location.  ","model_link":null},{"heading":"Guide de restitution de votre v\u00e9hicule","icon_image":2284,"description":"La proc\u00e9dure de retour ne doit pas vous inqui\u00e9ter ! Il vous suffit de suivre nos \u00e9tapes faciles pour le remettre dans son \u00e9tat id\u00e9al sans effort.   ","model_link":""}]}]}]},"cta_sections":{"section_heading":"\"Bient\u00f4t, nous vous faciliterons la vie\"","cta_button":{"title":"T\u00e9l\u00e9chargez l'application STX","url":"https:\/\/www.stxfinance.com\/fr\/download-stx-app\/","target":""}},"community_sections":{"heading":"Rejoignez la communaut\u00e9 STX Finance","description":"G\u00e9rez votre contrat de location en toute simplicit\u00e9 gr\u00e2ce \u00e0 nos services en ligne. Notre plateforme vous permet de prendre des rendez-vous d'entretien, d'acc\u00e9der \u00e0 vos factures, d'ajuster votre contrat, et plus encore, le tout \u00e0 partir d'un tableau de bord pratique. ","page_row":[{"heading":"Programme d'entretien ou de r\u00e9paration (v\u00e9hicules SX uniquement)","image_icon":2288,"page_link":{"title":"T\u00e9l\u00e9chargez l'application STX","url":"https:\/\/www.stxfinance.com\/fr\/download-stx-app\/","target":""}},{"heading":"Acc\u00e9dez \u00e0 vos factures de leasing","image_icon":2292,"page_link":{"title":"T\u00e9l\u00e9chargez l'application STX","url":"https:\/\/www.stxfinance.com\/fr\/download-stx-app\/","target":""}},{"heading":"G\u00e9rer votre contrat","image_icon":2296,"page_link":{"title":"T\u00e9l\u00e9chargez l'application STX","url":"https:\/\/www.stxfinance.com\/fr\/download-stx-app\/","target":""}}],"section_image":2300},"faqs_sections":{"heading":"FAQ","description":"Vous avez des questions ? Nous avons des r\u00e9ponses ! Vous trouverez ici des solutions rapides et faciles aux questions les plus courantes, y compris les raisons pour lesquelles la location avec nous est souvent le choix le plus judicieux en termes de flexibilit\u00e9, d'accessibilit\u00e9 financi\u00e8re et de commodit\u00e9. ","faq_list":[2394,2436,2535],"cta_link":{"title":"Tout voir","url":"https:\/\/www.stxfinance.com\/fr\/faqs\/","target":""}},"documents_modals":{"heading":"Documents requis pour la location","description":"Louer un v\u00e9hicule avec STX est facile ! Veuillez fournir les documents suivants : ","section_image":2108,"list":[{"list_text":"Preuve d'identit\u00e9 <span>(passeport ou permis de conduire)<\/span>"},{"list_text":"Coordonn\u00e9es personnelles"},{"list_text":"Informations sur l'entreprise"},{"list_text":"Dans le cas d'un leasing priv\u00e9, certains documents suppl\u00e9mentaires seront exig\u00e9s"}]},"returning_vehicle_modals":{"heading":"Guide de restitution de votre v\u00e9hicule","description":"Alors que votre contrat avec STX Finance touche \u00e0 sa fin, nous souhaitons que le processus de restitution soit le plus simple et le plus rentable possible. Pour vous aider \u00e0 \u00e9viter des frais inutiles, nous avons pr\u00e9par\u00e9 ce guide qui d\u00e9crit le processus de restitution du v\u00e9hicule et ce que l'on attend de vous, conform\u00e9ment \u00e0 notre politique.   ","cta_link":{"title":"voir les documents","url":"#","target":""}}}},"yoast_head":"<!-- This site is optimized with the Yoast SEO plugin v27.5 - https:\/\/yoast.com\/product\/yoast-seo-wordpress\/ -->\n<title>Pourquoi le leasing ? | STX Finance<\/title>\n<meta name=\"description\" content=\"D\u00e9couvrez pourquoi le leasing est la solution flexible et avantageuse pour financer votre v\u00e9hicule.\" \/>\n<meta name=\"robots\" content=\"index, follow, max-snippet:-1, max-image-preview:large, max-video-preview:-1\" \/>\n<link rel=\"canonical\" href=\"https:\/\/www.stxfinance.com\/fr\/why-leasing\/\" \/>\n<meta property=\"og:locale\" content=\"fr_FR\" \/>\n<meta property=\"og:type\" content=\"article\" \/>\n<meta property=\"og:title\" content=\"Pourquoi le leasing ? | STX Finance\" \/>\n<meta property=\"og:description\" content=\"D\u00e9couvrez pourquoi le leasing est la solution flexible et avantageuse pour financer votre v\u00e9hicule.\" \/>\n<meta property=\"og:url\" content=\"https:\/\/www.stxfinance.com\/fr\/why-leasing\/\" \/>\n<meta property=\"og:site_name\" content=\"STX Finance\" \/>\n<meta property=\"article:modified_time\" content=\"2025-06-12T12:19:25+00:00\" \/>\n<meta name=\"twitter:card\" content=\"summary_large_image\" \/>\n<meta name=\"twitter:label1\" content=\"Dur\u00e9e de lecture estim\u00e9e\" \/>\n\t<meta name=\"twitter:data1\" content=\"10 minute\" \/>\n<script type=\"application\/ld+json\" class=\"yoast-schema-graph\">{\"@context\":\"https:\\\/\\\/schema.org\",\"@graph\":[{\"@type\":\"WebPage\",\"@id\":\"https:\\\/\\\/www.stxfinance.com\\\/fr\\\/why-leasing\\\/\",\"url\":\"https:\\\/\\\/www.stxfinance.com\\\/fr\\\/why-leasing\\\/\",\"name\":\"Pourquoi le leasing ? | STX Finance\",\"isPartOf\":{\"@id\":\"https:\\\/\\\/www.stxfinance.com\\\/fr\\\/#website\"},\"datePublished\":\"2025-01-23T07:54:24+00:00\",\"dateModified\":\"2025-06-12T12:19:25+00:00\",\"description\":\"D\u00e9couvrez pourquoi le leasing est la solution flexible et avantageuse pour financer votre v\u00e9hicule.\",\"breadcrumb\":{\"@id\":\"https:\\\/\\\/www.stxfinance.com\\\/fr\\\/why-leasing\\\/#breadcrumb\"},\"inLanguage\":\"fr-FR\",\"potentialAction\":[{\"@type\":\"ReadAction\",\"target\":[\"https:\\\/\\\/www.stxfinance.com\\\/fr\\\/why-leasing\\\/\"]}]},{\"@type\":\"BreadcrumbList\",\"@id\":\"https:\\\/\\\/www.stxfinance.com\\\/fr\\\/why-leasing\\\/#breadcrumb\",\"itemListElement\":[{\"@type\":\"ListItem\",\"position\":1,\"name\":\"Home\",\"item\":\"https:\\\/\\\/www.stxfinance.com\\\/fr\\\/\"},{\"@type\":\"ListItem\",\"position\":2,\"name\":\"Pourquoi le leasing ?\"}]},{\"@type\":\"WebSite\",\"@id\":\"https:\\\/\\\/www.stxfinance.com\\\/fr\\\/#website\",\"url\":\"https:\\\/\\\/www.stxfinance.com\\\/fr\\\/\",\"name\":\"STX Finance\",\"description\":\"\",\"publisher\":{\"@id\":\"https:\\\/\\\/www.stxfinance.com\\\/fr\\\/#organization\"},\"potentialAction\":[{\"@type\":\"SearchAction\",\"target\":{\"@type\":\"EntryPoint\",\"urlTemplate\":\"https:\\\/\\\/www.stxfinance.com\\\/fr\\\/?s={search_term_string}\"},\"query-input\":{\"@type\":\"PropertyValueSpecification\",\"valueRequired\":true,\"valueName\":\"search_term_string\"}}],\"inLanguage\":\"fr-FR\"},{\"@type\":\"Organization\",\"@id\":\"https:\\\/\\\/www.stxfinance.com\\\/fr\\\/#organization\",\"name\":\"STX Finance\",\"url\":\"https:\\\/\\\/www.stxfinance.com\\\/fr\\\/\",\"logo\":{\"@type\":\"ImageObject\",\"inLanguage\":\"fr-FR\",\"@id\":\"https:\\\/\\\/www.stxfinance.com\\\/fr\\\/#\\\/schema\\\/logo\\\/image\\\/\",\"url\":\"https:\\\/\\\/www.stxfinance.com\\\/wp-content\\\/uploads\\\/2025\\\/02\\\/logo.svg\",\"contentUrl\":\"https:\\\/\\\/www.stxfinance.com\\\/wp-content\\\/uploads\\\/2025\\\/02\\\/logo.svg\",\"caption\":\"STX Finance\"},\"image\":{\"@id\":\"https:\\\/\\\/www.stxfinance.com\\\/fr\\\/#\\\/schema\\\/logo\\\/image\\\/\"}}]}<\/script>\n<!-- \/ Yoast SEO plugin. -->","yoast_head_json":{"title":"Pourquoi le leasing ? | STX Finance","description":"D\u00e9couvrez pourquoi le leasing est la solution flexible et avantageuse pour financer votre v\u00e9hicule.","robots":{"index":"index","follow":"follow","max-snippet":"max-snippet:-1","max-image-preview":"max-image-preview:large","max-video-preview":"max-video-preview:-1"},"canonical":"https:\/\/www.stxfinance.com\/fr\/why-leasing\/","og_locale":"fr_FR","og_type":"article","og_title":"Pourquoi le leasing ? | STX Finance","og_description":"D\u00e9couvrez pourquoi le leasing est la solution flexible et avantageuse pour financer votre v\u00e9hicule.","og_url":"https:\/\/www.stxfinance.com\/fr\/why-leasing\/","og_site_name":"STX Finance","article_modified_time":"2025-06-12T12:19:25+00:00","twitter_card":"summary_large_image","twitter_misc":{"Dur\u00e9e de lecture estim\u00e9e":"10 minute"},"schema":{"@context":"https:\/\/schema.org","@graph":[{"@type":"WebPage","@id":"https:\/\/www.stxfinance.com\/fr\/why-leasing\/","url":"https:\/\/www.stxfinance.com\/fr\/why-leasing\/","name":"Pourquoi le leasing ? | STX Finance","isPartOf":{"@id":"https:\/\/www.stxfinance.com\/fr\/#website"},"datePublished":"2025-01-23T07:54:24+00:00","dateModified":"2025-06-12T12:19:25+00:00","description":"D\u00e9couvrez pourquoi le leasing est la solution flexible et avantageuse pour financer votre v\u00e9hicule.","breadcrumb":{"@id":"https:\/\/www.stxfinance.com\/fr\/why-leasing\/#breadcrumb"},"inLanguage":"fr-FR","potentialAction":[{"@type":"ReadAction","target":["https:\/\/www.stxfinance.com\/fr\/why-leasing\/"]}]},{"@type":"BreadcrumbList","@id":"https:\/\/www.stxfinance.com\/fr\/why-leasing\/#breadcrumb","itemListElement":[{"@type":"ListItem","position":1,"name":"Home","item":"https:\/\/www.stxfinance.com\/fr\/"},{"@type":"ListItem","position":2,"name":"Pourquoi le leasing ?"}]},{"@type":"WebSite","@id":"https:\/\/www.stxfinance.com\/fr\/#website","url":"https:\/\/www.stxfinance.com\/fr\/","name":"STX Finance","description":"","publisher":{"@id":"https:\/\/www.stxfinance.com\/fr\/#organization"},"potentialAction":[{"@type":"SearchAction","target":{"@type":"EntryPoint","urlTemplate":"https:\/\/www.stxfinance.com\/fr\/?s={search_term_string}"},"query-input":{"@type":"PropertyValueSpecification","valueRequired":true,"valueName":"search_term_string"}}],"inLanguage":"fr-FR"},{"@type":"Organization","@id":"https:\/\/www.stxfinance.com\/fr\/#organization","name":"STX Finance","url":"https:\/\/www.stxfinance.com\/fr\/","logo":{"@type":"ImageObject","inLanguage":"fr-FR","@id":"https:\/\/www.stxfinance.com\/fr\/#\/schema\/logo\/image\/","url":"https:\/\/www.stxfinance.com\/wp-content\/uploads\/2025\/02\/logo.svg","contentUrl":"https:\/\/www.stxfinance.com\/wp-content\/uploads\/2025\/02\/logo.svg","caption":"STX Finance"},"image":{"@id":"https:\/\/www.stxfinance.com\/fr\/#\/schema\/logo\/image\/"}}]}},"_links":{"self":[{"href":"https:\/\/www.stxfinance.com\/fr\/wp-json\/wp\/v2\/pages\/2524","targetHints":{"allow":["GET"]}}],"collection":[{"href":"https:\/\/www.stxfinance.com\/fr\/wp-json\/wp\/v2\/pages"}],"about":[{"href":"https:\/\/www.stxfinance.com\/fr\/wp-json\/wp\/v2\/types\/page"}],"author":[{"embeddable":true,"href":"https:\/\/www.stxfinance.com\/fr\/wp-json\/wp\/v2\/users\/2"}],"replies":[{"embeddable":true,"href":"https:\/\/www.stxfinance.com\/fr\/wp-json\/wp\/v2\/comments?post=2524"}],"version-history":[{"count":7,"href":"https:\/\/www.stxfinance.com\/fr\/wp-json\/wp\/v2\/pages\/2524\/revisions"}],"predecessor-version":[{"id":22881,"href":"https:\/\/www.stxfinance.com\/fr\/wp-json\/wp\/v2\/pages\/2524\/revisions\/22881"}],"wp:attachment":[{"href":"https:\/\/www.stxfinance.com\/fr\/wp-json\/wp\/v2\/media?parent=2524"}],"curies":[{"name":"wp","href":"https:\/\/api.w.org\/{rel}","templated":true}]}}