{"id":2997,"date":"2025-04-08T13:01:03","date_gmt":"2025-04-08T13:01:03","guid":{"rendered":"https:\/\/www.stxfinance.com\/app-landing-page\/"},"modified":"2026-04-20T18:05:10","modified_gmt":"2026-04-20T18:05:10","slug":"app-landing-page","status":"publish","type":"page","link":"https:\/\/www.stxfinance.com\/fr\/app-landing-page\/","title":{"rendered":"Page d&rsquo;atterrissage de l&rsquo;application"},"content":{"rendered":"","protected":false},"excerpt":{"rendered":"","protected":false},"author":2,"featured_media":0,"parent":0,"menu_order":0,"comment_status":"closed","ping_status":"closed","template":"page-templates\/template-app-landing.php","meta":{"_acf_changed":false,"footnotes":""},"class_list":["post-2997","page","type-page","status-publish","hentry"],"acf":{"landing_page_setting":{"":null,"banner_sections":{"banner_heading":"Des mises \u00e0 jour passionnantes en vue !","banner_sub_heading":"Restez \u00e0 l'\u00e9coute ! L'application et le tableau de bord en ligne seront bient\u00f4t lanc\u00e9s, vous offrant une exp\u00e9rience sans faille comme jamais auparavant.   ","cta_button":{"title":"ENTRER EN CONTACT","url":"#app-inquiry","target":""},"banner_image_full":2948,"banner_image_mobile":2953},"intro_sections":{"intro_heading":"Si une action est requise de votre part, veuillez prendre un moment pour remplir ce formulaire et le soumettre pour traitement ult\u00e9rieur.  ","sub_heading":"L'application et le tableau de bord en ligne seront bient\u00f4t disponibles !  ","intro_sec_button":{"title":"SOUMETTRE UNE DEMANDE","url":"#app-inquiry","target":""}},"app_expect_sections":{"ae_heading":"Ce \u00e0 quoi vous pouvez vous attendre","content_heading":"Se connecter n'importe o\u00f9, n'importe quand","content_sub_heading":"STX Finance rend la gestion de votre contrat de location plus facile que jamais gr\u00e2ce \u00e0 notre plateforme en ligne avanc\u00e9e. Que vous ayez besoin de planifier l'entretien, d'ajuster votre contrat ou d'acc\u00e9der \u00e0 des documents importants, tout est disponible du bout des doigts. ","service_row":[{"service_heading":"Demander un service ou une r\u00e9paration","service_description":"Connectez-vous, soumettez votre demande d'entretien, et notre \u00e9quipe d'entretien ou votre concessionnaire s'occupera du reste, garantissant que votre v\u00e9hicule re\u00e7oit les soins professionnels dont il a besoin, au moment o\u00f9 vous en avez besoin.","service_image":3068},{"service_heading":"Acc\u00e9dez \u00e0 vos factures","service_description":"Connectez-vous pour consulter, t\u00e9l\u00e9charger et suivre l'ensemble de vos relev\u00e9s, y compris les factures en cours, le tout en un seul endroit - clair, pratique et accessible \u00e0 tout moment.","service_image":3058},{"service_heading":"G\u00e9rer votre contrat de leasing","service_description":"Connectez-vous pour ajouter un conducteur suppl\u00e9mentaire, revoir la dur\u00e9e de votre contrat, s\u00e9lectionner un plan de fin de location, mettre \u00e0 jour vos informations personnelles et consulter tous les d\u00e9tails du contrat, le tout en un seul endroit, avec une flexibilit\u00e9 totale pour r\u00e9pondre \u00e0 vos besoins.","service_image":3063},{"service_heading":"Section relative \u00e0 la d\u00e9claration de dommages","service_description":"Connectez-vous pour soumettre des d\u00e9tails et des photos, afin de garantir un processus de r\u00e9clamation efficace et sans heurts. Restez inform\u00e9 et gardez votre v\u00e9hicule en parfait \u00e9tat en quelques clics. ","service_image":3053}]},"app_info_sections":{"app_heading":"M\u00eames outils, m\u00eame exp\u00e9rience, mais sur un \u00e9cran plus grand","description":"Nous avons con\u00e7u le tableau de bord de STX Finance pour vous permettre d'acc\u00e9der en temps r\u00e9el \u00e0 toutes vos donn\u00e9es de location, afin que vous restiez inform\u00e9 et ma\u00eetre de la situation. Surveillez vos paiements, passez en revue les prochaines \u00e9tapes de votre contrat de location et acc\u00e9dez \u00e0 l'assistance \u00e0 la client\u00e8le, le tout \u00e0 partir d'une seule et m\u00eame plateforme. ","section_image":2986,"app_benefit_row":[{"benefit_name":"Tableau de bord d\u00e9taill\u00e9","benefit_desc":"Contr\u00f4lez toutes vos activit\u00e9s financi\u00e8res en un seul endroit."},{"benefit_name":"Suivi des paiements","benefit_desc":"G\u00e9rer les paiements en ligne en toute s\u00e9curit\u00e9."},{"benefit_name":"Soutien \u00e0 la client\u00e8le","benefit_desc":"Acc\u00e9dez \u00e0 un soutien et \u00e0 des ressources pour tous vos besoins financiers."}],"cta_button":{"title":"SOUMETTRE UNE DEMANDE","url":"#app-inquiry","target":""}},"form_sections":{"form_heading":"Nous contacter","form_shortcode":"[contact-form-7 id=\"a086c58\" title=\"Prendre contact\"]"},"contact_section":{"contacts":[{"heading":"Appelez-nous","icon":2180,"sub_text":"Contactez notre service client\u00e8le \u00e0 l'adresse suivante","contact_link":{"title":"+32 2 319 52 52","url":"tel:+3223195252","target":""}},{"heading":"Envoyez-nous un courriel","icon":2184,"sub_text":"Envoyer les d\u00e9tails \u00e0","contact_link":{"title":"info@stxfinance.com","url":"mailto:info@stxfinance.com","target":""}},{"heading":"Adresse","icon":2188,"sub_text":"Lovegemstraat 8, 1861 Meise, Belgique","contact_link":null},{"heading":"Heures d'ouverture","icon":2192,"sub_text":"Du lundi au vendredi : de 8h30 \u00e0 17h","contact_link":null}],"section_image":2196}},"faqs_sections":{"heading":"","description":"","faq_list":null,"cta_link":null}},"yoast_head":"<!-- This site is optimized with the Yoast SEO plugin v27.5 - https:\/\/yoast.com\/product\/yoast-seo-wordpress\/ -->\n<title>Page d&#039;atterrissage de l&#039;application | STX Finance<\/title>\n<meta name=\"description\" content=\"Restez \u00e0 l&#039;\u00e9coute ! L&#039;application et le tableau de bord en ligne seront bient\u00f4t lanc\u00e9s, vous offrant une exp\u00e9rience sans faille comme jamais auparavant.\" \/>\n<meta name=\"robots\" content=\"noindex, follow\" \/>\n<meta property=\"og:locale\" content=\"fr_FR\" \/>\n<meta property=\"og:type\" content=\"article\" \/>\n<meta property=\"og:title\" content=\"Page d&#039;atterrissage de l&#039;application | STX Finance\" \/>\n<meta property=\"og:description\" content=\"Restez \u00e0 l&#039;\u00e9coute ! L&#039;application et le tableau de bord en ligne seront bient\u00f4t lanc\u00e9s, vous offrant une exp\u00e9rience sans faille comme jamais auparavant.\" \/>\n<meta property=\"og:url\" content=\"https:\/\/www.stxfinance.com\/fr\/app-landing-page\/\" \/>\n<meta property=\"og:site_name\" content=\"STX Finance\" \/>\n<meta property=\"article:modified_time\" content=\"2026-04-20T18:05:10+00:00\" \/>\n<meta name=\"twitter:card\" content=\"summary_large_image\" \/>\n<meta name=\"twitter:label1\" content=\"Dur\u00e9e de lecture estim\u00e9e\" \/>\n\t<meta name=\"twitter:data1\" content=\"5 minute\" \/>\n<script type=\"application\/ld+json\" class=\"yoast-schema-graph\">{\"@context\":\"https:\\\/\\\/schema.org\",\"@graph\":[{\"@type\":\"WebPage\",\"@id\":\"https:\\\/\\\/www.stxfinance.com\\\/fr\\\/app-landing-page\\\/\",\"url\":\"https:\\\/\\\/www.stxfinance.com\\\/fr\\\/app-landing-page\\\/\",\"name\":\"Page d'atterrissage de l'application | STX Finance\",\"isPartOf\":{\"@id\":\"https:\\\/\\\/www.stxfinance.com\\\/fr\\\/#website\"},\"datePublished\":\"2025-04-08T13:01:03+00:00\",\"dateModified\":\"2026-04-20T18:05:10+00:00\",\"description\":\"Restez \u00e0 l'\u00e9coute ! L'application et le tableau de bord en ligne seront bient\u00f4t lanc\u00e9s, vous offrant une exp\u00e9rience sans faille comme jamais auparavant.\",\"breadcrumb\":{\"@id\":\"https:\\\/\\\/www.stxfinance.com\\\/fr\\\/app-landing-page\\\/#breadcrumb\"},\"inLanguage\":\"fr-FR\",\"potentialAction\":[{\"@type\":\"ReadAction\",\"target\":[\"https:\\\/\\\/www.stxfinance.com\\\/fr\\\/app-landing-page\\\/\"]}]},{\"@type\":\"BreadcrumbList\",\"@id\":\"https:\\\/\\\/www.stxfinance.com\\\/fr\\\/app-landing-page\\\/#breadcrumb\",\"itemListElement\":[{\"@type\":\"ListItem\",\"position\":1,\"name\":\"Home\",\"item\":\"https:\\\/\\\/www.stxfinance.com\\\/fr\\\/\"},{\"@type\":\"ListItem\",\"position\":2,\"name\":\"Page d&rsquo;atterrissage de l&rsquo;application\"}]},{\"@type\":\"WebSite\",\"@id\":\"https:\\\/\\\/www.stxfinance.com\\\/fr\\\/#website\",\"url\":\"https:\\\/\\\/www.stxfinance.com\\\/fr\\\/\",\"name\":\"STX Finance\",\"description\":\"\",\"publisher\":{\"@id\":\"https:\\\/\\\/www.stxfinance.com\\\/fr\\\/#organization\"},\"potentialAction\":[{\"@type\":\"SearchAction\",\"target\":{\"@type\":\"EntryPoint\",\"urlTemplate\":\"https:\\\/\\\/www.stxfinance.com\\\/fr\\\/?s={search_term_string}\"},\"query-input\":{\"@type\":\"PropertyValueSpecification\",\"valueRequired\":true,\"valueName\":\"search_term_string\"}}],\"inLanguage\":\"fr-FR\"},{\"@type\":\"Organization\",\"@id\":\"https:\\\/\\\/www.stxfinance.com\\\/fr\\\/#organization\",\"name\":\"STX Finance\",\"url\":\"https:\\\/\\\/www.stxfinance.com\\\/fr\\\/\",\"logo\":{\"@type\":\"ImageObject\",\"inLanguage\":\"fr-FR\",\"@id\":\"https:\\\/\\\/www.stxfinance.com\\\/fr\\\/#\\\/schema\\\/logo\\\/image\\\/\",\"url\":\"https:\\\/\\\/www.stxfinance.com\\\/wp-content\\\/uploads\\\/2025\\\/02\\\/logo.svg\",\"contentUrl\":\"https:\\\/\\\/www.stxfinance.com\\\/wp-content\\\/uploads\\\/2025\\\/02\\\/logo.svg\",\"caption\":\"STX Finance\"},\"image\":{\"@id\":\"https:\\\/\\\/www.stxfinance.com\\\/fr\\\/#\\\/schema\\\/logo\\\/image\\\/\"}}]}<\/script>\n<!-- \/ Yoast SEO plugin. -->","yoast_head_json":{"title":"Page d'atterrissage de l'application | STX Finance","description":"Restez \u00e0 l'\u00e9coute ! L'application et le tableau de bord en ligne seront bient\u00f4t lanc\u00e9s, vous offrant une exp\u00e9rience sans faille comme jamais auparavant.","robots":{"index":"noindex","follow":"follow"},"og_locale":"fr_FR","og_type":"article","og_title":"Page d'atterrissage de l'application | STX Finance","og_description":"Restez \u00e0 l'\u00e9coute ! L'application et le tableau de bord en ligne seront bient\u00f4t lanc\u00e9s, vous offrant une exp\u00e9rience sans faille comme jamais auparavant.","og_url":"https:\/\/www.stxfinance.com\/fr\/app-landing-page\/","og_site_name":"STX Finance","article_modified_time":"2026-04-20T18:05:10+00:00","twitter_card":"summary_large_image","twitter_misc":{"Dur\u00e9e de lecture estim\u00e9e":"5 minute"},"schema":{"@context":"https:\/\/schema.org","@graph":[{"@type":"WebPage","@id":"https:\/\/www.stxfinance.com\/fr\/app-landing-page\/","url":"https:\/\/www.stxfinance.com\/fr\/app-landing-page\/","name":"Page d'atterrissage de l'application | STX Finance","isPartOf":{"@id":"https:\/\/www.stxfinance.com\/fr\/#website"},"datePublished":"2025-04-08T13:01:03+00:00","dateModified":"2026-04-20T18:05:10+00:00","description":"Restez \u00e0 l'\u00e9coute ! L'application et le tableau de bord en ligne seront bient\u00f4t lanc\u00e9s, vous offrant une exp\u00e9rience sans faille comme jamais auparavant.","breadcrumb":{"@id":"https:\/\/www.stxfinance.com\/fr\/app-landing-page\/#breadcrumb"},"inLanguage":"fr-FR","potentialAction":[{"@type":"ReadAction","target":["https:\/\/www.stxfinance.com\/fr\/app-landing-page\/"]}]},{"@type":"BreadcrumbList","@id":"https:\/\/www.stxfinance.com\/fr\/app-landing-page\/#breadcrumb","itemListElement":[{"@type":"ListItem","position":1,"name":"Home","item":"https:\/\/www.stxfinance.com\/fr\/"},{"@type":"ListItem","position":2,"name":"Page d&rsquo;atterrissage de l&rsquo;application"}]},{"@type":"WebSite","@id":"https:\/\/www.stxfinance.com\/fr\/#website","url":"https:\/\/www.stxfinance.com\/fr\/","name":"STX Finance","description":"","publisher":{"@id":"https:\/\/www.stxfinance.com\/fr\/#organization"},"potentialAction":[{"@type":"SearchAction","target":{"@type":"EntryPoint","urlTemplate":"https:\/\/www.stxfinance.com\/fr\/?s={search_term_string}"},"query-input":{"@type":"PropertyValueSpecification","valueRequired":true,"valueName":"search_term_string"}}],"inLanguage":"fr-FR"},{"@type":"Organization","@id":"https:\/\/www.stxfinance.com\/fr\/#organization","name":"STX Finance","url":"https:\/\/www.stxfinance.com\/fr\/","logo":{"@type":"ImageObject","inLanguage":"fr-FR","@id":"https:\/\/www.stxfinance.com\/fr\/#\/schema\/logo\/image\/","url":"https:\/\/www.stxfinance.com\/wp-content\/uploads\/2025\/02\/logo.svg","contentUrl":"https:\/\/www.stxfinance.com\/wp-content\/uploads\/2025\/02\/logo.svg","caption":"STX Finance"},"image":{"@id":"https:\/\/www.stxfinance.com\/fr\/#\/schema\/logo\/image\/"}}]}},"_links":{"self":[{"href":"https:\/\/www.stxfinance.com\/fr\/wp-json\/wp\/v2\/pages\/2997","targetHints":{"allow":["GET"]}}],"collection":[{"href":"https:\/\/www.stxfinance.com\/fr\/wp-json\/wp\/v2\/pages"}],"about":[{"href":"https:\/\/www.stxfinance.com\/fr\/wp-json\/wp\/v2\/types\/page"}],"author":[{"embeddable":true,"href":"https:\/\/www.stxfinance.com\/fr\/wp-json\/wp\/v2\/users\/2"}],"replies":[{"embeddable":true,"href":"https:\/\/www.stxfinance.com\/fr\/wp-json\/wp\/v2\/comments?post=2997"}],"version-history":[{"count":5,"href":"https:\/\/www.stxfinance.com\/fr\/wp-json\/wp\/v2\/pages\/2997\/revisions"}],"predecessor-version":[{"id":42609,"href":"https:\/\/www.stxfinance.com\/fr\/wp-json\/wp\/v2\/pages\/2997\/revisions\/42609"}],"wp:attachment":[{"href":"https:\/\/www.stxfinance.com\/fr\/wp-json\/wp\/v2\/media?parent=2997"}],"curies":[{"name":"wp","href":"https:\/\/api.w.org\/{rel}","templated":true}]}}