{"id":2440,"date":"2025-01-29T09:20:49","date_gmt":"2025-01-29T09:20:49","guid":{"rendered":"https:\/\/www.stxfinance.com\/about-us\/"},"modified":"2025-06-13T18:56:37","modified_gmt":"2025-06-13T18:56:37","slug":"about-us","status":"publish","type":"page","link":"https:\/\/www.stxfinance.com\/it\/about-us\/","title":{"rendered":"Chi siamo"},"content":{"rendered":"","protected":false},"excerpt":{"rendered":"","protected":false},"author":2,"featured_media":0,"parent":0,"menu_order":0,"comment_status":"closed","ping_status":"closed","template":"page-templates\/template-about.php","meta":{"_acf_changed":false,"footnotes":""},"class_list":["post-2440","page","type-page","status-publish","hentry"],"acf":{"about_page_setting":{"":null,"banner_slider_sections":{"banner_slider":[{"banner_image":1846,"heading":"Scopri la differenza di Stephex","banner_info":[{"number":"35+","text":"Anni di esperienza"},{"number":"3,500+  ","text":"Veicoli Flotta  "},{"number":"500+","text":"Dipendenti"}]}]},"about_stx_sections":{"about_heading":"Informazioni su STX Finance","about_description":"Stephex Group si \u00e8 affermato come un nome leader nel mondo equestre, guidato da una profonda passione per l'artigianato e da un incrollabile impegno verso l'eccellenza.\r\n\r\nSTX Finance \u00e8 cresciuta significativamente dalla sua nascita e ora serve <strong>un'ampia base di clienti internazionali.<\/strong> Questa solida presenza globale \u00e8 ulteriormente supportata dalla nostra rete all'avanguardia e dalla nostra applicazione mobile, che ci consentono di rimanere in stretto contatto con i nostri clienti <strong>in tutto il mondo.<\/strong>\r\n\r\nCon diverse filiali strategicamente posizionate in tutta Europa, tra cui Italia, Francia e Spagna, <strong>STX Finance continua a espandere le sue attivit\u00e0 a livello globale<\/strong>, a dimostrazione del nostro impegno per la crescita globale e l\u2019innovazione nel settore finanziario.\r\n\r\nLa nostra competenza non si limita al finanziamento per l'equitazione. STX Finance offre anche soluzioni di leasing per veicoli di lusso, yacht e camper, garantendoci di soddisfare una clientela diversificata. Grazie al supporto di un team altamente qualificato, STX Finance si impegna costantemente a offrire opzioni di finanziamento personalizzate che soddisfino le esigenze in continua evoluzione dei nostri clienti in tutto il mondo.","image":1850},"leadership_sections":{"leadership_heading":"Leadership con un'eredit\u00e0","leadership_sub_heading":"Sotto la guida di Stephan Conter, CEO di Stephex Group, <strong>STX Finance \u00e8 stata lanciata nel 2011<\/strong> come braccio di leasing del gruppo, dedicato a fornire soluzioni finanziarie su misura. Stephan Conter ha fondato STX Finance e, da visionario, ora assume un ruolo pi\u00f9 defilato, affidando la guida a <strong>Zo\u00e9 Conter, che<\/strong> \u00e8 pronta a guidare la societ\u00e0 come amministratore delegato, apportando nuove prospettive per <strong>continuare la sua eredit\u00e0 di eccellenza.<\/strong> ","image_1":1854,"image_2":1858},"leasing_sections":{"leasing_row":[{"leasing_title":"Leadership con innovazione ed eccellenza","leasing_description":"\"Trasformiamo il tuo modo di noleggiare, unendo innovazione e semplicit\u00e0 per creare esperienze straordinarie e personalizzate che ti spingono avanti.\"","leasing_image":1862},{"leasing_title":"Guidare il futuro del leasing di lusso","leasing_description":"\"Ridefinire il leasing di veicoli con fiducia, efficienza e competenza, creando un valore duraturo per i nostri clienti e per il settore. Noi di STX Finance immaginiamo un futuro in cui il leasing sia tanto semplice quanto affidabile, e che permetta di affrontare ogni viaggio con tranquillit\u00e0 e soluzioni all'avanguardia.\"  ","leasing_image":1866}]},"video_sections":{"video_mp4":1898,"poster_image":1874,"video_text":"\"Guida con stile, noleggia con sicurezza\"","author":"~ Zo\u00e9 Conter"},"review_sections":{"review_heading":"Dai nostri clienti","reviews":[{"review_image":1993,"review_text":"Ho piena fiducia in STX Finance. La loro vasta competenza e conoscenza del settore contribuiscono in modo significativo alle nostre decisioni finanziarie. ","review_by":"Jessica - Responsabile del team di gara"},{"review_image":1997,"review_text":"La partnership con STX Finance si \u00e8 rivelata un vantaggio strategico. Le loro rapide approvazioni e il supporto dedicato hanno migliorato significativamente i nostri servizi di trasporto. ","review_by":"Tom \u2013 Trasportatore di cavalli"},{"review_image":1989,"review_text":"Grazie alla dashboard online e all'app, gestire tutto \u00e8 semplicissimo.","review_by":"Rachele - Cavaliere"},{"review_image":1985,"review_text":"STX Finance \u00e8 stata una salvezza quando il nostro camion si \u00e8 rotto. Il loro servizio di sostituzione ci ha aiutato a rimetterci in carreggiata rapidamente. ","review_by":"David \u2013 Groom Interanzionale"},{"review_image":2001,"review_text":"L'app offre eccellenti capacit\u00e0 di visibilit\u00e0 e gestione per il nostro camper e il nostro veicolo privato.","review_by":"Brian \u2013 Amante dei camper"}]},"contact_sections":{"heading":"Siamo qui per supportarti","sub_heding":"Voi scegliete la destinazione e noi vi sosteniamo in ogni fase del percorso. Il nostro team dedicato \u00e8 qui per garantire che la vostra esperienza sia perfetta.   ","cta_button":{"title":"Contattaci","url":"https:\/\/www.stxfinance.com\/it\/contact-us\/","target":""}}},"faqs_sections":{"heading":"","description":"","faq_list":null,"cta_link":null}},"yoast_head":"<!-- This site is optimized with the Yoast SEO plugin v27.5 - https:\/\/yoast.com\/product\/yoast-seo-wordpress\/ -->\n<title>Chi siamo<\/title>\n<meta name=\"description\" content=\"Esperti nel finanziamento di veicoli di lusso, offriamo soluzioni personalizzate.\" \/>\n<meta name=\"robots\" content=\"index, follow, max-snippet:-1, max-image-preview:large, max-video-preview:-1\" \/>\n<link rel=\"canonical\" href=\"https:\/\/www.stxfinance.com\/it\/about-us\/\" \/>\n<meta property=\"og:locale\" content=\"it_IT\" \/>\n<meta property=\"og:type\" content=\"article\" \/>\n<meta property=\"og:title\" content=\"Chi siamo\" \/>\n<meta property=\"og:description\" content=\"Esperti nel finanziamento di veicoli di lusso, offriamo soluzioni personalizzate.\" \/>\n<meta property=\"og:url\" content=\"https:\/\/www.stxfinance.com\/it\/about-us\/\" \/>\n<meta property=\"og:site_name\" content=\"STX Finance\" \/>\n<meta property=\"article:modified_time\" content=\"2025-06-13T18:56:37+00:00\" \/>\n<meta name=\"twitter:card\" content=\"summary_large_image\" \/>\n<meta name=\"twitter:label1\" content=\"Tempo di lettura stimato\" \/>\n\t<meta name=\"twitter:data1\" content=\"5 minuti\" \/>\n<script type=\"application\/ld+json\" class=\"yoast-schema-graph\">{\"@context\":\"https:\\\/\\\/schema.org\",\"@graph\":[{\"@type\":\"WebPage\",\"@id\":\"https:\\\/\\\/www.stxfinance.com\\\/it\\\/about-us\\\/\",\"url\":\"https:\\\/\\\/www.stxfinance.com\\\/it\\\/about-us\\\/\",\"name\":\"Chi siamo\",\"isPartOf\":{\"@id\":\"https:\\\/\\\/www.stxfinance.com\\\/it\\\/#website\"},\"datePublished\":\"2025-01-29T09:20:49+00:00\",\"dateModified\":\"2025-06-13T18:56:37+00:00\",\"description\":\"Esperti nel finanziamento di veicoli di lusso, offriamo soluzioni personalizzate.\",\"breadcrumb\":{\"@id\":\"https:\\\/\\\/www.stxfinance.com\\\/it\\\/about-us\\\/#breadcrumb\"},\"inLanguage\":\"it-IT\",\"potentialAction\":[{\"@type\":\"ReadAction\",\"target\":[\"https:\\\/\\\/www.stxfinance.com\\\/it\\\/about-us\\\/\"]}]},{\"@type\":\"BreadcrumbList\",\"@id\":\"https:\\\/\\\/www.stxfinance.com\\\/it\\\/about-us\\\/#breadcrumb\",\"itemListElement\":[{\"@type\":\"ListItem\",\"position\":1,\"name\":\"Home\",\"item\":\"https:\\\/\\\/www.stxfinance.com\\\/it\\\/\"},{\"@type\":\"ListItem\",\"position\":2,\"name\":\"Chi siamo\"}]},{\"@type\":\"WebSite\",\"@id\":\"https:\\\/\\\/www.stxfinance.com\\\/it\\\/#website\",\"url\":\"https:\\\/\\\/www.stxfinance.com\\\/it\\\/\",\"name\":\"STX Finance\",\"description\":\"\",\"publisher\":{\"@id\":\"https:\\\/\\\/www.stxfinance.com\\\/it\\\/#organization\"},\"potentialAction\":[{\"@type\":\"SearchAction\",\"target\":{\"@type\":\"EntryPoint\",\"urlTemplate\":\"https:\\\/\\\/www.stxfinance.com\\\/it\\\/?s={search_term_string}\"},\"query-input\":{\"@type\":\"PropertyValueSpecification\",\"valueRequired\":true,\"valueName\":\"search_term_string\"}}],\"inLanguage\":\"it-IT\"},{\"@type\":\"Organization\",\"@id\":\"https:\\\/\\\/www.stxfinance.com\\\/it\\\/#organization\",\"name\":\"STX Finanza\",\"url\":\"https:\\\/\\\/www.stxfinance.com\\\/it\\\/\",\"logo\":{\"@type\":\"ImageObject\",\"inLanguage\":\"it-IT\",\"@id\":\"https:\\\/\\\/www.stxfinance.com\\\/it\\\/#\\\/schema\\\/logo\\\/image\\\/\",\"url\":\"https:\\\/\\\/www.stxfinance.com\\\/wp-content\\\/uploads\\\/2025\\\/02\\\/logo.svg\",\"contentUrl\":\"https:\\\/\\\/www.stxfinance.com\\\/wp-content\\\/uploads\\\/2025\\\/02\\\/logo.svg\",\"caption\":\"STX Finanza\"},\"image\":{\"@id\":\"https:\\\/\\\/www.stxfinance.com\\\/it\\\/#\\\/schema\\\/logo\\\/image\\\/\"}}]}<\/script>\n<!-- \/ Yoast SEO plugin. -->","yoast_head_json":{"title":"Chi siamo","description":"Esperti nel finanziamento di veicoli di lusso, offriamo soluzioni personalizzate.","robots":{"index":"index","follow":"follow","max-snippet":"max-snippet:-1","max-image-preview":"max-image-preview:large","max-video-preview":"max-video-preview:-1"},"canonical":"https:\/\/www.stxfinance.com\/it\/about-us\/","og_locale":"it_IT","og_type":"article","og_title":"Chi siamo","og_description":"Esperti nel finanziamento di veicoli di lusso, offriamo soluzioni personalizzate.","og_url":"https:\/\/www.stxfinance.com\/it\/about-us\/","og_site_name":"STX Finance","article_modified_time":"2025-06-13T18:56:37+00:00","twitter_card":"summary_large_image","twitter_misc":{"Tempo di lettura stimato":"5 minuti"},"schema":{"@context":"https:\/\/schema.org","@graph":[{"@type":"WebPage","@id":"https:\/\/www.stxfinance.com\/it\/about-us\/","url":"https:\/\/www.stxfinance.com\/it\/about-us\/","name":"Chi siamo","isPartOf":{"@id":"https:\/\/www.stxfinance.com\/it\/#website"},"datePublished":"2025-01-29T09:20:49+00:00","dateModified":"2025-06-13T18:56:37+00:00","description":"Esperti nel finanziamento di veicoli di lusso, offriamo soluzioni personalizzate.","breadcrumb":{"@id":"https:\/\/www.stxfinance.com\/it\/about-us\/#breadcrumb"},"inLanguage":"it-IT","potentialAction":[{"@type":"ReadAction","target":["https:\/\/www.stxfinance.com\/it\/about-us\/"]}]},{"@type":"BreadcrumbList","@id":"https:\/\/www.stxfinance.com\/it\/about-us\/#breadcrumb","itemListElement":[{"@type":"ListItem","position":1,"name":"Home","item":"https:\/\/www.stxfinance.com\/it\/"},{"@type":"ListItem","position":2,"name":"Chi siamo"}]},{"@type":"WebSite","@id":"https:\/\/www.stxfinance.com\/it\/#website","url":"https:\/\/www.stxfinance.com\/it\/","name":"STX Finance","description":"","publisher":{"@id":"https:\/\/www.stxfinance.com\/it\/#organization"},"potentialAction":[{"@type":"SearchAction","target":{"@type":"EntryPoint","urlTemplate":"https:\/\/www.stxfinance.com\/it\/?s={search_term_string}"},"query-input":{"@type":"PropertyValueSpecification","valueRequired":true,"valueName":"search_term_string"}}],"inLanguage":"it-IT"},{"@type":"Organization","@id":"https:\/\/www.stxfinance.com\/it\/#organization","name":"STX Finanza","url":"https:\/\/www.stxfinance.com\/it\/","logo":{"@type":"ImageObject","inLanguage":"it-IT","@id":"https:\/\/www.stxfinance.com\/it\/#\/schema\/logo\/image\/","url":"https:\/\/www.stxfinance.com\/wp-content\/uploads\/2025\/02\/logo.svg","contentUrl":"https:\/\/www.stxfinance.com\/wp-content\/uploads\/2025\/02\/logo.svg","caption":"STX Finanza"},"image":{"@id":"https:\/\/www.stxfinance.com\/it\/#\/schema\/logo\/image\/"}}]}},"_links":{"self":[{"href":"https:\/\/www.stxfinance.com\/it\/wp-json\/wp\/v2\/pages\/2440","targetHints":{"allow":["GET"]}}],"collection":[{"href":"https:\/\/www.stxfinance.com\/it\/wp-json\/wp\/v2\/pages"}],"about":[{"href":"https:\/\/www.stxfinance.com\/it\/wp-json\/wp\/v2\/types\/page"}],"author":[{"embeddable":true,"href":"https:\/\/www.stxfinance.com\/it\/wp-json\/wp\/v2\/users\/2"}],"replies":[{"embeddable":true,"href":"https:\/\/www.stxfinance.com\/it\/wp-json\/wp\/v2\/comments?post=2440"}],"version-history":[{"count":8,"href":"https:\/\/www.stxfinance.com\/it\/wp-json\/wp\/v2\/pages\/2440\/revisions"}],"predecessor-version":[{"id":25548,"href":"https:\/\/www.stxfinance.com\/it\/wp-json\/wp\/v2\/pages\/2440\/revisions\/25548"}],"wp:attachment":[{"href":"https:\/\/www.stxfinance.com\/it\/wp-json\/wp\/v2\/media?parent=2440"}],"curies":[{"name":"wp","href":"https:\/\/api.w.org\/{rel}","templated":true}]}}