{"id":2447,"date":"2025-01-27T11:06:03","date_gmt":"2025-01-27T11:06:03","guid":{"rendered":"https:\/\/www.stxfinance.com\/branch-detail-horsetrucks\/"},"modified":"2026-02-17T10:55:51","modified_gmt":"2026-02-17T10:55:51","slug":"branch-detail-horsetrucks","status":"publish","type":"page","link":"https:\/\/www.stxfinance.com\/it\/branch-detail-horsetrucks\/","title":{"rendered":"Dettaglio filiale Horsetrucks"},"content":{"rendered":"","protected":false},"excerpt":{"rendered":"","protected":false},"author":2,"featured_media":0,"parent":0,"menu_order":0,"comment_status":"closed","ping_status":"closed","template":"page-templates\/template-branch-detail.php","meta":{"_acf_changed":false,"footnotes":""},"class_list":["post-2447","page","type-page","status-publish","hentry"],"acf":{"branch_page_settings":{"":null,"banner_sections":{"banner_heading":"Esplora i nostri camion per il trasporto di cavalli","banner_description":"Stephex Horse Trucks \u00e8 leader del settore, nota per la produzione di veicoli equestri di alta qualit\u00e0 in tutta Europa e oltre. Con oltre 35 anni di esperienza, l'azienda si \u00e8 affermata come una potenza internazionale nel mondo del trasporto cavalli. La sua gamma comprende tre marchi distinti: STX, AKX e Ketterer, ognuno dei quali offre caratteristiche uniche pensate per soddisfare le esigenze sia dei professionisti che degli appassionati di equitazione.  \r\n","banner_image":2097},"talk_us_sections":{"tu_heading":"Parla con noi ora","contact_form":"[contact-form-7 id=\"1a0384c\" title=\"Modulo \"Parla con noi\"\"]","bg_image":2101},"about_leasing_sections":{"leasing_heading":"L'eccellenza artigianale incontra un servizio clienti senza pari","leasing_description":"La produzione avviene in Ungheria, con un team di oltre 500 professionisti dedicati. Ogni veicolo \u00e8 realizzato a mano, garantendo che ogni Stephex Horse Truck soddisfi i pi\u00f9 elevati standard di qualit\u00e0 e funzionalit\u00e0. Un rigoroso controllo qualit\u00e0 garantisce che i nostri veicoli offrano durata, stabilit\u00e0 e sicurezza, caratteristiche essenziali per il trasporto sicuro dei cavalli.  \r\n\r\nLa produzione avviene in Ungheria, con un team di oltre 500 professionisti dedicati. Ogni veicolo \u00e8 realizzato a mano, garantendo che ogni Stephex Horse Truck soddisfi i pi\u00f9 elevati standard di qualit\u00e0 e funzionalit\u00e0. Un rigoroso controllo qualit\u00e0 garantisce che i nostri veicoli offrano durata, stabilit\u00e0 e sicurezza, caratteristiche essenziali per il trasporto sicuro dei cavalli.  \r\n","page_link":{"title":"Contattaci","url":"https:\/\/www.stxfinance.com\/it\/contact-us\/","target":""}},"accordion_sections":{"accordion_row":[{"heading":"Informazioni sul pagamento iniziale","accordion_content":"L'acconto per il leasing con STX Finance offre flessibilit\u00e0 e convenienza, rendendolo un'opzione interessante rispetto all'acquisto. Il pagamento iniziale parte da un minimo del 30% dell'investimento totale, ma pu\u00f2 essere maggiore in base alle preferenze o alle esigenze specifiche. ","has_model":false,"mode_id":null},{"heading":"Valore residuo","accordion_content":"Il valore residuo di un contratto di leasing con STX Finance \u00e8 una percentuale fissa, fissata al 16% dell'investimento totale. Questo valore viene utilizzato per calcolare le condizioni del leasing e non riflette il valore di mercato del veicolo alla fine del periodo di leasing. Il nostro processo trasparente garantisce chiarezza e sicurezza durante tutto il percorso di leasing.  ","has_model":false,"mode_id":null},{"heading":"Simulazioni rapide di leasing","accordion_content":"Ottieni informazioni personalizzate su costi e condizioni in linea con i tuoi obiettivi, aiutandoti a esplorare soluzioni di leasing flessibili con chiarezza e sicurezza.","has_model":false,"mode_id":null},{"heading":"Documenti necessari","accordion_content":"Per semplificare il processo di leasing, Stephex fornisce indicazioni chiare sulla documentazione richiesta. Il nostro team si assicura che tutto sia in ordine per un'esperienza fluida fin dall'inizio. ","has_model":true,"mode_id":{"title":"visualizza i documenti","url":"http:\/\/doc-required-modal","target":""}}],"bg_image":2105},"available_vehicle_sections":{"vehicle_heading":"Esplora i nostri modelli","vehicle_description":"Esplora la nostra selezione di marchi leader, che offrono il massimo in termini di sicurezza e comfort per il trasporto dei tuoi cavalli. Scegli tra diversi modelli che soddisfano le tue esigenze, che tu abbia bisogno di un camion compatto per 3-4 cavalli o di un lussuoso veicolo pi\u00f9 grande per 5-6 cavalli. Personalizza un nuovo veicolo o scegli tra l'ampia gamma di veicoli disponibili da Stephex.  ","cta_button_1":{"title":"disponibilit\u00e0 di magazzino","url":"#","target":""},"cta_button_2":{"title":"mettersi in contatto","url":"https:\/\/www.stxfinance.com\/contact-us\/","target":""}},"office_map_sections":{"map_heading":"Trova i nostri uffici","map_description":"Trova l'ufficio STX Finance pi\u00f9 vicino a te per scoprire di persona le nostre opzioni e i nostri servizi di leasing. La nostra presenza globale garantisce un supporto sempre disponibile. "},"testimonial_sections":{"testi_heading":"Dai nostri clienti"},"customer_say_sections":{"client_heading":"Parla con noi oggi","cta_button":{"title":"Contattaci","url":"https:\/\/www.stxfinance.com\/it\/contact-us\/","target":""}},"document_required_sections":{"modal_heading":"Documenti richiesti per il leasing","sub_heading":"In genere, avrai bisogno di:","bg_image":2109,"required_list":[{"doc_name":"Modulo di analisi del credito"},{"doc_name":"Modulo di identificazione"},{"doc_name":"Modulo di dichiarazione UBO"},{"doc_name":"Per il leasing privato, saranno richiesti documenti aggiuntivi"}]}},"model_type":"horsetrucks","faqs_sections":{"heading":"","description":"","faq_list":null,"cta_link":null}},"yoast_head":"<!-- This site is optimized with the Yoast SEO plugin v27.5 - https:\/\/yoast.com\/product\/yoast-seo-wordpress\/ -->\n<title>Dettaglio filiale Horsetrucks | STX Finance<\/title>\n<meta name=\"description\" content=\"Scopri la nostra filiale Horsetrucks con soluzioni di finanziamento personalizzate.\" \/>\n<meta name=\"robots\" content=\"index, follow, max-snippet:-1, max-image-preview:large, max-video-preview:-1\" \/>\n<link rel=\"canonical\" href=\"https:\/\/www.stxfinance.com\/it\/branch-detail-horsetrucks\/\" \/>\n<meta property=\"og:locale\" content=\"it_IT\" \/>\n<meta property=\"og:type\" content=\"article\" \/>\n<meta property=\"og:title\" content=\"Dettaglio filiale Horsetrucks | STX Finance\" \/>\n<meta property=\"og:description\" content=\"Scopri la nostra filiale Horsetrucks con soluzioni di finanziamento personalizzate.\" \/>\n<meta property=\"og:url\" content=\"https:\/\/www.stxfinance.com\/it\/branch-detail-horsetrucks\/\" \/>\n<meta property=\"og:site_name\" content=\"STX Finance\" \/>\n<meta property=\"article:modified_time\" content=\"2026-02-17T10:55:51+00:00\" \/>\n<meta name=\"twitter:card\" content=\"summary_large_image\" \/>\n<meta name=\"twitter:label1\" content=\"Tempo di lettura stimato\" \/>\n\t<meta name=\"twitter:data1\" content=\"4 minuti\" \/>\n<script type=\"application\/ld+json\" class=\"yoast-schema-graph\">{\"@context\":\"https:\\\/\\\/schema.org\",\"@graph\":[{\"@type\":\"WebPage\",\"@id\":\"https:\\\/\\\/www.stxfinance.com\\\/it\\\/branch-detail-horsetrucks\\\/\",\"url\":\"https:\\\/\\\/www.stxfinance.com\\\/it\\\/branch-detail-horsetrucks\\\/\",\"name\":\"Dettaglio filiale Horsetrucks | STX Finance\",\"isPartOf\":{\"@id\":\"https:\\\/\\\/www.stxfinance.com\\\/it\\\/#website\"},\"datePublished\":\"2025-01-27T11:06:03+00:00\",\"dateModified\":\"2026-02-17T10:55:51+00:00\",\"description\":\"Scopri la nostra filiale Horsetrucks con soluzioni di finanziamento personalizzate.\",\"breadcrumb\":{\"@id\":\"https:\\\/\\\/www.stxfinance.com\\\/it\\\/branch-detail-horsetrucks\\\/#breadcrumb\"},\"inLanguage\":\"it-IT\",\"potentialAction\":[{\"@type\":\"ReadAction\",\"target\":[\"https:\\\/\\\/www.stxfinance.com\\\/it\\\/branch-detail-horsetrucks\\\/\"]}]},{\"@type\":\"BreadcrumbList\",\"@id\":\"https:\\\/\\\/www.stxfinance.com\\\/it\\\/branch-detail-horsetrucks\\\/#breadcrumb\",\"itemListElement\":[{\"@type\":\"ListItem\",\"position\":1,\"name\":\"Home\",\"item\":\"https:\\\/\\\/www.stxfinance.com\\\/it\\\/\"},{\"@type\":\"ListItem\",\"position\":2,\"name\":\"Dettaglio filiale Horsetrucks\"}]},{\"@type\":\"WebSite\",\"@id\":\"https:\\\/\\\/www.stxfinance.com\\\/it\\\/#website\",\"url\":\"https:\\\/\\\/www.stxfinance.com\\\/it\\\/\",\"name\":\"STX Finance\",\"description\":\"\",\"publisher\":{\"@id\":\"https:\\\/\\\/www.stxfinance.com\\\/it\\\/#organization\"},\"potentialAction\":[{\"@type\":\"SearchAction\",\"target\":{\"@type\":\"EntryPoint\",\"urlTemplate\":\"https:\\\/\\\/www.stxfinance.com\\\/it\\\/?s={search_term_string}\"},\"query-input\":{\"@type\":\"PropertyValueSpecification\",\"valueRequired\":true,\"valueName\":\"search_term_string\"}}],\"inLanguage\":\"it-IT\"},{\"@type\":\"Organization\",\"@id\":\"https:\\\/\\\/www.stxfinance.com\\\/it\\\/#organization\",\"name\":\"STX Finanza\",\"url\":\"https:\\\/\\\/www.stxfinance.com\\\/it\\\/\",\"logo\":{\"@type\":\"ImageObject\",\"inLanguage\":\"it-IT\",\"@id\":\"https:\\\/\\\/www.stxfinance.com\\\/it\\\/#\\\/schema\\\/logo\\\/image\\\/\",\"url\":\"https:\\\/\\\/www.stxfinance.com\\\/wp-content\\\/uploads\\\/2025\\\/02\\\/logo.svg\",\"contentUrl\":\"https:\\\/\\\/www.stxfinance.com\\\/wp-content\\\/uploads\\\/2025\\\/02\\\/logo.svg\",\"caption\":\"STX Finanza\"},\"image\":{\"@id\":\"https:\\\/\\\/www.stxfinance.com\\\/it\\\/#\\\/schema\\\/logo\\\/image\\\/\"}}]}<\/script>\n<!-- \/ Yoast SEO plugin. -->","yoast_head_json":{"title":"Dettaglio filiale Horsetrucks | STX Finance","description":"Scopri la nostra filiale Horsetrucks con soluzioni di finanziamento personalizzate.","robots":{"index":"index","follow":"follow","max-snippet":"max-snippet:-1","max-image-preview":"max-image-preview:large","max-video-preview":"max-video-preview:-1"},"canonical":"https:\/\/www.stxfinance.com\/it\/branch-detail-horsetrucks\/","og_locale":"it_IT","og_type":"article","og_title":"Dettaglio filiale Horsetrucks | STX Finance","og_description":"Scopri la nostra filiale Horsetrucks con soluzioni di finanziamento personalizzate.","og_url":"https:\/\/www.stxfinance.com\/it\/branch-detail-horsetrucks\/","og_site_name":"STX Finance","article_modified_time":"2026-02-17T10:55:51+00:00","twitter_card":"summary_large_image","twitter_misc":{"Tempo di lettura stimato":"4 minuti"},"schema":{"@context":"https:\/\/schema.org","@graph":[{"@type":"WebPage","@id":"https:\/\/www.stxfinance.com\/it\/branch-detail-horsetrucks\/","url":"https:\/\/www.stxfinance.com\/it\/branch-detail-horsetrucks\/","name":"Dettaglio filiale Horsetrucks | STX Finance","isPartOf":{"@id":"https:\/\/www.stxfinance.com\/it\/#website"},"datePublished":"2025-01-27T11:06:03+00:00","dateModified":"2026-02-17T10:55:51+00:00","description":"Scopri la nostra filiale Horsetrucks con soluzioni di finanziamento personalizzate.","breadcrumb":{"@id":"https:\/\/www.stxfinance.com\/it\/branch-detail-horsetrucks\/#breadcrumb"},"inLanguage":"it-IT","potentialAction":[{"@type":"ReadAction","target":["https:\/\/www.stxfinance.com\/it\/branch-detail-horsetrucks\/"]}]},{"@type":"BreadcrumbList","@id":"https:\/\/www.stxfinance.com\/it\/branch-detail-horsetrucks\/#breadcrumb","itemListElement":[{"@type":"ListItem","position":1,"name":"Home","item":"https:\/\/www.stxfinance.com\/it\/"},{"@type":"ListItem","position":2,"name":"Dettaglio filiale Horsetrucks"}]},{"@type":"WebSite","@id":"https:\/\/www.stxfinance.com\/it\/#website","url":"https:\/\/www.stxfinance.com\/it\/","name":"STX Finance","description":"","publisher":{"@id":"https:\/\/www.stxfinance.com\/it\/#organization"},"potentialAction":[{"@type":"SearchAction","target":{"@type":"EntryPoint","urlTemplate":"https:\/\/www.stxfinance.com\/it\/?s={search_term_string}"},"query-input":{"@type":"PropertyValueSpecification","valueRequired":true,"valueName":"search_term_string"}}],"inLanguage":"it-IT"},{"@type":"Organization","@id":"https:\/\/www.stxfinance.com\/it\/#organization","name":"STX Finanza","url":"https:\/\/www.stxfinance.com\/it\/","logo":{"@type":"ImageObject","inLanguage":"it-IT","@id":"https:\/\/www.stxfinance.com\/it\/#\/schema\/logo\/image\/","url":"https:\/\/www.stxfinance.com\/wp-content\/uploads\/2025\/02\/logo.svg","contentUrl":"https:\/\/www.stxfinance.com\/wp-content\/uploads\/2025\/02\/logo.svg","caption":"STX Finanza"},"image":{"@id":"https:\/\/www.stxfinance.com\/it\/#\/schema\/logo\/image\/"}}]}},"_links":{"self":[{"href":"https:\/\/www.stxfinance.com\/it\/wp-json\/wp\/v2\/pages\/2447","targetHints":{"allow":["GET"]}}],"collection":[{"href":"https:\/\/www.stxfinance.com\/it\/wp-json\/wp\/v2\/pages"}],"about":[{"href":"https:\/\/www.stxfinance.com\/it\/wp-json\/wp\/v2\/types\/page"}],"author":[{"embeddable":true,"href":"https:\/\/www.stxfinance.com\/it\/wp-json\/wp\/v2\/users\/2"}],"replies":[{"embeddable":true,"href":"https:\/\/www.stxfinance.com\/it\/wp-json\/wp\/v2\/comments?post=2447"}],"version-history":[{"count":9,"href":"https:\/\/www.stxfinance.com\/it\/wp-json\/wp\/v2\/pages\/2447\/revisions"}],"predecessor-version":[{"id":418763,"href":"https:\/\/www.stxfinance.com\/it\/wp-json\/wp\/v2\/pages\/2447\/revisions\/418763"}],"wp:attachment":[{"href":"https:\/\/www.stxfinance.com\/it\/wp-json\/wp\/v2\/media?parent=2447"}],"curies":[{"name":"wp","href":"https:\/\/api.w.org\/{rel}","templated":true}]}}