{"id":2451,"date":"2025-04-02T11:15:48","date_gmt":"2025-04-02T11:15:48","guid":{"rendered":"https:\/\/www.stxfinance.com\/branch-detail-horsevans\/"},"modified":"2026-02-17T11:01:13","modified_gmt":"2026-02-17T11:01:13","slug":"branch-detail-horsevans","status":"publish","type":"page","link":"https:\/\/www.stxfinance.com\/it\/branch-detail-horsevans\/","title":{"rendered":"Dettaglio filiale Horsevans"},"content":{"rendered":"","protected":false},"excerpt":{"rendered":"","protected":false},"author":2,"featured_media":0,"parent":0,"menu_order":0,"comment_status":"closed","ping_status":"closed","template":"page-templates\/template-branch-detail.php","meta":{"_acf_changed":false,"footnotes":""},"class_list":["post-2451","page","type-page","status-publish","hentry"],"acf":{"branch_page_settings":{"":null,"banner_sections":{"banner_heading":"Esplora i nostri furgoni per cavalli  ","banner_description":"I furgoni per cavalli Stephex fanno parte della linea premium di veicoli per il trasporto di cavalli del Gruppo Stephex, rinomati per la loro miscela di lusso, sicurezza e praticit\u00e0. Il Gruppo Stephex, con sede in Belgio, \u00e8 leader nel settore del trasporto cavalli di alta qualit\u00e0 da oltre 35 anni. I loro furgoni per 2 cavalli sono progettati pensando agli equestri professionisti e agli appassionati di cavalli, con particolare attenzione al comfort dei cavalli e alla praticit\u00e0 per l'autista e i groom.  ","banner_image":2097},"talk_us_sections":{"tu_heading":"Parla con noi ora","contact_form":"[contact-form-7 id=\"1a0384c\" title=\"Modulo per parlare con noi\"]","bg_image":5235},"about_leasing_sections":{"leasing_heading":"Progettato pensando ai cavalli e ai conducenti","leasing_description":"In Stephex, ogni modello \u00e8 realizzato con la massima attenzione al comfort e alla sicurezza di cavalli e conducenti. Il nostro impegno per l \u201ceccellenza si riflette in ogni dettaglio, dal pavimento antiscivolo alle pareti divisorie imbottite, fino agli avanzati sistemi di ventilazione che assicurano un flusso d\u201d aria ottimale durante tutto il viaggio. Queste caratteristiche rendono i nostri furgoni una scelta affidabile per i cavalieri e gli allenatori di tutta Europa.  \r\n\r\nI nostri furgoni per cavalli sono progettati per garantire la massima tranquillit\u00e0 durante il trasporto. Dotati di rampe di facile caricamento, divisori regolabili e di opzioni di fissaggio sicure, si adattano a cavalli di varie dimensioni ed esigenze di trasporto. Sia che stiate andando a una gara o semplicemente spostandovi da una scuderia all'altra, i furgoni per cavalli STX offrono affidabilit\u00e0 e comfort a ogni viaggio. Ora, con l'ulteriore flessibilit\u00e0 delle nostre soluzioni di finanziamento per furgoni per cavalli, potete godere dei vantaggi di un trasporto premium senza l'onere finanziario iniziale.   ","page_link":{"title":"Contattaci","url":"https:\/\/www.stxfinance.com\/it\/contact-us\/","target":""}},"accordion_sections":{"accordion_row":[{"heading":"Informazioni sul pagamento anticipato","accordion_content":"STX Finance offre pacchetti di finanziamento per furgoni per cavalli progettati con la massima flessibilit\u00e0. L'acconto richiesto parte da appena il 30% dell'investimento totale, rendendo il leasing un'alternativa conveniente all'acquisto a titolo definitivo. Acconti pi\u00f9 elevati sono sempre ben accetti e possono ridurre ulteriormente gli obblighi mensili. Questa adattabilit\u00e0 garantisce ai nostri clienti l'accesso ad attrezzature di qualit\u00e0 superiore indipendentemente dalla loro struttura finanziaria.   ","has_model":false,"mode_id":null},{"heading":"Valore residuo","accordion_content":"Un valore residuo chiaro e trasparente \u00e8 uno dei principali punti di forza dei nostri contratti di finanziamento per furgoni per cavalli. Fissato a una percentuale fissa, vi consente di pianificare le vostre finanze con fiducia e semplicit\u00e0. A differenza delle stime dipendenti dal mercato, i nostri valori residui sono definiti contrattualmente e vi offrono una base affidabile per la pianificazione della durata del leasing e la gestione del ciclo di vita del veicolo.  ","has_model":false,"mode_id":null},{"heading":"Simulazioni rapide di leasing","accordion_content":"Ottieni informazioni personalizzate su costi e condizioni in linea con i tuoi obiettivi, aiutandoti a esplorare soluzioni di leasing flessibili con chiarezza e sicurezza.","has_model":false,"mode_id":null},{"heading":"Documenti necessari","accordion_content":"Per semplificare il processo di leasing, Stephex fornisce una guida chiara sui documenti necessari. Il nostro team si assicura che tutto sia in ordine per un'esperienza senza intoppi fin dall'inizio.  In genere, avrai bisogno di:","has_model":true,"mode_id":{"title":"visualizza i documenti","url":"doc-richiesto-modale","target":""}}],"bg_image":2105},"available_vehicle_sections":{"vehicle_heading":"Esplora i nostri modelli","vehicle_description":"Sfogliate la nostra ampia selezione di furgoni per cavalli Stephex per trovare l'abbinamento perfetto per le vostre esigenze equestri. Sia che vogliate noleggiare un modello personalizzato nuovo di zecca o esplorare le opzioni di usato, le nostre soluzioni finanziarie per furgoni per cavalli sono progettate per supportare ogni cavaliere, allenatore e squadra. Tutti i nostri veicoli soddisfano rigorosi standard di sicurezza e comfort e i nostri pacchetti finanziari li rendono pi\u00f9 accessibili che mai.  ","cta_button_1":{"title":"disponibilit\u00e0 di magazzino","url":"#","target":""},"cta_button_2":{"title":"mettersi in contatto","url":"https:\/\/www.stxfinance.com\/contact-us\/","target":""}},"office_map_sections":{"map_heading":"Trova i nostri uffici","map_description":"La nostra presenza globale significa che un servizio personalizzato non \u00e8 mai lontano. Trovate l'ufficio STX Finance pi\u00f9 vicino a voi per esplorare le opzioni di finanziamento per furgoni per cavalli personalizzate per la vostra regione e la vostra azienda. Il nostro team \u00e8 pronto ad assistervi con consigli esperti, selezione del veicolo e condizioni di leasing adatte alla vostra situazione specifica.    <\/br>Scegliete STX Finance per le vostre esigenze di finanziamento dei furgoni per cavalli e scoprite la differenza di lavorare con un team che comprende sia la mobilit\u00e0 che l'eccellenza equestre. Finanziate con fiducia, cavalcate con orgoglio. "},"testimonial_sections":{"testi_heading":"Dai nostri clienti"},"customer_say_sections":{"client_heading":"Parla con noi oggi","cta_button":{"title":"Contattaci","url":"https:\/\/www.stxfinance.com\/it\/contact-us\/","target":""}},"document_required_sections":{"modal_heading":"Documenti necessari per il leasing","sub_heading":"In genere, avrai bisogno di:","bg_image":2109,"required_list":[{"doc_name":"Modulo di analisi del credito"},{"doc_name":"Modulo di identificazione"},{"doc_name":"Modulo di dichiarazione UBO"},{"doc_name":"Per il leasing privato, saranno richiesti documenti aggiuntivi"}]}},"model_type":"horse-vans","faqs_sections":{"heading":"","description":"","faq_list":null,"cta_link":null}},"yoast_head":"<!-- This site is optimized with the Yoast SEO plugin v27.5 - https:\/\/yoast.com\/product\/yoast-seo-wordpress\/ -->\n<title>Dettaglio filiale Horsevans | STX Finance<\/title>\n<meta name=\"description\" content=\"Esplora la filiale Horsevans con opzioni di finanziamento su misura per te.\" \/>\n<meta name=\"robots\" content=\"index, follow, max-snippet:-1, max-image-preview:large, max-video-preview:-1\" \/>\n<link rel=\"canonical\" href=\"https:\/\/www.stxfinance.com\/it\/branch-detail-horsevans\/\" \/>\n<meta property=\"og:locale\" content=\"it_IT\" \/>\n<meta property=\"og:type\" content=\"article\" \/>\n<meta property=\"og:title\" content=\"Dettaglio filiale Horsevans | STX Finance\" \/>\n<meta property=\"og:description\" content=\"Esplora la filiale Horsevans con opzioni di finanziamento su misura per te.\" \/>\n<meta property=\"og:url\" content=\"https:\/\/www.stxfinance.com\/it\/branch-detail-horsevans\/\" \/>\n<meta property=\"og:site_name\" content=\"STX Finance\" \/>\n<meta property=\"article:modified_time\" content=\"2026-02-17T11:01:13+00:00\" \/>\n<meta name=\"twitter:card\" content=\"summary_large_image\" \/>\n<meta name=\"twitter:label1\" content=\"Tempo di lettura stimato\" \/>\n\t<meta name=\"twitter:data1\" content=\"4 minuti\" \/>\n<script type=\"application\/ld+json\" class=\"yoast-schema-graph\">{\"@context\":\"https:\\\/\\\/schema.org\",\"@graph\":[{\"@type\":\"WebPage\",\"@id\":\"https:\\\/\\\/www.stxfinance.com\\\/it\\\/branch-detail-horsevans\\\/\",\"url\":\"https:\\\/\\\/www.stxfinance.com\\\/it\\\/branch-detail-horsevans\\\/\",\"name\":\"Dettaglio filiale Horsevans | STX Finance\",\"isPartOf\":{\"@id\":\"https:\\\/\\\/www.stxfinance.com\\\/it\\\/#website\"},\"datePublished\":\"2025-04-02T11:15:48+00:00\",\"dateModified\":\"2026-02-17T11:01:13+00:00\",\"description\":\"Esplora la filiale Horsevans con opzioni di finanziamento su misura per te.\",\"breadcrumb\":{\"@id\":\"https:\\\/\\\/www.stxfinance.com\\\/it\\\/branch-detail-horsevans\\\/#breadcrumb\"},\"inLanguage\":\"it-IT\",\"potentialAction\":[{\"@type\":\"ReadAction\",\"target\":[\"https:\\\/\\\/www.stxfinance.com\\\/it\\\/branch-detail-horsevans\\\/\"]}]},{\"@type\":\"BreadcrumbList\",\"@id\":\"https:\\\/\\\/www.stxfinance.com\\\/it\\\/branch-detail-horsevans\\\/#breadcrumb\",\"itemListElement\":[{\"@type\":\"ListItem\",\"position\":1,\"name\":\"Home\",\"item\":\"https:\\\/\\\/www.stxfinance.com\\\/it\\\/\"},{\"@type\":\"ListItem\",\"position\":2,\"name\":\"Dettaglio filiale Horsevans\"}]},{\"@type\":\"WebSite\",\"@id\":\"https:\\\/\\\/www.stxfinance.com\\\/it\\\/#website\",\"url\":\"https:\\\/\\\/www.stxfinance.com\\\/it\\\/\",\"name\":\"STX Finance\",\"description\":\"\",\"publisher\":{\"@id\":\"https:\\\/\\\/www.stxfinance.com\\\/it\\\/#organization\"},\"potentialAction\":[{\"@type\":\"SearchAction\",\"target\":{\"@type\":\"EntryPoint\",\"urlTemplate\":\"https:\\\/\\\/www.stxfinance.com\\\/it\\\/?s={search_term_string}\"},\"query-input\":{\"@type\":\"PropertyValueSpecification\",\"valueRequired\":true,\"valueName\":\"search_term_string\"}}],\"inLanguage\":\"it-IT\"},{\"@type\":\"Organization\",\"@id\":\"https:\\\/\\\/www.stxfinance.com\\\/it\\\/#organization\",\"name\":\"STX Finanza\",\"url\":\"https:\\\/\\\/www.stxfinance.com\\\/it\\\/\",\"logo\":{\"@type\":\"ImageObject\",\"inLanguage\":\"it-IT\",\"@id\":\"https:\\\/\\\/www.stxfinance.com\\\/it\\\/#\\\/schema\\\/logo\\\/image\\\/\",\"url\":\"https:\\\/\\\/www.stxfinance.com\\\/wp-content\\\/uploads\\\/2025\\\/02\\\/logo.svg\",\"contentUrl\":\"https:\\\/\\\/www.stxfinance.com\\\/wp-content\\\/uploads\\\/2025\\\/02\\\/logo.svg\",\"caption\":\"STX Finanza\"},\"image\":{\"@id\":\"https:\\\/\\\/www.stxfinance.com\\\/it\\\/#\\\/schema\\\/logo\\\/image\\\/\"}}]}<\/script>\n<!-- \/ Yoast SEO plugin. -->","yoast_head_json":{"title":"Dettaglio filiale Horsevans | STX Finance","description":"Esplora la filiale Horsevans con opzioni di finanziamento su misura per te.","robots":{"index":"index","follow":"follow","max-snippet":"max-snippet:-1","max-image-preview":"max-image-preview:large","max-video-preview":"max-video-preview:-1"},"canonical":"https:\/\/www.stxfinance.com\/it\/branch-detail-horsevans\/","og_locale":"it_IT","og_type":"article","og_title":"Dettaglio filiale Horsevans | STX Finance","og_description":"Esplora la filiale Horsevans con opzioni di finanziamento su misura per te.","og_url":"https:\/\/www.stxfinance.com\/it\/branch-detail-horsevans\/","og_site_name":"STX Finance","article_modified_time":"2026-02-17T11:01:13+00:00","twitter_card":"summary_large_image","twitter_misc":{"Tempo di lettura stimato":"4 minuti"},"schema":{"@context":"https:\/\/schema.org","@graph":[{"@type":"WebPage","@id":"https:\/\/www.stxfinance.com\/it\/branch-detail-horsevans\/","url":"https:\/\/www.stxfinance.com\/it\/branch-detail-horsevans\/","name":"Dettaglio filiale Horsevans | STX Finance","isPartOf":{"@id":"https:\/\/www.stxfinance.com\/it\/#website"},"datePublished":"2025-04-02T11:15:48+00:00","dateModified":"2026-02-17T11:01:13+00:00","description":"Esplora la filiale Horsevans con opzioni di finanziamento su misura per te.","breadcrumb":{"@id":"https:\/\/www.stxfinance.com\/it\/branch-detail-horsevans\/#breadcrumb"},"inLanguage":"it-IT","potentialAction":[{"@type":"ReadAction","target":["https:\/\/www.stxfinance.com\/it\/branch-detail-horsevans\/"]}]},{"@type":"BreadcrumbList","@id":"https:\/\/www.stxfinance.com\/it\/branch-detail-horsevans\/#breadcrumb","itemListElement":[{"@type":"ListItem","position":1,"name":"Home","item":"https:\/\/www.stxfinance.com\/it\/"},{"@type":"ListItem","position":2,"name":"Dettaglio filiale Horsevans"}]},{"@type":"WebSite","@id":"https:\/\/www.stxfinance.com\/it\/#website","url":"https:\/\/www.stxfinance.com\/it\/","name":"STX Finance","description":"","publisher":{"@id":"https:\/\/www.stxfinance.com\/it\/#organization"},"potentialAction":[{"@type":"SearchAction","target":{"@type":"EntryPoint","urlTemplate":"https:\/\/www.stxfinance.com\/it\/?s={search_term_string}"},"query-input":{"@type":"PropertyValueSpecification","valueRequired":true,"valueName":"search_term_string"}}],"inLanguage":"it-IT"},{"@type":"Organization","@id":"https:\/\/www.stxfinance.com\/it\/#organization","name":"STX Finanza","url":"https:\/\/www.stxfinance.com\/it\/","logo":{"@type":"ImageObject","inLanguage":"it-IT","@id":"https:\/\/www.stxfinance.com\/it\/#\/schema\/logo\/image\/","url":"https:\/\/www.stxfinance.com\/wp-content\/uploads\/2025\/02\/logo.svg","contentUrl":"https:\/\/www.stxfinance.com\/wp-content\/uploads\/2025\/02\/logo.svg","caption":"STX Finanza"},"image":{"@id":"https:\/\/www.stxfinance.com\/it\/#\/schema\/logo\/image\/"}}]}},"_links":{"self":[{"href":"https:\/\/www.stxfinance.com\/it\/wp-json\/wp\/v2\/pages\/2451","targetHints":{"allow":["GET"]}}],"collection":[{"href":"https:\/\/www.stxfinance.com\/it\/wp-json\/wp\/v2\/pages"}],"about":[{"href":"https:\/\/www.stxfinance.com\/it\/wp-json\/wp\/v2\/types\/page"}],"author":[{"embeddable":true,"href":"https:\/\/www.stxfinance.com\/it\/wp-json\/wp\/v2\/users\/2"}],"replies":[{"embeddable":true,"href":"https:\/\/www.stxfinance.com\/it\/wp-json\/wp\/v2\/comments?post=2451"}],"version-history":[{"count":7,"href":"https:\/\/www.stxfinance.com\/it\/wp-json\/wp\/v2\/pages\/2451\/revisions"}],"predecessor-version":[{"id":418798,"href":"https:\/\/www.stxfinance.com\/it\/wp-json\/wp\/v2\/pages\/2451\/revisions\/418798"}],"wp:attachment":[{"href":"https:\/\/www.stxfinance.com\/it\/wp-json\/wp\/v2\/media?parent=2451"}],"curies":[{"name":"wp","href":"https:\/\/api.w.org\/{rel}","templated":true}]}}