{"id":2463,"date":"2025-02-19T04:27:25","date_gmt":"2025-02-19T04:27:25","guid":{"rendered":"https:\/\/www.stxfinance.com\/contact-us\/"},"modified":"2025-07-01T13:03:54","modified_gmt":"2025-07-01T13:03:54","slug":"contact-us","status":"publish","type":"page","link":"https:\/\/www.stxfinance.com\/it\/contact-us\/","title":{"rendered":"Contattaci"},"content":{"rendered":"","protected":false},"excerpt":{"rendered":"","protected":false},"author":2,"featured_media":0,"parent":0,"menu_order":0,"comment_status":"closed","ping_status":"closed","template":"page-templates\/template-contact-us.php","meta":{"_acf_changed":false,"footnotes":""},"class_list":["post-2463","page","type-page","status-publish","hentry"],"acf":{"page_banner_section":{"page_banner_title":"Contattaci","page_banner_image":5072},"contact_us_setting":{"":null,"contact_sections":{"contacts":[{"heading":"Chiamaci","icon":2181,"sub_text":"Contattate il nostro servizio clienti all'indirizzo  ","contact_link":{"title":"+32 2 319 52 52","url":"tel:+3223195252","target":""}},{"heading":"Inviaci un'e-mail","icon":2185,"sub_text":"Invia i dettagli a<br>","contact_link":{"title":"info@stxfinance.com","url":"mailto:info@stxfinance.com","target":""}},{"heading":"Indirizzo","icon":2189,"sub_text":"Lovegemstraat 8, 1861 Meise, Belgio","contact_link":null},{"heading":"Orari di apertura","icon":2193,"sub_text":"Luned\u00ec - venerd\u00ec: dalle 8.30 alle 17.00","contact_link":null}],"section_image":2197},"contact_form_sections":{"form_heading":"Raggiungici","form_shortcode":"[contact-form-7 id=\"a086c58\" title=\"Contattaci\"]"},"download_app_sections":{"app_heading":"Connettersi, richiedere, <br>e monitorare con facilit\u00e0","app_description":"Connettersi con noi non sar\u00e0 mai stato cos\u00ec facile. Potrete semplicemente accedere al vostro account personale, dove troverete tutti gli strumenti necessari. Potrete inviare una richiesta su misura per le vostre esigenze, mettervi in contatto con l \u201cesperto del servizio clienti giusto e seguire senza problemi l\u201d avanzamento della vostra richiesta. Se avete bisogno di ulteriore aiuto o di una guida personalizzata, non esitate a contattarci direttamente attraverso il vostro dashboard o i nostri canali di assistenza.   ","app_image":5310},"map_sections":{"heading":"Esplora i nostri uffici STX Finance"}},"faqs_sections":{"heading":"","description":"","faq_list":null,"cta_link":null}},"yoast_head":"<!-- This site is optimized with the Yoast SEO plugin v27.5 - https:\/\/yoast.com\/product\/yoast-seo-wordpress\/ -->\n<title>Contattaci | STX Finance<\/title>\n<meta name=\"description\" content=\"Contatta il nostro team per assistenza dedicata e supporto professionale su misura.\" \/>\n<meta name=\"robots\" content=\"index, follow, max-snippet:-1, max-image-preview:large, max-video-preview:-1\" \/>\n<link rel=\"canonical\" href=\"https:\/\/www.stxfinance.com\/it\/contact-us\/\" \/>\n<meta property=\"og:locale\" content=\"it_IT\" \/>\n<meta property=\"og:type\" content=\"article\" \/>\n<meta property=\"og:title\" content=\"Contattaci | STX Finance\" \/>\n<meta property=\"og:description\" content=\"Contatta il nostro team per assistenza dedicata e supporto professionale su misura.\" \/>\n<meta property=\"og:url\" content=\"https:\/\/www.stxfinance.com\/it\/contact-us\/\" \/>\n<meta property=\"og:site_name\" content=\"STX Finance\" \/>\n<meta property=\"article:modified_time\" content=\"2025-07-01T13:03:54+00:00\" \/>\n<meta name=\"twitter:card\" content=\"summary_large_image\" \/>\n<meta name=\"twitter:label1\" content=\"Tempo di lettura stimato\" \/>\n\t<meta name=\"twitter:data1\" content=\"2 minuti\" \/>\n<script type=\"application\/ld+json\" class=\"yoast-schema-graph\">{\"@context\":\"https:\\\/\\\/schema.org\",\"@graph\":[{\"@type\":\"WebPage\",\"@id\":\"https:\\\/\\\/www.stxfinance.com\\\/it\\\/contact-us\\\/\",\"url\":\"https:\\\/\\\/www.stxfinance.com\\\/it\\\/contact-us\\\/\",\"name\":\"Contattaci | STX Finance\",\"isPartOf\":{\"@id\":\"https:\\\/\\\/www.stxfinance.com\\\/it\\\/#website\"},\"datePublished\":\"2025-02-19T04:27:25+00:00\",\"dateModified\":\"2025-07-01T13:03:54+00:00\",\"description\":\"Contatta il nostro team per assistenza dedicata e supporto professionale su misura.\",\"breadcrumb\":{\"@id\":\"https:\\\/\\\/www.stxfinance.com\\\/it\\\/contact-us\\\/#breadcrumb\"},\"inLanguage\":\"it-IT\",\"potentialAction\":[{\"@type\":\"ReadAction\",\"target\":[\"https:\\\/\\\/www.stxfinance.com\\\/it\\\/contact-us\\\/\"]}]},{\"@type\":\"BreadcrumbList\",\"@id\":\"https:\\\/\\\/www.stxfinance.com\\\/it\\\/contact-us\\\/#breadcrumb\",\"itemListElement\":[{\"@type\":\"ListItem\",\"position\":1,\"name\":\"Home\",\"item\":\"https:\\\/\\\/www.stxfinance.com\\\/it\\\/\"},{\"@type\":\"ListItem\",\"position\":2,\"name\":\"Contattaci\"}]},{\"@type\":\"WebSite\",\"@id\":\"https:\\\/\\\/www.stxfinance.com\\\/it\\\/#website\",\"url\":\"https:\\\/\\\/www.stxfinance.com\\\/it\\\/\",\"name\":\"STX Finance\",\"description\":\"\",\"publisher\":{\"@id\":\"https:\\\/\\\/www.stxfinance.com\\\/it\\\/#organization\"},\"potentialAction\":[{\"@type\":\"SearchAction\",\"target\":{\"@type\":\"EntryPoint\",\"urlTemplate\":\"https:\\\/\\\/www.stxfinance.com\\\/it\\\/?s={search_term_string}\"},\"query-input\":{\"@type\":\"PropertyValueSpecification\",\"valueRequired\":true,\"valueName\":\"search_term_string\"}}],\"inLanguage\":\"it-IT\"},{\"@type\":\"Organization\",\"@id\":\"https:\\\/\\\/www.stxfinance.com\\\/it\\\/#organization\",\"name\":\"STX Finanza\",\"url\":\"https:\\\/\\\/www.stxfinance.com\\\/it\\\/\",\"logo\":{\"@type\":\"ImageObject\",\"inLanguage\":\"it-IT\",\"@id\":\"https:\\\/\\\/www.stxfinance.com\\\/it\\\/#\\\/schema\\\/logo\\\/image\\\/\",\"url\":\"https:\\\/\\\/www.stxfinance.com\\\/wp-content\\\/uploads\\\/2025\\\/02\\\/logo.svg\",\"contentUrl\":\"https:\\\/\\\/www.stxfinance.com\\\/wp-content\\\/uploads\\\/2025\\\/02\\\/logo.svg\",\"caption\":\"STX Finanza\"},\"image\":{\"@id\":\"https:\\\/\\\/www.stxfinance.com\\\/it\\\/#\\\/schema\\\/logo\\\/image\\\/\"}}]}<\/script>\n<!-- \/ Yoast SEO plugin. -->","yoast_head_json":{"title":"Contattaci | STX Finance","description":"Contatta il nostro team per assistenza dedicata e supporto professionale su misura.","robots":{"index":"index","follow":"follow","max-snippet":"max-snippet:-1","max-image-preview":"max-image-preview:large","max-video-preview":"max-video-preview:-1"},"canonical":"https:\/\/www.stxfinance.com\/it\/contact-us\/","og_locale":"it_IT","og_type":"article","og_title":"Contattaci | STX Finance","og_description":"Contatta il nostro team per assistenza dedicata e supporto professionale su misura.","og_url":"https:\/\/www.stxfinance.com\/it\/contact-us\/","og_site_name":"STX Finance","article_modified_time":"2025-07-01T13:03:54+00:00","twitter_card":"summary_large_image","twitter_misc":{"Tempo di lettura stimato":"2 minuti"},"schema":{"@context":"https:\/\/schema.org","@graph":[{"@type":"WebPage","@id":"https:\/\/www.stxfinance.com\/it\/contact-us\/","url":"https:\/\/www.stxfinance.com\/it\/contact-us\/","name":"Contattaci | STX Finance","isPartOf":{"@id":"https:\/\/www.stxfinance.com\/it\/#website"},"datePublished":"2025-02-19T04:27:25+00:00","dateModified":"2025-07-01T13:03:54+00:00","description":"Contatta il nostro team per assistenza dedicata e supporto professionale su misura.","breadcrumb":{"@id":"https:\/\/www.stxfinance.com\/it\/contact-us\/#breadcrumb"},"inLanguage":"it-IT","potentialAction":[{"@type":"ReadAction","target":["https:\/\/www.stxfinance.com\/it\/contact-us\/"]}]},{"@type":"BreadcrumbList","@id":"https:\/\/www.stxfinance.com\/it\/contact-us\/#breadcrumb","itemListElement":[{"@type":"ListItem","position":1,"name":"Home","item":"https:\/\/www.stxfinance.com\/it\/"},{"@type":"ListItem","position":2,"name":"Contattaci"}]},{"@type":"WebSite","@id":"https:\/\/www.stxfinance.com\/it\/#website","url":"https:\/\/www.stxfinance.com\/it\/","name":"STX Finance","description":"","publisher":{"@id":"https:\/\/www.stxfinance.com\/it\/#organization"},"potentialAction":[{"@type":"SearchAction","target":{"@type":"EntryPoint","urlTemplate":"https:\/\/www.stxfinance.com\/it\/?s={search_term_string}"},"query-input":{"@type":"PropertyValueSpecification","valueRequired":true,"valueName":"search_term_string"}}],"inLanguage":"it-IT"},{"@type":"Organization","@id":"https:\/\/www.stxfinance.com\/it\/#organization","name":"STX Finanza","url":"https:\/\/www.stxfinance.com\/it\/","logo":{"@type":"ImageObject","inLanguage":"it-IT","@id":"https:\/\/www.stxfinance.com\/it\/#\/schema\/logo\/image\/","url":"https:\/\/www.stxfinance.com\/wp-content\/uploads\/2025\/02\/logo.svg","contentUrl":"https:\/\/www.stxfinance.com\/wp-content\/uploads\/2025\/02\/logo.svg","caption":"STX Finanza"},"image":{"@id":"https:\/\/www.stxfinance.com\/it\/#\/schema\/logo\/image\/"}}]}},"_links":{"self":[{"href":"https:\/\/www.stxfinance.com\/it\/wp-json\/wp\/v2\/pages\/2463","targetHints":{"allow":["GET"]}}],"collection":[{"href":"https:\/\/www.stxfinance.com\/it\/wp-json\/wp\/v2\/pages"}],"about":[{"href":"https:\/\/www.stxfinance.com\/it\/wp-json\/wp\/v2\/types\/page"}],"author":[{"embeddable":true,"href":"https:\/\/www.stxfinance.com\/it\/wp-json\/wp\/v2\/users\/2"}],"replies":[{"embeddable":true,"href":"https:\/\/www.stxfinance.com\/it\/wp-json\/wp\/v2\/comments?post=2463"}],"version-history":[{"count":6,"href":"https:\/\/www.stxfinance.com\/it\/wp-json\/wp\/v2\/pages\/2463\/revisions"}],"predecessor-version":[{"id":42576,"href":"https:\/\/www.stxfinance.com\/it\/wp-json\/wp\/v2\/pages\/2463\/revisions\/42576"}],"wp:attachment":[{"href":"https:\/\/www.stxfinance.com\/it\/wp-json\/wp\/v2\/media?parent=2463"}],"curies":[{"name":"wp","href":"https:\/\/api.w.org\/{rel}","templated":true}]}}