{"id":2502,"date":"2025-01-27T07:59:42","date_gmt":"2025-01-27T07:59:42","guid":{"rendered":"https:\/\/www.stxfinance.com\/our-branches\/"},"modified":"2025-12-17T15:19:07","modified_gmt":"2025-12-17T15:19:07","slug":"our-branches","status":"publish","type":"page","link":"https:\/\/www.stxfinance.com\/it\/our-branches\/","title":{"rendered":"Le nostre filiali"},"content":{"rendered":"","protected":false},"excerpt":{"rendered":"","protected":false},"author":2,"featured_media":0,"parent":0,"menu_order":0,"comment_status":"closed","ping_status":"closed","template":"page-templates\/template-our-branches.php","meta":{"_acf_changed":false,"footnotes":""},"class_list":["post-2502","page","type-page","status-publish","hentry"],"acf":{"our_branches_settings":{"":null,"banner_sections":{"banner_heading":"Esplora le nostre opzioni di leasing","sub_heading":"Esplora le opzioni di leasing che migliorano il tuo stile di vita, sia per uso personale, sia per esigenze equestri professionali, sia per esperienze di viaggio di lusso senza pari.","banner_image":1981,"banner_cta":{"title":"CONTATTI","url":"https:\/\/www.stxfinance.com\/it\/contact-us\/","target":""}},"partner_section":{"partner_heading":"Collabora con i leader del settore","partner_sub_heading":"Scopri i migliori marchi Stephex che offriamo con orgoglio. Vuoi far parte della comunit\u00e0 di STX Finance? Scopri come diventare partner e sbloccare nuovi flussi di entrate, migliorare la tua offerta di prodotti e attirare una base di clienti pi\u00f9 ampia.  ","partner_cta":{"title":"vuoi diventare un partner","url":"#become-partner","target":""},"partner_logo":[{"logo_image":1698},{"logo_image":1702},{"logo_image":1706},{"logo_image":1698},{"logo_image":1702},{"logo_image":1706},{"logo_image":1698},{"logo_image":1702},{"logo_image":1706}]},"image_blocks":{"partner_block":[{"sub_heading":"camion trasporto cavalli","heading":"Progettato per il comfort, la sicurezza e lo stile","block_image":1822,"description":"STX Finance, leader nel settore del trasporto cavalli, \u00e8 orgogliosa di offrire una gamma di carrelli per camion di alta qualit\u00e0 che fondono perfettamente lusso e funzionalit\u00e0. Dagli iconici carrelli STX alle caratteristiche premium di Ketterer e all'eccezionale funzionalit\u00e0 di AKX, i nostri carrelli per cavalli assicurano che sia tu che i tuoi cavalli possiate viaggiare con comfort e stile. ","cta_button":{"title":"Dettaglio filiale Horsetrucks","url":"https:\/\/www.stxfinance.com\/it\/branch-detail-horsetrucks\/","target":""}},{"sub_heading":"camioncino trasporto cavalli","heading":"L'eleganza incontra la funzionalit\u00e0 in ogni viaggio","block_image":294411,"description":"Lasciati conquistare dal design raffinato e dalle prestazioni superiori dei nostri furgoni per cavalli. Questi veicoli sono stati costruiti pensando alla migliore esperienza di guida, per offrire un viaggio tranquillo sia a te che ai tuoi cavalli. Che si tratti di brevi distanze o di viaggi pi\u00f9 lunghi, i nostri furgoni per cavalli garantiscono comfort, sicurezza e affidabilit\u00e0. Scegli tra un'ampia gamma di modelli e scopri come la nostra selezione di furgoni per cavalli possa adattarsi perfettamente alle tue esigenze.   ","cta_button":{"title":"Dettaglio filiale Horsevans","url":"https:\/\/www.stxfinance.com\/it\/branch-detail-horsevans\/","target":""}},{"sub_heading":"Motorhomes ","heading":"La tua casa di lusso in viaggio","block_image":1830,"description":"STX Finance offre un'ampia selezione di motorhome che ridefiniscono il comfort e la convenienza per chi vuole viaggiare con stile. I nostri motorhomes sono molto pi\u00f9 di un semplice mezzo di trasporto: offrono un'esperienza di vita di lusso in movimento, perfetta per gli appassionati di sport motoristici e per i professionisti. ","cta_button":{"title":"Ramo Dettaglio motorhome","url":"https:\/\/www.stxfinance.com\/it\/branch-detail-motorhomes\/","target":""}},{"sub_heading":"Auto di lusso","heading":"Eleganza e prestazioni ineguagliabili","block_image":242150,"description":"Per chi apprezza la raffinatezza e le prestazioni di alto livello, le nostre opzioni di leasing auto di lusso sono pensate per soddisfare le tue pi\u00f9 alte aspettative. Collaboriamo con una selezione di officine di prim'ordine per darti accesso a un'impressionante gamma di veicoli, dalle auto sportive alle eleganti berline. Se hai in mente un'auto specifica da prendere in leasing e vuoi approfittare delle soluzioni di finanziamento di STX Finance, ti invitiamo a fare una richiesta.  ","cta_button":{"title":"Ramo Dettaglio Auto di Lusso","url":"https:\/\/www.stxfinance.com\/it\/branch-detail-cars\/","target":""}}],"partner_block_button":[{"sub_heading":"Yacht di lusso","heading":"Vivi un'esperienza di lusso sull'acqua","block_image":23164,"description":"STX Finance offre anche esclusive opzioni di leasing per yacht di lusso. Collaboriamo con garage e broker selezionati e affidabili per offrirti l'accesso a una straordinaria selezione di yacht. Se hai in mente uno yacht particolare da prendere in leasing e vuoi beneficiare delle soluzioni di finanziamento di STX Finance, ti invitiamo a fare una richiesta e a scoprire la bellezza e le prestazioni che ti aspettano.  ","cta_1":{"title":"PRESTO IN ARRIVO","url":"#","target":""},"cta_2":{"title":"Contattaci","url":"https:\/\/www.stxfinance.com\/it\/contact-us\/","target":""}},{"sub_heading":"","heading":"Sbloccare opportunit\u00e0 uniche","block_image":1842,"description":"STX Finance \u00e8 specializzata in soluzioni di leasing uniche e su misura per le tue esigenze, indipendentemente dal settore o dalla complessit\u00e0 del prodotto. Sia che tu stia cercando di prendere in leasing articoli tradizionalmente difficili da finanziare, sia che tu stia esplorando nuove idee, i nostri esperti finanziari sono impegnati a trovare la soluzione giusta per te. Inviaci una richiesta e faremo del nostro meglio per creare un piano finanziario che dia vita alla tua visione.  ","cta_1":"","cta_2":{"title":"contattaci","url":"https:\/\/www.stxfinance.com\/it\/contact-us\/","target":""}}]},"for_partner":{"partner_for_image":1678,"bp_heading":"Per i partner:","bp_sub_heading":"Entrando a far parte della nostra rete, potrai ampliare la tua base di clienti e accedere a soluzioni di leasing all'avanguardia, studiate su misura per soddisfare le diverse esigenze dei clienti. Ci impegniamo a sostenere i nostri partner con condizioni di leasing competitive, piattaforme di leasing innovative e supporto marketing per far crescere la tua attivit\u00e0. ","benefits":[{"benefits_text":"  Cosa ottieni come partner:","bp_icon":""},{"benefits_text":"  Piattaforma di leasing automatizzata per una gestione senza interruzioni","bp_icon":1682},{"benefits_text":"Supporto per l'intero processo di leasing, dalla richiesta al contratto","bp_icon":1686},{"benefits_text":"Una portata internazionale per ampliare l'accesso ai clienti","bp_icon":1690},{"benefits_text":"  Supporto completo ai partner","bp_icon":1694}],"cta_note":"Sei pronto a collaborare con noi?","cta_button":{"title":"Contattaci","url":"https:\/\/www.stxfinance.com\/it\/contact-us\/","target":""}}},"faqs_sections":{"heading":"","description":"","faq_list":null,"cta_link":null}},"yoast_head":"<!-- This site is optimized with the Yoast SEO plugin v27.5 - https:\/\/yoast.com\/product\/yoast-seo-wordpress\/ -->\n<title>Le nostre filiali | STX Finance<\/title>\n<meta name=\"description\" content=\"Scopri le nostre filiali e trova soluzioni di finanziamento su misura vicino a te.\" \/>\n<meta name=\"robots\" content=\"index, follow, max-snippet:-1, max-image-preview:large, max-video-preview:-1\" \/>\n<link rel=\"canonical\" href=\"https:\/\/www.stxfinance.com\/it\/our-branches\/\" \/>\n<meta property=\"og:locale\" content=\"it_IT\" \/>\n<meta property=\"og:type\" content=\"article\" \/>\n<meta property=\"og:title\" content=\"Le nostre filiali | STX Finance\" \/>\n<meta property=\"og:description\" content=\"Scopri le nostre filiali e trova soluzioni di finanziamento su misura vicino a te.\" \/>\n<meta property=\"og:url\" content=\"https:\/\/www.stxfinance.com\/it\/our-branches\/\" \/>\n<meta property=\"og:site_name\" content=\"STX Finance\" \/>\n<meta property=\"article:modified_time\" content=\"2025-12-17T15:19:07+00:00\" \/>\n<meta name=\"twitter:card\" content=\"summary_large_image\" \/>\n<meta name=\"twitter:label1\" content=\"Tempo di lettura stimato\" \/>\n\t<meta name=\"twitter:data1\" content=\"8 minuti\" \/>\n<script type=\"application\/ld+json\" class=\"yoast-schema-graph\">{\"@context\":\"https:\\\/\\\/schema.org\",\"@graph\":[{\"@type\":\"WebPage\",\"@id\":\"https:\\\/\\\/www.stxfinance.com\\\/it\\\/our-branches\\\/\",\"url\":\"https:\\\/\\\/www.stxfinance.com\\\/it\\\/our-branches\\\/\",\"name\":\"Le nostre filiali | STX Finance\",\"isPartOf\":{\"@id\":\"https:\\\/\\\/www.stxfinance.com\\\/it\\\/#website\"},\"datePublished\":\"2025-01-27T07:59:42+00:00\",\"dateModified\":\"2025-12-17T15:19:07+00:00\",\"description\":\"Scopri le nostre filiali e trova soluzioni di finanziamento su misura vicino a te.\",\"breadcrumb\":{\"@id\":\"https:\\\/\\\/www.stxfinance.com\\\/it\\\/our-branches\\\/#breadcrumb\"},\"inLanguage\":\"it-IT\",\"potentialAction\":[{\"@type\":\"ReadAction\",\"target\":[\"https:\\\/\\\/www.stxfinance.com\\\/it\\\/our-branches\\\/\"]}]},{\"@type\":\"BreadcrumbList\",\"@id\":\"https:\\\/\\\/www.stxfinance.com\\\/it\\\/our-branches\\\/#breadcrumb\",\"itemListElement\":[{\"@type\":\"ListItem\",\"position\":1,\"name\":\"Home\",\"item\":\"https:\\\/\\\/www.stxfinance.com\\\/it\\\/\"},{\"@type\":\"ListItem\",\"position\":2,\"name\":\"Le nostre filiali\"}]},{\"@type\":\"WebSite\",\"@id\":\"https:\\\/\\\/www.stxfinance.com\\\/it\\\/#website\",\"url\":\"https:\\\/\\\/www.stxfinance.com\\\/it\\\/\",\"name\":\"STX Finance\",\"description\":\"\",\"publisher\":{\"@id\":\"https:\\\/\\\/www.stxfinance.com\\\/it\\\/#organization\"},\"potentialAction\":[{\"@type\":\"SearchAction\",\"target\":{\"@type\":\"EntryPoint\",\"urlTemplate\":\"https:\\\/\\\/www.stxfinance.com\\\/it\\\/?s={search_term_string}\"},\"query-input\":{\"@type\":\"PropertyValueSpecification\",\"valueRequired\":true,\"valueName\":\"search_term_string\"}}],\"inLanguage\":\"it-IT\"},{\"@type\":\"Organization\",\"@id\":\"https:\\\/\\\/www.stxfinance.com\\\/it\\\/#organization\",\"name\":\"STX Finanza\",\"url\":\"https:\\\/\\\/www.stxfinance.com\\\/it\\\/\",\"logo\":{\"@type\":\"ImageObject\",\"inLanguage\":\"it-IT\",\"@id\":\"https:\\\/\\\/www.stxfinance.com\\\/it\\\/#\\\/schema\\\/logo\\\/image\\\/\",\"url\":\"https:\\\/\\\/www.stxfinance.com\\\/wp-content\\\/uploads\\\/2025\\\/02\\\/logo.svg\",\"contentUrl\":\"https:\\\/\\\/www.stxfinance.com\\\/wp-content\\\/uploads\\\/2025\\\/02\\\/logo.svg\",\"caption\":\"STX Finanza\"},\"image\":{\"@id\":\"https:\\\/\\\/www.stxfinance.com\\\/it\\\/#\\\/schema\\\/logo\\\/image\\\/\"}}]}<\/script>\n<!-- \/ Yoast SEO plugin. -->","yoast_head_json":{"title":"Le nostre filiali | STX Finance","description":"Scopri le nostre filiali e trova soluzioni di finanziamento su misura vicino a te.","robots":{"index":"index","follow":"follow","max-snippet":"max-snippet:-1","max-image-preview":"max-image-preview:large","max-video-preview":"max-video-preview:-1"},"canonical":"https:\/\/www.stxfinance.com\/it\/our-branches\/","og_locale":"it_IT","og_type":"article","og_title":"Le nostre filiali | STX Finance","og_description":"Scopri le nostre filiali e trova soluzioni di finanziamento su misura vicino a te.","og_url":"https:\/\/www.stxfinance.com\/it\/our-branches\/","og_site_name":"STX Finance","article_modified_time":"2025-12-17T15:19:07+00:00","twitter_card":"summary_large_image","twitter_misc":{"Tempo di lettura stimato":"8 minuti"},"schema":{"@context":"https:\/\/schema.org","@graph":[{"@type":"WebPage","@id":"https:\/\/www.stxfinance.com\/it\/our-branches\/","url":"https:\/\/www.stxfinance.com\/it\/our-branches\/","name":"Le nostre filiali | STX Finance","isPartOf":{"@id":"https:\/\/www.stxfinance.com\/it\/#website"},"datePublished":"2025-01-27T07:59:42+00:00","dateModified":"2025-12-17T15:19:07+00:00","description":"Scopri le nostre filiali e trova soluzioni di finanziamento su misura vicino a te.","breadcrumb":{"@id":"https:\/\/www.stxfinance.com\/it\/our-branches\/#breadcrumb"},"inLanguage":"it-IT","potentialAction":[{"@type":"ReadAction","target":["https:\/\/www.stxfinance.com\/it\/our-branches\/"]}]},{"@type":"BreadcrumbList","@id":"https:\/\/www.stxfinance.com\/it\/our-branches\/#breadcrumb","itemListElement":[{"@type":"ListItem","position":1,"name":"Home","item":"https:\/\/www.stxfinance.com\/it\/"},{"@type":"ListItem","position":2,"name":"Le nostre filiali"}]},{"@type":"WebSite","@id":"https:\/\/www.stxfinance.com\/it\/#website","url":"https:\/\/www.stxfinance.com\/it\/","name":"STX Finance","description":"","publisher":{"@id":"https:\/\/www.stxfinance.com\/it\/#organization"},"potentialAction":[{"@type":"SearchAction","target":{"@type":"EntryPoint","urlTemplate":"https:\/\/www.stxfinance.com\/it\/?s={search_term_string}"},"query-input":{"@type":"PropertyValueSpecification","valueRequired":true,"valueName":"search_term_string"}}],"inLanguage":"it-IT"},{"@type":"Organization","@id":"https:\/\/www.stxfinance.com\/it\/#organization","name":"STX Finanza","url":"https:\/\/www.stxfinance.com\/it\/","logo":{"@type":"ImageObject","inLanguage":"it-IT","@id":"https:\/\/www.stxfinance.com\/it\/#\/schema\/logo\/image\/","url":"https:\/\/www.stxfinance.com\/wp-content\/uploads\/2025\/02\/logo.svg","contentUrl":"https:\/\/www.stxfinance.com\/wp-content\/uploads\/2025\/02\/logo.svg","caption":"STX Finanza"},"image":{"@id":"https:\/\/www.stxfinance.com\/it\/#\/schema\/logo\/image\/"}}]}},"_links":{"self":[{"href":"https:\/\/www.stxfinance.com\/it\/wp-json\/wp\/v2\/pages\/2502","targetHints":{"allow":["GET"]}}],"collection":[{"href":"https:\/\/www.stxfinance.com\/it\/wp-json\/wp\/v2\/pages"}],"about":[{"href":"https:\/\/www.stxfinance.com\/it\/wp-json\/wp\/v2\/types\/page"}],"author":[{"embeddable":true,"href":"https:\/\/www.stxfinance.com\/it\/wp-json\/wp\/v2\/users\/2"}],"replies":[{"embeddable":true,"href":"https:\/\/www.stxfinance.com\/it\/wp-json\/wp\/v2\/comments?post=2502"}],"version-history":[{"count":8,"href":"https:\/\/www.stxfinance.com\/it\/wp-json\/wp\/v2\/pages\/2502\/revisions"}],"predecessor-version":[{"id":294456,"href":"https:\/\/www.stxfinance.com\/it\/wp-json\/wp\/v2\/pages\/2502\/revisions\/294456"}],"wp:attachment":[{"href":"https:\/\/www.stxfinance.com\/it\/wp-json\/wp\/v2\/media?parent=2502"}],"curies":[{"name":"wp","href":"https:\/\/api.w.org\/{rel}","templated":true}]}}