{"id":2514,"date":"2025-02-21T06:25:33","date_gmt":"2025-02-21T06:25:33","guid":{"rendered":"https:\/\/www.stxfinance.com\/terms-conditions\/"},"modified":"2025-06-12T11:25:44","modified_gmt":"2025-06-12T11:25:44","slug":"terms-conditions","status":"publish","type":"page","link":"https:\/\/www.stxfinance.com\/it\/terms-conditions\/","title":{"rendered":"Termini e condizioni"},"content":{"rendered":"\n<h4 class=\"wp-block-heading\"><strong>Termini e condizioni d&#8217;uso<\/strong><\/h4>\n\n\n\n<p>Benvenuti sul sito web di <strong>STX<\/strong> <strong>Finance NV <\/strong>(di seguito &#8220;STX Finance&#8221;, &#8220;noi&#8221;, &#8220;ci&#8221;, &#8220;nostro&#8221;). I presenti Termini e condizioni (&#8220;Termini&#8221;) regolano l&#8217;accesso e l&#8217;utilizzo del nostro sito web situato all&#8217;indirizzo<a href=\"https:\/\/www.stxfinance.com\/it\/\">[https:\/\/www.stxfinance.com]<\/a>(il &#8220;Sito&#8221;). <\/p>\n\n\n\n<p>Accedendo o utilizzando il sito web, l&#8217;utente riconosce di aver letto, compreso e accettato di essere legalmente vincolato dalle presenti Condizioni. Se l&#8217;utente non accetta le presenti Condizioni, deve astenersi dall&#8217;utilizzare il nostro Sito web. <\/p>\n\n\n\n<ol class=\"wp-block-list\">\n<li><strong>Ambito e applicabilit\u00e0<\/strong><br>I presenti Termini si applicano a tutti gli utenti del Sito web. Ulteriori termini possono essere applicati a specifici servizi o transazioni condotti tramite il Sito Web e saranno indicati separatamente. <br><\/li>\n\n\n\n<li><strong>Utilizzo del sito web<\/strong><br>L \u201cutente accetta di utilizzare il sito web in modo lecito, responsabile e rispettoso. In particolare, l\u201d utente accetta di non: <br><br>- Utilizzare il sito web per qualsiasi scopo illegale o non autorizzato.<br>- Tentare di violare, sondare o testare la sicurezza di qualsiasi sistema o rete collegata al Sito web.<br>- Copiare, riprodurre o ridistribuire qualsiasi parte del sito web senza il nostro preventivo consenso scritto.<br><br>Ci riserviamo il diritto di limitare l&#8217;accesso a (parti del) Sito Web o di rimuovere qualsiasi contenuto a sua esclusiva discrezione e senza preavviso.<br><\/li>\n\n\n\n<li><strong>Diritti di propriet\u00e0 intellettuale<\/strong><br>Tutti i contenuti del sito web, compresi testi, immagini, design, codice, grafica, video, marchi, software e loghi, sono di propriet\u00e0 di STX Finance o dei suoi licenziatari e sono protetti dalle leggi belghe e internazionali applicabili in materia di propriet\u00e0 intellettuale.<br><br>L&#8217;utente non pu\u00f2 utilizzare alcuna propriet\u00e0 intellettuale di STX Finance senza espressa autorizzazione scritta.<br><\/li>\n\n\n\n<li><strong>Limitazione di responsabilit\u00e0 ed esonero di responsabilit\u00e0<\/strong><br>Nella misura massima consentita dalla legge:<br><br>-Il sito web e il suo contenuto sono forniti \u201ccos\u00ec come sono\u201d e \u201ccome disponibili\u201d senza alcuna garanzia di alcun tipo, sia espressa che implicita.<br>- STX Finance non rilascia alcuna dichiarazione o garanzia in merito all \u201caccuratezza, alla completezza, all\u201d affidabilit\u00e0 o alla disponibilit\u00e0 del sito web.<br>- STX Finance non potr\u00e0 essere ritenuta responsabile per danni diretti, indiretti, incidentali, consequenziali o speciali, inclusi, a titolo esemplificativo ma non esaustivo, la perdita di profitti, l&#8217;interruzione dell&#8217;attivit\u00e0, la perdita di dati o il danno alla reputazione, derivanti da o in connessione con l&#8217;accesso o l&#8217;utilizzo del Sito da parte dell&#8217;utente, anche se STX Finance \u00e8 stata avvisata della possibilit\u00e0 di tali danni.<br><br>L \u201cutente accetta espressamente che l\u201d uso del sito web \u00e8 a suo rischio e pericolo.<br><\/li>\n\n\n\n<li><strong>Indennizzo<\/strong><br>L \u201cutente accetta di indennizzare completamente, difendere e tenere indenne STX Finance, le sue affiliate, i suoi funzionari, direttori, dipendenti e agenti da e contro qualsiasi reclamo, responsabilit\u00e0, danno, perdita o spesa di terzi (comprese le spese legali) derivanti da o in qualsiasi modo connessi a:<br><br>- L\u201d uso o l \u201cabuso del Sito web da parte dell\u201d utente;<br>- Qualsiasi violazione da parte dell \u201cutente dei presenti Termini;<br>- La violazione da parte dell\u201d utente di qualsiasi legge applicabile o dei diritti di terzi.<br><\/li>\n\n\n\n<li><strong>Forza maggiore<\/strong><br>STX Finance non sar\u00e0 responsabile di eventuali ritardi o mancate prestazioni derivanti da cause al di fuori del suo ragionevole controllo, tra cui, a titolo esemplificativo e non esaustivo, cause di forza maggiore, guerre, scioperi, disastri naturali, pandemie, interruzioni di internet o restrizioni governative.<br><\/li>\n\n\n\n<li><strong>Privacy<\/strong><br>Per informazioni su come raccogliamo, utilizziamo e proteggiamo i dati personali in conformit\u00e0 al Regolamento generale sulla protezione dei dati (GDPR) e alle leggi belghe sulla privacy, consultare la nostra Informativa sulla privacy separata.<br><\/li>\n\n\n\n<li><strong>Legge applicabile e foro competente<\/strong><br>I presenti Termini sono disciplinati e interpretati in conformit\u00e0 alla legge belga.<br><br>Qualsiasi controversia derivante o correlata all&#8217;interpretazione, all&#8217;esecuzione o alla validit\u00e0 dei presenti Termini sar\u00e0 soggetta alla giurisdizione esclusiva dei tribunali di Bruxelles (Belgio), fatta salva l&#8217;applicazione delle leggi obbligatorie in materia di tutela dei consumatori, ove applicabili.<br><\/li>\n\n\n\n<li>Clausola <strong>di separazione<\/strong><br>Se una qualsiasi disposizione dei presenti Termini dovesse risultare non valida, illegale o inapplicabile, le restanti disposizioni rimarranno in vigore a tutti gli effetti.<br><\/li>\n\n\n\n<li><strong>Modifiche<\/strong><br>STX Finance si riserva il diritto di modificare o aggiornare i presenti Termini in qualsiasi momento senza preavviso. L \u201cuso continuato del Sito Web dopo qualsiasi modifica costituisce l\u201d accettazione dei Termini aggiornati. <\/li>\n<\/ol>\n\n\n\n\n","protected":false},"excerpt":{"rendered":"<p>Termini e condizioni d&#8217;uso Benvenuti sul sito web di STX Finance NV (di seguito &#8220;STX Finance&#8221;, &#8220;noi&#8221;, &#8220;ci&#8221;, &#8220;nostro&#8221;). I presenti Termini e condizioni (&#8220;Termini&#8221;) regolano l&#8217;accesso e l&#8217;utilizzo del nostro sito web situato all&#8217;indirizzo[https:\/\/www.stxfinance.com](il &#8220;Sito&#8221;). Accedendo o utilizzando il sito web, l&#8217;utente riconosce di aver letto, compreso e accettato di essere legalmente vincolato dalle presenti Condizioni. Se l&#8217;utente non accetta le presenti Condizioni, deve astenersi dall&#8217;utilizzare il nostro Sito&#8230;<\/p>\n","protected":false},"author":2,"featured_media":0,"parent":0,"menu_order":0,"comment_status":"closed","ping_status":"closed","template":"","meta":{"_acf_changed":false,"footnotes":""},"class_list":["post-2514","page","type-page","status-publish","hentry"],"acf":{"page_banner_section":{"page_banner_title":"Termini e condizioni","page_banner_image":1618},"faqs_sections":{"heading":"","description":"","faq_list":null,"cta_link":null}},"yoast_head":"<!-- This site is optimized with the Yoast SEO plugin v27.5 - https:\/\/yoast.com\/product\/yoast-seo-wordpress\/ -->\n<title>Termini e condizioni | STX Finance<\/title>\n<meta name=\"description\" content=\"Esaminate i nostri termini e condizioni per l&#039;utilizzo dei servizi di STX Finance e del nostro sito web.\" \/>\n<meta name=\"robots\" content=\"index, follow, max-snippet:-1, max-image-preview:large, max-video-preview:-1\" \/>\n<link rel=\"canonical\" href=\"https:\/\/www.stxfinance.com\/it\/terms-conditions\/\" \/>\n<meta property=\"og:locale\" content=\"it_IT\" \/>\n<meta property=\"og:type\" content=\"article\" \/>\n<meta property=\"og:title\" content=\"Termini e condizioni | STX Finance\" \/>\n<meta property=\"og:description\" content=\"Esaminate i nostri termini e condizioni per l&#039;utilizzo dei servizi di STX Finance e del nostro sito web.\" \/>\n<meta property=\"og:url\" content=\"https:\/\/www.stxfinance.com\/it\/terms-conditions\/\" \/>\n<meta property=\"og:site_name\" content=\"STX Finance\" \/>\n<meta property=\"article:modified_time\" content=\"2025-06-12T11:25:44+00:00\" \/>\n<meta name=\"twitter:card\" content=\"summary_large_image\" \/>\n<meta name=\"twitter:label1\" content=\"Tempo di lettura stimato\" \/>\n\t<meta name=\"twitter:data1\" content=\"4 minuti\" \/>\n<script type=\"application\/ld+json\" class=\"yoast-schema-graph\">{\"@context\":\"https:\\\/\\\/schema.org\",\"@graph\":[{\"@type\":\"WebPage\",\"@id\":\"https:\\\/\\\/www.stxfinance.com\\\/it\\\/terms-conditions\\\/\",\"url\":\"https:\\\/\\\/www.stxfinance.com\\\/it\\\/terms-conditions\\\/\",\"name\":\"Termini e condizioni | STX Finance\",\"isPartOf\":{\"@id\":\"https:\\\/\\\/www.stxfinance.com\\\/it\\\/#website\"},\"datePublished\":\"2025-02-21T06:25:33+00:00\",\"dateModified\":\"2025-06-12T11:25:44+00:00\",\"description\":\"Esaminate i nostri termini e condizioni per l'utilizzo dei servizi di STX Finance e del nostro sito web.\",\"breadcrumb\":{\"@id\":\"https:\\\/\\\/www.stxfinance.com\\\/it\\\/terms-conditions\\\/#breadcrumb\"},\"inLanguage\":\"it-IT\",\"potentialAction\":[{\"@type\":\"ReadAction\",\"target\":[\"https:\\\/\\\/www.stxfinance.com\\\/it\\\/terms-conditions\\\/\"]}]},{\"@type\":\"BreadcrumbList\",\"@id\":\"https:\\\/\\\/www.stxfinance.com\\\/it\\\/terms-conditions\\\/#breadcrumb\",\"itemListElement\":[{\"@type\":\"ListItem\",\"position\":1,\"name\":\"Home\",\"item\":\"https:\\\/\\\/www.stxfinance.com\\\/it\\\/\"},{\"@type\":\"ListItem\",\"position\":2,\"name\":\"Termini e condizioni\"}]},{\"@type\":\"WebSite\",\"@id\":\"https:\\\/\\\/www.stxfinance.com\\\/it\\\/#website\",\"url\":\"https:\\\/\\\/www.stxfinance.com\\\/it\\\/\",\"name\":\"STX Finance\",\"description\":\"\",\"publisher\":{\"@id\":\"https:\\\/\\\/www.stxfinance.com\\\/it\\\/#organization\"},\"potentialAction\":[{\"@type\":\"SearchAction\",\"target\":{\"@type\":\"EntryPoint\",\"urlTemplate\":\"https:\\\/\\\/www.stxfinance.com\\\/it\\\/?s={search_term_string}\"},\"query-input\":{\"@type\":\"PropertyValueSpecification\",\"valueRequired\":true,\"valueName\":\"search_term_string\"}}],\"inLanguage\":\"it-IT\"},{\"@type\":\"Organization\",\"@id\":\"https:\\\/\\\/www.stxfinance.com\\\/it\\\/#organization\",\"name\":\"STX Finanza\",\"url\":\"https:\\\/\\\/www.stxfinance.com\\\/it\\\/\",\"logo\":{\"@type\":\"ImageObject\",\"inLanguage\":\"it-IT\",\"@id\":\"https:\\\/\\\/www.stxfinance.com\\\/it\\\/#\\\/schema\\\/logo\\\/image\\\/\",\"url\":\"https:\\\/\\\/www.stxfinance.com\\\/wp-content\\\/uploads\\\/2025\\\/02\\\/logo.svg\",\"contentUrl\":\"https:\\\/\\\/www.stxfinance.com\\\/wp-content\\\/uploads\\\/2025\\\/02\\\/logo.svg\",\"caption\":\"STX Finanza\"},\"image\":{\"@id\":\"https:\\\/\\\/www.stxfinance.com\\\/it\\\/#\\\/schema\\\/logo\\\/image\\\/\"}}]}<\/script>\n<!-- \/ Yoast SEO plugin. -->","yoast_head_json":{"title":"Termini e condizioni | STX Finance","description":"Esaminate i nostri termini e condizioni per l'utilizzo dei servizi di STX Finance e del nostro sito web.","robots":{"index":"index","follow":"follow","max-snippet":"max-snippet:-1","max-image-preview":"max-image-preview:large","max-video-preview":"max-video-preview:-1"},"canonical":"https:\/\/www.stxfinance.com\/it\/terms-conditions\/","og_locale":"it_IT","og_type":"article","og_title":"Termini e condizioni | STX Finance","og_description":"Esaminate i nostri termini e condizioni per l'utilizzo dei servizi di STX Finance e del nostro sito web.","og_url":"https:\/\/www.stxfinance.com\/it\/terms-conditions\/","og_site_name":"STX Finance","article_modified_time":"2025-06-12T11:25:44+00:00","twitter_card":"summary_large_image","twitter_misc":{"Tempo di lettura stimato":"4 minuti"},"schema":{"@context":"https:\/\/schema.org","@graph":[{"@type":"WebPage","@id":"https:\/\/www.stxfinance.com\/it\/terms-conditions\/","url":"https:\/\/www.stxfinance.com\/it\/terms-conditions\/","name":"Termini e condizioni | STX Finance","isPartOf":{"@id":"https:\/\/www.stxfinance.com\/it\/#website"},"datePublished":"2025-02-21T06:25:33+00:00","dateModified":"2025-06-12T11:25:44+00:00","description":"Esaminate i nostri termini e condizioni per l'utilizzo dei servizi di STX Finance e del nostro sito web.","breadcrumb":{"@id":"https:\/\/www.stxfinance.com\/it\/terms-conditions\/#breadcrumb"},"inLanguage":"it-IT","potentialAction":[{"@type":"ReadAction","target":["https:\/\/www.stxfinance.com\/it\/terms-conditions\/"]}]},{"@type":"BreadcrumbList","@id":"https:\/\/www.stxfinance.com\/it\/terms-conditions\/#breadcrumb","itemListElement":[{"@type":"ListItem","position":1,"name":"Home","item":"https:\/\/www.stxfinance.com\/it\/"},{"@type":"ListItem","position":2,"name":"Termini e condizioni"}]},{"@type":"WebSite","@id":"https:\/\/www.stxfinance.com\/it\/#website","url":"https:\/\/www.stxfinance.com\/it\/","name":"STX Finance","description":"","publisher":{"@id":"https:\/\/www.stxfinance.com\/it\/#organization"},"potentialAction":[{"@type":"SearchAction","target":{"@type":"EntryPoint","urlTemplate":"https:\/\/www.stxfinance.com\/it\/?s={search_term_string}"},"query-input":{"@type":"PropertyValueSpecification","valueRequired":true,"valueName":"search_term_string"}}],"inLanguage":"it-IT"},{"@type":"Organization","@id":"https:\/\/www.stxfinance.com\/it\/#organization","name":"STX Finanza","url":"https:\/\/www.stxfinance.com\/it\/","logo":{"@type":"ImageObject","inLanguage":"it-IT","@id":"https:\/\/www.stxfinance.com\/it\/#\/schema\/logo\/image\/","url":"https:\/\/www.stxfinance.com\/wp-content\/uploads\/2025\/02\/logo.svg","contentUrl":"https:\/\/www.stxfinance.com\/wp-content\/uploads\/2025\/02\/logo.svg","caption":"STX Finanza"},"image":{"@id":"https:\/\/www.stxfinance.com\/it\/#\/schema\/logo\/image\/"}}]}},"_links":{"self":[{"href":"https:\/\/www.stxfinance.com\/it\/wp-json\/wp\/v2\/pages\/2514","targetHints":{"allow":["GET"]}}],"collection":[{"href":"https:\/\/www.stxfinance.com\/it\/wp-json\/wp\/v2\/pages"}],"about":[{"href":"https:\/\/www.stxfinance.com\/it\/wp-json\/wp\/v2\/types\/page"}],"author":[{"embeddable":true,"href":"https:\/\/www.stxfinance.com\/it\/wp-json\/wp\/v2\/users\/2"}],"replies":[{"embeddable":true,"href":"https:\/\/www.stxfinance.com\/it\/wp-json\/wp\/v2\/comments?post=2514"}],"version-history":[{"count":5,"href":"https:\/\/www.stxfinance.com\/it\/wp-json\/wp\/v2\/pages\/2514\/revisions"}],"predecessor-version":[{"id":22786,"href":"https:\/\/www.stxfinance.com\/it\/wp-json\/wp\/v2\/pages\/2514\/revisions\/22786"}],"wp:attachment":[{"href":"https:\/\/www.stxfinance.com\/it\/wp-json\/wp\/v2\/media?parent=2514"}],"curies":[{"name":"wp","href":"https:\/\/api.w.org\/{rel}","templated":true}]}}