{"id":2522,"date":"2025-01-23T07:54:24","date_gmt":"2025-01-23T07:54:24","guid":{"rendered":"https:\/\/www.stxfinance.com\/why-leasing\/"},"modified":"2025-06-12T15:01:42","modified_gmt":"2025-06-12T15:01:42","slug":"why-leasing","status":"publish","type":"page","link":"https:\/\/www.stxfinance.com\/it\/why-leasing\/","title":{"rendered":"Perch\u00e9 il leasing"},"content":{"rendered":"","protected":false},"excerpt":{"rendered":"","protected":false},"author":2,"featured_media":0,"parent":0,"menu_order":0,"comment_status":"closed","ping_status":"closed","template":"page-templates\/template-why-leasing.php","meta":{"_acf_changed":false,"footnotes":""},"class_list":["post-2522","page","type-page","status-publish","hentry"],"acf":{"why_leasing_settings":{"":null,"banner_slider_sections":{"banner_slider":[{"heading":"Scoprite perch\u00e9 il leasing \u00e8 la scelta pi\u00f9 intelligente con STX Finance  ","bg_image":2201,"features":[{"number":"35+","text":"Anni di esperienza  "},{"number":"3,500+  ","text":"Veicoli Flotta  "},{"number":"500+","text":"Dipendenti"}]}]},"about_sections":{"heading":"Informazioni sul leasing","sub_heading":"Godetevi i pi\u00f9 recenti veicoli premium senza l'impegno a lungo termine della propriet\u00e0","about_row":[{"features":"Contratto di locazione one stop","icon_image":2205},{"features":"Soluzioni convenienti","icon_image":2209},{"features":"Convenienza e assistenza","icon_image":2213}],"video_file":2217,"placeholder_image":2221,"cta_button":{"title":"Contattaci","url":"https:\/\/www.stxfinance.com\/it\/contact-us\/","target":""}},"specification_sections":{"heading":"Cosa ci distingue","description":"La nostra esperienza, maturata in decenni di lavoro nel settore, vi garantisce la migliore esperienza di leasing possibile.  ","specification_row":[{"specification_title":"Una tranquillit\u00e0 totale","description":"Competenza di qualit\u00e0 con 35 anni di esperienza e know-how industriale","icon_url":2225,"image_url":2229},{"specification_title":"Servizi finanziari affidabili","description":"Soluzioni finanziarie sicure supportate dalla nostra rete di partner finanziari","icon_url":2233,"image_url":2237},{"specification_title":"Processo di approvazione efficiente","description":"Semplicit\u00e0 finanziaria grazie alla limitata documentazione richiesta","icon_url":2241,"image_url":2245},{"specification_title":"Produttori diretti dei nostri prodotti principali","description":"La comprovata esperienza e la produzione diretta ci permettono di fornire soluzioni su misura con accesso ai modelli pi\u00f9 recenti, qualit\u00e0 eccezionale e opzioni personalizzate.","icon_url":2249,"image_url":2253},{"specification_title":"Un processo di leasing impeccabile","description":"Il leasing \u00e8 supportato da un cruscotto online e da un'app.","icon_url":2257,"image_url":2261},{"specification_title":"Soluzioni per i tempi di inattivit\u00e0","description":"Accessibilit\u00e0 a un'ampia gamma di servizi di gestione dei veicoli","icon_url":2265,"image_url":2269}]},"leasing_sections":{"heading":"Decisione sul leasing","description":"Decidere se noleggiare o acquistare un veicolo pu\u00f2 essere impegnativo. Tuttavia, se vi state chiedendo perch\u00e9 fare un leasing con noi, la risposta sta nella flessibilit\u00e0, nella semplicit\u00e0 e nel valore a lungo termine che offriamo. Il leasing con STX Finance \u00e8 spesso la scelta migliore se preferite termini contrattuali flessibili, aggiornamenti regolari del veicolo e costi iniziali pi\u00f9 bassi. Se il mantenimento di una flotta di veicoli fa parte della vostra strategia aziendale, il leasing assicura che la vostra flotta rimanga moderna e conveniente.     \r\n\r\nRichiedi oggi stesso un'offerta di leasing di STX Finance e scoprine i vantaggi.\r\n","cta_button":{"title":"Contattaci","url":"https:\/\/www.stxfinance.com\/it\/contact-us\/","target":""},"accordion_section":[{"heading":"Vantaggi e svantaggi","accordion_value":[{"acf_fc_layout":"pron_cons_section","advantages_heading":"Vantaggi","advantages_row":[{"heading":"Guida veicoli nuovi di zecca","description":"Il leasing vi permette di scegliere tra i modelli di veicoli pi\u00f9 attuali, tutti dotati delle pi\u00f9 recenti tecnologie e di avanzate caratteristiche di sicurezza.  "},{"heading":"Costi fissi e prevedibili","description":"Il leasing con STX Finance offre stabilit\u00e0 finanziaria grazie a pagamenti mensili fissi, aiutandoti a gestire il tuo budget con facilit\u00e0."},{"heading":"Costi iniziali pi\u00f9 bassi","description":"Il leasing richiede generalmente un anticipo minore e pagamenti mensili pi\u00f9 bassi rispetto all'acquisto.  "},{"heading":"Nessun problema di ammortamento","description":"Il leasing vi protegge da una svalutazione imprevista. Quando si acquista un \u201cauto, il suo valore in genere diminuisce non appena si esce dall\u201d autosalone.   "}],"disadvantages_heading":"Svantaggi","disadvantages_row":[{"heading":"Contratto fisso","description":"Se si cambia idea e si restituisce il veicolo prima della scadenza del contratto, di solito \u00e8 prevista una tassa di risoluzione anticipata.  "},{"heading":"Responsabilit\u00e0 di manutenzione","description":"Durante il periodo di leasing, sei responsabile di mantenere il veicolo in buone condizioni e di restituirlo in uno stato accettabile al termine del contratto."},{"heading":"Utilizzo limitato","description":"I contratti di locazione possono prevedere limitazioni alle attivit\u00e0 commerciali o alla partecipazione a determinati servizi come il ridesharing o il subaffitto.  "}]}]},{"heading":"Leasing vs. acquisto: qual \u00e8 la soluzione giusta per te?","accordion_value":[{"acf_fc_layout":"table_section","table_heading":[{"table_heading":"Vantaggi"},{"table_heading":"Leasing"},{"table_heading":"Acquisto"}],"table_value":[{"benefit_name":"Costi iniziali pi\u00f9 bassi","yes_no_col2":true,"yes_no_col3":false},{"benefit_name":"Tassa di circolazione inclusa","yes_no_col2":true,"yes_no_col3":false},{"benefit_name":"Copertura assicurativa fornita","yes_no_col2":true,"yes_no_col3":false},{"benefit_name":"Opzione di personalizzazione","yes_no_col2":true,"yes_no_col3":false},{"benefit_name":"Un nuovo veicolo ogni pochi anni","yes_no_col2":true,"yes_no_col3":false},{"benefit_name":"Piena propriet\u00e0 del veicolo","yes_no_col2":false,"yes_no_col3":true},{"benefit_name":"Opzione di vendita del veicolo","yes_no_col2":false,"yes_no_col3":true},{"benefit_name":"Nessun limite di chilometraggio","yes_no_col2":false,"yes_no_col3":true}]}]},{"heading":"Come funziona il leasing con STX finance","accordion_value":[{"acf_fc_layout":"list_section","list_heading":"\u00c8 cos\u00ec facile e veloce!","list_row":[{"text":"Contattateci e riceverete entro 24 ore una simulazione di leasing su misura per il veicolo di vostra scelta.","has_model":false,"model_id":null},{"text":"Consegnare un breve elenco di documenti finanziari a un funzionario del leasing.","has_model":false,"model_id":{"title":"view docs","url":"doc-required-modal","target":""}},{"text":"Ottieni un'approvazione rapida","has_model":false,"model_id":null},{"text":"Il nostro team registrer\u00e0 il vostro veicolo e lo preparer\u00e0 per l'uso.","has_model":false,"model_id":{"title":"visualizza i documenti","url":"http:\/\/doc-required-modal","target":""}},{"text":"Il nostro team registrer\u00e0 il tuo veicolo e lo preparer\u00e0 per l'uso","has_model":false,"model_id":null},{"text":"Sii il benvenuto nella comunit\u00e0 Stephex, ottieni vantaggi e rimani connesso tramite l'app","has_model":false,"model_id":null}]}]},{"heading":"Fine del contratto","accordion_value":[{"acf_fc_layout":"grid_section","intro_text":"Quando il tuo leasing con STX Finance giunge al termine, puoi scegliere tra diverse opzioni convenienti:","grid_row":[{"heading":"Acquisto del veicolo","icon_image":2273,"description":"Se volete tenere il vostro veicolo in leasing, potete scegliere di acquistarlo alla fine del periodo di leasing.  ","model_link":null},{"heading":"Aggiornamento a un nuovo modello","icon_image":2277,"description":"Al termine del leasing, puoi semplicemente restituire il tuo veicolo attuale e prendere in leasing un modello pi\u00f9 recente con le caratteristiche e le tecnologie pi\u00f9 avanzate, consentendoti di rimanere aggiornato senza l'impegno della propriet\u00e0.","model_link":null},{"heading":"Restituzione del veicolo","icon_image":2281,"description":"Se siete pronti a terminare il leasing senza acquistare o aggiornare, potete restituire il veicolo alla societ\u00e0 di leasing.  ","model_link":null},{"heading":"Guida alla restituzione del veicolo","icon_image":2285,"description":"Il processo di restituzione non deve preoccupare! Basta seguire i nostri semplici passaggi per riportare il prodotto alle sue condizioni ideali senza alcuno sforzo.   ","model_link":""}]}]}]},"cta_sections":{"section_heading":"\u201cPresto vi renderemo la vita pi\u00f9 facile\u201d.","cta_button":{"title":"Scarica l'App STX","url":"https:\/\/www.stxfinance.com\/it\/download-stx-app\/","target":""}},"community_sections":{"heading":"Unisciti alla comunit\u00e0 di STX Finance","description":"Gestite il vostro contratto di locazione con facilit\u00e0 grazie ai nostri servizi online. La nostra piattaforma vi consente di prenotare appuntamenti di assistenza, accedere alle fatture, regolare il contratto e molto altro ancora, tutto da un'unica comoda dashboard. ","page_row":[{"heading":"Programmare la manutenzione o le riparazioni (solo per i veicoli SX)","image_icon":2289,"page_link":{"title":"Scarica l'App STX","url":"https:\/\/www.stxfinance.com\/it\/download-stx-app\/","target":""}},{"heading":"Accedi alle tue fatture di leasing","image_icon":2293,"page_link":{"title":"Scarica l'App STX","url":"https:\/\/www.stxfinance.com\/it\/download-stx-app\/","target":""}},{"heading":"Gestisci il tuo contratto","image_icon":2297,"page_link":{"title":"Scarica l'App STX","url":"https:\/\/www.stxfinance.com\/it\/download-stx-app\/","target":""}}],"section_image":2301},"faqs_sections":{"heading":"Domande frequenti","description":"Hai domande? Abbiamo le risposte! Qui troverete soluzioni rapide e semplici alle domande pi\u00f9 comuni, compreso il motivo per cui un contratto di locazione con noi \u00e8 spesso la scelta pi\u00f9 intelligente in termini di flessibilit\u00e0, convenienza e comodit\u00e0. ","faq_list":[2396,2437,2536],"cta_link":{"title":"Visualizza tutto","url":"https:\/\/www.stxfinance.com\/it\/faqs\/","target":""}},"documents_modals":{"heading":"Documenti necessari per il leasing","description":"Il leasing di un veicolo con STX \u00e8 facile! Fornisci i seguenti documenti: ","section_image":2109,"list":[{"list_text":"Prova d'identit\u00e0 <span>(passaporto o patente di guida)<\/span>"},{"list_text":"Dettagli di contatto personali"},{"list_text":"Informazioni sulla societ\u00e0"},{"list_text":"Per il leasing privato, sar\u00e0 richiesta una documentazione aggiuntiva"}]},"returning_vehicle_modals":{"heading":"Guida alla restituzione del veicolo","description":"Quando il tuo contratto con STX Finance sta per terminare, vogliamo rendere il processo di restituzione il pi\u00f9 agevole ed economico possibile. Per aiutarti a evitare spese inutili, abbiamo preparato questa guida che illustra il processo di restituzione del veicolo e ci\u00f2 che ci si aspetta da te, in linea con la nostra politica.   ","cta_link":{"title":"visualizza i documenti","url":"#","target":""}}}},"yoast_head":"<!-- This site is optimized with the Yoast SEO plugin v27.5 - https:\/\/yoast.com\/product\/yoast-seo-wordpress\/ -->\n<title>Perch\u00e9 il leasing | STX Finance<\/title>\n<meta name=\"description\" content=\"Scopri i vantaggi del leasing per veicoli di lusso, soluzioni flessibili e convenienti.\" \/>\n<meta name=\"robots\" content=\"index, follow, max-snippet:-1, max-image-preview:large, max-video-preview:-1\" \/>\n<link rel=\"canonical\" href=\"https:\/\/www.stxfinance.com\/it\/why-leasing\/\" \/>\n<meta property=\"og:locale\" content=\"it_IT\" \/>\n<meta property=\"og:type\" content=\"article\" \/>\n<meta property=\"og:title\" content=\"Perch\u00e9 il leasing | STX Finance\" \/>\n<meta property=\"og:description\" content=\"Scopri i vantaggi del leasing per veicoli di lusso, soluzioni flessibili e convenienti.\" \/>\n<meta property=\"og:url\" content=\"https:\/\/www.stxfinance.com\/it\/why-leasing\/\" \/>\n<meta property=\"og:site_name\" content=\"STX Finance\" \/>\n<meta property=\"article:modified_time\" content=\"2025-06-12T15:01:42+00:00\" \/>\n<meta name=\"twitter:card\" content=\"summary_large_image\" \/>\n<meta name=\"twitter:label1\" content=\"Tempo di lettura stimato\" \/>\n\t<meta name=\"twitter:data1\" content=\"10 minuti\" \/>\n<script type=\"application\/ld+json\" class=\"yoast-schema-graph\">{\"@context\":\"https:\\\/\\\/schema.org\",\"@graph\":[{\"@type\":\"WebPage\",\"@id\":\"https:\\\/\\\/www.stxfinance.com\\\/it\\\/why-leasing\\\/\",\"url\":\"https:\\\/\\\/www.stxfinance.com\\\/it\\\/why-leasing\\\/\",\"name\":\"Perch\u00e9 il leasing | STX Finance\",\"isPartOf\":{\"@id\":\"https:\\\/\\\/www.stxfinance.com\\\/it\\\/#website\"},\"datePublished\":\"2025-01-23T07:54:24+00:00\",\"dateModified\":\"2025-06-12T15:01:42+00:00\",\"description\":\"Scopri i vantaggi del leasing per veicoli di lusso, soluzioni flessibili e convenienti.\",\"breadcrumb\":{\"@id\":\"https:\\\/\\\/www.stxfinance.com\\\/it\\\/why-leasing\\\/#breadcrumb\"},\"inLanguage\":\"it-IT\",\"potentialAction\":[{\"@type\":\"ReadAction\",\"target\":[\"https:\\\/\\\/www.stxfinance.com\\\/it\\\/why-leasing\\\/\"]}]},{\"@type\":\"BreadcrumbList\",\"@id\":\"https:\\\/\\\/www.stxfinance.com\\\/it\\\/why-leasing\\\/#breadcrumb\",\"itemListElement\":[{\"@type\":\"ListItem\",\"position\":1,\"name\":\"Home\",\"item\":\"https:\\\/\\\/www.stxfinance.com\\\/it\\\/\"},{\"@type\":\"ListItem\",\"position\":2,\"name\":\"Perch\u00e9 il leasing\"}]},{\"@type\":\"WebSite\",\"@id\":\"https:\\\/\\\/www.stxfinance.com\\\/it\\\/#website\",\"url\":\"https:\\\/\\\/www.stxfinance.com\\\/it\\\/\",\"name\":\"STX Finance\",\"description\":\"\",\"publisher\":{\"@id\":\"https:\\\/\\\/www.stxfinance.com\\\/it\\\/#organization\"},\"potentialAction\":[{\"@type\":\"SearchAction\",\"target\":{\"@type\":\"EntryPoint\",\"urlTemplate\":\"https:\\\/\\\/www.stxfinance.com\\\/it\\\/?s={search_term_string}\"},\"query-input\":{\"@type\":\"PropertyValueSpecification\",\"valueRequired\":true,\"valueName\":\"search_term_string\"}}],\"inLanguage\":\"it-IT\"},{\"@type\":\"Organization\",\"@id\":\"https:\\\/\\\/www.stxfinance.com\\\/it\\\/#organization\",\"name\":\"STX Finanza\",\"url\":\"https:\\\/\\\/www.stxfinance.com\\\/it\\\/\",\"logo\":{\"@type\":\"ImageObject\",\"inLanguage\":\"it-IT\",\"@id\":\"https:\\\/\\\/www.stxfinance.com\\\/it\\\/#\\\/schema\\\/logo\\\/image\\\/\",\"url\":\"https:\\\/\\\/www.stxfinance.com\\\/wp-content\\\/uploads\\\/2025\\\/02\\\/logo.svg\",\"contentUrl\":\"https:\\\/\\\/www.stxfinance.com\\\/wp-content\\\/uploads\\\/2025\\\/02\\\/logo.svg\",\"caption\":\"STX Finanza\"},\"image\":{\"@id\":\"https:\\\/\\\/www.stxfinance.com\\\/it\\\/#\\\/schema\\\/logo\\\/image\\\/\"}}]}<\/script>\n<!-- \/ Yoast SEO plugin. -->","yoast_head_json":{"title":"Perch\u00e9 il leasing | STX Finance","description":"Scopri i vantaggi del leasing per veicoli di lusso, soluzioni flessibili e convenienti.","robots":{"index":"index","follow":"follow","max-snippet":"max-snippet:-1","max-image-preview":"max-image-preview:large","max-video-preview":"max-video-preview:-1"},"canonical":"https:\/\/www.stxfinance.com\/it\/why-leasing\/","og_locale":"it_IT","og_type":"article","og_title":"Perch\u00e9 il leasing | STX Finance","og_description":"Scopri i vantaggi del leasing per veicoli di lusso, soluzioni flessibili e convenienti.","og_url":"https:\/\/www.stxfinance.com\/it\/why-leasing\/","og_site_name":"STX Finance","article_modified_time":"2025-06-12T15:01:42+00:00","twitter_card":"summary_large_image","twitter_misc":{"Tempo di lettura stimato":"10 minuti"},"schema":{"@context":"https:\/\/schema.org","@graph":[{"@type":"WebPage","@id":"https:\/\/www.stxfinance.com\/it\/why-leasing\/","url":"https:\/\/www.stxfinance.com\/it\/why-leasing\/","name":"Perch\u00e9 il leasing | STX Finance","isPartOf":{"@id":"https:\/\/www.stxfinance.com\/it\/#website"},"datePublished":"2025-01-23T07:54:24+00:00","dateModified":"2025-06-12T15:01:42+00:00","description":"Scopri i vantaggi del leasing per veicoli di lusso, soluzioni flessibili e convenienti.","breadcrumb":{"@id":"https:\/\/www.stxfinance.com\/it\/why-leasing\/#breadcrumb"},"inLanguage":"it-IT","potentialAction":[{"@type":"ReadAction","target":["https:\/\/www.stxfinance.com\/it\/why-leasing\/"]}]},{"@type":"BreadcrumbList","@id":"https:\/\/www.stxfinance.com\/it\/why-leasing\/#breadcrumb","itemListElement":[{"@type":"ListItem","position":1,"name":"Home","item":"https:\/\/www.stxfinance.com\/it\/"},{"@type":"ListItem","position":2,"name":"Perch\u00e9 il leasing"}]},{"@type":"WebSite","@id":"https:\/\/www.stxfinance.com\/it\/#website","url":"https:\/\/www.stxfinance.com\/it\/","name":"STX Finance","description":"","publisher":{"@id":"https:\/\/www.stxfinance.com\/it\/#organization"},"potentialAction":[{"@type":"SearchAction","target":{"@type":"EntryPoint","urlTemplate":"https:\/\/www.stxfinance.com\/it\/?s={search_term_string}"},"query-input":{"@type":"PropertyValueSpecification","valueRequired":true,"valueName":"search_term_string"}}],"inLanguage":"it-IT"},{"@type":"Organization","@id":"https:\/\/www.stxfinance.com\/it\/#organization","name":"STX Finanza","url":"https:\/\/www.stxfinance.com\/it\/","logo":{"@type":"ImageObject","inLanguage":"it-IT","@id":"https:\/\/www.stxfinance.com\/it\/#\/schema\/logo\/image\/","url":"https:\/\/www.stxfinance.com\/wp-content\/uploads\/2025\/02\/logo.svg","contentUrl":"https:\/\/www.stxfinance.com\/wp-content\/uploads\/2025\/02\/logo.svg","caption":"STX Finanza"},"image":{"@id":"https:\/\/www.stxfinance.com\/it\/#\/schema\/logo\/image\/"}}]}},"_links":{"self":[{"href":"https:\/\/www.stxfinance.com\/it\/wp-json\/wp\/v2\/pages\/2522","targetHints":{"allow":["GET"]}}],"collection":[{"href":"https:\/\/www.stxfinance.com\/it\/wp-json\/wp\/v2\/pages"}],"about":[{"href":"https:\/\/www.stxfinance.com\/it\/wp-json\/wp\/v2\/types\/page"}],"author":[{"embeddable":true,"href":"https:\/\/www.stxfinance.com\/it\/wp-json\/wp\/v2\/users\/2"}],"replies":[{"embeddable":true,"href":"https:\/\/www.stxfinance.com\/it\/wp-json\/wp\/v2\/comments?post=2522"}],"version-history":[{"count":10,"href":"https:\/\/www.stxfinance.com\/it\/wp-json\/wp\/v2\/pages\/2522\/revisions"}],"predecessor-version":[{"id":23122,"href":"https:\/\/www.stxfinance.com\/it\/wp-json\/wp\/v2\/pages\/2522\/revisions\/23122"}],"wp:attachment":[{"href":"https:\/\/www.stxfinance.com\/it\/wp-json\/wp\/v2\/media?parent=2522"}],"curies":[{"name":"wp","href":"https:\/\/api.w.org\/{rel}","templated":true}]}}