{"id":2998,"date":"2025-04-08T13:01:03","date_gmt":"2025-04-08T13:01:03","guid":{"rendered":"https:\/\/www.stxfinance.com\/app-landing-page\/"},"modified":"2026-04-20T18:05:12","modified_gmt":"2026-04-20T18:05:12","slug":"app-landing-page","status":"publish","type":"page","link":"https:\/\/www.stxfinance.com\/nl\/app-landing-page\/","title":{"rendered":"App landingspagina"},"content":{"rendered":"","protected":false},"excerpt":{"rendered":"","protected":false},"author":2,"featured_media":0,"parent":0,"menu_order":0,"comment_status":"closed","ping_status":"closed","template":"page-templates\/template-app-landing.php","meta":{"_acf_changed":false,"footnotes":""},"class_list":["post-2998","page","type-page","status-publish","hentry"],"acf":{"landing_page_setting":{"":null,"banner_sections":{"banner_heading":"Spannende updates op komst!","banner_sub_heading":"Blijf op de hoogte! De app en het online dashboard worden binnenkort gelanceerd en bieden je een naadloze ervaring zoals nooit tevoren.   ","cta_button":{"title":"NEEM CONTACT OP","url":"#app-inquiry","target":""},"banner_image_full":2947,"banner_image_mobile":2952},"intro_sections":{"intro_heading":"Als er actie van uw kant nodig is, neem dan even de tijd om dit formulier in te vullen en op te sturen voor verdere verwerking.  ","sub_heading":"De app en het online dashboard komen er binnenkort aan!  ","intro_sec_button":{"title":"DIEN EEN AANVRAAG IN","url":"#app-inquiry","target":""}},"app_expect_sections":{"ae_heading":"Wat je kunt verwachten","content_heading":"Overal en altijd verbinding","content_sub_heading":"STX Finance maakt het beheren van uw leasecontract eenvoudiger dan ooit met ons geavanceerde online platform. Of u nu onderhoud wilt plannen, uw contract wilt aanpassen of belangrijke documenten wilt inzien, alles is binnen handbereik. ","service_row":[{"service_heading":"Een service- of reparatieverzoek indienen","service_description":"Log in, dien uw serviceverzoek in en ons serviceteam of uw dealer doet de rest, zodat uw auto de professionele zorg krijgt die het nodig heeft, op het moment dat u het nodig hebt.","service_image":3067},{"service_heading":"Toegang tot je facturen","service_description":"Log in om een volledig overzicht van je afschriften te bekijken, te downloaden en bij te houden, inclusief openstaande facturen, alles op \u00e9\u00e9n plek - duidelijk, handig en toegankelijk wanneer je het nodig hebt.","service_image":3057},{"service_heading":"Beheer uw leasecontract","service_description":"Log in om een extra bestuurder toe te voegen, de duur van je contract te bekijken, een einde-lease-plan te selecteren, persoonlijke gegevens bij te werken en alle contractdetails te bekijken - allemaal op \u00e9\u00e9n plek, met volledige flexibiliteit om aan je behoeften te voldoen.","service_image":3062},{"service_heading":"Schade-aangifte deel","service_description":"Log in om gegevens en foto's in te dienen, zodat het claimproces soepel en effici\u00ebnt verloopt. Blijf op de hoogte en houd je voertuig in topconditie met slechts een paar klikken. ","service_image":3052}]},"app_info_sections":{"app_heading":"Dezelfde tools, dezelfde ervaring, alleen op een groter scherm","description":"We hebben het STX Finance dashboard zo ontworpen dat u realtime toegang hebt tot al uw leasegegevens, zodat u op de hoogte blijft en alles onder controle hebt. Houd uw betalingen in de gaten, bekijk de komende leasemijlpalen en krijg toegang tot klantenondersteuning - allemaal vanaf \u00e9\u00e9n eenvoudig platform. ","section_image":2985,"app_benefit_row":[{"benefit_name":"Gedetailleerd dashboard","benefit_desc":"Controleer al je financi\u00eble activiteiten op \u00e9\u00e9n plek."},{"benefit_name":"Betalingen bijhouden","benefit_desc":"Beheer betalingen veilig online."},{"benefit_name":"Klantenservice","benefit_desc":"Krijg toegang tot ondersteuning en hulpbronnen voor al je financi\u00eble behoeften."}],"cta_button":{"title":"DIEN EEN AANVRAAG IN","url":"#app-inquiry","target":""}},"form_sections":{"form_heading":"Bereik ons","form_shortcode":"[contact-form-7 id=\"a086c58\" title=\"Neem contact op\"]"},"contact_section":{"contacts":[{"heading":"Bel ons","icon":2179,"sub_text":"Bereik onze klantenservice op","contact_link":{"title":"+32 2 319 52 52","url":"tel:+3223195252","target":""}},{"heading":"E-mail ons","icon":2183,"sub_text":"Stuur details naar","contact_link":{"title":"info@stxfinance.com","url":"mailto:info@stxfinance.com","target":""}},{"heading":"Adres","icon":2187,"sub_text":"Lovegemstraat 8, 1861 Meise, Belgi\u00eb","contact_link":null},{"heading":"Openingstijden","icon":2191,"sub_text":"Maandag - Vrijdag: 8:30 tot 17:00","contact_link":null}],"section_image":2195}},"faqs_sections":{"heading":"","description":"","faq_list":null,"cta_link":null}},"yoast_head":"<!-- This site is optimized with the Yoast SEO plugin v27.5 - https:\/\/yoast.com\/product\/yoast-seo-wordpress\/ -->\n<title>App landingspagina | STX Finance<\/title>\n<meta name=\"description\" content=\"Blijf op de hoogte! De app en het online dashboard worden binnenkort gelanceerd en bieden je een naadloze ervaring zoals nooit tevoren.\" \/>\n<meta name=\"robots\" content=\"noindex, follow\" \/>\n<meta property=\"og:locale\" content=\"nl_NL\" \/>\n<meta property=\"og:type\" content=\"article\" \/>\n<meta property=\"og:title\" content=\"App landingspagina | STX Finance\" \/>\n<meta property=\"og:description\" content=\"Blijf op de hoogte! De app en het online dashboard worden binnenkort gelanceerd en bieden je een naadloze ervaring zoals nooit tevoren.\" \/>\n<meta property=\"og:url\" content=\"https:\/\/www.stxfinance.com\/nl\/app-landing-page\/\" \/>\n<meta property=\"og:site_name\" content=\"STX Finance\" \/>\n<meta property=\"article:modified_time\" content=\"2026-04-20T18:05:12+00:00\" \/>\n<meta name=\"twitter:card\" content=\"summary_large_image\" \/>\n<meta name=\"twitter:label1\" content=\"Geschatte leestijd\" \/>\n\t<meta name=\"twitter:data1\" content=\"4 minuten\" \/>\n<script type=\"application\/ld+json\" class=\"yoast-schema-graph\">{\"@context\":\"https:\\\/\\\/schema.org\",\"@graph\":[{\"@type\":\"WebPage\",\"@id\":\"https:\\\/\\\/www.stxfinance.com\\\/nl\\\/app-landing-page\\\/\",\"url\":\"https:\\\/\\\/www.stxfinance.com\\\/nl\\\/app-landing-page\\\/\",\"name\":\"App landingspagina | STX Finance\",\"isPartOf\":{\"@id\":\"https:\\\/\\\/www.stxfinance.com\\\/nl\\\/#website\"},\"datePublished\":\"2025-04-08T13:01:03+00:00\",\"dateModified\":\"2026-04-20T18:05:12+00:00\",\"description\":\"Blijf op de hoogte! De app en het online dashboard worden binnenkort gelanceerd en bieden je een naadloze ervaring zoals nooit tevoren.\",\"breadcrumb\":{\"@id\":\"https:\\\/\\\/www.stxfinance.com\\\/nl\\\/app-landing-page\\\/#breadcrumb\"},\"inLanguage\":\"nl-NL\",\"potentialAction\":[{\"@type\":\"ReadAction\",\"target\":[\"https:\\\/\\\/www.stxfinance.com\\\/nl\\\/app-landing-page\\\/\"]}]},{\"@type\":\"BreadcrumbList\",\"@id\":\"https:\\\/\\\/www.stxfinance.com\\\/nl\\\/app-landing-page\\\/#breadcrumb\",\"itemListElement\":[{\"@type\":\"ListItem\",\"position\":1,\"name\":\"Home\",\"item\":\"https:\\\/\\\/www.stxfinance.com\\\/nl\\\/\"},{\"@type\":\"ListItem\",\"position\":2,\"name\":\"App landingspagina\"}]},{\"@type\":\"WebSite\",\"@id\":\"https:\\\/\\\/www.stxfinance.com\\\/nl\\\/#website\",\"url\":\"https:\\\/\\\/www.stxfinance.com\\\/nl\\\/\",\"name\":\"STX Finance\",\"description\":\"\",\"publisher\":{\"@id\":\"https:\\\/\\\/www.stxfinance.com\\\/nl\\\/#organization\"},\"potentialAction\":[{\"@type\":\"SearchAction\",\"target\":{\"@type\":\"EntryPoint\",\"urlTemplate\":\"https:\\\/\\\/www.stxfinance.com\\\/nl\\\/?s={search_term_string}\"},\"query-input\":{\"@type\":\"PropertyValueSpecification\",\"valueRequired\":true,\"valueName\":\"search_term_string\"}}],\"inLanguage\":\"nl-NL\"},{\"@type\":\"Organization\",\"@id\":\"https:\\\/\\\/www.stxfinance.com\\\/nl\\\/#organization\",\"name\":\"STX Financi\u00ebn\",\"url\":\"https:\\\/\\\/www.stxfinance.com\\\/nl\\\/\",\"logo\":{\"@type\":\"ImageObject\",\"inLanguage\":\"nl-NL\",\"@id\":\"https:\\\/\\\/www.stxfinance.com\\\/nl\\\/#\\\/schema\\\/logo\\\/image\\\/\",\"url\":\"https:\\\/\\\/www.stxfinance.com\\\/wp-content\\\/uploads\\\/2025\\\/02\\\/logo.svg\",\"contentUrl\":\"https:\\\/\\\/www.stxfinance.com\\\/wp-content\\\/uploads\\\/2025\\\/02\\\/logo.svg\",\"caption\":\"STX Financi\u00ebn\"},\"image\":{\"@id\":\"https:\\\/\\\/www.stxfinance.com\\\/nl\\\/#\\\/schema\\\/logo\\\/image\\\/\"}}]}<\/script>\n<!-- \/ Yoast SEO plugin. -->","yoast_head_json":{"title":"App landingspagina | STX Finance","description":"Blijf op de hoogte! De app en het online dashboard worden binnenkort gelanceerd en bieden je een naadloze ervaring zoals nooit tevoren.","robots":{"index":"noindex","follow":"follow"},"og_locale":"nl_NL","og_type":"article","og_title":"App landingspagina | STX Finance","og_description":"Blijf op de hoogte! De app en het online dashboard worden binnenkort gelanceerd en bieden je een naadloze ervaring zoals nooit tevoren.","og_url":"https:\/\/www.stxfinance.com\/nl\/app-landing-page\/","og_site_name":"STX Finance","article_modified_time":"2026-04-20T18:05:12+00:00","twitter_card":"summary_large_image","twitter_misc":{"Geschatte leestijd":"4 minuten"},"schema":{"@context":"https:\/\/schema.org","@graph":[{"@type":"WebPage","@id":"https:\/\/www.stxfinance.com\/nl\/app-landing-page\/","url":"https:\/\/www.stxfinance.com\/nl\/app-landing-page\/","name":"App landingspagina | STX Finance","isPartOf":{"@id":"https:\/\/www.stxfinance.com\/nl\/#website"},"datePublished":"2025-04-08T13:01:03+00:00","dateModified":"2026-04-20T18:05:12+00:00","description":"Blijf op de hoogte! De app en het online dashboard worden binnenkort gelanceerd en bieden je een naadloze ervaring zoals nooit tevoren.","breadcrumb":{"@id":"https:\/\/www.stxfinance.com\/nl\/app-landing-page\/#breadcrumb"},"inLanguage":"nl-NL","potentialAction":[{"@type":"ReadAction","target":["https:\/\/www.stxfinance.com\/nl\/app-landing-page\/"]}]},{"@type":"BreadcrumbList","@id":"https:\/\/www.stxfinance.com\/nl\/app-landing-page\/#breadcrumb","itemListElement":[{"@type":"ListItem","position":1,"name":"Home","item":"https:\/\/www.stxfinance.com\/nl\/"},{"@type":"ListItem","position":2,"name":"App landingspagina"}]},{"@type":"WebSite","@id":"https:\/\/www.stxfinance.com\/nl\/#website","url":"https:\/\/www.stxfinance.com\/nl\/","name":"STX Finance","description":"","publisher":{"@id":"https:\/\/www.stxfinance.com\/nl\/#organization"},"potentialAction":[{"@type":"SearchAction","target":{"@type":"EntryPoint","urlTemplate":"https:\/\/www.stxfinance.com\/nl\/?s={search_term_string}"},"query-input":{"@type":"PropertyValueSpecification","valueRequired":true,"valueName":"search_term_string"}}],"inLanguage":"nl-NL"},{"@type":"Organization","@id":"https:\/\/www.stxfinance.com\/nl\/#organization","name":"STX Financi\u00ebn","url":"https:\/\/www.stxfinance.com\/nl\/","logo":{"@type":"ImageObject","inLanguage":"nl-NL","@id":"https:\/\/www.stxfinance.com\/nl\/#\/schema\/logo\/image\/","url":"https:\/\/www.stxfinance.com\/wp-content\/uploads\/2025\/02\/logo.svg","contentUrl":"https:\/\/www.stxfinance.com\/wp-content\/uploads\/2025\/02\/logo.svg","caption":"STX Financi\u00ebn"},"image":{"@id":"https:\/\/www.stxfinance.com\/nl\/#\/schema\/logo\/image\/"}}]}},"_links":{"self":[{"href":"https:\/\/www.stxfinance.com\/nl\/wp-json\/wp\/v2\/pages\/2998","targetHints":{"allow":["GET"]}}],"collection":[{"href":"https:\/\/www.stxfinance.com\/nl\/wp-json\/wp\/v2\/pages"}],"about":[{"href":"https:\/\/www.stxfinance.com\/nl\/wp-json\/wp\/v2\/types\/page"}],"author":[{"embeddable":true,"href":"https:\/\/www.stxfinance.com\/nl\/wp-json\/wp\/v2\/users\/2"}],"replies":[{"embeddable":true,"href":"https:\/\/www.stxfinance.com\/nl\/wp-json\/wp\/v2\/comments?post=2998"}],"version-history":[{"count":4,"href":"https:\/\/www.stxfinance.com\/nl\/wp-json\/wp\/v2\/pages\/2998\/revisions"}],"predecessor-version":[{"id":42601,"href":"https:\/\/www.stxfinance.com\/nl\/wp-json\/wp\/v2\/pages\/2998\/revisions\/42601"}],"wp:attachment":[{"href":"https:\/\/www.stxfinance.com\/nl\/wp-json\/wp\/v2\/media?parent=2998"}],"curies":[{"name":"wp","href":"https:\/\/api.w.org\/{rel}","templated":true}]}}